{"id":2307,"date":"2021-05-25T15:47:32","date_gmt":"2021-05-25T18:47:32","guid":{"rendered":"https:\/\/molygrafit.com\/cl\/producto\/import-placeholder-for-1820\/"},"modified":"2025-08-18T21:34:05","modified_gmt":"2025-08-19T00:34:05","slug":"ot-25-aceite-100-sintetico-a-base-de-esteres-tiene-aditivos-que-proporcionan-estabilidad-termica-y-resistencia-a-la-oxidacion","status":"publish","type":"product","link":"https:\/\/molygrafit.com\/cl\/producto\/ot-25-aceite-100-sintetico-a-base-de-esteres-tiene-aditivos-que-proporcionan-estabilidad-termica-y-resistencia-a-la-oxidacion\/","title":{"rendered":"OT-25 > ACEITE 100% SINT\u00c9TICO A BASE DE \u00c9STERES. TIENE ADITIVOS QUE PROPORCIONAN ESTABILIDAD T\u00c9RMICA Y RESISTENCIA A LA OXIDACI\u00d3N."},"content":{"rendered":"<ul>\n<li>Apariencia: L\u00edquido amarillo transparente<\/li>\n<li>Aceite b\u00e1sico: sint\u00e9tico<\/li>\n<li>Viscosidad a 40\u00ba C: 25 cSt<\/li>\n<li>Viscosidad a 100\u00ba C: 5 cSt<\/li>\n<li>Nivel de viscosidad: 130<\/li>\n<li>Volatilidad a 104\u00ba C ASTM D-2887: \u00a0&lt;0,5 %<\/li>\n<li>P\u00e9rdida por evaporaci\u00f3n ASTM 972 6 1\/2\u00a0h, 204\u00ba C: 3,5 %<\/li>\n<li>Densidad a 25\u00ba C (g\/cm3.): 0,960<\/li>\n<li>Ponto de inflamabilidad ASTM D 92: 300\u00ba C<\/li>\n<li>Temperatura de autoignici\u00f3n ASTM D 286: &gt;350\u00ba C<\/li>\n<li>Temperatura de trabajo: \u00a0-45 hasta 250\u00ba C<\/li>\n<li>Punto m\u00ednimo de fluidez: -55\u00ba C<\/li>\n<li>Corrosi\u00f3n hoja de cobre ASTM D 130: 1 a<\/li>\n<li>Espuma ABNT NBR 14235: 10\/0<\/li>\n<li>Acidez (TAN): 0.42 mg KOH\/g<\/li>\n<\/ul>\n","protected":false},"excerpt":{"rendered":"<p>MOLYGRAFIT OT-25 es un aceite \u00e9ster totalmente sint\u00e9tico, indicado para la lubricaci\u00f3n de turbinas de gas, en varios\u00a0segmentos industriales.<\/p>\n<p>Tiene en su formulaci\u00f3n aditivos que confieren al aceite una excelente estabilidad t\u00e9rmica y resistencia a oxidaci\u00f3n,\u00a0proporcionando un alto grado de lubricaci\u00f3n a\u00fan actuando a una temperatura de 250\u00ba C.<\/p>\n<p>Porque es un lubricante sint\u00e9tico, se adhiere a las superficies met\u00e1licas evitando el goteo y la formaci\u00f3n de residuos.<\/p>\n<p>Tiene un bajo consumo debido a su baja tasa de evaporaci\u00f3n.<\/p>\n<p>Tiene un alto \u00edndice de viscosidad, lubricando eficazmente a altas temperaturas.<\/p>\n<p>Formulado con un aglutinante de metales y anticorrosi\u00f3n, protege el equipo de la corrosi\u00f3n.<\/p>\n<p>MOLYGRAFIT OT-25 no\u00a0ataca las juntas de vit\u00f3n y cauchos de nitrilo y silicona.<\/p>\n<p>El per\u00edodo de lubricaci\u00f3n y el volumen de aceite a utilizar depender\u00e1n de las especificaciones del fabricante del\u00a0equipo.<\/p>\n<p>Molygrafit OT-25 es un producto que cumple con los est\u00e1ndares internacionales y militares para turbinas\u00a0t\u00e9rmicas.<\/p>\n<p>Es un producto no t\u00f3xico, biodegradable (OECD-301 B) y no inflamable, que ofrece total seguridad al operador.<\/p>\n","protected":false},"featured_media":2076,"template":"","meta":{"_acf_changed":false},"product_brand":[],"product_cat":[155],"product_tag":[315],"class_list":{"0":"post-2307","1":"product","2":"type-product","3":"status-publish","4":"has-post-thumbnail","6":"product_cat-offshore-naval","7":"product_tag-aceite-100-sintetico-a-base-de-esteres-tiene-aditivos-que-proporcionan-estabilidad-termica-y-resistencia-a-la-oxidacion","9":"first","10":"instock","11":"shipping-taxable","12":"product-type-variable"},"acf":[],"yoast_head":"<!-- This site is optimized with the Yoast SEO plugin v26.9 - https:\/\/yoast.com\/product\/yoast-seo-wordpress\/ -->\n<title>OT-25 &gt; ACEITE 100% SINT\u00c9TICO A BASE DE \u00c9STERES. TIENE ADITIVOS QUE PROPORCIONAN ESTABILIDAD T\u00c9RMICA Y RESISTENCIA A LA OXIDACI\u00d3N. - Molygrafit - Lubricantes Especiales<\/title>\n<meta name=\"robots\" content=\"index, follow, max-snippet:-1, max-image-preview:large, max-video-preview:-1\" \/>\n<link rel=\"canonical\" href=\"https:\/\/molygrafit.com\/cl\/producto\/ot-25-aceite-100-sintetico-a-base-de-esteres-tiene-aditivos-que-proporcionan-estabilidad-termica-y-resistencia-a-la-oxidacion\/\" \/>\n<meta property=\"og:locale\" content=\"es_ES\" \/>\n<meta property=\"og:type\" content=\"article\" \/>\n<meta property=\"og:title\" content=\"OT-25 &gt; ACEITE 100% SINT\u00c9TICO A BASE DE \u00c9STERES. TIENE ADITIVOS QUE PROPORCIONAN ESTABILIDAD T\u00c9RMICA Y RESISTENCIA A LA OXIDACI\u00d3N. - Molygrafit - Lubricantes Especiales\" \/>\n<meta property=\"og:description\" content=\"MOLYGRAFIT OT-25 es un aceite \u00e9ster totalmente sint\u00e9tico, indicado para la lubricaci\u00f3n de turbinas de gas, en varios\u00a0segmentos industriales.  Tiene en su formulaci\u00f3n aditivos que confieren al aceite una excelente estabilidad t\u00e9rmica y resistencia a oxidaci\u00f3n,\u00a0proporcionando un alto grado de lubricaci\u00f3n a\u00fan actuando a una temperatura de 250\u00ba C.  Porque es un lubricante sint\u00e9tico, se adhiere a las superficies met\u00e1licas evitando el goteo y la formaci\u00f3n de residuos.  Tiene un bajo consumo debido a su baja tasa de evaporaci\u00f3n.  Tiene un alto \u00edndice de viscosidad, lubricando eficazmente a altas temperaturas.  Formulado con un aglutinante de metales y anticorrosi\u00f3n, protege el equipo de la corrosi\u00f3n.  MOLYGRAFIT OT-25 no\u00a0ataca las juntas de vit\u00f3n y cauchos de nitrilo y silicona.  El per\u00edodo de lubricaci\u00f3n y el volumen de aceite a utilizar depender\u00e1n de las especificaciones del fabricante del\u00a0equipo.  Molygrafit OT-25 es un producto que cumple con los est\u00e1ndares internacionales y militares para turbinas\u00a0t\u00e9rmicas.  Es un producto no t\u00f3xico, biodegradable (OECD-301 B) y no inflamable, que ofrece total seguridad al operador.\" \/>\n<meta property=\"og:url\" content=\"https:\/\/molygrafit.com\/cl\/producto\/ot-25-aceite-100-sintetico-a-base-de-esteres-tiene-aditivos-que-proporcionan-estabilidad-termica-y-resistencia-a-la-oxidacion\/\" \/>\n<meta property=\"og:site_name\" content=\"Molygrafit - Lubricantes Especiales\" \/>\n<meta property=\"article:modified_time\" content=\"2025-08-19T00:34:05+00:00\" \/>\n<meta property=\"og:image\" content=\"https:\/\/molygrafit.com\/cl\/wp-content\/uploads\/2021\/03\/BB_Lts_final.jpg\" \/>\n\t<meta property=\"og:image:width\" content=\"600\" \/>\n\t<meta property=\"og:image:height\" content=\"600\" \/>\n\t<meta property=\"og:image:type\" content=\"image\/jpeg\" \/>\n<meta name=\"twitter:card\" content=\"summary_large_image\" \/>\n<script type=\"application\/ld+json\" class=\"yoast-schema-graph\">{\"@context\":\"https:\/\/schema.org\",\"@graph\":[{\"@type\":\"WebPage\",\"@id\":\"https:\/\/molygrafit.com\/cl\/producto\/ot-25-aceite-100-sintetico-a-base-de-esteres-tiene-aditivos-que-proporcionan-estabilidad-termica-y-resistencia-a-la-oxidacion\/\",\"url\":\"https:\/\/molygrafit.com\/cl\/producto\/ot-25-aceite-100-sintetico-a-base-de-esteres-tiene-aditivos-que-proporcionan-estabilidad-termica-y-resistencia-a-la-oxidacion\/\",\"name\":\"OT-25 > ACEITE 100% SINT\u00c9TICO A BASE DE \u00c9STERES. TIENE ADITIVOS QUE PROPORCIONAN ESTABILIDAD T\u00c9RMICA Y RESISTENCIA A LA OXIDACI\u00d3N. - Molygrafit - Lubricantes Especiales\",\"isPartOf\":{\"@id\":\"https:\/\/molygrafit.com\/cl\/#website\"},\"primaryImageOfPage\":{\"@id\":\"https:\/\/molygrafit.com\/cl\/producto\/ot-25-aceite-100-sintetico-a-base-de-esteres-tiene-aditivos-que-proporcionan-estabilidad-termica-y-resistencia-a-la-oxidacion\/#primaryimage\"},\"image\":{\"@id\":\"https:\/\/molygrafit.com\/cl\/producto\/ot-25-aceite-100-sintetico-a-base-de-esteres-tiene-aditivos-que-proporcionan-estabilidad-termica-y-resistencia-a-la-oxidacion\/#primaryimage\"},\"thumbnailUrl\":\"https:\/\/molygrafit.com\/cl\/wp-content\/uploads\/2021\/03\/BB_Lts_final.jpg\",\"datePublished\":\"2021-05-25T18:47:32+00:00\",\"dateModified\":\"2025-08-19T00:34:05+00:00\",\"breadcrumb\":{\"@id\":\"https:\/\/molygrafit.com\/cl\/producto\/ot-25-aceite-100-sintetico-a-base-de-esteres-tiene-aditivos-que-proporcionan-estabilidad-termica-y-resistencia-a-la-oxidacion\/#breadcrumb\"},\"inLanguage\":\"es-CL\",\"potentialAction\":[{\"@type\":\"ReadAction\",\"target\":[\"https:\/\/molygrafit.com\/cl\/producto\/ot-25-aceite-100-sintetico-a-base-de-esteres-tiene-aditivos-que-proporcionan-estabilidad-termica-y-resistencia-a-la-oxidacion\/\"]}]},{\"@type\":\"ImageObject\",\"inLanguage\":\"es-CL\",\"@id\":\"https:\/\/molygrafit.com\/cl\/producto\/ot-25-aceite-100-sintetico-a-base-de-esteres-tiene-aditivos-que-proporcionan-estabilidad-termica-y-resistencia-a-la-oxidacion\/#primaryimage\",\"url\":\"https:\/\/molygrafit.com\/cl\/wp-content\/uploads\/2021\/03\/BB_Lts_final.jpg\",\"contentUrl\":\"https:\/\/molygrafit.com\/cl\/wp-content\/uploads\/2021\/03\/BB_Lts_final.jpg\",\"width\":600,\"height\":600},{\"@type\":\"BreadcrumbList\",\"@id\":\"https:\/\/molygrafit.com\/cl\/producto\/ot-25-aceite-100-sintetico-a-base-de-esteres-tiene-aditivos-que-proporcionan-estabilidad-termica-y-resistencia-a-la-oxidacion\/#breadcrumb\",\"itemListElement\":[{\"@type\":\"ListItem\",\"position\":1,\"name\":\"In\u00edcio\",\"item\":\"https:\/\/molygrafit.com\/cl\/\"},{\"@type\":\"ListItem\",\"position\":2,\"name\":\"Tienda\",\"item\":\"https:\/\/molygrafit.com\/cl\/\"},{\"@type\":\"ListItem\",\"position\":3,\"name\":\"OT-25 > ACEITE 100% SINT\u00c9TICO A BASE DE \u00c9STERES. TIENE ADITIVOS QUE PROPORCIONAN ESTABILIDAD T\u00c9RMICA Y RESISTENCIA A LA OXIDACI\u00d3N.\"}]},{\"@type\":\"WebSite\",\"@id\":\"https:\/\/molygrafit.com\/cl\/#website\",\"url\":\"https:\/\/molygrafit.com\/cl\/\",\"name\":\"Molygrafit - Lubricantes Especiales\",\"description\":\"\",\"potentialAction\":[{\"@type\":\"SearchAction\",\"target\":{\"@type\":\"EntryPoint\",\"urlTemplate\":\"https:\/\/molygrafit.com\/cl\/?s={search_term_string}\"},\"query-input\":{\"@type\":\"PropertyValueSpecification\",\"valueRequired\":true,\"valueName\":\"search_term_string\"}}],\"inLanguage\":\"es-CL\"}]}<\/script>\n<!-- \/ Yoast SEO plugin. -->","yoast_head_json":{"title":"OT-25 > ACEITE 100% SINT\u00c9TICO A BASE DE \u00c9STERES. TIENE ADITIVOS QUE PROPORCIONAN ESTABILIDAD T\u00c9RMICA Y RESISTENCIA A LA OXIDACI\u00d3N. - Molygrafit - Lubricantes Especiales","robots":{"index":"index","follow":"follow","max-snippet":"max-snippet:-1","max-image-preview":"max-image-preview:large","max-video-preview":"max-video-preview:-1"},"canonical":"https:\/\/molygrafit.com\/cl\/producto\/ot-25-aceite-100-sintetico-a-base-de-esteres-tiene-aditivos-que-proporcionan-estabilidad-termica-y-resistencia-a-la-oxidacion\/","og_locale":"es_ES","og_type":"article","og_title":"OT-25 > ACEITE 100% SINT\u00c9TICO A BASE DE \u00c9STERES. TIENE ADITIVOS QUE PROPORCIONAN ESTABILIDAD T\u00c9RMICA Y RESISTENCIA A LA OXIDACI\u00d3N. - Molygrafit - Lubricantes Especiales","og_description":"MOLYGRAFIT OT-25 es un aceite \u00e9ster totalmente sint\u00e9tico, indicado para la lubricaci\u00f3n de turbinas de gas, en varios\u00a0segmentos industriales.  Tiene en su formulaci\u00f3n aditivos que confieren al aceite una excelente estabilidad t\u00e9rmica y resistencia a oxidaci\u00f3n,\u00a0proporcionando un alto grado de lubricaci\u00f3n a\u00fan actuando a una temperatura de 250\u00ba C.  Porque es un lubricante sint\u00e9tico, se adhiere a las superficies met\u00e1licas evitando el goteo y la formaci\u00f3n de residuos.  Tiene un bajo consumo debido a su baja tasa de evaporaci\u00f3n.  Tiene un alto \u00edndice de viscosidad, lubricando eficazmente a altas temperaturas.  Formulado con un aglutinante de metales y anticorrosi\u00f3n, protege el equipo de la corrosi\u00f3n.  MOLYGRAFIT OT-25 no\u00a0ataca las juntas de vit\u00f3n y cauchos de nitrilo y silicona.  El per\u00edodo de lubricaci\u00f3n y el volumen de aceite a utilizar depender\u00e1n de las especificaciones del fabricante del\u00a0equipo.  Molygrafit OT-25 es un producto que cumple con los est\u00e1ndares internacionales y militares para turbinas\u00a0t\u00e9rmicas.  Es un producto no t\u00f3xico, biodegradable (OECD-301 B) y no inflamable, que ofrece total seguridad al operador.","og_url":"https:\/\/molygrafit.com\/cl\/producto\/ot-25-aceite-100-sintetico-a-base-de-esteres-tiene-aditivos-que-proporcionan-estabilidad-termica-y-resistencia-a-la-oxidacion\/","og_site_name":"Molygrafit - Lubricantes Especiales","article_modified_time":"2025-08-19T00:34:05+00:00","og_image":[{"width":600,"height":600,"url":"https:\/\/molygrafit.com\/cl\/wp-content\/uploads\/2021\/03\/BB_Lts_final.jpg","type":"image\/jpeg"}],"twitter_card":"summary_large_image","schema":{"@context":"https:\/\/schema.org","@graph":[{"@type":"WebPage","@id":"https:\/\/molygrafit.com\/cl\/producto\/ot-25-aceite-100-sintetico-a-base-de-esteres-tiene-aditivos-que-proporcionan-estabilidad-termica-y-resistencia-a-la-oxidacion\/","url":"https:\/\/molygrafit.com\/cl\/producto\/ot-25-aceite-100-sintetico-a-base-de-esteres-tiene-aditivos-que-proporcionan-estabilidad-termica-y-resistencia-a-la-oxidacion\/","name":"OT-25 > ACEITE 100% SINT\u00c9TICO A BASE DE \u00c9STERES. TIENE ADITIVOS QUE PROPORCIONAN ESTABILIDAD T\u00c9RMICA Y RESISTENCIA A LA OXIDACI\u00d3N. - Molygrafit - Lubricantes Especiales","isPartOf":{"@id":"https:\/\/molygrafit.com\/cl\/#website"},"primaryImageOfPage":{"@id":"https:\/\/molygrafit.com\/cl\/producto\/ot-25-aceite-100-sintetico-a-base-de-esteres-tiene-aditivos-que-proporcionan-estabilidad-termica-y-resistencia-a-la-oxidacion\/#primaryimage"},"image":{"@id":"https:\/\/molygrafit.com\/cl\/producto\/ot-25-aceite-100-sintetico-a-base-de-esteres-tiene-aditivos-que-proporcionan-estabilidad-termica-y-resistencia-a-la-oxidacion\/#primaryimage"},"thumbnailUrl":"https:\/\/molygrafit.com\/cl\/wp-content\/uploads\/2021\/03\/BB_Lts_final.jpg","datePublished":"2021-05-25T18:47:32+00:00","dateModified":"2025-08-19T00:34:05+00:00","breadcrumb":{"@id":"https:\/\/molygrafit.com\/cl\/producto\/ot-25-aceite-100-sintetico-a-base-de-esteres-tiene-aditivos-que-proporcionan-estabilidad-termica-y-resistencia-a-la-oxidacion\/#breadcrumb"},"inLanguage":"es-CL","potentialAction":[{"@type":"ReadAction","target":["https:\/\/molygrafit.com\/cl\/producto\/ot-25-aceite-100-sintetico-a-base-de-esteres-tiene-aditivos-que-proporcionan-estabilidad-termica-y-resistencia-a-la-oxidacion\/"]}]},{"@type":"ImageObject","inLanguage":"es-CL","@id":"https:\/\/molygrafit.com\/cl\/producto\/ot-25-aceite-100-sintetico-a-base-de-esteres-tiene-aditivos-que-proporcionan-estabilidad-termica-y-resistencia-a-la-oxidacion\/#primaryimage","url":"https:\/\/molygrafit.com\/cl\/wp-content\/uploads\/2021\/03\/BB_Lts_final.jpg","contentUrl":"https:\/\/molygrafit.com\/cl\/wp-content\/uploads\/2021\/03\/BB_Lts_final.jpg","width":600,"height":600},{"@type":"BreadcrumbList","@id":"https:\/\/molygrafit.com\/cl\/producto\/ot-25-aceite-100-sintetico-a-base-de-esteres-tiene-aditivos-que-proporcionan-estabilidad-termica-y-resistencia-a-la-oxidacion\/#breadcrumb","itemListElement":[{"@type":"ListItem","position":1,"name":"In\u00edcio","item":"https:\/\/molygrafit.com\/cl\/"},{"@type":"ListItem","position":2,"name":"Tienda","item":"https:\/\/molygrafit.com\/cl\/"},{"@type":"ListItem","position":3,"name":"OT-25 > ACEITE 100% SINT\u00c9TICO A BASE DE \u00c9STERES. TIENE ADITIVOS QUE PROPORCIONAN ESTABILIDAD T\u00c9RMICA Y RESISTENCIA A LA OXIDACI\u00d3N."}]},{"@type":"WebSite","@id":"https:\/\/molygrafit.com\/cl\/#website","url":"https:\/\/molygrafit.com\/cl\/","name":"Molygrafit - Lubricantes Especiales","description":"","potentialAction":[{"@type":"SearchAction","target":{"@type":"EntryPoint","urlTemplate":"https:\/\/molygrafit.com\/cl\/?s={search_term_string}"},"query-input":{"@type":"PropertyValueSpecification","valueRequired":true,"valueName":"search_term_string"}}],"inLanguage":"es-CL"}]}},"_links":{"self":[{"href":"https:\/\/molygrafit.com\/cl\/wp-json\/wp\/v2\/product\/2307","targetHints":{"allow":["GET"]}}],"collection":[{"href":"https:\/\/molygrafit.com\/cl\/wp-json\/wp\/v2\/product"}],"about":[{"href":"https:\/\/molygrafit.com\/cl\/wp-json\/wp\/v2\/types\/product"}],"wp:featuredmedia":[{"embeddable":true,"href":"https:\/\/molygrafit.com\/cl\/wp-json\/wp\/v2\/media\/2076"}],"wp:attachment":[{"href":"https:\/\/molygrafit.com\/cl\/wp-json\/wp\/v2\/media?parent=2307"}],"wp:term":[{"taxonomy":"product_brand","embeddable":true,"href":"https:\/\/molygrafit.com\/cl\/wp-json\/wp\/v2\/product_brand?post=2307"},{"taxonomy":"product_cat","embeddable":true,"href":"https:\/\/molygrafit.com\/cl\/wp-json\/wp\/v2\/product_cat?post=2307"},{"taxonomy":"product_tag","embeddable":true,"href":"https:\/\/molygrafit.com\/cl\/wp-json\/wp\/v2\/product_tag?post=2307"}],"curies":[{"name":"wp","href":"https:\/\/api.w.org\/{rel}","templated":true}]}}