{"id":2308,"date":"2021-05-25T15:47:32","date_gmt":"2021-05-25T18:47:32","guid":{"rendered":"https:\/\/molygrafit.com\/cl\/producto\/import-placeholder-for-1821\/"},"modified":"2025-08-18T21:31:42","modified_gmt":"2025-08-19T00:31:42","slug":"or-aceite-100-sintetico-no-carboniza-proporcionando-lubricacion-libre-de-residuos","status":"publish","type":"product","link":"https:\/\/molygrafit.com\/cl\/producto\/or-aceite-100-sintetico-no-carboniza-proporcionando-lubricacion-libre-de-residuos\/","title":{"rendered":"OR > ACEITE 100% SINT\u00c9TICO. NO CARBONIZA, PROPORCIONANDO LUBRICACI\u00d3N LIBRE DE RESIDUOS."},"content":{"rendered":"<ul>\n<li>Apariencia: Marr\u00f3n oscuro transparente<\/li>\n<li>Aceite B\u00e1sico: Sint\u00e9tico<\/li>\n<li>Viscosidad a 40 \u00b0C: 220 cSt<\/li>\n<li>Densidad a 25 \u00b0C (g\/cm3): 0,950<\/li>\n<li>Punto de inflamabilidad: &gt;280 \u00baC<\/li>\n<li>Temperatura de trabajo: hasta 250 \u00b0C<\/li>\n<\/ul>\n","protected":false},"excerpt":{"rendered":"<p>MOLYGRAFIT OR es un aceite sint\u00e9tico indicado para lubricar cadenas transportadoras en varios\u00a0segmentos industriales.<\/p>\n<p>Tiene en su formulaci\u00f3n aditivos que confieren al aceite una excelente estabilidad t\u00e9rmica y\u00a0resistencia a la oxidaci\u00f3n, proporcionando un alto grado de lubricaci\u00f3n a\u00fan actuando a una\u00a0temperatura de 250 \u00b0C.<\/p>\n<p>Porque es un lubricante sint\u00e9tico, se adhiere a la superficie de las cadenas, evitando goteos y sin dejar\u00a0residuos debido a la baja tasa de evaporaci\u00f3n.<\/p>\n<p>El per\u00edodo de lubricaci\u00f3n y el volumen de aceite a utilizar depender\u00e1n de la velocidad, el tipo de\u00a0cadena y los puntos de los secadores.<\/p>\n<p>Sugerimos que para temperaturas entre 170 y 180 \u00b0C y para cada per\u00edodo normal de trabajo (8h), el\u00a0volumen debe ser de 1,5 a 2,5 ml por metro de corriente.<\/p>\n<p>Producto no t\u00f3xico, no inflamable, seguro para el operador y sin silicona.<\/p>\n","protected":false},"featured_media":2076,"template":"","meta":{"_acf_changed":false},"product_brand":[],"product_cat":[156],"product_tag":[313,314],"class_list":{"0":"post-2308","1":"product","2":"type-product","3":"status-publish","4":"has-post-thumbnail","6":"product_cat-textil","7":"product_tag-aceite-100-sintetico-no-carboniza","8":"product_tag-proporcionando-lubricacion-libre-de-residuos","10":"first","11":"instock","12":"shipping-taxable","13":"product-type-variable"},"acf":[],"yoast_head":"<!-- This site is optimized with the Yoast SEO plugin v26.9 - https:\/\/yoast.com\/product\/yoast-seo-wordpress\/ -->\n<title>OR &gt; ACEITE 100% SINT\u00c9TICO. NO CARBONIZA, PROPORCIONANDO LUBRICACI\u00d3N LIBRE DE RESIDUOS. - Molygrafit - Lubricantes Especiales<\/title>\n<meta name=\"robots\" content=\"index, follow, max-snippet:-1, max-image-preview:large, max-video-preview:-1\" \/>\n<link rel=\"canonical\" href=\"https:\/\/molygrafit.com\/cl\/producto\/or-aceite-100-sintetico-no-carboniza-proporcionando-lubricacion-libre-de-residuos\/\" \/>\n<meta property=\"og:locale\" content=\"es_ES\" \/>\n<meta property=\"og:type\" content=\"article\" \/>\n<meta property=\"og:title\" content=\"OR &gt; ACEITE 100% SINT\u00c9TICO. NO CARBONIZA, PROPORCIONANDO LUBRICACI\u00d3N LIBRE DE RESIDUOS. - Molygrafit - Lubricantes Especiales\" \/>\n<meta property=\"og:description\" content=\"MOLYGRAFIT OR es un aceite sint\u00e9tico indicado para lubricar cadenas transportadoras en varios\u00a0segmentos industriales.  Tiene en su formulaci\u00f3n aditivos que confieren al aceite una excelente estabilidad t\u00e9rmica y\u00a0resistencia a la oxidaci\u00f3n, proporcionando un alto grado de lubricaci\u00f3n a\u00fan actuando a una\u00a0temperatura de 250 \u00b0C.  Porque es un lubricante sint\u00e9tico, se adhiere a la superficie de las cadenas, evitando goteos y sin dejar\u00a0residuos debido a la baja tasa de evaporaci\u00f3n.  El per\u00edodo de lubricaci\u00f3n y el volumen de aceite a utilizar depender\u00e1n de la velocidad, el tipo de\u00a0cadena y los puntos de los secadores.  Sugerimos que para temperaturas entre 170 y 180 \u00b0C y para cada per\u00edodo normal de trabajo (8h), el\u00a0volumen debe ser de 1,5 a 2,5 ml por metro de corriente.  Producto no t\u00f3xico, no inflamable, seguro para el operador y sin silicona.\" \/>\n<meta property=\"og:url\" content=\"https:\/\/molygrafit.com\/cl\/producto\/or-aceite-100-sintetico-no-carboniza-proporcionando-lubricacion-libre-de-residuos\/\" \/>\n<meta property=\"og:site_name\" content=\"Molygrafit - Lubricantes Especiales\" \/>\n<meta property=\"article:modified_time\" content=\"2025-08-19T00:31:42+00:00\" \/>\n<meta property=\"og:image\" content=\"https:\/\/molygrafit.com\/cl\/wp-content\/uploads\/2021\/03\/BB_Lts_final.jpg\" \/>\n\t<meta property=\"og:image:width\" content=\"600\" \/>\n\t<meta property=\"og:image:height\" content=\"600\" \/>\n\t<meta property=\"og:image:type\" content=\"image\/jpeg\" \/>\n<meta name=\"twitter:card\" content=\"summary_large_image\" \/>\n<script type=\"application\/ld+json\" class=\"yoast-schema-graph\">{\"@context\":\"https:\/\/schema.org\",\"@graph\":[{\"@type\":\"WebPage\",\"@id\":\"https:\/\/molygrafit.com\/cl\/producto\/or-aceite-100-sintetico-no-carboniza-proporcionando-lubricacion-libre-de-residuos\/\",\"url\":\"https:\/\/molygrafit.com\/cl\/producto\/or-aceite-100-sintetico-no-carboniza-proporcionando-lubricacion-libre-de-residuos\/\",\"name\":\"OR > ACEITE 100% SINT\u00c9TICO. NO CARBONIZA, PROPORCIONANDO LUBRICACI\u00d3N LIBRE DE RESIDUOS. - Molygrafit - Lubricantes Especiales\",\"isPartOf\":{\"@id\":\"https:\/\/molygrafit.com\/cl\/#website\"},\"primaryImageOfPage\":{\"@id\":\"https:\/\/molygrafit.com\/cl\/producto\/or-aceite-100-sintetico-no-carboniza-proporcionando-lubricacion-libre-de-residuos\/#primaryimage\"},\"image\":{\"@id\":\"https:\/\/molygrafit.com\/cl\/producto\/or-aceite-100-sintetico-no-carboniza-proporcionando-lubricacion-libre-de-residuos\/#primaryimage\"},\"thumbnailUrl\":\"https:\/\/molygrafit.com\/cl\/wp-content\/uploads\/2021\/03\/BB_Lts_final.jpg\",\"datePublished\":\"2021-05-25T18:47:32+00:00\",\"dateModified\":\"2025-08-19T00:31:42+00:00\",\"breadcrumb\":{\"@id\":\"https:\/\/molygrafit.com\/cl\/producto\/or-aceite-100-sintetico-no-carboniza-proporcionando-lubricacion-libre-de-residuos\/#breadcrumb\"},\"inLanguage\":\"es-CL\",\"potentialAction\":[{\"@type\":\"ReadAction\",\"target\":[\"https:\/\/molygrafit.com\/cl\/producto\/or-aceite-100-sintetico-no-carboniza-proporcionando-lubricacion-libre-de-residuos\/\"]}]},{\"@type\":\"ImageObject\",\"inLanguage\":\"es-CL\",\"@id\":\"https:\/\/molygrafit.com\/cl\/producto\/or-aceite-100-sintetico-no-carboniza-proporcionando-lubricacion-libre-de-residuos\/#primaryimage\",\"url\":\"https:\/\/molygrafit.com\/cl\/wp-content\/uploads\/2021\/03\/BB_Lts_final.jpg\",\"contentUrl\":\"https:\/\/molygrafit.com\/cl\/wp-content\/uploads\/2021\/03\/BB_Lts_final.jpg\",\"width\":600,\"height\":600},{\"@type\":\"BreadcrumbList\",\"@id\":\"https:\/\/molygrafit.com\/cl\/producto\/or-aceite-100-sintetico-no-carboniza-proporcionando-lubricacion-libre-de-residuos\/#breadcrumb\",\"itemListElement\":[{\"@type\":\"ListItem\",\"position\":1,\"name\":\"In\u00edcio\",\"item\":\"https:\/\/molygrafit.com\/cl\/\"},{\"@type\":\"ListItem\",\"position\":2,\"name\":\"Tienda\",\"item\":\"https:\/\/molygrafit.com\/cl\/\"},{\"@type\":\"ListItem\",\"position\":3,\"name\":\"OR > ACEITE 100% SINT\u00c9TICO. NO CARBONIZA, PROPORCIONANDO LUBRICACI\u00d3N LIBRE DE RESIDUOS.\"}]},{\"@type\":\"WebSite\",\"@id\":\"https:\/\/molygrafit.com\/cl\/#website\",\"url\":\"https:\/\/molygrafit.com\/cl\/\",\"name\":\"Molygrafit - Lubricantes Especiales\",\"description\":\"\",\"potentialAction\":[{\"@type\":\"SearchAction\",\"target\":{\"@type\":\"EntryPoint\",\"urlTemplate\":\"https:\/\/molygrafit.com\/cl\/?s={search_term_string}\"},\"query-input\":{\"@type\":\"PropertyValueSpecification\",\"valueRequired\":true,\"valueName\":\"search_term_string\"}}],\"inLanguage\":\"es-CL\"}]}<\/script>\n<!-- \/ Yoast SEO plugin. -->","yoast_head_json":{"title":"OR > ACEITE 100% SINT\u00c9TICO. NO CARBONIZA, PROPORCIONANDO LUBRICACI\u00d3N LIBRE DE RESIDUOS. - Molygrafit - Lubricantes Especiales","robots":{"index":"index","follow":"follow","max-snippet":"max-snippet:-1","max-image-preview":"max-image-preview:large","max-video-preview":"max-video-preview:-1"},"canonical":"https:\/\/molygrafit.com\/cl\/producto\/or-aceite-100-sintetico-no-carboniza-proporcionando-lubricacion-libre-de-residuos\/","og_locale":"es_ES","og_type":"article","og_title":"OR > ACEITE 100% SINT\u00c9TICO. NO CARBONIZA, PROPORCIONANDO LUBRICACI\u00d3N LIBRE DE RESIDUOS. - Molygrafit - Lubricantes Especiales","og_description":"MOLYGRAFIT OR es un aceite sint\u00e9tico indicado para lubricar cadenas transportadoras en varios\u00a0segmentos industriales.  Tiene en su formulaci\u00f3n aditivos que confieren al aceite una excelente estabilidad t\u00e9rmica y\u00a0resistencia a la oxidaci\u00f3n, proporcionando un alto grado de lubricaci\u00f3n a\u00fan actuando a una\u00a0temperatura de 250 \u00b0C.  Porque es un lubricante sint\u00e9tico, se adhiere a la superficie de las cadenas, evitando goteos y sin dejar\u00a0residuos debido a la baja tasa de evaporaci\u00f3n.  El per\u00edodo de lubricaci\u00f3n y el volumen de aceite a utilizar depender\u00e1n de la velocidad, el tipo de\u00a0cadena y los puntos de los secadores.  Sugerimos que para temperaturas entre 170 y 180 \u00b0C y para cada per\u00edodo normal de trabajo (8h), el\u00a0volumen debe ser de 1,5 a 2,5 ml por metro de corriente.  Producto no t\u00f3xico, no inflamable, seguro para el operador y sin silicona.","og_url":"https:\/\/molygrafit.com\/cl\/producto\/or-aceite-100-sintetico-no-carboniza-proporcionando-lubricacion-libre-de-residuos\/","og_site_name":"Molygrafit - Lubricantes Especiales","article_modified_time":"2025-08-19T00:31:42+00:00","og_image":[{"width":600,"height":600,"url":"https:\/\/molygrafit.com\/cl\/wp-content\/uploads\/2021\/03\/BB_Lts_final.jpg","type":"image\/jpeg"}],"twitter_card":"summary_large_image","schema":{"@context":"https:\/\/schema.org","@graph":[{"@type":"WebPage","@id":"https:\/\/molygrafit.com\/cl\/producto\/or-aceite-100-sintetico-no-carboniza-proporcionando-lubricacion-libre-de-residuos\/","url":"https:\/\/molygrafit.com\/cl\/producto\/or-aceite-100-sintetico-no-carboniza-proporcionando-lubricacion-libre-de-residuos\/","name":"OR > ACEITE 100% SINT\u00c9TICO. NO CARBONIZA, PROPORCIONANDO LUBRICACI\u00d3N LIBRE DE RESIDUOS. - Molygrafit - Lubricantes Especiales","isPartOf":{"@id":"https:\/\/molygrafit.com\/cl\/#website"},"primaryImageOfPage":{"@id":"https:\/\/molygrafit.com\/cl\/producto\/or-aceite-100-sintetico-no-carboniza-proporcionando-lubricacion-libre-de-residuos\/#primaryimage"},"image":{"@id":"https:\/\/molygrafit.com\/cl\/producto\/or-aceite-100-sintetico-no-carboniza-proporcionando-lubricacion-libre-de-residuos\/#primaryimage"},"thumbnailUrl":"https:\/\/molygrafit.com\/cl\/wp-content\/uploads\/2021\/03\/BB_Lts_final.jpg","datePublished":"2021-05-25T18:47:32+00:00","dateModified":"2025-08-19T00:31:42+00:00","breadcrumb":{"@id":"https:\/\/molygrafit.com\/cl\/producto\/or-aceite-100-sintetico-no-carboniza-proporcionando-lubricacion-libre-de-residuos\/#breadcrumb"},"inLanguage":"es-CL","potentialAction":[{"@type":"ReadAction","target":["https:\/\/molygrafit.com\/cl\/producto\/or-aceite-100-sintetico-no-carboniza-proporcionando-lubricacion-libre-de-residuos\/"]}]},{"@type":"ImageObject","inLanguage":"es-CL","@id":"https:\/\/molygrafit.com\/cl\/producto\/or-aceite-100-sintetico-no-carboniza-proporcionando-lubricacion-libre-de-residuos\/#primaryimage","url":"https:\/\/molygrafit.com\/cl\/wp-content\/uploads\/2021\/03\/BB_Lts_final.jpg","contentUrl":"https:\/\/molygrafit.com\/cl\/wp-content\/uploads\/2021\/03\/BB_Lts_final.jpg","width":600,"height":600},{"@type":"BreadcrumbList","@id":"https:\/\/molygrafit.com\/cl\/producto\/or-aceite-100-sintetico-no-carboniza-proporcionando-lubricacion-libre-de-residuos\/#breadcrumb","itemListElement":[{"@type":"ListItem","position":1,"name":"In\u00edcio","item":"https:\/\/molygrafit.com\/cl\/"},{"@type":"ListItem","position":2,"name":"Tienda","item":"https:\/\/molygrafit.com\/cl\/"},{"@type":"ListItem","position":3,"name":"OR > ACEITE 100% SINT\u00c9TICO. NO CARBONIZA, PROPORCIONANDO LUBRICACI\u00d3N LIBRE DE RESIDUOS."}]},{"@type":"WebSite","@id":"https:\/\/molygrafit.com\/cl\/#website","url":"https:\/\/molygrafit.com\/cl\/","name":"Molygrafit - Lubricantes Especiales","description":"","potentialAction":[{"@type":"SearchAction","target":{"@type":"EntryPoint","urlTemplate":"https:\/\/molygrafit.com\/cl\/?s={search_term_string}"},"query-input":{"@type":"PropertyValueSpecification","valueRequired":true,"valueName":"search_term_string"}}],"inLanguage":"es-CL"}]}},"_links":{"self":[{"href":"https:\/\/molygrafit.com\/cl\/wp-json\/wp\/v2\/product\/2308","targetHints":{"allow":["GET"]}}],"collection":[{"href":"https:\/\/molygrafit.com\/cl\/wp-json\/wp\/v2\/product"}],"about":[{"href":"https:\/\/molygrafit.com\/cl\/wp-json\/wp\/v2\/types\/product"}],"wp:featuredmedia":[{"embeddable":true,"href":"https:\/\/molygrafit.com\/cl\/wp-json\/wp\/v2\/media\/2076"}],"wp:attachment":[{"href":"https:\/\/molygrafit.com\/cl\/wp-json\/wp\/v2\/media?parent=2308"}],"wp:term":[{"taxonomy":"product_brand","embeddable":true,"href":"https:\/\/molygrafit.com\/cl\/wp-json\/wp\/v2\/product_brand?post=2308"},{"taxonomy":"product_cat","embeddable":true,"href":"https:\/\/molygrafit.com\/cl\/wp-json\/wp\/v2\/product_cat?post=2308"},{"taxonomy":"product_tag","embeddable":true,"href":"https:\/\/molygrafit.com\/cl\/wp-json\/wp\/v2\/product_tag?post=2308"}],"curies":[{"name":"wp","href":"https:\/\/api.w.org\/{rel}","templated":true}]}}