{"id":2309,"date":"2021-05-25T15:47:32","date_gmt":"2021-05-25T18:47:32","guid":{"rendered":"https:\/\/molygrafit.com\/cl\/producto\/import-placeholder-for-1822\/"},"modified":"2025-08-20T19:46:41","modified_gmt":"2025-08-20T22:46:41","slug":"oc-15-aceite-con-aditivo-de-extrema-presion-indicado-en-operaciones-de-corte-y-estampado-en-metales-ferrosos","status":"publish","type":"product","link":"https:\/\/molygrafit.com\/cl\/producto\/oc-15-aceite-con-aditivo-de-extrema-presion-indicado-en-operaciones-de-corte-y-estampado-en-metales-ferrosos\/","title":{"rendered":"OC-15 > ACEITE CON ADITIVO DE EXTREMA PRESI\u00d3N INDICADO EN OPERACIONES DE CORTE Y ESTAMPADO EN METALES FERROSOS."},"content":{"rendered":"<ul>\n<li>Apariencia: L\u00edquido marr\u00f3n<\/li>\n<li>Aceite B\u00e1sico: Mineral puro<\/li>\n<li>Viscosidad a 40 \u00b0C: 30 cSt<\/li>\n<li>Solubilidad en agua: Indisoluble<\/li>\n<li>Punto de inflamabilidad: 180 \u00b0C<\/li>\n<\/ul>\n","protected":false},"excerpt":{"rendered":"<p>Aceite de corte y estampaci\u00f3n integral para operaciones severas en metales ferrosos.<\/p>\n<p>Tiene en su formulaci\u00f3n antioxidantes y aditivos de extrema presi\u00f3n que brindan una excelente lubricaci\u00f3n y\u00a0enfriamiento.<\/p>\n<p>Producto seguro, de alto punto de inflamabilidad, que puede ser utilizado en tornos, fresas, prensas etc.,\u00a0proporcionando piezas con excelente conformaci\u00f3n, alargando la vida \u00fatil de las herramientas.<\/p>\n<p>OBS.: disponibilidad en aerosol y soluble.<\/p>\n","protected":false},"featured_media":2076,"template":"","meta":{"_acf_changed":false},"product_brand":[],"product_cat":[159,157],"product_tag":[312],"class_list":{"0":"post-2309","1":"product","2":"type-product","3":"status-publish","4":"has-post-thumbnail","6":"product_cat-aplicaciones-comunes","7":"product_cat-metalurgica","8":"product_tag-aceite-con-aditivo-de-extrema-presion-indicado-en-operaciones-de-corte-y-estampado-en-metales-ferrosos","10":"first","11":"instock","12":"shipping-taxable","13":"product-type-variable"},"acf":[],"yoast_head":"<!-- This site is optimized with the Yoast SEO plugin v26.9 - https:\/\/yoast.com\/product\/yoast-seo-wordpress\/ -->\n<title>OC-15 &gt; ACEITE CON ADITIVO DE EXTREMA PRESI\u00d3N INDICADO EN OPERACIONES DE CORTE Y ESTAMPADO EN METALES FERROSOS. - Molygrafit - Lubricantes Especiales<\/title>\n<meta name=\"robots\" content=\"index, follow, max-snippet:-1, max-image-preview:large, max-video-preview:-1\" \/>\n<link rel=\"canonical\" href=\"https:\/\/molygrafit.com\/cl\/producto\/oc-15-aceite-con-aditivo-de-extrema-presion-indicado-en-operaciones-de-corte-y-estampado-en-metales-ferrosos\/\" \/>\n<meta property=\"og:locale\" content=\"es_ES\" \/>\n<meta property=\"og:type\" content=\"article\" \/>\n<meta property=\"og:title\" content=\"OC-15 &gt; ACEITE CON ADITIVO DE EXTREMA PRESI\u00d3N INDICADO EN OPERACIONES DE CORTE Y ESTAMPADO EN METALES FERROSOS. - Molygrafit - Lubricantes Especiales\" \/>\n<meta property=\"og:description\" content=\"Aceite de corte y estampaci\u00f3n integral para operaciones severas en metales ferrosos.  Tiene en su formulaci\u00f3n antioxidantes y aditivos de extrema presi\u00f3n que brindan una excelente lubricaci\u00f3n y\u00a0enfriamiento.  Producto seguro, de alto punto de inflamabilidad, que puede ser utilizado en tornos, fresas, prensas etc.,\u00a0proporcionando piezas con excelente conformaci\u00f3n, alargando la vida \u00fatil de las herramientas.  OBS.: disponibilidad en aerosol y soluble.\" \/>\n<meta property=\"og:url\" content=\"https:\/\/molygrafit.com\/cl\/producto\/oc-15-aceite-con-aditivo-de-extrema-presion-indicado-en-operaciones-de-corte-y-estampado-en-metales-ferrosos\/\" \/>\n<meta property=\"og:site_name\" content=\"Molygrafit - Lubricantes Especiales\" \/>\n<meta property=\"article:modified_time\" content=\"2025-08-20T22:46:41+00:00\" \/>\n<meta property=\"og:image\" content=\"https:\/\/molygrafit.com\/cl\/wp-content\/uploads\/2021\/03\/BB_Lts_final.jpg\" \/>\n\t<meta property=\"og:image:width\" content=\"600\" \/>\n\t<meta property=\"og:image:height\" content=\"600\" \/>\n\t<meta property=\"og:image:type\" content=\"image\/jpeg\" \/>\n<meta name=\"twitter:card\" content=\"summary_large_image\" \/>\n<script type=\"application\/ld+json\" class=\"yoast-schema-graph\">{\"@context\":\"https:\/\/schema.org\",\"@graph\":[{\"@type\":\"WebPage\",\"@id\":\"https:\/\/molygrafit.com\/cl\/producto\/oc-15-aceite-con-aditivo-de-extrema-presion-indicado-en-operaciones-de-corte-y-estampado-en-metales-ferrosos\/\",\"url\":\"https:\/\/molygrafit.com\/cl\/producto\/oc-15-aceite-con-aditivo-de-extrema-presion-indicado-en-operaciones-de-corte-y-estampado-en-metales-ferrosos\/\",\"name\":\"OC-15 > ACEITE CON ADITIVO DE EXTREMA PRESI\u00d3N INDICADO EN OPERACIONES DE CORTE Y ESTAMPADO EN METALES FERROSOS. - Molygrafit - Lubricantes Especiales\",\"isPartOf\":{\"@id\":\"https:\/\/molygrafit.com\/cl\/#website\"},\"primaryImageOfPage\":{\"@id\":\"https:\/\/molygrafit.com\/cl\/producto\/oc-15-aceite-con-aditivo-de-extrema-presion-indicado-en-operaciones-de-corte-y-estampado-en-metales-ferrosos\/#primaryimage\"},\"image\":{\"@id\":\"https:\/\/molygrafit.com\/cl\/producto\/oc-15-aceite-con-aditivo-de-extrema-presion-indicado-en-operaciones-de-corte-y-estampado-en-metales-ferrosos\/#primaryimage\"},\"thumbnailUrl\":\"https:\/\/molygrafit.com\/cl\/wp-content\/uploads\/2021\/03\/BB_Lts_final.jpg\",\"datePublished\":\"2021-05-25T18:47:32+00:00\",\"dateModified\":\"2025-08-20T22:46:41+00:00\",\"breadcrumb\":{\"@id\":\"https:\/\/molygrafit.com\/cl\/producto\/oc-15-aceite-con-aditivo-de-extrema-presion-indicado-en-operaciones-de-corte-y-estampado-en-metales-ferrosos\/#breadcrumb\"},\"inLanguage\":\"es-CL\",\"potentialAction\":[{\"@type\":\"ReadAction\",\"target\":[\"https:\/\/molygrafit.com\/cl\/producto\/oc-15-aceite-con-aditivo-de-extrema-presion-indicado-en-operaciones-de-corte-y-estampado-en-metales-ferrosos\/\"]}]},{\"@type\":\"ImageObject\",\"inLanguage\":\"es-CL\",\"@id\":\"https:\/\/molygrafit.com\/cl\/producto\/oc-15-aceite-con-aditivo-de-extrema-presion-indicado-en-operaciones-de-corte-y-estampado-en-metales-ferrosos\/#primaryimage\",\"url\":\"https:\/\/molygrafit.com\/cl\/wp-content\/uploads\/2021\/03\/BB_Lts_final.jpg\",\"contentUrl\":\"https:\/\/molygrafit.com\/cl\/wp-content\/uploads\/2021\/03\/BB_Lts_final.jpg\",\"width\":600,\"height\":600},{\"@type\":\"BreadcrumbList\",\"@id\":\"https:\/\/molygrafit.com\/cl\/producto\/oc-15-aceite-con-aditivo-de-extrema-presion-indicado-en-operaciones-de-corte-y-estampado-en-metales-ferrosos\/#breadcrumb\",\"itemListElement\":[{\"@type\":\"ListItem\",\"position\":1,\"name\":\"In\u00edcio\",\"item\":\"https:\/\/molygrafit.com\/cl\/\"},{\"@type\":\"ListItem\",\"position\":2,\"name\":\"Tienda\",\"item\":\"https:\/\/molygrafit.com\/cl\/\"},{\"@type\":\"ListItem\",\"position\":3,\"name\":\"OC-15 > ACEITE CON ADITIVO DE EXTREMA PRESI\u00d3N INDICADO EN OPERACIONES DE CORTE Y ESTAMPADO EN METALES FERROSOS.\"}]},{\"@type\":\"WebSite\",\"@id\":\"https:\/\/molygrafit.com\/cl\/#website\",\"url\":\"https:\/\/molygrafit.com\/cl\/\",\"name\":\"Molygrafit - Lubricantes Especiales\",\"description\":\"\",\"potentialAction\":[{\"@type\":\"SearchAction\",\"target\":{\"@type\":\"EntryPoint\",\"urlTemplate\":\"https:\/\/molygrafit.com\/cl\/?s={search_term_string}\"},\"query-input\":{\"@type\":\"PropertyValueSpecification\",\"valueRequired\":true,\"valueName\":\"search_term_string\"}}],\"inLanguage\":\"es-CL\"}]}<\/script>\n<!-- \/ Yoast SEO plugin. -->","yoast_head_json":{"title":"OC-15 > ACEITE CON ADITIVO DE EXTREMA PRESI\u00d3N INDICADO EN OPERACIONES DE CORTE Y ESTAMPADO EN METALES FERROSOS. - Molygrafit - Lubricantes Especiales","robots":{"index":"index","follow":"follow","max-snippet":"max-snippet:-1","max-image-preview":"max-image-preview:large","max-video-preview":"max-video-preview:-1"},"canonical":"https:\/\/molygrafit.com\/cl\/producto\/oc-15-aceite-con-aditivo-de-extrema-presion-indicado-en-operaciones-de-corte-y-estampado-en-metales-ferrosos\/","og_locale":"es_ES","og_type":"article","og_title":"OC-15 > ACEITE CON ADITIVO DE EXTREMA PRESI\u00d3N INDICADO EN OPERACIONES DE CORTE Y ESTAMPADO EN METALES FERROSOS. - Molygrafit - Lubricantes Especiales","og_description":"Aceite de corte y estampaci\u00f3n integral para operaciones severas en metales ferrosos.  Tiene en su formulaci\u00f3n antioxidantes y aditivos de extrema presi\u00f3n que brindan una excelente lubricaci\u00f3n y\u00a0enfriamiento.  Producto seguro, de alto punto de inflamabilidad, que puede ser utilizado en tornos, fresas, prensas etc.,\u00a0proporcionando piezas con excelente conformaci\u00f3n, alargando la vida \u00fatil de las herramientas.  OBS.: disponibilidad en aerosol y soluble.","og_url":"https:\/\/molygrafit.com\/cl\/producto\/oc-15-aceite-con-aditivo-de-extrema-presion-indicado-en-operaciones-de-corte-y-estampado-en-metales-ferrosos\/","og_site_name":"Molygrafit - Lubricantes Especiales","article_modified_time":"2025-08-20T22:46:41+00:00","og_image":[{"width":600,"height":600,"url":"https:\/\/molygrafit.com\/cl\/wp-content\/uploads\/2021\/03\/BB_Lts_final.jpg","type":"image\/jpeg"}],"twitter_card":"summary_large_image","schema":{"@context":"https:\/\/schema.org","@graph":[{"@type":"WebPage","@id":"https:\/\/molygrafit.com\/cl\/producto\/oc-15-aceite-con-aditivo-de-extrema-presion-indicado-en-operaciones-de-corte-y-estampado-en-metales-ferrosos\/","url":"https:\/\/molygrafit.com\/cl\/producto\/oc-15-aceite-con-aditivo-de-extrema-presion-indicado-en-operaciones-de-corte-y-estampado-en-metales-ferrosos\/","name":"OC-15 > ACEITE CON ADITIVO DE EXTREMA PRESI\u00d3N INDICADO EN OPERACIONES DE CORTE Y ESTAMPADO EN METALES FERROSOS. - Molygrafit - Lubricantes Especiales","isPartOf":{"@id":"https:\/\/molygrafit.com\/cl\/#website"},"primaryImageOfPage":{"@id":"https:\/\/molygrafit.com\/cl\/producto\/oc-15-aceite-con-aditivo-de-extrema-presion-indicado-en-operaciones-de-corte-y-estampado-en-metales-ferrosos\/#primaryimage"},"image":{"@id":"https:\/\/molygrafit.com\/cl\/producto\/oc-15-aceite-con-aditivo-de-extrema-presion-indicado-en-operaciones-de-corte-y-estampado-en-metales-ferrosos\/#primaryimage"},"thumbnailUrl":"https:\/\/molygrafit.com\/cl\/wp-content\/uploads\/2021\/03\/BB_Lts_final.jpg","datePublished":"2021-05-25T18:47:32+00:00","dateModified":"2025-08-20T22:46:41+00:00","breadcrumb":{"@id":"https:\/\/molygrafit.com\/cl\/producto\/oc-15-aceite-con-aditivo-de-extrema-presion-indicado-en-operaciones-de-corte-y-estampado-en-metales-ferrosos\/#breadcrumb"},"inLanguage":"es-CL","potentialAction":[{"@type":"ReadAction","target":["https:\/\/molygrafit.com\/cl\/producto\/oc-15-aceite-con-aditivo-de-extrema-presion-indicado-en-operaciones-de-corte-y-estampado-en-metales-ferrosos\/"]}]},{"@type":"ImageObject","inLanguage":"es-CL","@id":"https:\/\/molygrafit.com\/cl\/producto\/oc-15-aceite-con-aditivo-de-extrema-presion-indicado-en-operaciones-de-corte-y-estampado-en-metales-ferrosos\/#primaryimage","url":"https:\/\/molygrafit.com\/cl\/wp-content\/uploads\/2021\/03\/BB_Lts_final.jpg","contentUrl":"https:\/\/molygrafit.com\/cl\/wp-content\/uploads\/2021\/03\/BB_Lts_final.jpg","width":600,"height":600},{"@type":"BreadcrumbList","@id":"https:\/\/molygrafit.com\/cl\/producto\/oc-15-aceite-con-aditivo-de-extrema-presion-indicado-en-operaciones-de-corte-y-estampado-en-metales-ferrosos\/#breadcrumb","itemListElement":[{"@type":"ListItem","position":1,"name":"In\u00edcio","item":"https:\/\/molygrafit.com\/cl\/"},{"@type":"ListItem","position":2,"name":"Tienda","item":"https:\/\/molygrafit.com\/cl\/"},{"@type":"ListItem","position":3,"name":"OC-15 > ACEITE CON ADITIVO DE EXTREMA PRESI\u00d3N INDICADO EN OPERACIONES DE CORTE Y ESTAMPADO EN METALES FERROSOS."}]},{"@type":"WebSite","@id":"https:\/\/molygrafit.com\/cl\/#website","url":"https:\/\/molygrafit.com\/cl\/","name":"Molygrafit - Lubricantes Especiales","description":"","potentialAction":[{"@type":"SearchAction","target":{"@type":"EntryPoint","urlTemplate":"https:\/\/molygrafit.com\/cl\/?s={search_term_string}"},"query-input":{"@type":"PropertyValueSpecification","valueRequired":true,"valueName":"search_term_string"}}],"inLanguage":"es-CL"}]}},"_links":{"self":[{"href":"https:\/\/molygrafit.com\/cl\/wp-json\/wp\/v2\/product\/2309","targetHints":{"allow":["GET"]}}],"collection":[{"href":"https:\/\/molygrafit.com\/cl\/wp-json\/wp\/v2\/product"}],"about":[{"href":"https:\/\/molygrafit.com\/cl\/wp-json\/wp\/v2\/types\/product"}],"wp:featuredmedia":[{"embeddable":true,"href":"https:\/\/molygrafit.com\/cl\/wp-json\/wp\/v2\/media\/2076"}],"wp:attachment":[{"href":"https:\/\/molygrafit.com\/cl\/wp-json\/wp\/v2\/media?parent=2309"}],"wp:term":[{"taxonomy":"product_brand","embeddable":true,"href":"https:\/\/molygrafit.com\/cl\/wp-json\/wp\/v2\/product_brand?post=2309"},{"taxonomy":"product_cat","embeddable":true,"href":"https:\/\/molygrafit.com\/cl\/wp-json\/wp\/v2\/product_cat?post=2309"},{"taxonomy":"product_tag","embeddable":true,"href":"https:\/\/molygrafit.com\/cl\/wp-json\/wp\/v2\/product_tag?post=2309"}],"curies":[{"name":"wp","href":"https:\/\/api.w.org\/{rel}","templated":true}]}}