{"id":2311,"date":"2021-05-25T15:47:33","date_gmt":"2021-05-25T18:47:33","guid":{"rendered":"https:\/\/molygrafit.com\/cl\/producto\/import-placeholder-for-1824\/"},"modified":"2025-08-18T21:34:24","modified_gmt":"2025-08-19T00:34:24","slug":"mo-ci-4-aceite-de-motor-de-combustion-100-sintetico-no-carboniza-ofrece-una-lubricacion-libre-de-residuos-y-aumenta-los-periodos-de-lubricacion","status":"publish","type":"product","link":"https:\/\/molygrafit.com\/cl\/producto\/mo-ci-4-aceite-de-motor-de-combustion-100-sintetico-no-carboniza-ofrece-una-lubricacion-libre-de-residuos-y-aumenta-los-periodos-de-lubricacion\/","title":{"rendered":"MO\/CI-4 &#8211; ACEITE DE MOTOR DE COMBUSTI\u00d3N, 100% SINT\u00c9TICO. NO CARBONIZA, OFRECE UNA LUBRICACI\u00d3N LIBRE DE RESIDUOS Y AUMENTA LOS PERIODOS DE LUBRICACI\u00d3N."},"content":{"rendered":"<ul>\n<li>Viscosidad a 40 C\u00b0: 120 cSt<span class=\"Apple-converted-space\">\u00a0<\/span><\/li>\n<li>Viscosidad a 100 C\u00b0: 21 cSt<span class=\"Apple-converted-space\">\u00a0<\/span><\/li>\n<li>Clasificaci\u00f3n API: 15W40, SL\/CI-4<span class=\"Apple-converted-space\">\u00a0<\/span><\/li>\n<li>Temperatura de uso: -30 a 260\u00baC<span class=\"Apple-converted-space\">\u00a0<\/span><\/li>\n<li>Punto de Fulgor: 280\u00baC<span class=\"Apple-converted-space\">\u00a0<\/span><\/li>\n<li>Solubilidad en agua: Insoluble<span class=\"Apple-converted-space\">\u00a0<\/span><\/li>\n<li>TBN \u2013 mg KOH\/gr : 11<span class=\"Apple-converted-space\">\u00a0<\/span><\/li>\n<\/ul>\n","protected":false},"excerpt":{"rendered":"<p>Aceite totalmente sint\u00e9tico, especialmente formulado para motores decombusti\u00f3n interna (gasolina,<span class=\"Apple-converted-space\">\u00a0<\/span>alcohol, diesel, GLP, g\u00e1s natural, etc.). Por ser totalmente sint\u00e9tico, no carboniza, extendiendo los<span class=\"Apple-converted-space\">\u00a0<\/span>per\u00edodos de lubrificaci\u00f3n para un per\u00edodo de 1000 horas de trabajo dependiendo de las condiciones<span class=\"Apple-converted-space\">\u00a0<\/span>de trabajo del motor.<span class=\"Apple-converted-space\">\u00a0<\/span>Poseeen su formulaci\u00f3n aditivos de extrema presi\u00f3n, mejoradores de\u00edndice de viscosidad,<span class=\"Apple-converted-space\">\u00a0<\/span>anticorrosivos, detergentes, dispersantes etc.<span class=\"Apple-converted-space\">\u00a0<\/span><\/p>\n<p>MOLYGRAFIT MO\/CI-4 soporta altas temperaturas, pudiendo ser utilizado en motores turbo de aire comprimido.<span class=\"Apple-converted-space\">\u00a0<\/span><\/p>\n<p>Cuando se cambia el aceite para Molygrafit MO\/CI-4, se debe realizar un limpieza total del motor;es<span class=\"Apple-converted-space\">\u00a0<\/span>necesario hacer um flushing.<span class=\"Apple-converted-space\">\u00a0<\/span><\/p>\n<p>Producto seguro, con punto de fulgor elevado, at\u00f3xico y es biodegradable, de acuerdo con lanorma\u00a0internacional OECD 301 B; no requiere tratamiento especial para eliminarlo.<span class=\"Apple-converted-space\">\u00a0<\/span><\/p>\n","protected":false},"featured_media":2076,"template":"","meta":{"_acf_changed":false},"product_brand":[],"product_cat":[159,172,158,155],"product_tag":[293,292,294],"class_list":{"0":"post-2311","1":"product","2":"type-product","3":"status-publish","4":"has-post-thumbnail","6":"product_cat-aplicaciones-comunes","7":"product_cat-automotor","8":"product_cat-mineria","9":"product_cat-offshore-naval","10":"product_tag-100-sintetico-no-carboniza","11":"product_tag-aceite-de-motor-de-combustion","12":"product_tag-ofrece-una-lubricacion-libre-de-residuos-y-aumenta-los-periodos-de-lubricacion","14":"first","15":"instock","16":"shipping-taxable","17":"product-type-variable"},"acf":[],"yoast_head":"<!-- This site is optimized with the Yoast SEO plugin v26.9 - https:\/\/yoast.com\/product\/yoast-seo-wordpress\/ -->\n<title>MO\/CI-4 - ACEITE DE MOTOR DE COMBUSTI\u00d3N, 100% SINT\u00c9TICO. NO CARBONIZA, OFRECE UNA LUBRICACI\u00d3N LIBRE DE RESIDUOS Y AUMENTA LOS PERIODOS DE LUBRICACI\u00d3N. - Molygrafit - Lubricantes Especiales<\/title>\n<meta name=\"robots\" content=\"index, follow, max-snippet:-1, max-image-preview:large, max-video-preview:-1\" \/>\n<link rel=\"canonical\" href=\"https:\/\/molygrafit.com\/cl\/producto\/mo-ci-4-aceite-de-motor-de-combustion-100-sintetico-no-carboniza-ofrece-una-lubricacion-libre-de-residuos-y-aumenta-los-periodos-de-lubricacion\/\" \/>\n<meta property=\"og:locale\" content=\"es_ES\" \/>\n<meta property=\"og:type\" content=\"article\" \/>\n<meta property=\"og:title\" content=\"MO\/CI-4 - ACEITE DE MOTOR DE COMBUSTI\u00d3N, 100% SINT\u00c9TICO. NO CARBONIZA, OFRECE UNA LUBRICACI\u00d3N LIBRE DE RESIDUOS Y AUMENTA LOS PERIODOS DE LUBRICACI\u00d3N. - Molygrafit - Lubricantes Especiales\" \/>\n<meta property=\"og:description\" content=\"Aceite totalmente sint\u00e9tico, especialmente formulado para motores decombusti\u00f3n interna (gasolina,\u00a0alcohol, diesel, GLP, g\u00e1s natural, etc.). Por ser totalmente sint\u00e9tico, no carboniza, extendiendo los\u00a0per\u00edodos de lubrificaci\u00f3n para un per\u00edodo de 1000 horas de trabajo dependiendo de las condiciones\u00a0de trabajo del motor.\u00a0Poseeen su formulaci\u00f3n aditivos de extrema presi\u00f3n, mejoradores de\u00edndice de viscosidad,\u00a0anticorrosivos, detergentes, dispersantes etc.\u00a0  MOLYGRAFIT MO\/CI-4 soporta altas temperaturas, pudiendo ser utilizado en motores turbo de aire comprimido.\u00a0  Cuando se cambia el aceite para Molygrafit MO\/CI-4, se debe realizar un limpieza total del motor;es\u00a0necesario hacer um flushing.\u00a0  Producto seguro, con punto de fulgor elevado, at\u00f3xico y es biodegradable, de acuerdo con lanorma\u00a0internacional OECD 301 B; no requiere tratamiento especial para eliminarlo.\u00a0\" \/>\n<meta property=\"og:url\" content=\"https:\/\/molygrafit.com\/cl\/producto\/mo-ci-4-aceite-de-motor-de-combustion-100-sintetico-no-carboniza-ofrece-una-lubricacion-libre-de-residuos-y-aumenta-los-periodos-de-lubricacion\/\" \/>\n<meta property=\"og:site_name\" content=\"Molygrafit - Lubricantes Especiales\" \/>\n<meta property=\"article:modified_time\" content=\"2025-08-19T00:34:24+00:00\" \/>\n<meta property=\"og:image\" content=\"https:\/\/molygrafit.com\/cl\/wp-content\/uploads\/2021\/03\/BB_Lts_final.jpg\" \/>\n\t<meta property=\"og:image:width\" content=\"600\" \/>\n\t<meta property=\"og:image:height\" content=\"600\" \/>\n\t<meta property=\"og:image:type\" content=\"image\/jpeg\" \/>\n<meta name=\"twitter:card\" content=\"summary_large_image\" \/>\n<script type=\"application\/ld+json\" class=\"yoast-schema-graph\">{\"@context\":\"https:\/\/schema.org\",\"@graph\":[{\"@type\":\"WebPage\",\"@id\":\"https:\/\/molygrafit.com\/cl\/producto\/mo-ci-4-aceite-de-motor-de-combustion-100-sintetico-no-carboniza-ofrece-una-lubricacion-libre-de-residuos-y-aumenta-los-periodos-de-lubricacion\/\",\"url\":\"https:\/\/molygrafit.com\/cl\/producto\/mo-ci-4-aceite-de-motor-de-combustion-100-sintetico-no-carboniza-ofrece-una-lubricacion-libre-de-residuos-y-aumenta-los-periodos-de-lubricacion\/\",\"name\":\"MO\/CI-4 - ACEITE DE MOTOR DE COMBUSTI\u00d3N, 100% SINT\u00c9TICO. NO CARBONIZA, OFRECE UNA LUBRICACI\u00d3N LIBRE DE RESIDUOS Y AUMENTA LOS PERIODOS DE LUBRICACI\u00d3N. - Molygrafit - Lubricantes Especiales\",\"isPartOf\":{\"@id\":\"https:\/\/molygrafit.com\/cl\/#website\"},\"primaryImageOfPage\":{\"@id\":\"https:\/\/molygrafit.com\/cl\/producto\/mo-ci-4-aceite-de-motor-de-combustion-100-sintetico-no-carboniza-ofrece-una-lubricacion-libre-de-residuos-y-aumenta-los-periodos-de-lubricacion\/#primaryimage\"},\"image\":{\"@id\":\"https:\/\/molygrafit.com\/cl\/producto\/mo-ci-4-aceite-de-motor-de-combustion-100-sintetico-no-carboniza-ofrece-una-lubricacion-libre-de-residuos-y-aumenta-los-periodos-de-lubricacion\/#primaryimage\"},\"thumbnailUrl\":\"https:\/\/molygrafit.com\/cl\/wp-content\/uploads\/2021\/03\/BB_Lts_final.jpg\",\"datePublished\":\"2021-05-25T18:47:33+00:00\",\"dateModified\":\"2025-08-19T00:34:24+00:00\",\"breadcrumb\":{\"@id\":\"https:\/\/molygrafit.com\/cl\/producto\/mo-ci-4-aceite-de-motor-de-combustion-100-sintetico-no-carboniza-ofrece-una-lubricacion-libre-de-residuos-y-aumenta-los-periodos-de-lubricacion\/#breadcrumb\"},\"inLanguage\":\"es-CL\",\"potentialAction\":[{\"@type\":\"ReadAction\",\"target\":[\"https:\/\/molygrafit.com\/cl\/producto\/mo-ci-4-aceite-de-motor-de-combustion-100-sintetico-no-carboniza-ofrece-una-lubricacion-libre-de-residuos-y-aumenta-los-periodos-de-lubricacion\/\"]}]},{\"@type\":\"ImageObject\",\"inLanguage\":\"es-CL\",\"@id\":\"https:\/\/molygrafit.com\/cl\/producto\/mo-ci-4-aceite-de-motor-de-combustion-100-sintetico-no-carboniza-ofrece-una-lubricacion-libre-de-residuos-y-aumenta-los-periodos-de-lubricacion\/#primaryimage\",\"url\":\"https:\/\/molygrafit.com\/cl\/wp-content\/uploads\/2021\/03\/BB_Lts_final.jpg\",\"contentUrl\":\"https:\/\/molygrafit.com\/cl\/wp-content\/uploads\/2021\/03\/BB_Lts_final.jpg\",\"width\":600,\"height\":600},{\"@type\":\"BreadcrumbList\",\"@id\":\"https:\/\/molygrafit.com\/cl\/producto\/mo-ci-4-aceite-de-motor-de-combustion-100-sintetico-no-carboniza-ofrece-una-lubricacion-libre-de-residuos-y-aumenta-los-periodos-de-lubricacion\/#breadcrumb\",\"itemListElement\":[{\"@type\":\"ListItem\",\"position\":1,\"name\":\"In\u00edcio\",\"item\":\"https:\/\/molygrafit.com\/cl\/\"},{\"@type\":\"ListItem\",\"position\":2,\"name\":\"Tienda\",\"item\":\"https:\/\/molygrafit.com\/cl\/\"},{\"@type\":\"ListItem\",\"position\":3,\"name\":\"MO\/CI-4 &#8211; ACEITE DE MOTOR DE COMBUSTI\u00d3N, 100% SINT\u00c9TICO. NO CARBONIZA, OFRECE UNA LUBRICACI\u00d3N LIBRE DE RESIDUOS Y AUMENTA LOS PERIODOS DE LUBRICACI\u00d3N.\"}]},{\"@type\":\"WebSite\",\"@id\":\"https:\/\/molygrafit.com\/cl\/#website\",\"url\":\"https:\/\/molygrafit.com\/cl\/\",\"name\":\"Molygrafit - Lubricantes Especiales\",\"description\":\"\",\"potentialAction\":[{\"@type\":\"SearchAction\",\"target\":{\"@type\":\"EntryPoint\",\"urlTemplate\":\"https:\/\/molygrafit.com\/cl\/?s={search_term_string}\"},\"query-input\":{\"@type\":\"PropertyValueSpecification\",\"valueRequired\":true,\"valueName\":\"search_term_string\"}}],\"inLanguage\":\"es-CL\"}]}<\/script>\n<!-- \/ Yoast SEO plugin. -->","yoast_head_json":{"title":"MO\/CI-4 - ACEITE DE MOTOR DE COMBUSTI\u00d3N, 100% SINT\u00c9TICO. NO CARBONIZA, OFRECE UNA LUBRICACI\u00d3N LIBRE DE RESIDUOS Y AUMENTA LOS PERIODOS DE LUBRICACI\u00d3N. - Molygrafit - Lubricantes Especiales","robots":{"index":"index","follow":"follow","max-snippet":"max-snippet:-1","max-image-preview":"max-image-preview:large","max-video-preview":"max-video-preview:-1"},"canonical":"https:\/\/molygrafit.com\/cl\/producto\/mo-ci-4-aceite-de-motor-de-combustion-100-sintetico-no-carboniza-ofrece-una-lubricacion-libre-de-residuos-y-aumenta-los-periodos-de-lubricacion\/","og_locale":"es_ES","og_type":"article","og_title":"MO\/CI-4 - ACEITE DE MOTOR DE COMBUSTI\u00d3N, 100% SINT\u00c9TICO. NO CARBONIZA, OFRECE UNA LUBRICACI\u00d3N LIBRE DE RESIDUOS Y AUMENTA LOS PERIODOS DE LUBRICACI\u00d3N. - Molygrafit - Lubricantes Especiales","og_description":"Aceite totalmente sint\u00e9tico, especialmente formulado para motores decombusti\u00f3n interna (gasolina,\u00a0alcohol, diesel, GLP, g\u00e1s natural, etc.). Por ser totalmente sint\u00e9tico, no carboniza, extendiendo los\u00a0per\u00edodos de lubrificaci\u00f3n para un per\u00edodo de 1000 horas de trabajo dependiendo de las condiciones\u00a0de trabajo del motor.\u00a0Poseeen su formulaci\u00f3n aditivos de extrema presi\u00f3n, mejoradores de\u00edndice de viscosidad,\u00a0anticorrosivos, detergentes, dispersantes etc.\u00a0  MOLYGRAFIT MO\/CI-4 soporta altas temperaturas, pudiendo ser utilizado en motores turbo de aire comprimido.\u00a0  Cuando se cambia el aceite para Molygrafit MO\/CI-4, se debe realizar un limpieza total del motor;es\u00a0necesario hacer um flushing.\u00a0  Producto seguro, con punto de fulgor elevado, at\u00f3xico y es biodegradable, de acuerdo con lanorma\u00a0internacional OECD 301 B; no requiere tratamiento especial para eliminarlo.\u00a0","og_url":"https:\/\/molygrafit.com\/cl\/producto\/mo-ci-4-aceite-de-motor-de-combustion-100-sintetico-no-carboniza-ofrece-una-lubricacion-libre-de-residuos-y-aumenta-los-periodos-de-lubricacion\/","og_site_name":"Molygrafit - Lubricantes Especiales","article_modified_time":"2025-08-19T00:34:24+00:00","og_image":[{"width":600,"height":600,"url":"https:\/\/molygrafit.com\/cl\/wp-content\/uploads\/2021\/03\/BB_Lts_final.jpg","type":"image\/jpeg"}],"twitter_card":"summary_large_image","schema":{"@context":"https:\/\/schema.org","@graph":[{"@type":"WebPage","@id":"https:\/\/molygrafit.com\/cl\/producto\/mo-ci-4-aceite-de-motor-de-combustion-100-sintetico-no-carboniza-ofrece-una-lubricacion-libre-de-residuos-y-aumenta-los-periodos-de-lubricacion\/","url":"https:\/\/molygrafit.com\/cl\/producto\/mo-ci-4-aceite-de-motor-de-combustion-100-sintetico-no-carboniza-ofrece-una-lubricacion-libre-de-residuos-y-aumenta-los-periodos-de-lubricacion\/","name":"MO\/CI-4 - ACEITE DE MOTOR DE COMBUSTI\u00d3N, 100% SINT\u00c9TICO. NO CARBONIZA, OFRECE UNA LUBRICACI\u00d3N LIBRE DE RESIDUOS Y AUMENTA LOS PERIODOS DE LUBRICACI\u00d3N. - Molygrafit - Lubricantes Especiales","isPartOf":{"@id":"https:\/\/molygrafit.com\/cl\/#website"},"primaryImageOfPage":{"@id":"https:\/\/molygrafit.com\/cl\/producto\/mo-ci-4-aceite-de-motor-de-combustion-100-sintetico-no-carboniza-ofrece-una-lubricacion-libre-de-residuos-y-aumenta-los-periodos-de-lubricacion\/#primaryimage"},"image":{"@id":"https:\/\/molygrafit.com\/cl\/producto\/mo-ci-4-aceite-de-motor-de-combustion-100-sintetico-no-carboniza-ofrece-una-lubricacion-libre-de-residuos-y-aumenta-los-periodos-de-lubricacion\/#primaryimage"},"thumbnailUrl":"https:\/\/molygrafit.com\/cl\/wp-content\/uploads\/2021\/03\/BB_Lts_final.jpg","datePublished":"2021-05-25T18:47:33+00:00","dateModified":"2025-08-19T00:34:24+00:00","breadcrumb":{"@id":"https:\/\/molygrafit.com\/cl\/producto\/mo-ci-4-aceite-de-motor-de-combustion-100-sintetico-no-carboniza-ofrece-una-lubricacion-libre-de-residuos-y-aumenta-los-periodos-de-lubricacion\/#breadcrumb"},"inLanguage":"es-CL","potentialAction":[{"@type":"ReadAction","target":["https:\/\/molygrafit.com\/cl\/producto\/mo-ci-4-aceite-de-motor-de-combustion-100-sintetico-no-carboniza-ofrece-una-lubricacion-libre-de-residuos-y-aumenta-los-periodos-de-lubricacion\/"]}]},{"@type":"ImageObject","inLanguage":"es-CL","@id":"https:\/\/molygrafit.com\/cl\/producto\/mo-ci-4-aceite-de-motor-de-combustion-100-sintetico-no-carboniza-ofrece-una-lubricacion-libre-de-residuos-y-aumenta-los-periodos-de-lubricacion\/#primaryimage","url":"https:\/\/molygrafit.com\/cl\/wp-content\/uploads\/2021\/03\/BB_Lts_final.jpg","contentUrl":"https:\/\/molygrafit.com\/cl\/wp-content\/uploads\/2021\/03\/BB_Lts_final.jpg","width":600,"height":600},{"@type":"BreadcrumbList","@id":"https:\/\/molygrafit.com\/cl\/producto\/mo-ci-4-aceite-de-motor-de-combustion-100-sintetico-no-carboniza-ofrece-una-lubricacion-libre-de-residuos-y-aumenta-los-periodos-de-lubricacion\/#breadcrumb","itemListElement":[{"@type":"ListItem","position":1,"name":"In\u00edcio","item":"https:\/\/molygrafit.com\/cl\/"},{"@type":"ListItem","position":2,"name":"Tienda","item":"https:\/\/molygrafit.com\/cl\/"},{"@type":"ListItem","position":3,"name":"MO\/CI-4 &#8211; ACEITE DE MOTOR DE COMBUSTI\u00d3N, 100% SINT\u00c9TICO. NO CARBONIZA, OFRECE UNA LUBRICACI\u00d3N LIBRE DE RESIDUOS Y AUMENTA LOS PERIODOS DE LUBRICACI\u00d3N."}]},{"@type":"WebSite","@id":"https:\/\/molygrafit.com\/cl\/#website","url":"https:\/\/molygrafit.com\/cl\/","name":"Molygrafit - Lubricantes Especiales","description":"","potentialAction":[{"@type":"SearchAction","target":{"@type":"EntryPoint","urlTemplate":"https:\/\/molygrafit.com\/cl\/?s={search_term_string}"},"query-input":{"@type":"PropertyValueSpecification","valueRequired":true,"valueName":"search_term_string"}}],"inLanguage":"es-CL"}]}},"_links":{"self":[{"href":"https:\/\/molygrafit.com\/cl\/wp-json\/wp\/v2\/product\/2311","targetHints":{"allow":["GET"]}}],"collection":[{"href":"https:\/\/molygrafit.com\/cl\/wp-json\/wp\/v2\/product"}],"about":[{"href":"https:\/\/molygrafit.com\/cl\/wp-json\/wp\/v2\/types\/product"}],"wp:featuredmedia":[{"embeddable":true,"href":"https:\/\/molygrafit.com\/cl\/wp-json\/wp\/v2\/media\/2076"}],"wp:attachment":[{"href":"https:\/\/molygrafit.com\/cl\/wp-json\/wp\/v2\/media?parent=2311"}],"wp:term":[{"taxonomy":"product_brand","embeddable":true,"href":"https:\/\/molygrafit.com\/cl\/wp-json\/wp\/v2\/product_brand?post=2311"},{"taxonomy":"product_cat","embeddable":true,"href":"https:\/\/molygrafit.com\/cl\/wp-json\/wp\/v2\/product_cat?post=2311"},{"taxonomy":"product_tag","embeddable":true,"href":"https:\/\/molygrafit.com\/cl\/wp-json\/wp\/v2\/product_tag?post=2311"}],"curies":[{"name":"wp","href":"https:\/\/api.w.org\/{rel}","templated":true}]}}