{"id":2312,"date":"2021-05-25T15:47:33","date_gmt":"2021-05-25T19:47:33","guid":{"rendered":"https:\/\/molygrafit.com\/cl\/producto\/import-placeholder-for-1825\/"},"modified":"2025-08-18T21:27:50","modified_gmt":"2025-08-19T00:27:50","slug":"m-50-pasta-indicada-para-montaje-y-afinacion-de-maquinas-nuevas-con-aditivo-de-extrema-presion-mos2","status":"publish","type":"product","link":"https:\/\/molygrafit.com\/cl\/producto\/m-50-pasta-indicada-para-montaje-y-afinacion-de-maquinas-nuevas-con-aditivo-de-extrema-presion-mos2\/","title":{"rendered":"M-50 > PASTA INDICADA PARA MONTAJE Y AFINACI\u00d3N DE M\u00c1QUINAS NUEVAS, CON ADITIVO DE EXTREMA PRESI\u00d3N (MoS2)."},"content":{"rendered":"<ul>\n<li>Apariencia: Pasta homog\u00e9nea negra<\/li>\n<li>Consistencia NLGI: 2<\/li>\n<li>Penetraci\u00f3n: 265 a 295<\/li>\n<li>Contenido de MoS2: 50%<\/li>\n<li>Espesante: Coloide inorg\u00e1nico<\/li>\n<li>Aceite B\u00e1sico: Mineral puro<\/li>\n<li>Solubilidad en agua: Indisoluble<\/li>\n<li>Temperatura de trabajo: 40 \u00b0C a 1100 \u00b0C<\/li>\n<\/ul>\n","protected":false},"excerpt":{"rendered":"<p>Pasta de montaje con alto contenido en Disulfuro de Molibdeno, recomendada para el montaje y\u00a0ablandamiento de m\u00e1quinas nuevas.<\/p>\n<p>Tiene en su formulaci\u00f3n lo mejor en aditivos de extrema presi\u00f3n: Disulfuro de Molibdeno (MoS2) de alta\u00a0pureza (99%).<\/p>\n<p>No oxida y protege las partes tratadas.<\/p>\n<p>Tambi\u00e9n se puede utilizar en estampaci\u00f3n o extrusi\u00f3n, aumentando la vida \u00fatil de las herramientas. Reduce\u00a0el desgaste inicial y las vibraciones, aumentando el tiempo de uso del equipo.<\/p>\n<p>Producto at\u00f3xico, sin riesgo para el operador.<\/p>\n<p>Se suministra en concentraci\u00f3n del 50% de Disulfuro de Molibdeno y se puede diluir para operaciones\u00a0menos severas.<\/p>\n","protected":false},"featured_media":2074,"template":"","meta":{"_acf_changed":false},"product_brand":[],"product_cat":[160],"product_tag":[],"class_list":{"0":"post-2312","1":"product","2":"type-product","3":"status-publish","4":"has-post-thumbnail","6":"product_cat-mecanica","8":"first","9":"instock","10":"shipping-taxable","11":"product-type-variable"},"acf":[],"yoast_head":"<!-- This site is optimized with the Yoast SEO plugin v26.9 - https:\/\/yoast.com\/product\/yoast-seo-wordpress\/ -->\n<title>M-50 &gt; PASTA INDICADA PARA MONTAJE Y AFINACI\u00d3N DE M\u00c1QUINAS NUEVAS, CON ADITIVO DE EXTREMA PRESI\u00d3N (MoS2). - Molygrafit - Lubricantes Especiales<\/title>\n<meta name=\"robots\" content=\"index, follow, max-snippet:-1, max-image-preview:large, max-video-preview:-1\" \/>\n<link rel=\"canonical\" href=\"https:\/\/molygrafit.com\/cl\/producto\/m-50-pasta-indicada-para-montaje-y-afinacion-de-maquinas-nuevas-con-aditivo-de-extrema-presion-mos2\/\" \/>\n<meta property=\"og:locale\" content=\"es_ES\" \/>\n<meta property=\"og:type\" content=\"article\" \/>\n<meta property=\"og:title\" content=\"M-50 &gt; PASTA INDICADA PARA MONTAJE Y AFINACI\u00d3N DE M\u00c1QUINAS NUEVAS, CON ADITIVO DE EXTREMA PRESI\u00d3N (MoS2). - Molygrafit - Lubricantes Especiales\" \/>\n<meta property=\"og:description\" content=\"Pasta de montaje con alto contenido en Disulfuro de Molibdeno, recomendada para el montaje y\u00a0ablandamiento de m\u00e1quinas nuevas.  Tiene en su formulaci\u00f3n lo mejor en aditivos de extrema presi\u00f3n: Disulfuro de Molibdeno (MoS2) de alta\u00a0pureza (99%).  No oxida y protege las partes tratadas.  Tambi\u00e9n se puede utilizar en estampaci\u00f3n o extrusi\u00f3n, aumentando la vida \u00fatil de las herramientas. Reduce\u00a0el desgaste inicial y las vibraciones, aumentando el tiempo de uso del equipo.  Producto at\u00f3xico, sin riesgo para el operador.  Se suministra en concentraci\u00f3n del 50% de Disulfuro de Molibdeno y se puede diluir para operaciones\u00a0menos severas.\" \/>\n<meta property=\"og:url\" content=\"https:\/\/molygrafit.com\/cl\/producto\/m-50-pasta-indicada-para-montaje-y-afinacion-de-maquinas-nuevas-con-aditivo-de-extrema-presion-mos2\/\" \/>\n<meta property=\"og:site_name\" content=\"Molygrafit - Lubricantes Especiales\" \/>\n<meta property=\"article:modified_time\" content=\"2025-08-19T00:27:50+00:00\" \/>\n<meta property=\"og:image\" content=\"https:\/\/molygrafit.com\/cl\/wp-content\/uploads\/2021\/03\/Baldes_Kilos_final.jpg\" \/>\n\t<meta property=\"og:image:width\" content=\"600\" \/>\n\t<meta property=\"og:image:height\" content=\"600\" \/>\n\t<meta property=\"og:image:type\" content=\"image\/jpeg\" \/>\n<meta name=\"twitter:card\" content=\"summary_large_image\" \/>\n<script type=\"application\/ld+json\" class=\"yoast-schema-graph\">{\"@context\":\"https:\/\/schema.org\",\"@graph\":[{\"@type\":\"WebPage\",\"@id\":\"https:\/\/molygrafit.com\/cl\/producto\/m-50-pasta-indicada-para-montaje-y-afinacion-de-maquinas-nuevas-con-aditivo-de-extrema-presion-mos2\/\",\"url\":\"https:\/\/molygrafit.com\/cl\/producto\/m-50-pasta-indicada-para-montaje-y-afinacion-de-maquinas-nuevas-con-aditivo-de-extrema-presion-mos2\/\",\"name\":\"M-50 > PASTA INDICADA PARA MONTAJE Y AFINACI\u00d3N DE M\u00c1QUINAS NUEVAS, CON ADITIVO DE EXTREMA PRESI\u00d3N (MoS2). - Molygrafit - Lubricantes Especiales\",\"isPartOf\":{\"@id\":\"https:\/\/molygrafit.com\/cl\/#website\"},\"primaryImageOfPage\":{\"@id\":\"https:\/\/molygrafit.com\/cl\/producto\/m-50-pasta-indicada-para-montaje-y-afinacion-de-maquinas-nuevas-con-aditivo-de-extrema-presion-mos2\/#primaryimage\"},\"image\":{\"@id\":\"https:\/\/molygrafit.com\/cl\/producto\/m-50-pasta-indicada-para-montaje-y-afinacion-de-maquinas-nuevas-con-aditivo-de-extrema-presion-mos2\/#primaryimage\"},\"thumbnailUrl\":\"https:\/\/molygrafit.com\/cl\/wp-content\/uploads\/2021\/03\/Baldes_Kilos_final.jpg\",\"datePublished\":\"2021-05-25T19:47:33+00:00\",\"dateModified\":\"2025-08-19T00:27:50+00:00\",\"breadcrumb\":{\"@id\":\"https:\/\/molygrafit.com\/cl\/producto\/m-50-pasta-indicada-para-montaje-y-afinacion-de-maquinas-nuevas-con-aditivo-de-extrema-presion-mos2\/#breadcrumb\"},\"inLanguage\":\"es-CL\",\"potentialAction\":[{\"@type\":\"ReadAction\",\"target\":[\"https:\/\/molygrafit.com\/cl\/producto\/m-50-pasta-indicada-para-montaje-y-afinacion-de-maquinas-nuevas-con-aditivo-de-extrema-presion-mos2\/\"]}]},{\"@type\":\"ImageObject\",\"inLanguage\":\"es-CL\",\"@id\":\"https:\/\/molygrafit.com\/cl\/producto\/m-50-pasta-indicada-para-montaje-y-afinacion-de-maquinas-nuevas-con-aditivo-de-extrema-presion-mos2\/#primaryimage\",\"url\":\"https:\/\/molygrafit.com\/cl\/wp-content\/uploads\/2021\/03\/Baldes_Kilos_final.jpg\",\"contentUrl\":\"https:\/\/molygrafit.com\/cl\/wp-content\/uploads\/2021\/03\/Baldes_Kilos_final.jpg\",\"width\":600,\"height\":600},{\"@type\":\"BreadcrumbList\",\"@id\":\"https:\/\/molygrafit.com\/cl\/producto\/m-50-pasta-indicada-para-montaje-y-afinacion-de-maquinas-nuevas-con-aditivo-de-extrema-presion-mos2\/#breadcrumb\",\"itemListElement\":[{\"@type\":\"ListItem\",\"position\":1,\"name\":\"In\u00edcio\",\"item\":\"https:\/\/molygrafit.com\/cl\/\"},{\"@type\":\"ListItem\",\"position\":2,\"name\":\"Tienda\",\"item\":\"https:\/\/molygrafit.com\/cl\/\"},{\"@type\":\"ListItem\",\"position\":3,\"name\":\"M-50 > PASTA INDICADA PARA MONTAJE Y AFINACI\u00d3N DE M\u00c1QUINAS NUEVAS, CON ADITIVO DE EXTREMA PRESI\u00d3N (MoS2).\"}]},{\"@type\":\"WebSite\",\"@id\":\"https:\/\/molygrafit.com\/cl\/#website\",\"url\":\"https:\/\/molygrafit.com\/cl\/\",\"name\":\"Molygrafit - Lubricantes Especiales\",\"description\":\"\",\"potentialAction\":[{\"@type\":\"SearchAction\",\"target\":{\"@type\":\"EntryPoint\",\"urlTemplate\":\"https:\/\/molygrafit.com\/cl\/?s={search_term_string}\"},\"query-input\":{\"@type\":\"PropertyValueSpecification\",\"valueRequired\":true,\"valueName\":\"search_term_string\"}}],\"inLanguage\":\"es-CL\"}]}<\/script>\n<!-- \/ Yoast SEO plugin. -->","yoast_head_json":{"title":"M-50 > PASTA INDICADA PARA MONTAJE Y AFINACI\u00d3N DE M\u00c1QUINAS NUEVAS, CON ADITIVO DE EXTREMA PRESI\u00d3N (MoS2). - Molygrafit - Lubricantes Especiales","robots":{"index":"index","follow":"follow","max-snippet":"max-snippet:-1","max-image-preview":"max-image-preview:large","max-video-preview":"max-video-preview:-1"},"canonical":"https:\/\/molygrafit.com\/cl\/producto\/m-50-pasta-indicada-para-montaje-y-afinacion-de-maquinas-nuevas-con-aditivo-de-extrema-presion-mos2\/","og_locale":"es_ES","og_type":"article","og_title":"M-50 > PASTA INDICADA PARA MONTAJE Y AFINACI\u00d3N DE M\u00c1QUINAS NUEVAS, CON ADITIVO DE EXTREMA PRESI\u00d3N (MoS2). - Molygrafit - Lubricantes Especiales","og_description":"Pasta de montaje con alto contenido en Disulfuro de Molibdeno, recomendada para el montaje y\u00a0ablandamiento de m\u00e1quinas nuevas.  Tiene en su formulaci\u00f3n lo mejor en aditivos de extrema presi\u00f3n: Disulfuro de Molibdeno (MoS2) de alta\u00a0pureza (99%).  No oxida y protege las partes tratadas.  Tambi\u00e9n se puede utilizar en estampaci\u00f3n o extrusi\u00f3n, aumentando la vida \u00fatil de las herramientas. Reduce\u00a0el desgaste inicial y las vibraciones, aumentando el tiempo de uso del equipo.  Producto at\u00f3xico, sin riesgo para el operador.  Se suministra en concentraci\u00f3n del 50% de Disulfuro de Molibdeno y se puede diluir para operaciones\u00a0menos severas.","og_url":"https:\/\/molygrafit.com\/cl\/producto\/m-50-pasta-indicada-para-montaje-y-afinacion-de-maquinas-nuevas-con-aditivo-de-extrema-presion-mos2\/","og_site_name":"Molygrafit - Lubricantes Especiales","article_modified_time":"2025-08-19T00:27:50+00:00","og_image":[{"width":600,"height":600,"url":"https:\/\/molygrafit.com\/cl\/wp-content\/uploads\/2021\/03\/Baldes_Kilos_final.jpg","type":"image\/jpeg"}],"twitter_card":"summary_large_image","schema":{"@context":"https:\/\/schema.org","@graph":[{"@type":"WebPage","@id":"https:\/\/molygrafit.com\/cl\/producto\/m-50-pasta-indicada-para-montaje-y-afinacion-de-maquinas-nuevas-con-aditivo-de-extrema-presion-mos2\/","url":"https:\/\/molygrafit.com\/cl\/producto\/m-50-pasta-indicada-para-montaje-y-afinacion-de-maquinas-nuevas-con-aditivo-de-extrema-presion-mos2\/","name":"M-50 > PASTA INDICADA PARA MONTAJE Y AFINACI\u00d3N DE M\u00c1QUINAS NUEVAS, CON ADITIVO DE EXTREMA PRESI\u00d3N (MoS2). - Molygrafit - Lubricantes Especiales","isPartOf":{"@id":"https:\/\/molygrafit.com\/cl\/#website"},"primaryImageOfPage":{"@id":"https:\/\/molygrafit.com\/cl\/producto\/m-50-pasta-indicada-para-montaje-y-afinacion-de-maquinas-nuevas-con-aditivo-de-extrema-presion-mos2\/#primaryimage"},"image":{"@id":"https:\/\/molygrafit.com\/cl\/producto\/m-50-pasta-indicada-para-montaje-y-afinacion-de-maquinas-nuevas-con-aditivo-de-extrema-presion-mos2\/#primaryimage"},"thumbnailUrl":"https:\/\/molygrafit.com\/cl\/wp-content\/uploads\/2021\/03\/Baldes_Kilos_final.jpg","datePublished":"2021-05-25T19:47:33+00:00","dateModified":"2025-08-19T00:27:50+00:00","breadcrumb":{"@id":"https:\/\/molygrafit.com\/cl\/producto\/m-50-pasta-indicada-para-montaje-y-afinacion-de-maquinas-nuevas-con-aditivo-de-extrema-presion-mos2\/#breadcrumb"},"inLanguage":"es-CL","potentialAction":[{"@type":"ReadAction","target":["https:\/\/molygrafit.com\/cl\/producto\/m-50-pasta-indicada-para-montaje-y-afinacion-de-maquinas-nuevas-con-aditivo-de-extrema-presion-mos2\/"]}]},{"@type":"ImageObject","inLanguage":"es-CL","@id":"https:\/\/molygrafit.com\/cl\/producto\/m-50-pasta-indicada-para-montaje-y-afinacion-de-maquinas-nuevas-con-aditivo-de-extrema-presion-mos2\/#primaryimage","url":"https:\/\/molygrafit.com\/cl\/wp-content\/uploads\/2021\/03\/Baldes_Kilos_final.jpg","contentUrl":"https:\/\/molygrafit.com\/cl\/wp-content\/uploads\/2021\/03\/Baldes_Kilos_final.jpg","width":600,"height":600},{"@type":"BreadcrumbList","@id":"https:\/\/molygrafit.com\/cl\/producto\/m-50-pasta-indicada-para-montaje-y-afinacion-de-maquinas-nuevas-con-aditivo-de-extrema-presion-mos2\/#breadcrumb","itemListElement":[{"@type":"ListItem","position":1,"name":"In\u00edcio","item":"https:\/\/molygrafit.com\/cl\/"},{"@type":"ListItem","position":2,"name":"Tienda","item":"https:\/\/molygrafit.com\/cl\/"},{"@type":"ListItem","position":3,"name":"M-50 > PASTA INDICADA PARA MONTAJE Y AFINACI\u00d3N DE M\u00c1QUINAS NUEVAS, CON ADITIVO DE EXTREMA PRESI\u00d3N (MoS2)."}]},{"@type":"WebSite","@id":"https:\/\/molygrafit.com\/cl\/#website","url":"https:\/\/molygrafit.com\/cl\/","name":"Molygrafit - Lubricantes Especiales","description":"","potentialAction":[{"@type":"SearchAction","target":{"@type":"EntryPoint","urlTemplate":"https:\/\/molygrafit.com\/cl\/?s={search_term_string}"},"query-input":{"@type":"PropertyValueSpecification","valueRequired":true,"valueName":"search_term_string"}}],"inLanguage":"es-CL"}]}},"_links":{"self":[{"href":"https:\/\/molygrafit.com\/cl\/wp-json\/wp\/v2\/product\/2312","targetHints":{"allow":["GET"]}}],"collection":[{"href":"https:\/\/molygrafit.com\/cl\/wp-json\/wp\/v2\/product"}],"about":[{"href":"https:\/\/molygrafit.com\/cl\/wp-json\/wp\/v2\/types\/product"}],"wp:featuredmedia":[{"embeddable":true,"href":"https:\/\/molygrafit.com\/cl\/wp-json\/wp\/v2\/media\/2074"}],"wp:attachment":[{"href":"https:\/\/molygrafit.com\/cl\/wp-json\/wp\/v2\/media?parent=2312"}],"wp:term":[{"taxonomy":"product_brand","embeddable":true,"href":"https:\/\/molygrafit.com\/cl\/wp-json\/wp\/v2\/product_brand?post=2312"},{"taxonomy":"product_cat","embeddable":true,"href":"https:\/\/molygrafit.com\/cl\/wp-json\/wp\/v2\/product_cat?post=2312"},{"taxonomy":"product_tag","embeddable":true,"href":"https:\/\/molygrafit.com\/cl\/wp-json\/wp\/v2\/product_tag?post=2312"}],"curies":[{"name":"wp","href":"https:\/\/api.w.org\/{rel}","templated":true}]}}