{"id":2313,"date":"2021-05-25T15:47:33","date_gmt":"2021-05-25T19:47:33","guid":{"rendered":"https:\/\/molygrafit.com\/cl\/producto\/import-placeholder-for-1826\/"},"modified":"2025-08-20T19:47:44","modified_gmt":"2025-08-20T22:47:44","slug":"hf-km-linea-aceite-semisintetico-resistente-a-cargas-muy-altas-800-kgf","status":"publish","type":"product","link":"https:\/\/molygrafit.com\/cl\/producto\/hf-km-linea-aceite-semisintetico-resistente-a-cargas-muy-altas-800-kgf\/","title":{"rendered":"HF\/KM (L\u00cdNEA) > ACEITE SEMISINT\u00c9TICO RESISTENTE A CARGAS MUY ALTAS (800 KGF)."},"content":{"rendered":"<ul>\n<li>Apariencia: L\u00edquido marr\u00f3n transparente.<\/li>\n<li>Viscosidad a 40\u00ba C: de 2.000 cSt a 25.000 cSt<\/li>\n<li>Densidad a 20\u00ba C: 0,950 g\/cm.<\/li>\n<li>Punto de inflamabilidad: 300\u00ba C<\/li>\n<li>Punto de ignici\u00f3n: 340\u00ba C<\/li>\n<li>Carga de soldadura ASTM D 2783: 800 kgf<\/li>\n<li>Solubilidad en agua: Indisoluble<\/li>\n<\/ul>\n<p>&nbsp;<\/p>\n<p>&nbsp;<\/p>\n<p>&nbsp;<\/p>\n<p>&nbsp;<\/p>\n<p>&nbsp;<\/p>\n<p>&nbsp;<\/p>\n","protected":false},"excerpt":{"rendered":"<p>MOLYGRAFIT HF\/KM es una l\u00ednea de aceite semisint\u00e9tico recomendado para la lubricaci\u00f3n\u00a0de equipos sometidos a elevadas cargas, como cojinetes de fresado, ruedas y volantes de\u00a0plantas de az\u00facar y alcohol, reductores etc.<\/p>\n<p>Est\u00e1 especialmente formulado con aditivos que\u00a0brindan un alto rendimiento con reducci\u00f3n de p\u00e9rdidas.<\/p>\n<p>Porque es un aceite de base semisint\u00e9tica, proporciona largos per\u00edodos de lubricaci\u00f3n y elimina\u00a0la necesidad de una limpieza constante del equipo.<\/p>\n<p>MOLYGRAFIT HF\/KM soporta ambientes agresivos, como humedad y vapores \u00e1cidos o\u00a0alcalinos.<\/p>\n<p>Producto especialmente formulado sin aditivos s\u00f3lidos, por lo que no provoca obstrucciones\u00a0ni incrustaciones.<\/p>\n<p>Producto no t\u00f3xico, no inflamable, que brinda total seguridad al operador.<\/p>\n","protected":false},"featured_media":2076,"template":"","meta":{"_acf_changed":false},"product_brand":[],"product_cat":[161],"product_tag":[],"class_list":{"0":"post-2313","1":"product","2":"type-product","3":"status-publish","4":"has-post-thumbnail","6":"product_cat-azucar-y-alcohol","8":"first","9":"instock","10":"shipping-taxable","11":"product-type-variable"},"acf":[],"yoast_head":"<!-- This site is optimized with the Yoast SEO plugin v26.9 - https:\/\/yoast.com\/product\/yoast-seo-wordpress\/ -->\n<title>HF\/KM (L\u00cdNEA) &gt; ACEITE SEMISINT\u00c9TICO RESISTENTE A CARGAS MUY ALTAS (800 KGF). - Molygrafit - Lubricantes Especiales<\/title>\n<meta name=\"robots\" content=\"index, follow, max-snippet:-1, max-image-preview:large, max-video-preview:-1\" \/>\n<link rel=\"canonical\" href=\"https:\/\/molygrafit.com\/cl\/producto\/hf-km-linea-aceite-semisintetico-resistente-a-cargas-muy-altas-800-kgf\/\" \/>\n<meta property=\"og:locale\" content=\"es_ES\" \/>\n<meta property=\"og:type\" content=\"article\" \/>\n<meta property=\"og:title\" content=\"HF\/KM (L\u00cdNEA) &gt; ACEITE SEMISINT\u00c9TICO RESISTENTE A CARGAS MUY ALTAS (800 KGF). - Molygrafit - Lubricantes Especiales\" \/>\n<meta property=\"og:description\" content=\"MOLYGRAFIT HF\/KM es una l\u00ednea de aceite semisint\u00e9tico recomendado para la lubricaci\u00f3n\u00a0de equipos sometidos a elevadas cargas, como cojinetes de fresado, ruedas y volantes de\u00a0plantas de az\u00facar y alcohol, reductores etc.  Est\u00e1 especialmente formulado con aditivos que\u00a0brindan un alto rendimiento con reducci\u00f3n de p\u00e9rdidas.  Porque es un aceite de base semisint\u00e9tica, proporciona largos per\u00edodos de lubricaci\u00f3n y elimina\u00a0la necesidad de una limpieza constante del equipo.  MOLYGRAFIT HF\/KM soporta ambientes agresivos, como humedad y vapores \u00e1cidos o\u00a0alcalinos.  Producto especialmente formulado sin aditivos s\u00f3lidos, por lo que no provoca obstrucciones\u00a0ni incrustaciones.  Producto no t\u00f3xico, no inflamable, que brinda total seguridad al operador.\" \/>\n<meta property=\"og:url\" content=\"https:\/\/molygrafit.com\/cl\/producto\/hf-km-linea-aceite-semisintetico-resistente-a-cargas-muy-altas-800-kgf\/\" \/>\n<meta property=\"og:site_name\" content=\"Molygrafit - Lubricantes Especiales\" \/>\n<meta property=\"article:modified_time\" content=\"2025-08-20T22:47:44+00:00\" \/>\n<meta property=\"og:image\" content=\"https:\/\/molygrafit.com\/cl\/wp-content\/uploads\/2021\/03\/BB_Lts_final.jpg\" \/>\n\t<meta property=\"og:image:width\" content=\"600\" \/>\n\t<meta property=\"og:image:height\" content=\"600\" \/>\n\t<meta property=\"og:image:type\" content=\"image\/jpeg\" \/>\n<meta name=\"twitter:card\" content=\"summary_large_image\" \/>\n<script type=\"application\/ld+json\" class=\"yoast-schema-graph\">{\"@context\":\"https:\/\/schema.org\",\"@graph\":[{\"@type\":\"WebPage\",\"@id\":\"https:\/\/molygrafit.com\/cl\/producto\/hf-km-linea-aceite-semisintetico-resistente-a-cargas-muy-altas-800-kgf\/\",\"url\":\"https:\/\/molygrafit.com\/cl\/producto\/hf-km-linea-aceite-semisintetico-resistente-a-cargas-muy-altas-800-kgf\/\",\"name\":\"HF\/KM (L\u00cdNEA) > ACEITE SEMISINT\u00c9TICO RESISTENTE A CARGAS MUY ALTAS (800 KGF). - Molygrafit - Lubricantes Especiales\",\"isPartOf\":{\"@id\":\"https:\/\/molygrafit.com\/cl\/#website\"},\"primaryImageOfPage\":{\"@id\":\"https:\/\/molygrafit.com\/cl\/producto\/hf-km-linea-aceite-semisintetico-resistente-a-cargas-muy-altas-800-kgf\/#primaryimage\"},\"image\":{\"@id\":\"https:\/\/molygrafit.com\/cl\/producto\/hf-km-linea-aceite-semisintetico-resistente-a-cargas-muy-altas-800-kgf\/#primaryimage\"},\"thumbnailUrl\":\"https:\/\/molygrafit.com\/cl\/wp-content\/uploads\/2021\/03\/BB_Lts_final.jpg\",\"datePublished\":\"2021-05-25T19:47:33+00:00\",\"dateModified\":\"2025-08-20T22:47:44+00:00\",\"breadcrumb\":{\"@id\":\"https:\/\/molygrafit.com\/cl\/producto\/hf-km-linea-aceite-semisintetico-resistente-a-cargas-muy-altas-800-kgf\/#breadcrumb\"},\"inLanguage\":\"es-CL\",\"potentialAction\":[{\"@type\":\"ReadAction\",\"target\":[\"https:\/\/molygrafit.com\/cl\/producto\/hf-km-linea-aceite-semisintetico-resistente-a-cargas-muy-altas-800-kgf\/\"]}]},{\"@type\":\"ImageObject\",\"inLanguage\":\"es-CL\",\"@id\":\"https:\/\/molygrafit.com\/cl\/producto\/hf-km-linea-aceite-semisintetico-resistente-a-cargas-muy-altas-800-kgf\/#primaryimage\",\"url\":\"https:\/\/molygrafit.com\/cl\/wp-content\/uploads\/2021\/03\/BB_Lts_final.jpg\",\"contentUrl\":\"https:\/\/molygrafit.com\/cl\/wp-content\/uploads\/2021\/03\/BB_Lts_final.jpg\",\"width\":600,\"height\":600},{\"@type\":\"BreadcrumbList\",\"@id\":\"https:\/\/molygrafit.com\/cl\/producto\/hf-km-linea-aceite-semisintetico-resistente-a-cargas-muy-altas-800-kgf\/#breadcrumb\",\"itemListElement\":[{\"@type\":\"ListItem\",\"position\":1,\"name\":\"In\u00edcio\",\"item\":\"https:\/\/molygrafit.com\/cl\/\"},{\"@type\":\"ListItem\",\"position\":2,\"name\":\"Tienda\",\"item\":\"https:\/\/molygrafit.com\/cl\/\"},{\"@type\":\"ListItem\",\"position\":3,\"name\":\"HF\/KM (L\u00cdNEA) > ACEITE SEMISINT\u00c9TICO RESISTENTE A CARGAS MUY ALTAS (800 KGF).\"}]},{\"@type\":\"WebSite\",\"@id\":\"https:\/\/molygrafit.com\/cl\/#website\",\"url\":\"https:\/\/molygrafit.com\/cl\/\",\"name\":\"Molygrafit - Lubricantes Especiales\",\"description\":\"\",\"potentialAction\":[{\"@type\":\"SearchAction\",\"target\":{\"@type\":\"EntryPoint\",\"urlTemplate\":\"https:\/\/molygrafit.com\/cl\/?s={search_term_string}\"},\"query-input\":{\"@type\":\"PropertyValueSpecification\",\"valueRequired\":true,\"valueName\":\"search_term_string\"}}],\"inLanguage\":\"es-CL\"}]}<\/script>\n<!-- \/ Yoast SEO plugin. -->","yoast_head_json":{"title":"HF\/KM (L\u00cdNEA) > ACEITE SEMISINT\u00c9TICO RESISTENTE A CARGAS MUY ALTAS (800 KGF). - Molygrafit - Lubricantes Especiales","robots":{"index":"index","follow":"follow","max-snippet":"max-snippet:-1","max-image-preview":"max-image-preview:large","max-video-preview":"max-video-preview:-1"},"canonical":"https:\/\/molygrafit.com\/cl\/producto\/hf-km-linea-aceite-semisintetico-resistente-a-cargas-muy-altas-800-kgf\/","og_locale":"es_ES","og_type":"article","og_title":"HF\/KM (L\u00cdNEA) > ACEITE SEMISINT\u00c9TICO RESISTENTE A CARGAS MUY ALTAS (800 KGF). - Molygrafit - Lubricantes Especiales","og_description":"MOLYGRAFIT HF\/KM es una l\u00ednea de aceite semisint\u00e9tico recomendado para la lubricaci\u00f3n\u00a0de equipos sometidos a elevadas cargas, como cojinetes de fresado, ruedas y volantes de\u00a0plantas de az\u00facar y alcohol, reductores etc.  Est\u00e1 especialmente formulado con aditivos que\u00a0brindan un alto rendimiento con reducci\u00f3n de p\u00e9rdidas.  Porque es un aceite de base semisint\u00e9tica, proporciona largos per\u00edodos de lubricaci\u00f3n y elimina\u00a0la necesidad de una limpieza constante del equipo.  MOLYGRAFIT HF\/KM soporta ambientes agresivos, como humedad y vapores \u00e1cidos o\u00a0alcalinos.  Producto especialmente formulado sin aditivos s\u00f3lidos, por lo que no provoca obstrucciones\u00a0ni incrustaciones.  Producto no t\u00f3xico, no inflamable, que brinda total seguridad al operador.","og_url":"https:\/\/molygrafit.com\/cl\/producto\/hf-km-linea-aceite-semisintetico-resistente-a-cargas-muy-altas-800-kgf\/","og_site_name":"Molygrafit - Lubricantes Especiales","article_modified_time":"2025-08-20T22:47:44+00:00","og_image":[{"width":600,"height":600,"url":"https:\/\/molygrafit.com\/cl\/wp-content\/uploads\/2021\/03\/BB_Lts_final.jpg","type":"image\/jpeg"}],"twitter_card":"summary_large_image","schema":{"@context":"https:\/\/schema.org","@graph":[{"@type":"WebPage","@id":"https:\/\/molygrafit.com\/cl\/producto\/hf-km-linea-aceite-semisintetico-resistente-a-cargas-muy-altas-800-kgf\/","url":"https:\/\/molygrafit.com\/cl\/producto\/hf-km-linea-aceite-semisintetico-resistente-a-cargas-muy-altas-800-kgf\/","name":"HF\/KM (L\u00cdNEA) > ACEITE SEMISINT\u00c9TICO RESISTENTE A CARGAS MUY ALTAS (800 KGF). - Molygrafit - Lubricantes Especiales","isPartOf":{"@id":"https:\/\/molygrafit.com\/cl\/#website"},"primaryImageOfPage":{"@id":"https:\/\/molygrafit.com\/cl\/producto\/hf-km-linea-aceite-semisintetico-resistente-a-cargas-muy-altas-800-kgf\/#primaryimage"},"image":{"@id":"https:\/\/molygrafit.com\/cl\/producto\/hf-km-linea-aceite-semisintetico-resistente-a-cargas-muy-altas-800-kgf\/#primaryimage"},"thumbnailUrl":"https:\/\/molygrafit.com\/cl\/wp-content\/uploads\/2021\/03\/BB_Lts_final.jpg","datePublished":"2021-05-25T19:47:33+00:00","dateModified":"2025-08-20T22:47:44+00:00","breadcrumb":{"@id":"https:\/\/molygrafit.com\/cl\/producto\/hf-km-linea-aceite-semisintetico-resistente-a-cargas-muy-altas-800-kgf\/#breadcrumb"},"inLanguage":"es-CL","potentialAction":[{"@type":"ReadAction","target":["https:\/\/molygrafit.com\/cl\/producto\/hf-km-linea-aceite-semisintetico-resistente-a-cargas-muy-altas-800-kgf\/"]}]},{"@type":"ImageObject","inLanguage":"es-CL","@id":"https:\/\/molygrafit.com\/cl\/producto\/hf-km-linea-aceite-semisintetico-resistente-a-cargas-muy-altas-800-kgf\/#primaryimage","url":"https:\/\/molygrafit.com\/cl\/wp-content\/uploads\/2021\/03\/BB_Lts_final.jpg","contentUrl":"https:\/\/molygrafit.com\/cl\/wp-content\/uploads\/2021\/03\/BB_Lts_final.jpg","width":600,"height":600},{"@type":"BreadcrumbList","@id":"https:\/\/molygrafit.com\/cl\/producto\/hf-km-linea-aceite-semisintetico-resistente-a-cargas-muy-altas-800-kgf\/#breadcrumb","itemListElement":[{"@type":"ListItem","position":1,"name":"In\u00edcio","item":"https:\/\/molygrafit.com\/cl\/"},{"@type":"ListItem","position":2,"name":"Tienda","item":"https:\/\/molygrafit.com\/cl\/"},{"@type":"ListItem","position":3,"name":"HF\/KM (L\u00cdNEA) > ACEITE SEMISINT\u00c9TICO RESISTENTE A CARGAS MUY ALTAS (800 KGF)."}]},{"@type":"WebSite","@id":"https:\/\/molygrafit.com\/cl\/#website","url":"https:\/\/molygrafit.com\/cl\/","name":"Molygrafit - Lubricantes Especiales","description":"","potentialAction":[{"@type":"SearchAction","target":{"@type":"EntryPoint","urlTemplate":"https:\/\/molygrafit.com\/cl\/?s={search_term_string}"},"query-input":{"@type":"PropertyValueSpecification","valueRequired":true,"valueName":"search_term_string"}}],"inLanguage":"es-CL"}]}},"_links":{"self":[{"href":"https:\/\/molygrafit.com\/cl\/wp-json\/wp\/v2\/product\/2313","targetHints":{"allow":["GET"]}}],"collection":[{"href":"https:\/\/molygrafit.com\/cl\/wp-json\/wp\/v2\/product"}],"about":[{"href":"https:\/\/molygrafit.com\/cl\/wp-json\/wp\/v2\/types\/product"}],"wp:featuredmedia":[{"embeddable":true,"href":"https:\/\/molygrafit.com\/cl\/wp-json\/wp\/v2\/media\/2076"}],"wp:attachment":[{"href":"https:\/\/molygrafit.com\/cl\/wp-json\/wp\/v2\/media?parent=2313"}],"wp:term":[{"taxonomy":"product_brand","embeddable":true,"href":"https:\/\/molygrafit.com\/cl\/wp-json\/wp\/v2\/product_brand?post=2313"},{"taxonomy":"product_cat","embeddable":true,"href":"https:\/\/molygrafit.com\/cl\/wp-json\/wp\/v2\/product_cat?post=2313"},{"taxonomy":"product_tag","embeddable":true,"href":"https:\/\/molygrafit.com\/cl\/wp-json\/wp\/v2\/product_tag?post=2313"}],"curies":[{"name":"wp","href":"https:\/\/api.w.org\/{rel}","templated":true}]}}