{"id":2316,"date":"2021-05-25T15:47:33","date_gmt":"2021-05-25T18:47:33","guid":{"rendered":"https:\/\/molygrafit.com\/cl\/producto\/import-placeholder-for-1829\/"},"modified":"2025-08-20T19:38:46","modified_gmt":"2025-08-20T22:38:46","slug":"hf-150-g-aceite-100-sintetico-no-genera-residuos-por-carbonizacion-proporciona-lubricacion-seca-de-emergencia","status":"publish","type":"product","link":"https:\/\/molygrafit.com\/cl\/producto\/hf-150-g-aceite-100-sintetico-no-genera-residuos-por-carbonizacion-proporciona-lubricacion-seca-de-emergencia\/","title":{"rendered":"HF-150\/G > ACEITE 100% SINT\u00c9TICO, NO GENERA RESIDUOS POR CARBONIZACI\u00d3N, PROPORCIONA LUBRICACI\u00d3N SECA DE EMERGENCIA."},"content":{"rendered":"<ul>\n<li><span lang=\"ES-CL\">Apariencia:\u00a0<\/span>L\u00edquido homog\u00e9neo negro.<\/li>\n<li><span lang=\"ES-CL\">Viscosidad:\u00a0<\/span>ISO VG 150<\/li>\n<li><span lang=\"ES-CL\">Densidad a 20 \u00b0C\u00a0<\/span>: 0,850 g\/cm3<\/li>\n<li><span lang=\"ES-CL\">Ponto de inflamabilidad (ASTM D 92)<\/span>: 135 \u00b0C<\/li>\n<li><span lang=\"ES-CL\">Punto de autoignici\u00f3n<\/span>: 180\u00baC<\/li>\n<li><span lang=\"ES-CL\">Punto m\u00ednimo de fluidez<\/span>: -30\u00baC<\/li>\n<li><span lang=\"ES-CL\">Solubilidad en agua<\/span>: Indisoluble<\/li>\n<\/ul>\n<p>&nbsp;<\/p>\n","protected":false},"excerpt":{"rendered":"<p>MOLYGRAFIT HF-150\/G es un aceite totalmente sint\u00e9tico, recomendado para su uso en equipos sometidos a altas temperaturas. Est\u00e1 especialmente formulado con aditivos que brindan un\u00a0alto\u00a0rendimiento con una baja tasa de evaporaci\u00f3n.<\/p>\n<p>Porque es un aceite totalmente sint\u00e9tico, al ser sometido a altas temperaturas, se evapora sin dejar residuos, actuando por per\u00edodos prolongados y eliminando la necesidad de limpieza del equipo. Al\u00a0cambiar los lubricantes, la m\u00e1quina debe limpiarse, si es necesario hacer un lavado.<\/p>\n<p>MOLYGRAFIT HF-150\/G soporta ambientes agresivos, como humedad y vapores \u00e1cidos o alcalinos.<\/p>\n<p>Lleva en su formulaci\u00f3n lubricante s\u00f3lido, grafito, que proporciona mejor lubricaci\u00f3n a\u00a0alta\u00a0temperatura, reduciendo la fricci\u00f3n y el desgaste.<\/p>\n<p>Ideal para lubricar pistones, cadenas, cojinetes, rodamientos, reductores etc., y sistemas abiertos de\u00a0transferencia de calor.<\/p>\n<p>Producto no t\u00f3xico, que se puede utilizar en las industrias alimentaria y farmac\u00e9utica; no\u00a0es\u00a0inflamable, proporcionando total seguridad al operador.<\/p>\n","protected":false},"featured_media":2076,"template":"","meta":{"_acf_changed":false},"product_brand":[],"product_cat":[163],"product_tag":[244,298,299],"class_list":{"0":"post-2316","1":"product","2":"type-product","3":"status-publish","4":"has-post-thumbnail","6":"product_cat-ceramica","7":"product_tag-aceite-100-sintetico","8":"product_tag-no-genera-residuos-por-carbonizacion","9":"product_tag-proporciona-lubricacion-seca-de-emergencia","11":"first","12":"instock","13":"shipping-taxable","14":"product-type-variable"},"acf":[],"yoast_head":"<!-- This site is optimized with the Yoast SEO plugin v26.9 - https:\/\/yoast.com\/product\/yoast-seo-wordpress\/ -->\n<title>HF-150\/G &gt; ACEITE 100% SINT\u00c9TICO, NO GENERA RESIDUOS POR CARBONIZACI\u00d3N, PROPORCIONA LUBRICACI\u00d3N SECA DE EMERGENCIA. - Molygrafit - Lubricantes Especiales<\/title>\n<meta name=\"robots\" content=\"index, follow, max-snippet:-1, max-image-preview:large, max-video-preview:-1\" \/>\n<link rel=\"canonical\" href=\"https:\/\/molygrafit.com\/cl\/producto\/hf-150-g-aceite-100-sintetico-no-genera-residuos-por-carbonizacion-proporciona-lubricacion-seca-de-emergencia\/\" \/>\n<meta property=\"og:locale\" content=\"es_ES\" \/>\n<meta property=\"og:type\" content=\"article\" \/>\n<meta property=\"og:title\" content=\"HF-150\/G &gt; ACEITE 100% SINT\u00c9TICO, NO GENERA RESIDUOS POR CARBONIZACI\u00d3N, PROPORCIONA LUBRICACI\u00d3N SECA DE EMERGENCIA. - Molygrafit - Lubricantes Especiales\" \/>\n<meta property=\"og:description\" content=\"MOLYGRAFIT HF-150\/G es un aceite totalmente sint\u00e9tico, recomendado para su uso en equipos sometidos a altas temperaturas. Est\u00e1 especialmente formulado con aditivos que brindan un\u00a0alto\u00a0rendimiento con una baja tasa de evaporaci\u00f3n.  Porque es un aceite totalmente sint\u00e9tico, al ser sometido a altas temperaturas, se evapora sin dejar residuos, actuando por per\u00edodos prolongados y eliminando la necesidad de limpieza del equipo. Al\u00a0cambiar los lubricantes, la m\u00e1quina debe limpiarse, si es necesario hacer un lavado.  MOLYGRAFIT HF-150\/G soporta ambientes agresivos, como humedad y vapores \u00e1cidos o alcalinos.  Lleva en su formulaci\u00f3n lubricante s\u00f3lido, grafito, que proporciona mejor lubricaci\u00f3n a\u00a0alta\u00a0temperatura, reduciendo la fricci\u00f3n y el desgaste.  Ideal para lubricar pistones, cadenas, cojinetes, rodamientos, reductores etc., y sistemas abiertos de\u00a0transferencia de calor.  Producto no t\u00f3xico, que se puede utilizar en las industrias alimentaria y farmac\u00e9utica; no\u00a0es\u00a0inflamable, proporcionando total seguridad al operador.\" \/>\n<meta property=\"og:url\" content=\"https:\/\/molygrafit.com\/cl\/producto\/hf-150-g-aceite-100-sintetico-no-genera-residuos-por-carbonizacion-proporciona-lubricacion-seca-de-emergencia\/\" \/>\n<meta property=\"og:site_name\" content=\"Molygrafit - Lubricantes Especiales\" \/>\n<meta property=\"article:modified_time\" content=\"2025-08-20T22:38:46+00:00\" \/>\n<meta property=\"og:image\" content=\"https:\/\/molygrafit.com\/cl\/wp-content\/uploads\/2021\/03\/BB_Lts_final.jpg\" \/>\n\t<meta property=\"og:image:width\" content=\"600\" \/>\n\t<meta property=\"og:image:height\" content=\"600\" \/>\n\t<meta property=\"og:image:type\" content=\"image\/jpeg\" \/>\n<meta name=\"twitter:card\" content=\"summary_large_image\" \/>\n<script type=\"application\/ld+json\" class=\"yoast-schema-graph\">{\"@context\":\"https:\/\/schema.org\",\"@graph\":[{\"@type\":\"WebPage\",\"@id\":\"https:\/\/molygrafit.com\/cl\/producto\/hf-150-g-aceite-100-sintetico-no-genera-residuos-por-carbonizacion-proporciona-lubricacion-seca-de-emergencia\/\",\"url\":\"https:\/\/molygrafit.com\/cl\/producto\/hf-150-g-aceite-100-sintetico-no-genera-residuos-por-carbonizacion-proporciona-lubricacion-seca-de-emergencia\/\",\"name\":\"HF-150\/G > ACEITE 100% SINT\u00c9TICO, NO GENERA RESIDUOS POR CARBONIZACI\u00d3N, PROPORCIONA LUBRICACI\u00d3N SECA DE EMERGENCIA. - Molygrafit - Lubricantes Especiales\",\"isPartOf\":{\"@id\":\"https:\/\/molygrafit.com\/cl\/#website\"},\"primaryImageOfPage\":{\"@id\":\"https:\/\/molygrafit.com\/cl\/producto\/hf-150-g-aceite-100-sintetico-no-genera-residuos-por-carbonizacion-proporciona-lubricacion-seca-de-emergencia\/#primaryimage\"},\"image\":{\"@id\":\"https:\/\/molygrafit.com\/cl\/producto\/hf-150-g-aceite-100-sintetico-no-genera-residuos-por-carbonizacion-proporciona-lubricacion-seca-de-emergencia\/#primaryimage\"},\"thumbnailUrl\":\"https:\/\/molygrafit.com\/cl\/wp-content\/uploads\/2021\/03\/BB_Lts_final.jpg\",\"datePublished\":\"2021-05-25T18:47:33+00:00\",\"dateModified\":\"2025-08-20T22:38:46+00:00\",\"breadcrumb\":{\"@id\":\"https:\/\/molygrafit.com\/cl\/producto\/hf-150-g-aceite-100-sintetico-no-genera-residuos-por-carbonizacion-proporciona-lubricacion-seca-de-emergencia\/#breadcrumb\"},\"inLanguage\":\"es-CL\",\"potentialAction\":[{\"@type\":\"ReadAction\",\"target\":[\"https:\/\/molygrafit.com\/cl\/producto\/hf-150-g-aceite-100-sintetico-no-genera-residuos-por-carbonizacion-proporciona-lubricacion-seca-de-emergencia\/\"]}]},{\"@type\":\"ImageObject\",\"inLanguage\":\"es-CL\",\"@id\":\"https:\/\/molygrafit.com\/cl\/producto\/hf-150-g-aceite-100-sintetico-no-genera-residuos-por-carbonizacion-proporciona-lubricacion-seca-de-emergencia\/#primaryimage\",\"url\":\"https:\/\/molygrafit.com\/cl\/wp-content\/uploads\/2021\/03\/BB_Lts_final.jpg\",\"contentUrl\":\"https:\/\/molygrafit.com\/cl\/wp-content\/uploads\/2021\/03\/BB_Lts_final.jpg\",\"width\":600,\"height\":600},{\"@type\":\"BreadcrumbList\",\"@id\":\"https:\/\/molygrafit.com\/cl\/producto\/hf-150-g-aceite-100-sintetico-no-genera-residuos-por-carbonizacion-proporciona-lubricacion-seca-de-emergencia\/#breadcrumb\",\"itemListElement\":[{\"@type\":\"ListItem\",\"position\":1,\"name\":\"In\u00edcio\",\"item\":\"https:\/\/molygrafit.com\/cl\/\"},{\"@type\":\"ListItem\",\"position\":2,\"name\":\"Tienda\",\"item\":\"https:\/\/molygrafit.com\/cl\/\"},{\"@type\":\"ListItem\",\"position\":3,\"name\":\"HF-150\/G > ACEITE 100% SINT\u00c9TICO, NO GENERA RESIDUOS POR CARBONIZACI\u00d3N, PROPORCIONA LUBRICACI\u00d3N SECA DE EMERGENCIA.\"}]},{\"@type\":\"WebSite\",\"@id\":\"https:\/\/molygrafit.com\/cl\/#website\",\"url\":\"https:\/\/molygrafit.com\/cl\/\",\"name\":\"Molygrafit - Lubricantes Especiales\",\"description\":\"\",\"potentialAction\":[{\"@type\":\"SearchAction\",\"target\":{\"@type\":\"EntryPoint\",\"urlTemplate\":\"https:\/\/molygrafit.com\/cl\/?s={search_term_string}\"},\"query-input\":{\"@type\":\"PropertyValueSpecification\",\"valueRequired\":true,\"valueName\":\"search_term_string\"}}],\"inLanguage\":\"es-CL\"}]}<\/script>\n<!-- \/ Yoast SEO plugin. -->","yoast_head_json":{"title":"HF-150\/G > ACEITE 100% SINT\u00c9TICO, NO GENERA RESIDUOS POR CARBONIZACI\u00d3N, PROPORCIONA LUBRICACI\u00d3N SECA DE EMERGENCIA. - Molygrafit - Lubricantes Especiales","robots":{"index":"index","follow":"follow","max-snippet":"max-snippet:-1","max-image-preview":"max-image-preview:large","max-video-preview":"max-video-preview:-1"},"canonical":"https:\/\/molygrafit.com\/cl\/producto\/hf-150-g-aceite-100-sintetico-no-genera-residuos-por-carbonizacion-proporciona-lubricacion-seca-de-emergencia\/","og_locale":"es_ES","og_type":"article","og_title":"HF-150\/G > ACEITE 100% SINT\u00c9TICO, NO GENERA RESIDUOS POR CARBONIZACI\u00d3N, PROPORCIONA LUBRICACI\u00d3N SECA DE EMERGENCIA. - Molygrafit - Lubricantes Especiales","og_description":"MOLYGRAFIT HF-150\/G es un aceite totalmente sint\u00e9tico, recomendado para su uso en equipos sometidos a altas temperaturas. Est\u00e1 especialmente formulado con aditivos que brindan un\u00a0alto\u00a0rendimiento con una baja tasa de evaporaci\u00f3n.  Porque es un aceite totalmente sint\u00e9tico, al ser sometido a altas temperaturas, se evapora sin dejar residuos, actuando por per\u00edodos prolongados y eliminando la necesidad de limpieza del equipo. Al\u00a0cambiar los lubricantes, la m\u00e1quina debe limpiarse, si es necesario hacer un lavado.  MOLYGRAFIT HF-150\/G soporta ambientes agresivos, como humedad y vapores \u00e1cidos o alcalinos.  Lleva en su formulaci\u00f3n lubricante s\u00f3lido, grafito, que proporciona mejor lubricaci\u00f3n a\u00a0alta\u00a0temperatura, reduciendo la fricci\u00f3n y el desgaste.  Ideal para lubricar pistones, cadenas, cojinetes, rodamientos, reductores etc., y sistemas abiertos de\u00a0transferencia de calor.  Producto no t\u00f3xico, que se puede utilizar en las industrias alimentaria y farmac\u00e9utica; no\u00a0es\u00a0inflamable, proporcionando total seguridad al operador.","og_url":"https:\/\/molygrafit.com\/cl\/producto\/hf-150-g-aceite-100-sintetico-no-genera-residuos-por-carbonizacion-proporciona-lubricacion-seca-de-emergencia\/","og_site_name":"Molygrafit - Lubricantes Especiales","article_modified_time":"2025-08-20T22:38:46+00:00","og_image":[{"width":600,"height":600,"url":"https:\/\/molygrafit.com\/cl\/wp-content\/uploads\/2021\/03\/BB_Lts_final.jpg","type":"image\/jpeg"}],"twitter_card":"summary_large_image","schema":{"@context":"https:\/\/schema.org","@graph":[{"@type":"WebPage","@id":"https:\/\/molygrafit.com\/cl\/producto\/hf-150-g-aceite-100-sintetico-no-genera-residuos-por-carbonizacion-proporciona-lubricacion-seca-de-emergencia\/","url":"https:\/\/molygrafit.com\/cl\/producto\/hf-150-g-aceite-100-sintetico-no-genera-residuos-por-carbonizacion-proporciona-lubricacion-seca-de-emergencia\/","name":"HF-150\/G > ACEITE 100% SINT\u00c9TICO, NO GENERA RESIDUOS POR CARBONIZACI\u00d3N, PROPORCIONA LUBRICACI\u00d3N SECA DE EMERGENCIA. - Molygrafit - Lubricantes Especiales","isPartOf":{"@id":"https:\/\/molygrafit.com\/cl\/#website"},"primaryImageOfPage":{"@id":"https:\/\/molygrafit.com\/cl\/producto\/hf-150-g-aceite-100-sintetico-no-genera-residuos-por-carbonizacion-proporciona-lubricacion-seca-de-emergencia\/#primaryimage"},"image":{"@id":"https:\/\/molygrafit.com\/cl\/producto\/hf-150-g-aceite-100-sintetico-no-genera-residuos-por-carbonizacion-proporciona-lubricacion-seca-de-emergencia\/#primaryimage"},"thumbnailUrl":"https:\/\/molygrafit.com\/cl\/wp-content\/uploads\/2021\/03\/BB_Lts_final.jpg","datePublished":"2021-05-25T18:47:33+00:00","dateModified":"2025-08-20T22:38:46+00:00","breadcrumb":{"@id":"https:\/\/molygrafit.com\/cl\/producto\/hf-150-g-aceite-100-sintetico-no-genera-residuos-por-carbonizacion-proporciona-lubricacion-seca-de-emergencia\/#breadcrumb"},"inLanguage":"es-CL","potentialAction":[{"@type":"ReadAction","target":["https:\/\/molygrafit.com\/cl\/producto\/hf-150-g-aceite-100-sintetico-no-genera-residuos-por-carbonizacion-proporciona-lubricacion-seca-de-emergencia\/"]}]},{"@type":"ImageObject","inLanguage":"es-CL","@id":"https:\/\/molygrafit.com\/cl\/producto\/hf-150-g-aceite-100-sintetico-no-genera-residuos-por-carbonizacion-proporciona-lubricacion-seca-de-emergencia\/#primaryimage","url":"https:\/\/molygrafit.com\/cl\/wp-content\/uploads\/2021\/03\/BB_Lts_final.jpg","contentUrl":"https:\/\/molygrafit.com\/cl\/wp-content\/uploads\/2021\/03\/BB_Lts_final.jpg","width":600,"height":600},{"@type":"BreadcrumbList","@id":"https:\/\/molygrafit.com\/cl\/producto\/hf-150-g-aceite-100-sintetico-no-genera-residuos-por-carbonizacion-proporciona-lubricacion-seca-de-emergencia\/#breadcrumb","itemListElement":[{"@type":"ListItem","position":1,"name":"In\u00edcio","item":"https:\/\/molygrafit.com\/cl\/"},{"@type":"ListItem","position":2,"name":"Tienda","item":"https:\/\/molygrafit.com\/cl\/"},{"@type":"ListItem","position":3,"name":"HF-150\/G > ACEITE 100% SINT\u00c9TICO, NO GENERA RESIDUOS POR CARBONIZACI\u00d3N, PROPORCIONA LUBRICACI\u00d3N SECA DE EMERGENCIA."}]},{"@type":"WebSite","@id":"https:\/\/molygrafit.com\/cl\/#website","url":"https:\/\/molygrafit.com\/cl\/","name":"Molygrafit - Lubricantes Especiales","description":"","potentialAction":[{"@type":"SearchAction","target":{"@type":"EntryPoint","urlTemplate":"https:\/\/molygrafit.com\/cl\/?s={search_term_string}"},"query-input":{"@type":"PropertyValueSpecification","valueRequired":true,"valueName":"search_term_string"}}],"inLanguage":"es-CL"}]}},"_links":{"self":[{"href":"https:\/\/molygrafit.com\/cl\/wp-json\/wp\/v2\/product\/2316","targetHints":{"allow":["GET"]}}],"collection":[{"href":"https:\/\/molygrafit.com\/cl\/wp-json\/wp\/v2\/product"}],"about":[{"href":"https:\/\/molygrafit.com\/cl\/wp-json\/wp\/v2\/types\/product"}],"wp:featuredmedia":[{"embeddable":true,"href":"https:\/\/molygrafit.com\/cl\/wp-json\/wp\/v2\/media\/2076"}],"wp:attachment":[{"href":"https:\/\/molygrafit.com\/cl\/wp-json\/wp\/v2\/media?parent=2316"}],"wp:term":[{"taxonomy":"product_brand","embeddable":true,"href":"https:\/\/molygrafit.com\/cl\/wp-json\/wp\/v2\/product_brand?post=2316"},{"taxonomy":"product_cat","embeddable":true,"href":"https:\/\/molygrafit.com\/cl\/wp-json\/wp\/v2\/product_cat?post=2316"},{"taxonomy":"product_tag","embeddable":true,"href":"https:\/\/molygrafit.com\/cl\/wp-json\/wp\/v2\/product_tag?post=2316"}],"curies":[{"name":"wp","href":"https:\/\/api.w.org\/{rel}","templated":true}]}}