{"id":2318,"date":"2021-05-25T15:47:33","date_gmt":"2021-05-25T18:47:33","guid":{"rendered":"https:\/\/molygrafit.com\/cl\/producto\/import-placeholder-for-1831\/"},"modified":"2025-08-20T19:45:31","modified_gmt":"2025-08-20T22:45:31","slug":"hf-fg-linea-aceite-100-sintetico-atoxico-de-grado-alimenticio-resistente-a-altas-temperaturas","status":"publish","type":"product","link":"https:\/\/molygrafit.com\/cl\/producto\/hf-fg-linea-aceite-100-sintetico-atoxico-de-grado-alimenticio-resistente-a-altas-temperaturas\/","title":{"rendered":"HF\/FG (L\u00cdNEA) > ACEITE 100% SINT\u00c9TICO, AT\u00d3XICO DE GRADO ALIMENTICIO, RESISTENTE A ALTAS TEMPERATURAS."},"content":{"rendered":"<ul>\n<li>Apariencia: L\u00edquido homog\u00e9neo marr\u00f3n<\/li>\n<li>Viscosidad a 40 \u00b0C: 20 a 4.200 cSt.<\/li>\n<li>Densidad a 20 \u00b0C: 0,850 g\/cm3<\/li>\n<li>Punto de ignici\u00f3n: 140 a 320 \u00b0C<\/li>\n<li>Punto m\u00ednimo de fluidez: \u00a0-50 a 15 \u00b0C<\/li>\n<li>Solubilidad en agua: Indisoluble<\/li>\n<\/ul>\n","protected":false},"excerpt":{"rendered":"<p>MOLYGRAFIT HF\/FG es una l\u00ednea de aceites totalmente sint\u00e9ticos, disponibles en varias viscosidades,\u00a0recomendados para lubricar equipos sometidos a altas temperaturas. Est\u00e1 especialmente formulada con\u00a0aditivos que brindan un alto rendimiento con una baja tasa de evaporaci\u00f3n.<\/p>\n<p>Porque son aceites totalmente sint\u00e9ticos, al ser sometidos a altas temperaturas, se evaporan sin dejar\u00a0residuos, proporcionando largos periodos de lubricaci\u00f3n y eliminando la necesidad de limpiar el equipo.<\/p>\n<p>Al\u00a0cambiar los lubricantes, la m\u00e1quina debe limpiarse, si es necesario hacer un lavado.<\/p>\n<p>MOLYGRAFIT HF\/FG soporta ambientes agresivos, como humedad y vapores \u00e1cidos o alcalinos.<\/p>\n<p>Producto de grado alimenticio no t\u00f3xico (H1); especialmente indicado para uso en la industria alimentaria y\u00a0farmac\u00e9utica, ya que puede mantener un eventual contacto con el producto sin contaminarlo.<\/p>\n<p>Producto no inflamable, que brinda total seguridad al operador.<\/p>\n","protected":false},"featured_media":2076,"template":"","meta":{"_acf_changed":false},"product_brand":[],"product_cat":[162,161],"product_tag":[244,295,245],"class_list":{"0":"post-2318","1":"product","2":"type-product","3":"status-publish","4":"has-post-thumbnail","6":"product_cat-alimentos-farmaceuticos","7":"product_cat-azucar-y-alcohol","8":"product_tag-aceite-100-sintetico","9":"product_tag-atoxico-de-grado-alimenticio","10":"product_tag-resistente-a-altas-temperaturas","12":"first","13":"instock","14":"shipping-taxable","15":"product-type-variable"},"acf":[],"yoast_head":"<!-- This site is optimized with the Yoast SEO plugin v26.9 - https:\/\/yoast.com\/product\/yoast-seo-wordpress\/ -->\n<title>HF\/FG (L\u00cdNEA) &gt; ACEITE 100% SINT\u00c9TICO, AT\u00d3XICO DE GRADO ALIMENTICIO, RESISTENTE A ALTAS TEMPERATURAS. - Molygrafit - Lubricantes Especiales<\/title>\n<meta name=\"robots\" content=\"index, follow, max-snippet:-1, max-image-preview:large, max-video-preview:-1\" \/>\n<link rel=\"canonical\" href=\"https:\/\/molygrafit.com\/cl\/producto\/hf-fg-linea-aceite-100-sintetico-atoxico-de-grado-alimenticio-resistente-a-altas-temperaturas\/\" \/>\n<meta property=\"og:locale\" content=\"es_ES\" \/>\n<meta property=\"og:type\" content=\"article\" \/>\n<meta property=\"og:title\" content=\"HF\/FG (L\u00cdNEA) &gt; ACEITE 100% SINT\u00c9TICO, AT\u00d3XICO DE GRADO ALIMENTICIO, RESISTENTE A ALTAS TEMPERATURAS. - Molygrafit - Lubricantes Especiales\" \/>\n<meta property=\"og:description\" content=\"MOLYGRAFIT HF\/FG es una l\u00ednea de aceites totalmente sint\u00e9ticos, disponibles en varias viscosidades,\u00a0recomendados para lubricar equipos sometidos a altas temperaturas. Est\u00e1 especialmente formulada con\u00a0aditivos que brindan un alto rendimiento con una baja tasa de evaporaci\u00f3n.  Porque son aceites totalmente sint\u00e9ticos, al ser sometidos a altas temperaturas, se evaporan sin dejar\u00a0residuos, proporcionando largos periodos de lubricaci\u00f3n y eliminando la necesidad de limpiar el equipo.  Al\u00a0cambiar los lubricantes, la m\u00e1quina debe limpiarse, si es necesario hacer un lavado.  MOLYGRAFIT HF\/FG soporta ambientes agresivos, como humedad y vapores \u00e1cidos o alcalinos.  Producto de grado alimenticio no t\u00f3xico (H1); especialmente indicado para uso en la industria alimentaria y\u00a0farmac\u00e9utica, ya que puede mantener un eventual contacto con el producto sin contaminarlo.  Producto no inflamable, que brinda total seguridad al operador.\" \/>\n<meta property=\"og:url\" content=\"https:\/\/molygrafit.com\/cl\/producto\/hf-fg-linea-aceite-100-sintetico-atoxico-de-grado-alimenticio-resistente-a-altas-temperaturas\/\" \/>\n<meta property=\"og:site_name\" content=\"Molygrafit - Lubricantes Especiales\" \/>\n<meta property=\"article:modified_time\" content=\"2025-08-20T22:45:31+00:00\" \/>\n<meta property=\"og:image\" content=\"https:\/\/molygrafit.com\/cl\/wp-content\/uploads\/2021\/03\/BB_Lts_final.jpg\" \/>\n\t<meta property=\"og:image:width\" content=\"600\" \/>\n\t<meta property=\"og:image:height\" content=\"600\" \/>\n\t<meta property=\"og:image:type\" content=\"image\/jpeg\" \/>\n<meta name=\"twitter:card\" content=\"summary_large_image\" \/>\n<script type=\"application\/ld+json\" class=\"yoast-schema-graph\">{\"@context\":\"https:\/\/schema.org\",\"@graph\":[{\"@type\":\"WebPage\",\"@id\":\"https:\/\/molygrafit.com\/cl\/producto\/hf-fg-linea-aceite-100-sintetico-atoxico-de-grado-alimenticio-resistente-a-altas-temperaturas\/\",\"url\":\"https:\/\/molygrafit.com\/cl\/producto\/hf-fg-linea-aceite-100-sintetico-atoxico-de-grado-alimenticio-resistente-a-altas-temperaturas\/\",\"name\":\"HF\/FG (L\u00cdNEA) > ACEITE 100% SINT\u00c9TICO, AT\u00d3XICO DE GRADO ALIMENTICIO, RESISTENTE A ALTAS TEMPERATURAS. - Molygrafit - Lubricantes Especiales\",\"isPartOf\":{\"@id\":\"https:\/\/molygrafit.com\/cl\/#website\"},\"primaryImageOfPage\":{\"@id\":\"https:\/\/molygrafit.com\/cl\/producto\/hf-fg-linea-aceite-100-sintetico-atoxico-de-grado-alimenticio-resistente-a-altas-temperaturas\/#primaryimage\"},\"image\":{\"@id\":\"https:\/\/molygrafit.com\/cl\/producto\/hf-fg-linea-aceite-100-sintetico-atoxico-de-grado-alimenticio-resistente-a-altas-temperaturas\/#primaryimage\"},\"thumbnailUrl\":\"https:\/\/molygrafit.com\/cl\/wp-content\/uploads\/2021\/03\/BB_Lts_final.jpg\",\"datePublished\":\"2021-05-25T18:47:33+00:00\",\"dateModified\":\"2025-08-20T22:45:31+00:00\",\"breadcrumb\":{\"@id\":\"https:\/\/molygrafit.com\/cl\/producto\/hf-fg-linea-aceite-100-sintetico-atoxico-de-grado-alimenticio-resistente-a-altas-temperaturas\/#breadcrumb\"},\"inLanguage\":\"es-CL\",\"potentialAction\":[{\"@type\":\"ReadAction\",\"target\":[\"https:\/\/molygrafit.com\/cl\/producto\/hf-fg-linea-aceite-100-sintetico-atoxico-de-grado-alimenticio-resistente-a-altas-temperaturas\/\"]}]},{\"@type\":\"ImageObject\",\"inLanguage\":\"es-CL\",\"@id\":\"https:\/\/molygrafit.com\/cl\/producto\/hf-fg-linea-aceite-100-sintetico-atoxico-de-grado-alimenticio-resistente-a-altas-temperaturas\/#primaryimage\",\"url\":\"https:\/\/molygrafit.com\/cl\/wp-content\/uploads\/2021\/03\/BB_Lts_final.jpg\",\"contentUrl\":\"https:\/\/molygrafit.com\/cl\/wp-content\/uploads\/2021\/03\/BB_Lts_final.jpg\",\"width\":600,\"height\":600},{\"@type\":\"BreadcrumbList\",\"@id\":\"https:\/\/molygrafit.com\/cl\/producto\/hf-fg-linea-aceite-100-sintetico-atoxico-de-grado-alimenticio-resistente-a-altas-temperaturas\/#breadcrumb\",\"itemListElement\":[{\"@type\":\"ListItem\",\"position\":1,\"name\":\"In\u00edcio\",\"item\":\"https:\/\/molygrafit.com\/cl\/\"},{\"@type\":\"ListItem\",\"position\":2,\"name\":\"Tienda\",\"item\":\"https:\/\/molygrafit.com\/cl\/\"},{\"@type\":\"ListItem\",\"position\":3,\"name\":\"HF\/FG (L\u00cdNEA) > ACEITE 100% SINT\u00c9TICO, AT\u00d3XICO DE GRADO ALIMENTICIO, RESISTENTE A ALTAS TEMPERATURAS.\"}]},{\"@type\":\"WebSite\",\"@id\":\"https:\/\/molygrafit.com\/cl\/#website\",\"url\":\"https:\/\/molygrafit.com\/cl\/\",\"name\":\"Molygrafit - Lubricantes Especiales\",\"description\":\"\",\"potentialAction\":[{\"@type\":\"SearchAction\",\"target\":{\"@type\":\"EntryPoint\",\"urlTemplate\":\"https:\/\/molygrafit.com\/cl\/?s={search_term_string}\"},\"query-input\":{\"@type\":\"PropertyValueSpecification\",\"valueRequired\":true,\"valueName\":\"search_term_string\"}}],\"inLanguage\":\"es-CL\"}]}<\/script>\n<!-- \/ Yoast SEO plugin. -->","yoast_head_json":{"title":"HF\/FG (L\u00cdNEA) > ACEITE 100% SINT\u00c9TICO, AT\u00d3XICO DE GRADO ALIMENTICIO, RESISTENTE A ALTAS TEMPERATURAS. - Molygrafit - Lubricantes Especiales","robots":{"index":"index","follow":"follow","max-snippet":"max-snippet:-1","max-image-preview":"max-image-preview:large","max-video-preview":"max-video-preview:-1"},"canonical":"https:\/\/molygrafit.com\/cl\/producto\/hf-fg-linea-aceite-100-sintetico-atoxico-de-grado-alimenticio-resistente-a-altas-temperaturas\/","og_locale":"es_ES","og_type":"article","og_title":"HF\/FG (L\u00cdNEA) > ACEITE 100% SINT\u00c9TICO, AT\u00d3XICO DE GRADO ALIMENTICIO, RESISTENTE A ALTAS TEMPERATURAS. - Molygrafit - Lubricantes Especiales","og_description":"MOLYGRAFIT HF\/FG es una l\u00ednea de aceites totalmente sint\u00e9ticos, disponibles en varias viscosidades,\u00a0recomendados para lubricar equipos sometidos a altas temperaturas. Est\u00e1 especialmente formulada con\u00a0aditivos que brindan un alto rendimiento con una baja tasa de evaporaci\u00f3n.  Porque son aceites totalmente sint\u00e9ticos, al ser sometidos a altas temperaturas, se evaporan sin dejar\u00a0residuos, proporcionando largos periodos de lubricaci\u00f3n y eliminando la necesidad de limpiar el equipo.  Al\u00a0cambiar los lubricantes, la m\u00e1quina debe limpiarse, si es necesario hacer un lavado.  MOLYGRAFIT HF\/FG soporta ambientes agresivos, como humedad y vapores \u00e1cidos o alcalinos.  Producto de grado alimenticio no t\u00f3xico (H1); especialmente indicado para uso en la industria alimentaria y\u00a0farmac\u00e9utica, ya que puede mantener un eventual contacto con el producto sin contaminarlo.  Producto no inflamable, que brinda total seguridad al operador.","og_url":"https:\/\/molygrafit.com\/cl\/producto\/hf-fg-linea-aceite-100-sintetico-atoxico-de-grado-alimenticio-resistente-a-altas-temperaturas\/","og_site_name":"Molygrafit - Lubricantes Especiales","article_modified_time":"2025-08-20T22:45:31+00:00","og_image":[{"width":600,"height":600,"url":"https:\/\/molygrafit.com\/cl\/wp-content\/uploads\/2021\/03\/BB_Lts_final.jpg","type":"image\/jpeg"}],"twitter_card":"summary_large_image","schema":{"@context":"https:\/\/schema.org","@graph":[{"@type":"WebPage","@id":"https:\/\/molygrafit.com\/cl\/producto\/hf-fg-linea-aceite-100-sintetico-atoxico-de-grado-alimenticio-resistente-a-altas-temperaturas\/","url":"https:\/\/molygrafit.com\/cl\/producto\/hf-fg-linea-aceite-100-sintetico-atoxico-de-grado-alimenticio-resistente-a-altas-temperaturas\/","name":"HF\/FG (L\u00cdNEA) > ACEITE 100% SINT\u00c9TICO, AT\u00d3XICO DE GRADO ALIMENTICIO, RESISTENTE A ALTAS TEMPERATURAS. - Molygrafit - Lubricantes Especiales","isPartOf":{"@id":"https:\/\/molygrafit.com\/cl\/#website"},"primaryImageOfPage":{"@id":"https:\/\/molygrafit.com\/cl\/producto\/hf-fg-linea-aceite-100-sintetico-atoxico-de-grado-alimenticio-resistente-a-altas-temperaturas\/#primaryimage"},"image":{"@id":"https:\/\/molygrafit.com\/cl\/producto\/hf-fg-linea-aceite-100-sintetico-atoxico-de-grado-alimenticio-resistente-a-altas-temperaturas\/#primaryimage"},"thumbnailUrl":"https:\/\/molygrafit.com\/cl\/wp-content\/uploads\/2021\/03\/BB_Lts_final.jpg","datePublished":"2021-05-25T18:47:33+00:00","dateModified":"2025-08-20T22:45:31+00:00","breadcrumb":{"@id":"https:\/\/molygrafit.com\/cl\/producto\/hf-fg-linea-aceite-100-sintetico-atoxico-de-grado-alimenticio-resistente-a-altas-temperaturas\/#breadcrumb"},"inLanguage":"es-CL","potentialAction":[{"@type":"ReadAction","target":["https:\/\/molygrafit.com\/cl\/producto\/hf-fg-linea-aceite-100-sintetico-atoxico-de-grado-alimenticio-resistente-a-altas-temperaturas\/"]}]},{"@type":"ImageObject","inLanguage":"es-CL","@id":"https:\/\/molygrafit.com\/cl\/producto\/hf-fg-linea-aceite-100-sintetico-atoxico-de-grado-alimenticio-resistente-a-altas-temperaturas\/#primaryimage","url":"https:\/\/molygrafit.com\/cl\/wp-content\/uploads\/2021\/03\/BB_Lts_final.jpg","contentUrl":"https:\/\/molygrafit.com\/cl\/wp-content\/uploads\/2021\/03\/BB_Lts_final.jpg","width":600,"height":600},{"@type":"BreadcrumbList","@id":"https:\/\/molygrafit.com\/cl\/producto\/hf-fg-linea-aceite-100-sintetico-atoxico-de-grado-alimenticio-resistente-a-altas-temperaturas\/#breadcrumb","itemListElement":[{"@type":"ListItem","position":1,"name":"In\u00edcio","item":"https:\/\/molygrafit.com\/cl\/"},{"@type":"ListItem","position":2,"name":"Tienda","item":"https:\/\/molygrafit.com\/cl\/"},{"@type":"ListItem","position":3,"name":"HF\/FG (L\u00cdNEA) > ACEITE 100% SINT\u00c9TICO, AT\u00d3XICO DE GRADO ALIMENTICIO, RESISTENTE A ALTAS TEMPERATURAS."}]},{"@type":"WebSite","@id":"https:\/\/molygrafit.com\/cl\/#website","url":"https:\/\/molygrafit.com\/cl\/","name":"Molygrafit - Lubricantes Especiales","description":"","potentialAction":[{"@type":"SearchAction","target":{"@type":"EntryPoint","urlTemplate":"https:\/\/molygrafit.com\/cl\/?s={search_term_string}"},"query-input":{"@type":"PropertyValueSpecification","valueRequired":true,"valueName":"search_term_string"}}],"inLanguage":"es-CL"}]}},"_links":{"self":[{"href":"https:\/\/molygrafit.com\/cl\/wp-json\/wp\/v2\/product\/2318","targetHints":{"allow":["GET"]}}],"collection":[{"href":"https:\/\/molygrafit.com\/cl\/wp-json\/wp\/v2\/product"}],"about":[{"href":"https:\/\/molygrafit.com\/cl\/wp-json\/wp\/v2\/types\/product"}],"wp:featuredmedia":[{"embeddable":true,"href":"https:\/\/molygrafit.com\/cl\/wp-json\/wp\/v2\/media\/2076"}],"wp:attachment":[{"href":"https:\/\/molygrafit.com\/cl\/wp-json\/wp\/v2\/media?parent=2318"}],"wp:term":[{"taxonomy":"product_brand","embeddable":true,"href":"https:\/\/molygrafit.com\/cl\/wp-json\/wp\/v2\/product_brand?post=2318"},{"taxonomy":"product_cat","embeddable":true,"href":"https:\/\/molygrafit.com\/cl\/wp-json\/wp\/v2\/product_cat?post=2318"},{"taxonomy":"product_tag","embeddable":true,"href":"https:\/\/molygrafit.com\/cl\/wp-json\/wp\/v2\/product_tag?post=2318"}],"curies":[{"name":"wp","href":"https:\/\/api.w.org\/{rel}","templated":true}]}}