{"id":2319,"date":"2021-05-25T15:47:33","date_gmt":"2021-05-25T18:47:33","guid":{"rendered":"https:\/\/molygrafit.com\/cl\/producto\/import-placeholder-for-1832\/"},"modified":"2025-08-20T19:49:22","modified_gmt":"2025-08-20T22:49:22","slug":"gw-t-aceite-desmoldante-100-sintetico-con-agentes-adhesivos-y-atoxico","status":"publish","type":"product","link":"https:\/\/molygrafit.com\/cl\/producto\/gw-t-aceite-desmoldante-100-sintetico-con-agentes-adhesivos-y-atoxico\/","title":{"rendered":"GW\/T > ACEITE DESMOLDANTE 100% SINT\u00c9TICO CON AGENTES ADHESIVOS Y AT\u00d3XICO."},"content":{"rendered":"<ul>\n<li>Apariencia: L\u00edquido viscoso<\/li>\n<li>Color: Amarillo claro<\/li>\n<li>Temperatura de trabajo: &lt;10 a 300 \u00b0C<\/li>\n<li>Estructura: Muy alta viscosidad<\/li>\n<li>Solubilidad en agua: Indisoluble<\/li>\n<\/ul>\n","protected":false},"excerpt":{"rendered":"<p>MOLYGRAFIT GW\/T es un producto totalmente sint\u00e9tico para demandas extremas de\u00a0temperatura y presi\u00f3n.<\/p>\n<p>MOLYGRAFIT GW\/T est\u00e1 indicado para lubricar cadenas, rodamientos, reductores etc.<\/p>\n<p>Formulado con aditivos especiales que proporcionan una baja tasa de evaporaci\u00f3n\u00a0permitiendo intervalos de lubricaci\u00f3n m\u00e1s prolongados.<\/p>\n<p>Producto no t\u00f3xico, no inflamable, que se puede utilizar en la industria alimentaria y\u00a0farmac\u00e9utica.<\/p>\n","protected":false},"featured_media":2076,"template":"","meta":{"_acf_changed":false},"product_brand":[],"product_cat":[165],"product_tag":[301],"class_list":{"0":"post-2319","1":"product","2":"type-product","3":"status-publish","4":"has-post-thumbnail","6":"product_cat-vidrios","7":"product_tag-aceite-desmoldante-100-sintetico-con-agentes-adhesivos-y-atoxico","9":"first","10":"instock","11":"shipping-taxable","12":"product-type-variable"},"acf":[],"yoast_head":"<!-- This site is optimized with the Yoast SEO plugin v26.9 - https:\/\/yoast.com\/product\/yoast-seo-wordpress\/ -->\n<title>GW\/T &gt; ACEITE DESMOLDANTE 100% SINT\u00c9TICO CON AGENTES ADHESIVOS Y AT\u00d3XICO. - Molygrafit - Lubricantes Especiales<\/title>\n<meta name=\"robots\" content=\"index, follow, max-snippet:-1, max-image-preview:large, max-video-preview:-1\" \/>\n<link rel=\"canonical\" href=\"https:\/\/molygrafit.com\/cl\/producto\/gw-t-aceite-desmoldante-100-sintetico-con-agentes-adhesivos-y-atoxico\/\" \/>\n<meta property=\"og:locale\" content=\"es_ES\" \/>\n<meta property=\"og:type\" content=\"article\" \/>\n<meta property=\"og:title\" content=\"GW\/T &gt; ACEITE DESMOLDANTE 100% SINT\u00c9TICO CON AGENTES ADHESIVOS Y AT\u00d3XICO. - Molygrafit - Lubricantes Especiales\" \/>\n<meta property=\"og:description\" content=\"MOLYGRAFIT GW\/T es un producto totalmente sint\u00e9tico para demandas extremas de\u00a0temperatura y presi\u00f3n.  MOLYGRAFIT GW\/T est\u00e1 indicado para lubricar cadenas, rodamientos, reductores etc.  Formulado con aditivos especiales que proporcionan una baja tasa de evaporaci\u00f3n\u00a0permitiendo intervalos de lubricaci\u00f3n m\u00e1s prolongados.  Producto no t\u00f3xico, no inflamable, que se puede utilizar en la industria alimentaria y\u00a0farmac\u00e9utica.\" \/>\n<meta property=\"og:url\" content=\"https:\/\/molygrafit.com\/cl\/producto\/gw-t-aceite-desmoldante-100-sintetico-con-agentes-adhesivos-y-atoxico\/\" \/>\n<meta property=\"og:site_name\" content=\"Molygrafit - Lubricantes Especiales\" \/>\n<meta property=\"article:modified_time\" content=\"2025-08-20T22:49:22+00:00\" \/>\n<meta property=\"og:image\" content=\"https:\/\/molygrafit.com\/cl\/wp-content\/uploads\/2021\/03\/BB_Lts_final.jpg\" \/>\n\t<meta property=\"og:image:width\" content=\"600\" \/>\n\t<meta property=\"og:image:height\" content=\"600\" \/>\n\t<meta property=\"og:image:type\" content=\"image\/jpeg\" \/>\n<meta name=\"twitter:card\" content=\"summary_large_image\" \/>\n<script type=\"application\/ld+json\" class=\"yoast-schema-graph\">{\"@context\":\"https:\/\/schema.org\",\"@graph\":[{\"@type\":\"WebPage\",\"@id\":\"https:\/\/molygrafit.com\/cl\/producto\/gw-t-aceite-desmoldante-100-sintetico-con-agentes-adhesivos-y-atoxico\/\",\"url\":\"https:\/\/molygrafit.com\/cl\/producto\/gw-t-aceite-desmoldante-100-sintetico-con-agentes-adhesivos-y-atoxico\/\",\"name\":\"GW\/T > ACEITE DESMOLDANTE 100% SINT\u00c9TICO CON AGENTES ADHESIVOS Y AT\u00d3XICO. - Molygrafit - Lubricantes Especiales\",\"isPartOf\":{\"@id\":\"https:\/\/molygrafit.com\/cl\/#website\"},\"primaryImageOfPage\":{\"@id\":\"https:\/\/molygrafit.com\/cl\/producto\/gw-t-aceite-desmoldante-100-sintetico-con-agentes-adhesivos-y-atoxico\/#primaryimage\"},\"image\":{\"@id\":\"https:\/\/molygrafit.com\/cl\/producto\/gw-t-aceite-desmoldante-100-sintetico-con-agentes-adhesivos-y-atoxico\/#primaryimage\"},\"thumbnailUrl\":\"https:\/\/molygrafit.com\/cl\/wp-content\/uploads\/2021\/03\/BB_Lts_final.jpg\",\"datePublished\":\"2021-05-25T18:47:33+00:00\",\"dateModified\":\"2025-08-20T22:49:22+00:00\",\"breadcrumb\":{\"@id\":\"https:\/\/molygrafit.com\/cl\/producto\/gw-t-aceite-desmoldante-100-sintetico-con-agentes-adhesivos-y-atoxico\/#breadcrumb\"},\"inLanguage\":\"es-CL\",\"potentialAction\":[{\"@type\":\"ReadAction\",\"target\":[\"https:\/\/molygrafit.com\/cl\/producto\/gw-t-aceite-desmoldante-100-sintetico-con-agentes-adhesivos-y-atoxico\/\"]}]},{\"@type\":\"ImageObject\",\"inLanguage\":\"es-CL\",\"@id\":\"https:\/\/molygrafit.com\/cl\/producto\/gw-t-aceite-desmoldante-100-sintetico-con-agentes-adhesivos-y-atoxico\/#primaryimage\",\"url\":\"https:\/\/molygrafit.com\/cl\/wp-content\/uploads\/2021\/03\/BB_Lts_final.jpg\",\"contentUrl\":\"https:\/\/molygrafit.com\/cl\/wp-content\/uploads\/2021\/03\/BB_Lts_final.jpg\",\"width\":600,\"height\":600},{\"@type\":\"BreadcrumbList\",\"@id\":\"https:\/\/molygrafit.com\/cl\/producto\/gw-t-aceite-desmoldante-100-sintetico-con-agentes-adhesivos-y-atoxico\/#breadcrumb\",\"itemListElement\":[{\"@type\":\"ListItem\",\"position\":1,\"name\":\"In\u00edcio\",\"item\":\"https:\/\/molygrafit.com\/cl\/\"},{\"@type\":\"ListItem\",\"position\":2,\"name\":\"Tienda\",\"item\":\"https:\/\/molygrafit.com\/cl\/\"},{\"@type\":\"ListItem\",\"position\":3,\"name\":\"GW\/T > ACEITE DESMOLDANTE 100% SINT\u00c9TICO CON AGENTES ADHESIVOS Y AT\u00d3XICO.\"}]},{\"@type\":\"WebSite\",\"@id\":\"https:\/\/molygrafit.com\/cl\/#website\",\"url\":\"https:\/\/molygrafit.com\/cl\/\",\"name\":\"Molygrafit - Lubricantes Especiales\",\"description\":\"\",\"potentialAction\":[{\"@type\":\"SearchAction\",\"target\":{\"@type\":\"EntryPoint\",\"urlTemplate\":\"https:\/\/molygrafit.com\/cl\/?s={search_term_string}\"},\"query-input\":{\"@type\":\"PropertyValueSpecification\",\"valueRequired\":true,\"valueName\":\"search_term_string\"}}],\"inLanguage\":\"es-CL\"}]}<\/script>\n<!-- \/ Yoast SEO plugin. -->","yoast_head_json":{"title":"GW\/T > ACEITE DESMOLDANTE 100% SINT\u00c9TICO CON AGENTES ADHESIVOS Y AT\u00d3XICO. - Molygrafit - Lubricantes Especiales","robots":{"index":"index","follow":"follow","max-snippet":"max-snippet:-1","max-image-preview":"max-image-preview:large","max-video-preview":"max-video-preview:-1"},"canonical":"https:\/\/molygrafit.com\/cl\/producto\/gw-t-aceite-desmoldante-100-sintetico-con-agentes-adhesivos-y-atoxico\/","og_locale":"es_ES","og_type":"article","og_title":"GW\/T > ACEITE DESMOLDANTE 100% SINT\u00c9TICO CON AGENTES ADHESIVOS Y AT\u00d3XICO. - Molygrafit - Lubricantes Especiales","og_description":"MOLYGRAFIT GW\/T es un producto totalmente sint\u00e9tico para demandas extremas de\u00a0temperatura y presi\u00f3n.  MOLYGRAFIT GW\/T est\u00e1 indicado para lubricar cadenas, rodamientos, reductores etc.  Formulado con aditivos especiales que proporcionan una baja tasa de evaporaci\u00f3n\u00a0permitiendo intervalos de lubricaci\u00f3n m\u00e1s prolongados.  Producto no t\u00f3xico, no inflamable, que se puede utilizar en la industria alimentaria y\u00a0farmac\u00e9utica.","og_url":"https:\/\/molygrafit.com\/cl\/producto\/gw-t-aceite-desmoldante-100-sintetico-con-agentes-adhesivos-y-atoxico\/","og_site_name":"Molygrafit - Lubricantes Especiales","article_modified_time":"2025-08-20T22:49:22+00:00","og_image":[{"width":600,"height":600,"url":"https:\/\/molygrafit.com\/cl\/wp-content\/uploads\/2021\/03\/BB_Lts_final.jpg","type":"image\/jpeg"}],"twitter_card":"summary_large_image","schema":{"@context":"https:\/\/schema.org","@graph":[{"@type":"WebPage","@id":"https:\/\/molygrafit.com\/cl\/producto\/gw-t-aceite-desmoldante-100-sintetico-con-agentes-adhesivos-y-atoxico\/","url":"https:\/\/molygrafit.com\/cl\/producto\/gw-t-aceite-desmoldante-100-sintetico-con-agentes-adhesivos-y-atoxico\/","name":"GW\/T > ACEITE DESMOLDANTE 100% SINT\u00c9TICO CON AGENTES ADHESIVOS Y AT\u00d3XICO. - Molygrafit - Lubricantes Especiales","isPartOf":{"@id":"https:\/\/molygrafit.com\/cl\/#website"},"primaryImageOfPage":{"@id":"https:\/\/molygrafit.com\/cl\/producto\/gw-t-aceite-desmoldante-100-sintetico-con-agentes-adhesivos-y-atoxico\/#primaryimage"},"image":{"@id":"https:\/\/molygrafit.com\/cl\/producto\/gw-t-aceite-desmoldante-100-sintetico-con-agentes-adhesivos-y-atoxico\/#primaryimage"},"thumbnailUrl":"https:\/\/molygrafit.com\/cl\/wp-content\/uploads\/2021\/03\/BB_Lts_final.jpg","datePublished":"2021-05-25T18:47:33+00:00","dateModified":"2025-08-20T22:49:22+00:00","breadcrumb":{"@id":"https:\/\/molygrafit.com\/cl\/producto\/gw-t-aceite-desmoldante-100-sintetico-con-agentes-adhesivos-y-atoxico\/#breadcrumb"},"inLanguage":"es-CL","potentialAction":[{"@type":"ReadAction","target":["https:\/\/molygrafit.com\/cl\/producto\/gw-t-aceite-desmoldante-100-sintetico-con-agentes-adhesivos-y-atoxico\/"]}]},{"@type":"ImageObject","inLanguage":"es-CL","@id":"https:\/\/molygrafit.com\/cl\/producto\/gw-t-aceite-desmoldante-100-sintetico-con-agentes-adhesivos-y-atoxico\/#primaryimage","url":"https:\/\/molygrafit.com\/cl\/wp-content\/uploads\/2021\/03\/BB_Lts_final.jpg","contentUrl":"https:\/\/molygrafit.com\/cl\/wp-content\/uploads\/2021\/03\/BB_Lts_final.jpg","width":600,"height":600},{"@type":"BreadcrumbList","@id":"https:\/\/molygrafit.com\/cl\/producto\/gw-t-aceite-desmoldante-100-sintetico-con-agentes-adhesivos-y-atoxico\/#breadcrumb","itemListElement":[{"@type":"ListItem","position":1,"name":"In\u00edcio","item":"https:\/\/molygrafit.com\/cl\/"},{"@type":"ListItem","position":2,"name":"Tienda","item":"https:\/\/molygrafit.com\/cl\/"},{"@type":"ListItem","position":3,"name":"GW\/T > ACEITE DESMOLDANTE 100% SINT\u00c9TICO CON AGENTES ADHESIVOS Y AT\u00d3XICO."}]},{"@type":"WebSite","@id":"https:\/\/molygrafit.com\/cl\/#website","url":"https:\/\/molygrafit.com\/cl\/","name":"Molygrafit - Lubricantes Especiales","description":"","potentialAction":[{"@type":"SearchAction","target":{"@type":"EntryPoint","urlTemplate":"https:\/\/molygrafit.com\/cl\/?s={search_term_string}"},"query-input":{"@type":"PropertyValueSpecification","valueRequired":true,"valueName":"search_term_string"}}],"inLanguage":"es-CL"}]}},"_links":{"self":[{"href":"https:\/\/molygrafit.com\/cl\/wp-json\/wp\/v2\/product\/2319","targetHints":{"allow":["GET"]}}],"collection":[{"href":"https:\/\/molygrafit.com\/cl\/wp-json\/wp\/v2\/product"}],"about":[{"href":"https:\/\/molygrafit.com\/cl\/wp-json\/wp\/v2\/types\/product"}],"wp:featuredmedia":[{"embeddable":true,"href":"https:\/\/molygrafit.com\/cl\/wp-json\/wp\/v2\/media\/2076"}],"wp:attachment":[{"href":"https:\/\/molygrafit.com\/cl\/wp-json\/wp\/v2\/media?parent=2319"}],"wp:term":[{"taxonomy":"product_brand","embeddable":true,"href":"https:\/\/molygrafit.com\/cl\/wp-json\/wp\/v2\/product_brand?post=2319"},{"taxonomy":"product_cat","embeddable":true,"href":"https:\/\/molygrafit.com\/cl\/wp-json\/wp\/v2\/product_cat?post=2319"},{"taxonomy":"product_tag","embeddable":true,"href":"https:\/\/molygrafit.com\/cl\/wp-json\/wp\/v2\/product_tag?post=2319"}],"curies":[{"name":"wp","href":"https:\/\/api.w.org\/{rel}","templated":true}]}}