{"id":2320,"date":"2021-05-25T15:47:33","date_gmt":"2021-05-25T18:47:33","guid":{"rendered":"https:\/\/molygrafit.com\/cl\/producto\/import-placeholder-for-1833\/"},"modified":"2025-08-18T21:37:13","modified_gmt":"2025-08-19T00:37:13","slug":"gw-2-grasa-de-alta-adherencia-resistente-a-la-fuerza-centrifuga","status":"publish","type":"product","link":"https:\/\/molygrafit.com\/cl\/producto\/gw-2-grasa-de-alta-adherencia-resistente-a-la-fuerza-centrifuga\/","title":{"rendered":"GW-2 > GRASA DE ALTA ADHERENCIA. RESISTENTE A LA FUERZA CENTR\u00cdFUGA."},"content":{"rendered":"<ul>\n<li>Apariencia: Negra<\/li>\n<li>Espesante: Inorg\u00e1nico Coloidal<\/li>\n<li>Consistencia NLGI: 2<\/li>\n<li>Penetraci\u00f3n trabajada: 265 &#8211; 295<\/li>\n<li>Temperatura de uso: -5 a 200 \u00b0C<\/li>\n<li>Separaci\u00f3n de aceite 12 horas a 120 \u00b0C: menor que 2%<\/li>\n<li>Solubilidad en agua: indisoluble<\/li>\n<\/ul>\n","protected":false},"excerpt":{"rendered":"<p>MOLYGRAFIT GW-2 es una l\u00ednea de grasas totalmente sint\u00e9ticas especialmente formulada para\u00a0soportar altas temperaturas, ambientes agresivos, humedad y altas cargas.<\/p>\n<p>Porque es completamente sint\u00e9tica, no se carboniza, proporcionando largos per\u00edodos de relubricaci\u00f3n.<\/p>\n<p>Es extremadamente adhesiva, adhiri\u00e9ndose a rodamientos, cojinetes, engranajes, acoplamientos y\u00a0tambi\u00e9n uniones rotativas, reduciendo significativamente el consumo de grasa.<\/p>\n<p>Soporta altas temperaturas durante largos periodos sin gotear ni dejar residuos.<\/p>\n<p>Se suministra con aditivo de extrema presi\u00f3n: Disulfuro de Molibdeno.<\/p>\n<p>Producto no t\u00f3xico, no inflamable, que brinda total seguridad al operador.<\/p>\n","protected":false},"featured_media":2074,"template":"","meta":{"_acf_changed":false},"product_brand":[],"product_cat":[160],"product_tag":[305],"class_list":{"0":"post-2320","1":"product","2":"type-product","3":"status-publish","4":"has-post-thumbnail","6":"product_cat-mecanica","7":"product_tag-grasa-de-alta-adherencia-resistente-a-la-fuerza-centrifuga","9":"first","10":"instock","11":"shipping-taxable","12":"product-type-variable"},"acf":[],"yoast_head":"<!-- This site is optimized with the Yoast SEO plugin v26.9 - https:\/\/yoast.com\/product\/yoast-seo-wordpress\/ -->\n<title>GW-2 &gt; GRASA DE ALTA ADHERENCIA. RESISTENTE A LA FUERZA CENTR\u00cdFUGA. - Molygrafit - Lubricantes Especiales<\/title>\n<meta name=\"robots\" content=\"index, follow, max-snippet:-1, max-image-preview:large, max-video-preview:-1\" \/>\n<link rel=\"canonical\" href=\"https:\/\/molygrafit.com\/cl\/producto\/gw-2-grasa-de-alta-adherencia-resistente-a-la-fuerza-centrifuga\/\" \/>\n<meta property=\"og:locale\" content=\"es_ES\" \/>\n<meta property=\"og:type\" content=\"article\" \/>\n<meta property=\"og:title\" content=\"GW-2 &gt; GRASA DE ALTA ADHERENCIA. RESISTENTE A LA FUERZA CENTR\u00cdFUGA. - Molygrafit - Lubricantes Especiales\" \/>\n<meta property=\"og:description\" content=\"MOLYGRAFIT GW-2 es una l\u00ednea de grasas totalmente sint\u00e9ticas especialmente formulada para\u00a0soportar altas temperaturas, ambientes agresivos, humedad y altas cargas.  Porque es completamente sint\u00e9tica, no se carboniza, proporcionando largos per\u00edodos de relubricaci\u00f3n.  Es extremadamente adhesiva, adhiri\u00e9ndose a rodamientos, cojinetes, engranajes, acoplamientos y\u00a0tambi\u00e9n uniones rotativas, reduciendo significativamente el consumo de grasa.  Soporta altas temperaturas durante largos periodos sin gotear ni dejar residuos.  Se suministra con aditivo de extrema presi\u00f3n: Disulfuro de Molibdeno.  Producto no t\u00f3xico, no inflamable, que brinda total seguridad al operador.\" \/>\n<meta property=\"og:url\" content=\"https:\/\/molygrafit.com\/cl\/producto\/gw-2-grasa-de-alta-adherencia-resistente-a-la-fuerza-centrifuga\/\" \/>\n<meta property=\"og:site_name\" content=\"Molygrafit - Lubricantes Especiales\" \/>\n<meta property=\"article:modified_time\" content=\"2025-08-19T00:37:13+00:00\" \/>\n<meta property=\"og:image\" content=\"https:\/\/molygrafit.com\/cl\/wp-content\/uploads\/2021\/03\/Baldes_Kilos_final.jpg\" \/>\n\t<meta property=\"og:image:width\" content=\"600\" \/>\n\t<meta property=\"og:image:height\" content=\"600\" \/>\n\t<meta property=\"og:image:type\" content=\"image\/jpeg\" \/>\n<meta name=\"twitter:card\" content=\"summary_large_image\" \/>\n<script type=\"application\/ld+json\" class=\"yoast-schema-graph\">{\"@context\":\"https:\/\/schema.org\",\"@graph\":[{\"@type\":\"WebPage\",\"@id\":\"https:\/\/molygrafit.com\/cl\/producto\/gw-2-grasa-de-alta-adherencia-resistente-a-la-fuerza-centrifuga\/\",\"url\":\"https:\/\/molygrafit.com\/cl\/producto\/gw-2-grasa-de-alta-adherencia-resistente-a-la-fuerza-centrifuga\/\",\"name\":\"GW-2 > GRASA DE ALTA ADHERENCIA. RESISTENTE A LA FUERZA CENTR\u00cdFUGA. - Molygrafit - Lubricantes Especiales\",\"isPartOf\":{\"@id\":\"https:\/\/molygrafit.com\/cl\/#website\"},\"primaryImageOfPage\":{\"@id\":\"https:\/\/molygrafit.com\/cl\/producto\/gw-2-grasa-de-alta-adherencia-resistente-a-la-fuerza-centrifuga\/#primaryimage\"},\"image\":{\"@id\":\"https:\/\/molygrafit.com\/cl\/producto\/gw-2-grasa-de-alta-adherencia-resistente-a-la-fuerza-centrifuga\/#primaryimage\"},\"thumbnailUrl\":\"https:\/\/molygrafit.com\/cl\/wp-content\/uploads\/2021\/03\/Baldes_Kilos_final.jpg\",\"datePublished\":\"2021-05-25T18:47:33+00:00\",\"dateModified\":\"2025-08-19T00:37:13+00:00\",\"breadcrumb\":{\"@id\":\"https:\/\/molygrafit.com\/cl\/producto\/gw-2-grasa-de-alta-adherencia-resistente-a-la-fuerza-centrifuga\/#breadcrumb\"},\"inLanguage\":\"es-CL\",\"potentialAction\":[{\"@type\":\"ReadAction\",\"target\":[\"https:\/\/molygrafit.com\/cl\/producto\/gw-2-grasa-de-alta-adherencia-resistente-a-la-fuerza-centrifuga\/\"]}]},{\"@type\":\"ImageObject\",\"inLanguage\":\"es-CL\",\"@id\":\"https:\/\/molygrafit.com\/cl\/producto\/gw-2-grasa-de-alta-adherencia-resistente-a-la-fuerza-centrifuga\/#primaryimage\",\"url\":\"https:\/\/molygrafit.com\/cl\/wp-content\/uploads\/2021\/03\/Baldes_Kilos_final.jpg\",\"contentUrl\":\"https:\/\/molygrafit.com\/cl\/wp-content\/uploads\/2021\/03\/Baldes_Kilos_final.jpg\",\"width\":600,\"height\":600},{\"@type\":\"BreadcrumbList\",\"@id\":\"https:\/\/molygrafit.com\/cl\/producto\/gw-2-grasa-de-alta-adherencia-resistente-a-la-fuerza-centrifuga\/#breadcrumb\",\"itemListElement\":[{\"@type\":\"ListItem\",\"position\":1,\"name\":\"In\u00edcio\",\"item\":\"https:\/\/molygrafit.com\/cl\/\"},{\"@type\":\"ListItem\",\"position\":2,\"name\":\"Tienda\",\"item\":\"https:\/\/molygrafit.com\/cl\/\"},{\"@type\":\"ListItem\",\"position\":3,\"name\":\"GW-2 > GRASA DE ALTA ADHERENCIA. RESISTENTE A LA FUERZA CENTR\u00cdFUGA.\"}]},{\"@type\":\"WebSite\",\"@id\":\"https:\/\/molygrafit.com\/cl\/#website\",\"url\":\"https:\/\/molygrafit.com\/cl\/\",\"name\":\"Molygrafit - Lubricantes Especiales\",\"description\":\"\",\"potentialAction\":[{\"@type\":\"SearchAction\",\"target\":{\"@type\":\"EntryPoint\",\"urlTemplate\":\"https:\/\/molygrafit.com\/cl\/?s={search_term_string}\"},\"query-input\":{\"@type\":\"PropertyValueSpecification\",\"valueRequired\":true,\"valueName\":\"search_term_string\"}}],\"inLanguage\":\"es-CL\"}]}<\/script>\n<!-- \/ Yoast SEO plugin. -->","yoast_head_json":{"title":"GW-2 > GRASA DE ALTA ADHERENCIA. RESISTENTE A LA FUERZA CENTR\u00cdFUGA. - Molygrafit - Lubricantes Especiales","robots":{"index":"index","follow":"follow","max-snippet":"max-snippet:-1","max-image-preview":"max-image-preview:large","max-video-preview":"max-video-preview:-1"},"canonical":"https:\/\/molygrafit.com\/cl\/producto\/gw-2-grasa-de-alta-adherencia-resistente-a-la-fuerza-centrifuga\/","og_locale":"es_ES","og_type":"article","og_title":"GW-2 > GRASA DE ALTA ADHERENCIA. RESISTENTE A LA FUERZA CENTR\u00cdFUGA. - Molygrafit - Lubricantes Especiales","og_description":"MOLYGRAFIT GW-2 es una l\u00ednea de grasas totalmente sint\u00e9ticas especialmente formulada para\u00a0soportar altas temperaturas, ambientes agresivos, humedad y altas cargas.  Porque es completamente sint\u00e9tica, no se carboniza, proporcionando largos per\u00edodos de relubricaci\u00f3n.  Es extremadamente adhesiva, adhiri\u00e9ndose a rodamientos, cojinetes, engranajes, acoplamientos y\u00a0tambi\u00e9n uniones rotativas, reduciendo significativamente el consumo de grasa.  Soporta altas temperaturas durante largos periodos sin gotear ni dejar residuos.  Se suministra con aditivo de extrema presi\u00f3n: Disulfuro de Molibdeno.  Producto no t\u00f3xico, no inflamable, que brinda total seguridad al operador.","og_url":"https:\/\/molygrafit.com\/cl\/producto\/gw-2-grasa-de-alta-adherencia-resistente-a-la-fuerza-centrifuga\/","og_site_name":"Molygrafit - Lubricantes Especiales","article_modified_time":"2025-08-19T00:37:13+00:00","og_image":[{"width":600,"height":600,"url":"https:\/\/molygrafit.com\/cl\/wp-content\/uploads\/2021\/03\/Baldes_Kilos_final.jpg","type":"image\/jpeg"}],"twitter_card":"summary_large_image","schema":{"@context":"https:\/\/schema.org","@graph":[{"@type":"WebPage","@id":"https:\/\/molygrafit.com\/cl\/producto\/gw-2-grasa-de-alta-adherencia-resistente-a-la-fuerza-centrifuga\/","url":"https:\/\/molygrafit.com\/cl\/producto\/gw-2-grasa-de-alta-adherencia-resistente-a-la-fuerza-centrifuga\/","name":"GW-2 > GRASA DE ALTA ADHERENCIA. RESISTENTE A LA FUERZA CENTR\u00cdFUGA. - Molygrafit - Lubricantes Especiales","isPartOf":{"@id":"https:\/\/molygrafit.com\/cl\/#website"},"primaryImageOfPage":{"@id":"https:\/\/molygrafit.com\/cl\/producto\/gw-2-grasa-de-alta-adherencia-resistente-a-la-fuerza-centrifuga\/#primaryimage"},"image":{"@id":"https:\/\/molygrafit.com\/cl\/producto\/gw-2-grasa-de-alta-adherencia-resistente-a-la-fuerza-centrifuga\/#primaryimage"},"thumbnailUrl":"https:\/\/molygrafit.com\/cl\/wp-content\/uploads\/2021\/03\/Baldes_Kilos_final.jpg","datePublished":"2021-05-25T18:47:33+00:00","dateModified":"2025-08-19T00:37:13+00:00","breadcrumb":{"@id":"https:\/\/molygrafit.com\/cl\/producto\/gw-2-grasa-de-alta-adherencia-resistente-a-la-fuerza-centrifuga\/#breadcrumb"},"inLanguage":"es-CL","potentialAction":[{"@type":"ReadAction","target":["https:\/\/molygrafit.com\/cl\/producto\/gw-2-grasa-de-alta-adherencia-resistente-a-la-fuerza-centrifuga\/"]}]},{"@type":"ImageObject","inLanguage":"es-CL","@id":"https:\/\/molygrafit.com\/cl\/producto\/gw-2-grasa-de-alta-adherencia-resistente-a-la-fuerza-centrifuga\/#primaryimage","url":"https:\/\/molygrafit.com\/cl\/wp-content\/uploads\/2021\/03\/Baldes_Kilos_final.jpg","contentUrl":"https:\/\/molygrafit.com\/cl\/wp-content\/uploads\/2021\/03\/Baldes_Kilos_final.jpg","width":600,"height":600},{"@type":"BreadcrumbList","@id":"https:\/\/molygrafit.com\/cl\/producto\/gw-2-grasa-de-alta-adherencia-resistente-a-la-fuerza-centrifuga\/#breadcrumb","itemListElement":[{"@type":"ListItem","position":1,"name":"In\u00edcio","item":"https:\/\/molygrafit.com\/cl\/"},{"@type":"ListItem","position":2,"name":"Tienda","item":"https:\/\/molygrafit.com\/cl\/"},{"@type":"ListItem","position":3,"name":"GW-2 > GRASA DE ALTA ADHERENCIA. RESISTENTE A LA FUERZA CENTR\u00cdFUGA."}]},{"@type":"WebSite","@id":"https:\/\/molygrafit.com\/cl\/#website","url":"https:\/\/molygrafit.com\/cl\/","name":"Molygrafit - Lubricantes Especiales","description":"","potentialAction":[{"@type":"SearchAction","target":{"@type":"EntryPoint","urlTemplate":"https:\/\/molygrafit.com\/cl\/?s={search_term_string}"},"query-input":{"@type":"PropertyValueSpecification","valueRequired":true,"valueName":"search_term_string"}}],"inLanguage":"es-CL"}]}},"_links":{"self":[{"href":"https:\/\/molygrafit.com\/cl\/wp-json\/wp\/v2\/product\/2320","targetHints":{"allow":["GET"]}}],"collection":[{"href":"https:\/\/molygrafit.com\/cl\/wp-json\/wp\/v2\/product"}],"about":[{"href":"https:\/\/molygrafit.com\/cl\/wp-json\/wp\/v2\/types\/product"}],"wp:featuredmedia":[{"embeddable":true,"href":"https:\/\/molygrafit.com\/cl\/wp-json\/wp\/v2\/media\/2074"}],"wp:attachment":[{"href":"https:\/\/molygrafit.com\/cl\/wp-json\/wp\/v2\/media?parent=2320"}],"wp:term":[{"taxonomy":"product_brand","embeddable":true,"href":"https:\/\/molygrafit.com\/cl\/wp-json\/wp\/v2\/product_brand?post=2320"},{"taxonomy":"product_cat","embeddable":true,"href":"https:\/\/molygrafit.com\/cl\/wp-json\/wp\/v2\/product_cat?post=2320"},{"taxonomy":"product_tag","embeddable":true,"href":"https:\/\/molygrafit.com\/cl\/wp-json\/wp\/v2\/product_tag?post=2320"}],"curies":[{"name":"wp","href":"https:\/\/api.w.org\/{rel}","templated":true}]}}