{"id":2321,"date":"2021-05-25T15:47:33","date_gmt":"2021-05-25T18:47:33","guid":{"rendered":"https:\/\/molygrafit.com\/cl\/producto\/import-placeholder-for-1834\/"},"modified":"2025-08-18T21:30:56","modified_gmt":"2025-08-19T00:30:56","slug":"gs-2-grasa-a-base-de-silicona-especial-ofrece-un-alto-aislamiento-y-no-ensucia-el-equipo","status":"publish","type":"product","link":"https:\/\/molygrafit.com\/cl\/producto\/gs-2-grasa-a-base-de-silicona-especial-ofrece-un-alto-aislamiento-y-no-ensucia-el-equipo\/","title":{"rendered":"GS-2 > GRASA A BASE DE SILICONA ESPECIAL, OFRECE UN ALTO AISLAMIENTO Y NO ENSUCIA EL EQUIPO."},"content":{"rendered":"<ul>\n<li>Apariencia: Homog\u00e9nea transparente<span class=\"Apple-converted-space\">\u00a0<\/span><\/li>\n<li>Base: Silicona<span class=\"Apple-converted-space\">\u00a0<\/span><\/li>\n<li>Espesante: Coloide Inorg\u00e1nico<span class=\"Apple-converted-space\">\u00a0<\/span><\/li>\n<li>Consistencia NLGI: 2<span class=\"Apple-converted-space\">\u00a0<\/span><\/li>\n<li>Penetraci\u00f3n Trabajada: 265-295<span class=\"Apple-converted-space\">\u00a0<\/span><\/li>\n<li>Solubilidad en agua: Insoluble<span class=\"Apple-converted-space\">\u00a0<\/span><\/li>\n<li>Temperatura de trabajo: -20\u00b0C a 250\u00b0C<span class=\"Apple-converted-space\">\u00a0<\/span><\/li>\n<li>Densidad: 1,0 g\/cm3<span class=\"Apple-converted-space\">\u00a0<\/span><\/li>\n<\/ul>\n","protected":false},"excerpt":{"rendered":"<p>MOLYGRAFIT GS-2 es una grasa de silicona preparada con aceites de silicona especiales, seleccionados para soportar altas temperaturas.<span class=\"Apple-converted-space\">\u00a0\u00a0<\/span><\/p>\n<p>Espesadas con coloide inorg\u00e1nico, inerte a ambientes agresivos. Soporta condiciones de trabajo adversas como humedad, ataques qu\u00edmicos, etc.<span class=\"Apple-converted-space\">\u00a0<\/span><\/p>\n<p>MOLYGRAFIT GS-2 es una grasa at\u00f3xica y con ausencia de olor, que puede lubrificar equipos que procesan alimentos o productos farmac\u00e9uticos. En la industria electro-electr\u00f3nica, presenta alto aislamiento y no ensucia el equipo, por ser transparente. Posee baja tasa de evaporaci\u00f3n, pudiendo sellar equipos bajo vac\u00edo.<span class=\"Apple-converted-space\">\u00a0<\/span><\/p>\n<p>MOLYGRAFIT GS-2 es segura para el operador, pues posee baja toxicidad y no es inflamable. Originalmente hecha con PTFE, puede ser aditivada tambi\u00e9n con bisulfuro de molibdeno (MOLYGRAFIT GS\/M).<span class=\"Apple-converted-space\">\u00a0<\/span><\/p>\n<p>Producto inerte, no ataca pl\u00e1sticos, tintas o cauchos.<span class=\"Apple-converted-space\">\u00a0<\/span><\/p>\n","protected":false},"featured_media":2074,"template":"","meta":{"_acf_changed":false},"product_brand":[],"product_cat":[166],"product_tag":[306,307],"class_list":{"0":"post-2321","1":"product","2":"type-product","3":"status-publish","4":"has-post-thumbnail","6":"product_cat-electrica-eletronica","7":"product_tag-grasa-a-base-de-silicona-especial","8":"product_tag-ofrece-un-alto-aislamiento-y-no-ensucia-el-equipo","10":"first","11":"instock","12":"shipping-taxable","13":"product-type-variable"},"acf":[],"yoast_head":"<!-- This site is optimized with the Yoast SEO plugin v26.9 - https:\/\/yoast.com\/product\/yoast-seo-wordpress\/ -->\n<title>GS-2 &gt; GRASA A BASE DE SILICONA ESPECIAL, OFRECE UN ALTO AISLAMIENTO Y NO ENSUCIA EL EQUIPO. - Molygrafit - Lubricantes Especiales<\/title>\n<meta name=\"robots\" content=\"index, follow, max-snippet:-1, max-image-preview:large, max-video-preview:-1\" \/>\n<link rel=\"canonical\" href=\"https:\/\/molygrafit.com\/cl\/producto\/gs-2-grasa-a-base-de-silicona-especial-ofrece-un-alto-aislamiento-y-no-ensucia-el-equipo\/\" \/>\n<meta property=\"og:locale\" content=\"es_ES\" \/>\n<meta property=\"og:type\" content=\"article\" \/>\n<meta property=\"og:title\" content=\"GS-2 &gt; GRASA A BASE DE SILICONA ESPECIAL, OFRECE UN ALTO AISLAMIENTO Y NO ENSUCIA EL EQUIPO. - Molygrafit - Lubricantes Especiales\" \/>\n<meta property=\"og:description\" content=\"MOLYGRAFIT GS-2 es una grasa de silicona preparada con aceites de silicona especiales, seleccionados para soportar altas temperaturas.\u00a0\u00a0  Espesadas con coloide inorg\u00e1nico, inerte a ambientes agresivos. Soporta condiciones de trabajo adversas como humedad, ataques qu\u00edmicos, etc.\u00a0  MOLYGRAFIT GS-2 es una grasa at\u00f3xica y con ausencia de olor, que puede lubrificar equipos que procesan alimentos o productos farmac\u00e9uticos. En la industria electro-electr\u00f3nica, presenta alto aislamiento y no ensucia el equipo, por ser transparente. Posee baja tasa de evaporaci\u00f3n, pudiendo sellar equipos bajo vac\u00edo.\u00a0  MOLYGRAFIT GS-2 es segura para el operador, pues posee baja toxicidad y no es inflamable. Originalmente hecha con PTFE, puede ser aditivada tambi\u00e9n con bisulfuro de molibdeno (MOLYGRAFIT GS\/M).\u00a0  Producto inerte, no ataca pl\u00e1sticos, tintas o cauchos.\u00a0\" \/>\n<meta property=\"og:url\" content=\"https:\/\/molygrafit.com\/cl\/producto\/gs-2-grasa-a-base-de-silicona-especial-ofrece-un-alto-aislamiento-y-no-ensucia-el-equipo\/\" \/>\n<meta property=\"og:site_name\" content=\"Molygrafit - Lubricantes Especiales\" \/>\n<meta property=\"article:modified_time\" content=\"2025-08-19T00:30:56+00:00\" \/>\n<meta property=\"og:image\" content=\"https:\/\/molygrafit.com\/cl\/wp-content\/uploads\/2021\/03\/Baldes_Kilos_final.jpg\" \/>\n\t<meta property=\"og:image:width\" content=\"600\" \/>\n\t<meta property=\"og:image:height\" content=\"600\" \/>\n\t<meta property=\"og:image:type\" content=\"image\/jpeg\" \/>\n<meta name=\"twitter:card\" content=\"summary_large_image\" \/>\n<script type=\"application\/ld+json\" class=\"yoast-schema-graph\">{\"@context\":\"https:\/\/schema.org\",\"@graph\":[{\"@type\":\"WebPage\",\"@id\":\"https:\/\/molygrafit.com\/cl\/producto\/gs-2-grasa-a-base-de-silicona-especial-ofrece-un-alto-aislamiento-y-no-ensucia-el-equipo\/\",\"url\":\"https:\/\/molygrafit.com\/cl\/producto\/gs-2-grasa-a-base-de-silicona-especial-ofrece-un-alto-aislamiento-y-no-ensucia-el-equipo\/\",\"name\":\"GS-2 > GRASA A BASE DE SILICONA ESPECIAL, OFRECE UN ALTO AISLAMIENTO Y NO ENSUCIA EL EQUIPO. - Molygrafit - Lubricantes Especiales\",\"isPartOf\":{\"@id\":\"https:\/\/molygrafit.com\/cl\/#website\"},\"primaryImageOfPage\":{\"@id\":\"https:\/\/molygrafit.com\/cl\/producto\/gs-2-grasa-a-base-de-silicona-especial-ofrece-un-alto-aislamiento-y-no-ensucia-el-equipo\/#primaryimage\"},\"image\":{\"@id\":\"https:\/\/molygrafit.com\/cl\/producto\/gs-2-grasa-a-base-de-silicona-especial-ofrece-un-alto-aislamiento-y-no-ensucia-el-equipo\/#primaryimage\"},\"thumbnailUrl\":\"https:\/\/molygrafit.com\/cl\/wp-content\/uploads\/2021\/03\/Baldes_Kilos_final.jpg\",\"datePublished\":\"2021-05-25T18:47:33+00:00\",\"dateModified\":\"2025-08-19T00:30:56+00:00\",\"breadcrumb\":{\"@id\":\"https:\/\/molygrafit.com\/cl\/producto\/gs-2-grasa-a-base-de-silicona-especial-ofrece-un-alto-aislamiento-y-no-ensucia-el-equipo\/#breadcrumb\"},\"inLanguage\":\"es-CL\",\"potentialAction\":[{\"@type\":\"ReadAction\",\"target\":[\"https:\/\/molygrafit.com\/cl\/producto\/gs-2-grasa-a-base-de-silicona-especial-ofrece-un-alto-aislamiento-y-no-ensucia-el-equipo\/\"]}]},{\"@type\":\"ImageObject\",\"inLanguage\":\"es-CL\",\"@id\":\"https:\/\/molygrafit.com\/cl\/producto\/gs-2-grasa-a-base-de-silicona-especial-ofrece-un-alto-aislamiento-y-no-ensucia-el-equipo\/#primaryimage\",\"url\":\"https:\/\/molygrafit.com\/cl\/wp-content\/uploads\/2021\/03\/Baldes_Kilos_final.jpg\",\"contentUrl\":\"https:\/\/molygrafit.com\/cl\/wp-content\/uploads\/2021\/03\/Baldes_Kilos_final.jpg\",\"width\":600,\"height\":600},{\"@type\":\"BreadcrumbList\",\"@id\":\"https:\/\/molygrafit.com\/cl\/producto\/gs-2-grasa-a-base-de-silicona-especial-ofrece-un-alto-aislamiento-y-no-ensucia-el-equipo\/#breadcrumb\",\"itemListElement\":[{\"@type\":\"ListItem\",\"position\":1,\"name\":\"In\u00edcio\",\"item\":\"https:\/\/molygrafit.com\/cl\/\"},{\"@type\":\"ListItem\",\"position\":2,\"name\":\"Tienda\",\"item\":\"https:\/\/molygrafit.com\/cl\/\"},{\"@type\":\"ListItem\",\"position\":3,\"name\":\"GS-2 > GRASA A BASE DE SILICONA ESPECIAL, OFRECE UN ALTO AISLAMIENTO Y NO ENSUCIA EL EQUIPO.\"}]},{\"@type\":\"WebSite\",\"@id\":\"https:\/\/molygrafit.com\/cl\/#website\",\"url\":\"https:\/\/molygrafit.com\/cl\/\",\"name\":\"Molygrafit - Lubricantes Especiales\",\"description\":\"\",\"potentialAction\":[{\"@type\":\"SearchAction\",\"target\":{\"@type\":\"EntryPoint\",\"urlTemplate\":\"https:\/\/molygrafit.com\/cl\/?s={search_term_string}\"},\"query-input\":{\"@type\":\"PropertyValueSpecification\",\"valueRequired\":true,\"valueName\":\"search_term_string\"}}],\"inLanguage\":\"es-CL\"}]}<\/script>\n<!-- \/ Yoast SEO plugin. -->","yoast_head_json":{"title":"GS-2 > GRASA A BASE DE SILICONA ESPECIAL, OFRECE UN ALTO AISLAMIENTO Y NO ENSUCIA EL EQUIPO. - Molygrafit - Lubricantes Especiales","robots":{"index":"index","follow":"follow","max-snippet":"max-snippet:-1","max-image-preview":"max-image-preview:large","max-video-preview":"max-video-preview:-1"},"canonical":"https:\/\/molygrafit.com\/cl\/producto\/gs-2-grasa-a-base-de-silicona-especial-ofrece-un-alto-aislamiento-y-no-ensucia-el-equipo\/","og_locale":"es_ES","og_type":"article","og_title":"GS-2 > GRASA A BASE DE SILICONA ESPECIAL, OFRECE UN ALTO AISLAMIENTO Y NO ENSUCIA EL EQUIPO. - Molygrafit - Lubricantes Especiales","og_description":"MOLYGRAFIT GS-2 es una grasa de silicona preparada con aceites de silicona especiales, seleccionados para soportar altas temperaturas.\u00a0\u00a0  Espesadas con coloide inorg\u00e1nico, inerte a ambientes agresivos. Soporta condiciones de trabajo adversas como humedad, ataques qu\u00edmicos, etc.\u00a0  MOLYGRAFIT GS-2 es una grasa at\u00f3xica y con ausencia de olor, que puede lubrificar equipos que procesan alimentos o productos farmac\u00e9uticos. En la industria electro-electr\u00f3nica, presenta alto aislamiento y no ensucia el equipo, por ser transparente. Posee baja tasa de evaporaci\u00f3n, pudiendo sellar equipos bajo vac\u00edo.\u00a0  MOLYGRAFIT GS-2 es segura para el operador, pues posee baja toxicidad y no es inflamable. Originalmente hecha con PTFE, puede ser aditivada tambi\u00e9n con bisulfuro de molibdeno (MOLYGRAFIT GS\/M).\u00a0  Producto inerte, no ataca pl\u00e1sticos, tintas o cauchos.\u00a0","og_url":"https:\/\/molygrafit.com\/cl\/producto\/gs-2-grasa-a-base-de-silicona-especial-ofrece-un-alto-aislamiento-y-no-ensucia-el-equipo\/","og_site_name":"Molygrafit - Lubricantes Especiales","article_modified_time":"2025-08-19T00:30:56+00:00","og_image":[{"width":600,"height":600,"url":"https:\/\/molygrafit.com\/cl\/wp-content\/uploads\/2021\/03\/Baldes_Kilos_final.jpg","type":"image\/jpeg"}],"twitter_card":"summary_large_image","schema":{"@context":"https:\/\/schema.org","@graph":[{"@type":"WebPage","@id":"https:\/\/molygrafit.com\/cl\/producto\/gs-2-grasa-a-base-de-silicona-especial-ofrece-un-alto-aislamiento-y-no-ensucia-el-equipo\/","url":"https:\/\/molygrafit.com\/cl\/producto\/gs-2-grasa-a-base-de-silicona-especial-ofrece-un-alto-aislamiento-y-no-ensucia-el-equipo\/","name":"GS-2 > GRASA A BASE DE SILICONA ESPECIAL, OFRECE UN ALTO AISLAMIENTO Y NO ENSUCIA EL EQUIPO. - Molygrafit - Lubricantes Especiales","isPartOf":{"@id":"https:\/\/molygrafit.com\/cl\/#website"},"primaryImageOfPage":{"@id":"https:\/\/molygrafit.com\/cl\/producto\/gs-2-grasa-a-base-de-silicona-especial-ofrece-un-alto-aislamiento-y-no-ensucia-el-equipo\/#primaryimage"},"image":{"@id":"https:\/\/molygrafit.com\/cl\/producto\/gs-2-grasa-a-base-de-silicona-especial-ofrece-un-alto-aislamiento-y-no-ensucia-el-equipo\/#primaryimage"},"thumbnailUrl":"https:\/\/molygrafit.com\/cl\/wp-content\/uploads\/2021\/03\/Baldes_Kilos_final.jpg","datePublished":"2021-05-25T18:47:33+00:00","dateModified":"2025-08-19T00:30:56+00:00","breadcrumb":{"@id":"https:\/\/molygrafit.com\/cl\/producto\/gs-2-grasa-a-base-de-silicona-especial-ofrece-un-alto-aislamiento-y-no-ensucia-el-equipo\/#breadcrumb"},"inLanguage":"es-CL","potentialAction":[{"@type":"ReadAction","target":["https:\/\/molygrafit.com\/cl\/producto\/gs-2-grasa-a-base-de-silicona-especial-ofrece-un-alto-aislamiento-y-no-ensucia-el-equipo\/"]}]},{"@type":"ImageObject","inLanguage":"es-CL","@id":"https:\/\/molygrafit.com\/cl\/producto\/gs-2-grasa-a-base-de-silicona-especial-ofrece-un-alto-aislamiento-y-no-ensucia-el-equipo\/#primaryimage","url":"https:\/\/molygrafit.com\/cl\/wp-content\/uploads\/2021\/03\/Baldes_Kilos_final.jpg","contentUrl":"https:\/\/molygrafit.com\/cl\/wp-content\/uploads\/2021\/03\/Baldes_Kilos_final.jpg","width":600,"height":600},{"@type":"BreadcrumbList","@id":"https:\/\/molygrafit.com\/cl\/producto\/gs-2-grasa-a-base-de-silicona-especial-ofrece-un-alto-aislamiento-y-no-ensucia-el-equipo\/#breadcrumb","itemListElement":[{"@type":"ListItem","position":1,"name":"In\u00edcio","item":"https:\/\/molygrafit.com\/cl\/"},{"@type":"ListItem","position":2,"name":"Tienda","item":"https:\/\/molygrafit.com\/cl\/"},{"@type":"ListItem","position":3,"name":"GS-2 > GRASA A BASE DE SILICONA ESPECIAL, OFRECE UN ALTO AISLAMIENTO Y NO ENSUCIA EL EQUIPO."}]},{"@type":"WebSite","@id":"https:\/\/molygrafit.com\/cl\/#website","url":"https:\/\/molygrafit.com\/cl\/","name":"Molygrafit - Lubricantes Especiales","description":"","potentialAction":[{"@type":"SearchAction","target":{"@type":"EntryPoint","urlTemplate":"https:\/\/molygrafit.com\/cl\/?s={search_term_string}"},"query-input":{"@type":"PropertyValueSpecification","valueRequired":true,"valueName":"search_term_string"}}],"inLanguage":"es-CL"}]}},"_links":{"self":[{"href":"https:\/\/molygrafit.com\/cl\/wp-json\/wp\/v2\/product\/2321","targetHints":{"allow":["GET"]}}],"collection":[{"href":"https:\/\/molygrafit.com\/cl\/wp-json\/wp\/v2\/product"}],"about":[{"href":"https:\/\/molygrafit.com\/cl\/wp-json\/wp\/v2\/types\/product"}],"wp:featuredmedia":[{"embeddable":true,"href":"https:\/\/molygrafit.com\/cl\/wp-json\/wp\/v2\/media\/2074"}],"wp:attachment":[{"href":"https:\/\/molygrafit.com\/cl\/wp-json\/wp\/v2\/media?parent=2321"}],"wp:term":[{"taxonomy":"product_brand","embeddable":true,"href":"https:\/\/molygrafit.com\/cl\/wp-json\/wp\/v2\/product_brand?post=2321"},{"taxonomy":"product_cat","embeddable":true,"href":"https:\/\/molygrafit.com\/cl\/wp-json\/wp\/v2\/product_cat?post=2321"},{"taxonomy":"product_tag","embeddable":true,"href":"https:\/\/molygrafit.com\/cl\/wp-json\/wp\/v2\/product_tag?post=2321"}],"curies":[{"name":"wp","href":"https:\/\/api.w.org\/{rel}","templated":true}]}}