{"id":2322,"date":"2021-05-25T15:47:33","date_gmt":"2021-05-25T18:47:33","guid":{"rendered":"https:\/\/molygrafit.com\/cl\/producto\/import-placeholder-for-1835\/"},"modified":"2025-08-20T19:39:09","modified_gmt":"2025-08-20T22:39:09","slug":"rodamientos-de-laminacion-y-colada-continua","status":"publish","type":"product","link":"https:\/\/molygrafit.com\/cl\/producto\/rodamientos-de-laminacion-y-colada-continua\/","title":{"rendered":"GRM-2 > GRASA HIDRORREPELENTE SEMISINT\u00c9TICA, SOPORTA ALTAS CARGAS, ALTAS TEMPERATURAS Y HUMEDAD. PARA USO EN RODAMIENTOS DE LAMINACI\u00d3N Y COLADA CONTINUA."},"content":{"rendered":"<ul>\n<li>Aceite B\u00e1sico: Mineral mixto \/ sint\u00e9tico<\/li>\n<li>Espesante: Coloide inorg\u00e1nico<\/li>\n<li>Consistencia NLGI: 2<\/li>\n<li>Penetraci\u00f3n trabajada: 265 \u2013 295<\/li>\n<li>Viscosidad del aceite b\u00e1sico: 560 cSt a 40 \u00b0C e 38 cSt a 100 \u00b0C<\/li>\n<li>Nivel de viscosidad: 95<\/li>\n<li>Punto de goteo ASTM D 566: Inexistente<\/li>\n<li>Lavado de agua ASTM D 1264 (79 \u00b0C): 4,0%<\/li>\n<li>Carga de soldadura ASTM D 2596: 400 Kgf<\/li>\n<li>Temperatura de uso: -20 a 250 \u00b0C<\/li>\n<li>Separaci\u00f3n de aceite 24 horas a 120 \u00b0C: &lt;1%<\/li>\n<li>Prevenci\u00f3n de \u00f3xido ASTM D 1743: Aprueba<\/li>\n<li>Corrosi\u00f3n hoja de cobre ASTM D 130: 1 a<\/li>\n<\/ul>\n","protected":false},"excerpt":{"rendered":"<p>MOLYGRAFIT GRM-2 es una grasa sint\u00e9tica para m\u00faltiples aplicaciones.<\/p>\n<p>Se puede utilizar en cojinetes, rodamientos, ejes, uniones rotativas etc.<\/p>\n<p>Est\u00e1 formulada con antioxidantes, anticorrosivos, adhesivos y extrema presi\u00f3n. Soporta atm\u00f3sferas\u00a0agresivas y h\u00famedas. Ideal para industrias que operan con alto contenido de humedad, como papel y\u00a0textiles.<\/p>\n<p>Soporta altas temperaturas durante largos periodos sin gotear ni dejar residuos.<\/p>\n<p>Tiene en su composici\u00f3n lubricante s\u00f3lido MoS2 \u2013 disulfuro de molibdeno.<\/p>\n","protected":false},"featured_media":2074,"template":"","meta":{"_acf_changed":false},"product_brand":[],"product_cat":[170,184,160,169,156],"product_tag":[304,302,303],"class_list":{"0":"post-2322","1":"product","2":"type-product","3":"status-publish","4":"has-post-thumbnail","6":"product_cat-cemento","7":"product_cat-embalaje","8":"product_cat-mecanica","9":"product_cat-siderurgica","10":"product_cat-textil","11":"product_tag-altas-temperaturas-y-humedad-para-uso-en-rodamientos-de-laminacion-y-colada-continua","12":"product_tag-grasa-hidrorrepelente-semisintetica","13":"product_tag-soporta-altas-cargas","15":"first","16":"instock","17":"shipping-taxable","18":"product-type-variable"},"acf":[],"yoast_head":"<!-- This site is optimized with the Yoast SEO plugin v26.9 - https:\/\/yoast.com\/product\/yoast-seo-wordpress\/ -->\n<title>GRM-2 &gt; GRASA HIDRORREPELENTE SEMISINT\u00c9TICA, SOPORTA ALTAS CARGAS, ALTAS TEMPERATURAS Y HUMEDAD. PARA USO EN RODAMIENTOS DE LAMINACI\u00d3N Y COLADA CONTINUA. - Molygrafit - Lubricantes Especiales<\/title>\n<meta name=\"robots\" content=\"index, follow, max-snippet:-1, max-image-preview:large, max-video-preview:-1\" \/>\n<link rel=\"canonical\" href=\"https:\/\/molygrafit.com\/cl\/producto\/rodamientos-de-laminacion-y-colada-continua\/\" \/>\n<meta property=\"og:locale\" content=\"es_ES\" \/>\n<meta property=\"og:type\" content=\"article\" \/>\n<meta property=\"og:title\" content=\"GRM-2 &gt; GRASA HIDRORREPELENTE SEMISINT\u00c9TICA, SOPORTA ALTAS CARGAS, ALTAS TEMPERATURAS Y HUMEDAD. PARA USO EN RODAMIENTOS DE LAMINACI\u00d3N Y COLADA CONTINUA. - Molygrafit - Lubricantes Especiales\" \/>\n<meta property=\"og:description\" content=\"MOLYGRAFIT GRM-2 es una grasa sint\u00e9tica para m\u00faltiples aplicaciones.  Se puede utilizar en cojinetes, rodamientos, ejes, uniones rotativas etc.  Est\u00e1 formulada con antioxidantes, anticorrosivos, adhesivos y extrema presi\u00f3n. Soporta atm\u00f3sferas\u00a0agresivas y h\u00famedas. Ideal para industrias que operan con alto contenido de humedad, como papel y\u00a0textiles.  Soporta altas temperaturas durante largos periodos sin gotear ni dejar residuos.  Tiene en su composici\u00f3n lubricante s\u00f3lido MoS2 \u2013 disulfuro de molibdeno.\" \/>\n<meta property=\"og:url\" content=\"https:\/\/molygrafit.com\/cl\/producto\/rodamientos-de-laminacion-y-colada-continua\/\" \/>\n<meta property=\"og:site_name\" content=\"Molygrafit - Lubricantes Especiales\" \/>\n<meta property=\"article:modified_time\" content=\"2025-08-20T22:39:09+00:00\" \/>\n<meta property=\"og:image\" content=\"https:\/\/molygrafit.com\/cl\/wp-content\/uploads\/2021\/03\/Baldes_Kilos_final.jpg\" \/>\n\t<meta property=\"og:image:width\" content=\"600\" \/>\n\t<meta property=\"og:image:height\" content=\"600\" \/>\n\t<meta property=\"og:image:type\" content=\"image\/jpeg\" \/>\n<meta name=\"twitter:card\" content=\"summary_large_image\" \/>\n<script type=\"application\/ld+json\" class=\"yoast-schema-graph\">{\"@context\":\"https:\/\/schema.org\",\"@graph\":[{\"@type\":\"WebPage\",\"@id\":\"https:\/\/molygrafit.com\/cl\/producto\/rodamientos-de-laminacion-y-colada-continua\/\",\"url\":\"https:\/\/molygrafit.com\/cl\/producto\/rodamientos-de-laminacion-y-colada-continua\/\",\"name\":\"GRM-2 > GRASA HIDRORREPELENTE SEMISINT\u00c9TICA, SOPORTA ALTAS CARGAS, ALTAS TEMPERATURAS Y HUMEDAD. PARA USO EN RODAMIENTOS DE LAMINACI\u00d3N Y COLADA CONTINUA. - Molygrafit - Lubricantes Especiales\",\"isPartOf\":{\"@id\":\"https:\/\/molygrafit.com\/cl\/#website\"},\"primaryImageOfPage\":{\"@id\":\"https:\/\/molygrafit.com\/cl\/producto\/rodamientos-de-laminacion-y-colada-continua\/#primaryimage\"},\"image\":{\"@id\":\"https:\/\/molygrafit.com\/cl\/producto\/rodamientos-de-laminacion-y-colada-continua\/#primaryimage\"},\"thumbnailUrl\":\"https:\/\/molygrafit.com\/cl\/wp-content\/uploads\/2021\/03\/Baldes_Kilos_final.jpg\",\"datePublished\":\"2021-05-25T18:47:33+00:00\",\"dateModified\":\"2025-08-20T22:39:09+00:00\",\"breadcrumb\":{\"@id\":\"https:\/\/molygrafit.com\/cl\/producto\/rodamientos-de-laminacion-y-colada-continua\/#breadcrumb\"},\"inLanguage\":\"es-CL\",\"potentialAction\":[{\"@type\":\"ReadAction\",\"target\":[\"https:\/\/molygrafit.com\/cl\/producto\/rodamientos-de-laminacion-y-colada-continua\/\"]}]},{\"@type\":\"ImageObject\",\"inLanguage\":\"es-CL\",\"@id\":\"https:\/\/molygrafit.com\/cl\/producto\/rodamientos-de-laminacion-y-colada-continua\/#primaryimage\",\"url\":\"https:\/\/molygrafit.com\/cl\/wp-content\/uploads\/2021\/03\/Baldes_Kilos_final.jpg\",\"contentUrl\":\"https:\/\/molygrafit.com\/cl\/wp-content\/uploads\/2021\/03\/Baldes_Kilos_final.jpg\",\"width\":600,\"height\":600},{\"@type\":\"BreadcrumbList\",\"@id\":\"https:\/\/molygrafit.com\/cl\/producto\/rodamientos-de-laminacion-y-colada-continua\/#breadcrumb\",\"itemListElement\":[{\"@type\":\"ListItem\",\"position\":1,\"name\":\"In\u00edcio\",\"item\":\"https:\/\/molygrafit.com\/cl\/\"},{\"@type\":\"ListItem\",\"position\":2,\"name\":\"Tienda\",\"item\":\"https:\/\/molygrafit.com\/cl\/\"},{\"@type\":\"ListItem\",\"position\":3,\"name\":\"GRM-2 > GRASA HIDRORREPELENTE SEMISINT\u00c9TICA, SOPORTA ALTAS CARGAS, ALTAS TEMPERATURAS Y HUMEDAD. PARA USO EN RODAMIENTOS DE LAMINACI\u00d3N Y COLADA CONTINUA.\"}]},{\"@type\":\"WebSite\",\"@id\":\"https:\/\/molygrafit.com\/cl\/#website\",\"url\":\"https:\/\/molygrafit.com\/cl\/\",\"name\":\"Molygrafit - Lubricantes Especiales\",\"description\":\"\",\"potentialAction\":[{\"@type\":\"SearchAction\",\"target\":{\"@type\":\"EntryPoint\",\"urlTemplate\":\"https:\/\/molygrafit.com\/cl\/?s={search_term_string}\"},\"query-input\":{\"@type\":\"PropertyValueSpecification\",\"valueRequired\":true,\"valueName\":\"search_term_string\"}}],\"inLanguage\":\"es-CL\"}]}<\/script>\n<!-- \/ Yoast SEO plugin. -->","yoast_head_json":{"title":"GRM-2 > GRASA HIDRORREPELENTE SEMISINT\u00c9TICA, SOPORTA ALTAS CARGAS, ALTAS TEMPERATURAS Y HUMEDAD. PARA USO EN RODAMIENTOS DE LAMINACI\u00d3N Y COLADA CONTINUA. - Molygrafit - Lubricantes Especiales","robots":{"index":"index","follow":"follow","max-snippet":"max-snippet:-1","max-image-preview":"max-image-preview:large","max-video-preview":"max-video-preview:-1"},"canonical":"https:\/\/molygrafit.com\/cl\/producto\/rodamientos-de-laminacion-y-colada-continua\/","og_locale":"es_ES","og_type":"article","og_title":"GRM-2 > GRASA HIDRORREPELENTE SEMISINT\u00c9TICA, SOPORTA ALTAS CARGAS, ALTAS TEMPERATURAS Y HUMEDAD. PARA USO EN RODAMIENTOS DE LAMINACI\u00d3N Y COLADA CONTINUA. - Molygrafit - Lubricantes Especiales","og_description":"MOLYGRAFIT GRM-2 es una grasa sint\u00e9tica para m\u00faltiples aplicaciones.  Se puede utilizar en cojinetes, rodamientos, ejes, uniones rotativas etc.  Est\u00e1 formulada con antioxidantes, anticorrosivos, adhesivos y extrema presi\u00f3n. Soporta atm\u00f3sferas\u00a0agresivas y h\u00famedas. Ideal para industrias que operan con alto contenido de humedad, como papel y\u00a0textiles.  Soporta altas temperaturas durante largos periodos sin gotear ni dejar residuos.  Tiene en su composici\u00f3n lubricante s\u00f3lido MoS2 \u2013 disulfuro de molibdeno.","og_url":"https:\/\/molygrafit.com\/cl\/producto\/rodamientos-de-laminacion-y-colada-continua\/","og_site_name":"Molygrafit - Lubricantes Especiales","article_modified_time":"2025-08-20T22:39:09+00:00","og_image":[{"width":600,"height":600,"url":"https:\/\/molygrafit.com\/cl\/wp-content\/uploads\/2021\/03\/Baldes_Kilos_final.jpg","type":"image\/jpeg"}],"twitter_card":"summary_large_image","schema":{"@context":"https:\/\/schema.org","@graph":[{"@type":"WebPage","@id":"https:\/\/molygrafit.com\/cl\/producto\/rodamientos-de-laminacion-y-colada-continua\/","url":"https:\/\/molygrafit.com\/cl\/producto\/rodamientos-de-laminacion-y-colada-continua\/","name":"GRM-2 > GRASA HIDRORREPELENTE SEMISINT\u00c9TICA, SOPORTA ALTAS CARGAS, ALTAS TEMPERATURAS Y HUMEDAD. PARA USO EN RODAMIENTOS DE LAMINACI\u00d3N Y COLADA CONTINUA. - Molygrafit - Lubricantes Especiales","isPartOf":{"@id":"https:\/\/molygrafit.com\/cl\/#website"},"primaryImageOfPage":{"@id":"https:\/\/molygrafit.com\/cl\/producto\/rodamientos-de-laminacion-y-colada-continua\/#primaryimage"},"image":{"@id":"https:\/\/molygrafit.com\/cl\/producto\/rodamientos-de-laminacion-y-colada-continua\/#primaryimage"},"thumbnailUrl":"https:\/\/molygrafit.com\/cl\/wp-content\/uploads\/2021\/03\/Baldes_Kilos_final.jpg","datePublished":"2021-05-25T18:47:33+00:00","dateModified":"2025-08-20T22:39:09+00:00","breadcrumb":{"@id":"https:\/\/molygrafit.com\/cl\/producto\/rodamientos-de-laminacion-y-colada-continua\/#breadcrumb"},"inLanguage":"es-CL","potentialAction":[{"@type":"ReadAction","target":["https:\/\/molygrafit.com\/cl\/producto\/rodamientos-de-laminacion-y-colada-continua\/"]}]},{"@type":"ImageObject","inLanguage":"es-CL","@id":"https:\/\/molygrafit.com\/cl\/producto\/rodamientos-de-laminacion-y-colada-continua\/#primaryimage","url":"https:\/\/molygrafit.com\/cl\/wp-content\/uploads\/2021\/03\/Baldes_Kilos_final.jpg","contentUrl":"https:\/\/molygrafit.com\/cl\/wp-content\/uploads\/2021\/03\/Baldes_Kilos_final.jpg","width":600,"height":600},{"@type":"BreadcrumbList","@id":"https:\/\/molygrafit.com\/cl\/producto\/rodamientos-de-laminacion-y-colada-continua\/#breadcrumb","itemListElement":[{"@type":"ListItem","position":1,"name":"In\u00edcio","item":"https:\/\/molygrafit.com\/cl\/"},{"@type":"ListItem","position":2,"name":"Tienda","item":"https:\/\/molygrafit.com\/cl\/"},{"@type":"ListItem","position":3,"name":"GRM-2 > GRASA HIDRORREPELENTE SEMISINT\u00c9TICA, SOPORTA ALTAS CARGAS, ALTAS TEMPERATURAS Y HUMEDAD. PARA USO EN RODAMIENTOS DE LAMINACI\u00d3N Y COLADA CONTINUA."}]},{"@type":"WebSite","@id":"https:\/\/molygrafit.com\/cl\/#website","url":"https:\/\/molygrafit.com\/cl\/","name":"Molygrafit - Lubricantes Especiales","description":"","potentialAction":[{"@type":"SearchAction","target":{"@type":"EntryPoint","urlTemplate":"https:\/\/molygrafit.com\/cl\/?s={search_term_string}"},"query-input":{"@type":"PropertyValueSpecification","valueRequired":true,"valueName":"search_term_string"}}],"inLanguage":"es-CL"}]}},"_links":{"self":[{"href":"https:\/\/molygrafit.com\/cl\/wp-json\/wp\/v2\/product\/2322","targetHints":{"allow":["GET"]}}],"collection":[{"href":"https:\/\/molygrafit.com\/cl\/wp-json\/wp\/v2\/product"}],"about":[{"href":"https:\/\/molygrafit.com\/cl\/wp-json\/wp\/v2\/types\/product"}],"wp:featuredmedia":[{"embeddable":true,"href":"https:\/\/molygrafit.com\/cl\/wp-json\/wp\/v2\/media\/2074"}],"wp:attachment":[{"href":"https:\/\/molygrafit.com\/cl\/wp-json\/wp\/v2\/media?parent=2322"}],"wp:term":[{"taxonomy":"product_brand","embeddable":true,"href":"https:\/\/molygrafit.com\/cl\/wp-json\/wp\/v2\/product_brand?post=2322"},{"taxonomy":"product_cat","embeddable":true,"href":"https:\/\/molygrafit.com\/cl\/wp-json\/wp\/v2\/product_cat?post=2322"},{"taxonomy":"product_tag","embeddable":true,"href":"https:\/\/molygrafit.com\/cl\/wp-json\/wp\/v2\/product_tag?post=2322"}],"curies":[{"name":"wp","href":"https:\/\/api.w.org\/{rel}","templated":true}]}}