{"id":2323,"date":"2021-05-25T15:47:34","date_gmt":"2021-05-25T18:47:34","guid":{"rendered":"https:\/\/molygrafit.com\/cl\/producto\/import-placeholder-for-1836\/"},"modified":"2025-08-18T21:35:57","modified_gmt":"2025-08-19T00:35:57","slug":"grm-1-sep-grasa-semisintetica-hidrorrepelente-resistente-a-cargas-muy-altas-altas-temperaturas-y-humedad","status":"publish","type":"product","link":"https:\/\/molygrafit.com\/cl\/producto\/grm-1-sep-grasa-semisintetica-hidrorrepelente-resistente-a-cargas-muy-altas-altas-temperaturas-y-humedad\/","title":{"rendered":"GRM-1\/SEP > GRASA SEMISINT\u00c9TICA, HIDRORREPELENTE, RESISTENTE A CARGAS MUY ALTAS, ALTAS TEMPERATURAS Y HUMEDAD."},"content":{"rendered":"<ul>\n<li>Aceite B\u00e1sico: Mineral mixto \/ sint\u00e9tico<\/li>\n<li>Espesante: Coloide inorg\u00e1nico<\/li>\n<li>Consistencia NLGI: 1<\/li>\n<li>Penetraci\u00f3n trabajada: 310 \u2013 340<\/li>\n<li>Punto de goteo ASTM D 566: Inexistente<\/li>\n<li>Lavado de agua ASTM D 1264 (79 \u00b0C): 4,01%<\/li>\n<li>Temperatura de uso: -20 a 250 \u00b0C<\/li>\n<li>Separaci\u00f3n de aceite 24 horas a 120 \u00b0C: menor que 1%<\/li>\n<li>Carga de soldadura ASTM D 2596: 800 Kgf<\/li>\n<\/ul>\n","protected":false},"excerpt":{"rendered":"<p>MOLYGRAFIT GRM-1\/SEP es una grasa semisint\u00e9tica para m\u00faltiples aplicaciones.<\/p>\n<p>Se puede utilizar en cojinetes, rodamientos, ejes, uniones rotativas, ruedas etc.<\/p>\n<p>Est\u00e1 formulada con antioxidantes, anticorrosivos, adhesivos y extrema presi\u00f3n.<\/p>\n<p>Soporta atm\u00f3sferas agresivas y h\u00famedas. Ideal para industrias que operan con alto contenido de\u00a0humedad, como papel y textiles.<\/p>\n<p>Soporta altas temperaturas durante largos periodos sin gotear ni dejar residuos.<\/p>\n<p>Tiene en su composici\u00f3n lubricante s\u00f3lido MoS2 \u2013 disulfuro de molibdeno.<\/p>\n<p>Formulada con un alto contenido de aditivos de extrema presi\u00f3n, soporta grandes cargas de trabajo.<\/p>\n<p>Producto no t\u00f3xico, no inflamable, seguro para el operador.<\/p>\n","protected":false},"featured_media":2074,"template":"","meta":{"_acf_changed":false},"product_brand":[],"product_cat":[161,167,165],"product_tag":[274,271,272,273],"class_list":{"0":"post-2323","1":"product","2":"type-product","3":"status-publish","4":"has-post-thumbnail","6":"product_cat-azucar-y-alcohol","7":"product_cat-papelera","8":"product_cat-vidrios","9":"product_tag-altas-temperaturas-y-humedad","10":"product_tag-grasa-semisintetica","11":"product_tag-hidrorrepelente","12":"product_tag-resistente-a-cargas-muy-altas","14":"first","15":"instock","16":"shipping-taxable","17":"product-type-variable"},"acf":[],"yoast_head":"<!-- This site is optimized with the Yoast SEO plugin v26.9 - https:\/\/yoast.com\/product\/yoast-seo-wordpress\/ -->\n<title>GRM-1\/SEP &gt; GRASA SEMISINT\u00c9TICA, HIDRORREPELENTE, RESISTENTE A CARGAS MUY ALTAS, ALTAS TEMPERATURAS Y HUMEDAD. - Molygrafit - Lubricantes Especiales<\/title>\n<meta name=\"robots\" content=\"index, follow, max-snippet:-1, max-image-preview:large, max-video-preview:-1\" \/>\n<link rel=\"canonical\" href=\"https:\/\/molygrafit.com\/cl\/producto\/grm-1-sep-grasa-semisintetica-hidrorrepelente-resistente-a-cargas-muy-altas-altas-temperaturas-y-humedad\/\" \/>\n<meta property=\"og:locale\" content=\"es_ES\" \/>\n<meta property=\"og:type\" content=\"article\" \/>\n<meta property=\"og:title\" content=\"GRM-1\/SEP &gt; GRASA SEMISINT\u00c9TICA, HIDRORREPELENTE, RESISTENTE A CARGAS MUY ALTAS, ALTAS TEMPERATURAS Y HUMEDAD. - Molygrafit - Lubricantes Especiales\" \/>\n<meta property=\"og:description\" content=\"MOLYGRAFIT GRM-1\/SEP es una grasa semisint\u00e9tica para m\u00faltiples aplicaciones.  Se puede utilizar en cojinetes, rodamientos, ejes, uniones rotativas, ruedas etc.  Est\u00e1 formulada con antioxidantes, anticorrosivos, adhesivos y extrema presi\u00f3n.  Soporta atm\u00f3sferas agresivas y h\u00famedas. Ideal para industrias que operan con alto contenido de\u00a0humedad, como papel y textiles.  Soporta altas temperaturas durante largos periodos sin gotear ni dejar residuos.  Tiene en su composici\u00f3n lubricante s\u00f3lido MoS2 \u2013 disulfuro de molibdeno.  Formulada con un alto contenido de aditivos de extrema presi\u00f3n, soporta grandes cargas de trabajo.  Producto no t\u00f3xico, no inflamable, seguro para el operador.\" \/>\n<meta property=\"og:url\" content=\"https:\/\/molygrafit.com\/cl\/producto\/grm-1-sep-grasa-semisintetica-hidrorrepelente-resistente-a-cargas-muy-altas-altas-temperaturas-y-humedad\/\" \/>\n<meta property=\"og:site_name\" content=\"Molygrafit - Lubricantes Especiales\" \/>\n<meta property=\"article:modified_time\" content=\"2025-08-19T00:35:57+00:00\" \/>\n<meta property=\"og:image\" content=\"https:\/\/molygrafit.com\/cl\/wp-content\/uploads\/2021\/03\/Baldes_Kilos_final.jpg\" \/>\n\t<meta property=\"og:image:width\" content=\"600\" \/>\n\t<meta property=\"og:image:height\" content=\"600\" \/>\n\t<meta property=\"og:image:type\" content=\"image\/jpeg\" \/>\n<meta name=\"twitter:card\" content=\"summary_large_image\" \/>\n<script type=\"application\/ld+json\" class=\"yoast-schema-graph\">{\"@context\":\"https:\/\/schema.org\",\"@graph\":[{\"@type\":\"WebPage\",\"@id\":\"https:\/\/molygrafit.com\/cl\/producto\/grm-1-sep-grasa-semisintetica-hidrorrepelente-resistente-a-cargas-muy-altas-altas-temperaturas-y-humedad\/\",\"url\":\"https:\/\/molygrafit.com\/cl\/producto\/grm-1-sep-grasa-semisintetica-hidrorrepelente-resistente-a-cargas-muy-altas-altas-temperaturas-y-humedad\/\",\"name\":\"GRM-1\/SEP > GRASA SEMISINT\u00c9TICA, HIDRORREPELENTE, RESISTENTE A CARGAS MUY ALTAS, ALTAS TEMPERATURAS Y HUMEDAD. - Molygrafit - Lubricantes Especiales\",\"isPartOf\":{\"@id\":\"https:\/\/molygrafit.com\/cl\/#website\"},\"primaryImageOfPage\":{\"@id\":\"https:\/\/molygrafit.com\/cl\/producto\/grm-1-sep-grasa-semisintetica-hidrorrepelente-resistente-a-cargas-muy-altas-altas-temperaturas-y-humedad\/#primaryimage\"},\"image\":{\"@id\":\"https:\/\/molygrafit.com\/cl\/producto\/grm-1-sep-grasa-semisintetica-hidrorrepelente-resistente-a-cargas-muy-altas-altas-temperaturas-y-humedad\/#primaryimage\"},\"thumbnailUrl\":\"https:\/\/molygrafit.com\/cl\/wp-content\/uploads\/2021\/03\/Baldes_Kilos_final.jpg\",\"datePublished\":\"2021-05-25T18:47:34+00:00\",\"dateModified\":\"2025-08-19T00:35:57+00:00\",\"breadcrumb\":{\"@id\":\"https:\/\/molygrafit.com\/cl\/producto\/grm-1-sep-grasa-semisintetica-hidrorrepelente-resistente-a-cargas-muy-altas-altas-temperaturas-y-humedad\/#breadcrumb\"},\"inLanguage\":\"es-CL\",\"potentialAction\":[{\"@type\":\"ReadAction\",\"target\":[\"https:\/\/molygrafit.com\/cl\/producto\/grm-1-sep-grasa-semisintetica-hidrorrepelente-resistente-a-cargas-muy-altas-altas-temperaturas-y-humedad\/\"]}]},{\"@type\":\"ImageObject\",\"inLanguage\":\"es-CL\",\"@id\":\"https:\/\/molygrafit.com\/cl\/producto\/grm-1-sep-grasa-semisintetica-hidrorrepelente-resistente-a-cargas-muy-altas-altas-temperaturas-y-humedad\/#primaryimage\",\"url\":\"https:\/\/molygrafit.com\/cl\/wp-content\/uploads\/2021\/03\/Baldes_Kilos_final.jpg\",\"contentUrl\":\"https:\/\/molygrafit.com\/cl\/wp-content\/uploads\/2021\/03\/Baldes_Kilos_final.jpg\",\"width\":600,\"height\":600},{\"@type\":\"BreadcrumbList\",\"@id\":\"https:\/\/molygrafit.com\/cl\/producto\/grm-1-sep-grasa-semisintetica-hidrorrepelente-resistente-a-cargas-muy-altas-altas-temperaturas-y-humedad\/#breadcrumb\",\"itemListElement\":[{\"@type\":\"ListItem\",\"position\":1,\"name\":\"In\u00edcio\",\"item\":\"https:\/\/molygrafit.com\/cl\/\"},{\"@type\":\"ListItem\",\"position\":2,\"name\":\"Tienda\",\"item\":\"https:\/\/molygrafit.com\/cl\/\"},{\"@type\":\"ListItem\",\"position\":3,\"name\":\"GRM-1\/SEP > GRASA SEMISINT\u00c9TICA, HIDRORREPELENTE, RESISTENTE A CARGAS MUY ALTAS, ALTAS TEMPERATURAS Y HUMEDAD.\"}]},{\"@type\":\"WebSite\",\"@id\":\"https:\/\/molygrafit.com\/cl\/#website\",\"url\":\"https:\/\/molygrafit.com\/cl\/\",\"name\":\"Molygrafit - Lubricantes Especiales\",\"description\":\"\",\"potentialAction\":[{\"@type\":\"SearchAction\",\"target\":{\"@type\":\"EntryPoint\",\"urlTemplate\":\"https:\/\/molygrafit.com\/cl\/?s={search_term_string}\"},\"query-input\":{\"@type\":\"PropertyValueSpecification\",\"valueRequired\":true,\"valueName\":\"search_term_string\"}}],\"inLanguage\":\"es-CL\"}]}<\/script>\n<!-- \/ Yoast SEO plugin. -->","yoast_head_json":{"title":"GRM-1\/SEP > GRASA SEMISINT\u00c9TICA, HIDRORREPELENTE, RESISTENTE A CARGAS MUY ALTAS, ALTAS TEMPERATURAS Y HUMEDAD. - Molygrafit - Lubricantes Especiales","robots":{"index":"index","follow":"follow","max-snippet":"max-snippet:-1","max-image-preview":"max-image-preview:large","max-video-preview":"max-video-preview:-1"},"canonical":"https:\/\/molygrafit.com\/cl\/producto\/grm-1-sep-grasa-semisintetica-hidrorrepelente-resistente-a-cargas-muy-altas-altas-temperaturas-y-humedad\/","og_locale":"es_ES","og_type":"article","og_title":"GRM-1\/SEP > GRASA SEMISINT\u00c9TICA, HIDRORREPELENTE, RESISTENTE A CARGAS MUY ALTAS, ALTAS TEMPERATURAS Y HUMEDAD. - Molygrafit - Lubricantes Especiales","og_description":"MOLYGRAFIT GRM-1\/SEP es una grasa semisint\u00e9tica para m\u00faltiples aplicaciones.  Se puede utilizar en cojinetes, rodamientos, ejes, uniones rotativas, ruedas etc.  Est\u00e1 formulada con antioxidantes, anticorrosivos, adhesivos y extrema presi\u00f3n.  Soporta atm\u00f3sferas agresivas y h\u00famedas. Ideal para industrias que operan con alto contenido de\u00a0humedad, como papel y textiles.  Soporta altas temperaturas durante largos periodos sin gotear ni dejar residuos.  Tiene en su composici\u00f3n lubricante s\u00f3lido MoS2 \u2013 disulfuro de molibdeno.  Formulada con un alto contenido de aditivos de extrema presi\u00f3n, soporta grandes cargas de trabajo.  Producto no t\u00f3xico, no inflamable, seguro para el operador.","og_url":"https:\/\/molygrafit.com\/cl\/producto\/grm-1-sep-grasa-semisintetica-hidrorrepelente-resistente-a-cargas-muy-altas-altas-temperaturas-y-humedad\/","og_site_name":"Molygrafit - Lubricantes Especiales","article_modified_time":"2025-08-19T00:35:57+00:00","og_image":[{"width":600,"height":600,"url":"https:\/\/molygrafit.com\/cl\/wp-content\/uploads\/2021\/03\/Baldes_Kilos_final.jpg","type":"image\/jpeg"}],"twitter_card":"summary_large_image","schema":{"@context":"https:\/\/schema.org","@graph":[{"@type":"WebPage","@id":"https:\/\/molygrafit.com\/cl\/producto\/grm-1-sep-grasa-semisintetica-hidrorrepelente-resistente-a-cargas-muy-altas-altas-temperaturas-y-humedad\/","url":"https:\/\/molygrafit.com\/cl\/producto\/grm-1-sep-grasa-semisintetica-hidrorrepelente-resistente-a-cargas-muy-altas-altas-temperaturas-y-humedad\/","name":"GRM-1\/SEP > GRASA SEMISINT\u00c9TICA, HIDRORREPELENTE, RESISTENTE A CARGAS MUY ALTAS, ALTAS TEMPERATURAS Y HUMEDAD. - Molygrafit - Lubricantes Especiales","isPartOf":{"@id":"https:\/\/molygrafit.com\/cl\/#website"},"primaryImageOfPage":{"@id":"https:\/\/molygrafit.com\/cl\/producto\/grm-1-sep-grasa-semisintetica-hidrorrepelente-resistente-a-cargas-muy-altas-altas-temperaturas-y-humedad\/#primaryimage"},"image":{"@id":"https:\/\/molygrafit.com\/cl\/producto\/grm-1-sep-grasa-semisintetica-hidrorrepelente-resistente-a-cargas-muy-altas-altas-temperaturas-y-humedad\/#primaryimage"},"thumbnailUrl":"https:\/\/molygrafit.com\/cl\/wp-content\/uploads\/2021\/03\/Baldes_Kilos_final.jpg","datePublished":"2021-05-25T18:47:34+00:00","dateModified":"2025-08-19T00:35:57+00:00","breadcrumb":{"@id":"https:\/\/molygrafit.com\/cl\/producto\/grm-1-sep-grasa-semisintetica-hidrorrepelente-resistente-a-cargas-muy-altas-altas-temperaturas-y-humedad\/#breadcrumb"},"inLanguage":"es-CL","potentialAction":[{"@type":"ReadAction","target":["https:\/\/molygrafit.com\/cl\/producto\/grm-1-sep-grasa-semisintetica-hidrorrepelente-resistente-a-cargas-muy-altas-altas-temperaturas-y-humedad\/"]}]},{"@type":"ImageObject","inLanguage":"es-CL","@id":"https:\/\/molygrafit.com\/cl\/producto\/grm-1-sep-grasa-semisintetica-hidrorrepelente-resistente-a-cargas-muy-altas-altas-temperaturas-y-humedad\/#primaryimage","url":"https:\/\/molygrafit.com\/cl\/wp-content\/uploads\/2021\/03\/Baldes_Kilos_final.jpg","contentUrl":"https:\/\/molygrafit.com\/cl\/wp-content\/uploads\/2021\/03\/Baldes_Kilos_final.jpg","width":600,"height":600},{"@type":"BreadcrumbList","@id":"https:\/\/molygrafit.com\/cl\/producto\/grm-1-sep-grasa-semisintetica-hidrorrepelente-resistente-a-cargas-muy-altas-altas-temperaturas-y-humedad\/#breadcrumb","itemListElement":[{"@type":"ListItem","position":1,"name":"In\u00edcio","item":"https:\/\/molygrafit.com\/cl\/"},{"@type":"ListItem","position":2,"name":"Tienda","item":"https:\/\/molygrafit.com\/cl\/"},{"@type":"ListItem","position":3,"name":"GRM-1\/SEP > GRASA SEMISINT\u00c9TICA, HIDRORREPELENTE, RESISTENTE A CARGAS MUY ALTAS, ALTAS TEMPERATURAS Y HUMEDAD."}]},{"@type":"WebSite","@id":"https:\/\/molygrafit.com\/cl\/#website","url":"https:\/\/molygrafit.com\/cl\/","name":"Molygrafit - Lubricantes Especiales","description":"","potentialAction":[{"@type":"SearchAction","target":{"@type":"EntryPoint","urlTemplate":"https:\/\/molygrafit.com\/cl\/?s={search_term_string}"},"query-input":{"@type":"PropertyValueSpecification","valueRequired":true,"valueName":"search_term_string"}}],"inLanguage":"es-CL"}]}},"_links":{"self":[{"href":"https:\/\/molygrafit.com\/cl\/wp-json\/wp\/v2\/product\/2323","targetHints":{"allow":["GET"]}}],"collection":[{"href":"https:\/\/molygrafit.com\/cl\/wp-json\/wp\/v2\/product"}],"about":[{"href":"https:\/\/molygrafit.com\/cl\/wp-json\/wp\/v2\/types\/product"}],"wp:featuredmedia":[{"embeddable":true,"href":"https:\/\/molygrafit.com\/cl\/wp-json\/wp\/v2\/media\/2074"}],"wp:attachment":[{"href":"https:\/\/molygrafit.com\/cl\/wp-json\/wp\/v2\/media?parent=2323"}],"wp:term":[{"taxonomy":"product_brand","embeddable":true,"href":"https:\/\/molygrafit.com\/cl\/wp-json\/wp\/v2\/product_brand?post=2323"},{"taxonomy":"product_cat","embeddable":true,"href":"https:\/\/molygrafit.com\/cl\/wp-json\/wp\/v2\/product_cat?post=2323"},{"taxonomy":"product_tag","embeddable":true,"href":"https:\/\/molygrafit.com\/cl\/wp-json\/wp\/v2\/product_tag?post=2323"}],"curies":[{"name":"wp","href":"https:\/\/api.w.org\/{rel}","templated":true}]}}