{"id":2324,"date":"2021-05-25T15:47:34","date_gmt":"2021-05-25T18:47:34","guid":{"rendered":"https:\/\/molygrafit.com\/cl\/producto\/import-placeholder-for-1837\/"},"modified":"2025-08-20T19:39:32","modified_gmt":"2025-08-20T22:39:32","slug":"grc-00-grasa-formulada-para-lubricacion-de-cables-de-acero-elimina-los-problemas-de-fugas","status":"publish","type":"product","link":"https:\/\/molygrafit.com\/cl\/producto\/grc-00-grasa-formulada-para-lubricacion-de-cables-de-acero-elimina-los-problemas-de-fugas\/","title":{"rendered":"GRC-00 > GRASA FORMULADA PARA LUBRICACI\u00d3N DE CABLES DE ACERO; ELIMINA LOS PROBLEMAS DE FUGAS."},"content":{"rendered":"<ul>\n<li>Base: Aceite Mineral Puro<\/li>\n<li>Espesante: Coloide Inorg\u00e1nico<\/li>\n<li>Consistencia: NLGI-00<\/li>\n<li>Temperatura de Trabajo: -20\u00baC a 200\u00baC<\/li>\n<li>Punto de Goteo ASTM D 566: Inexistente<\/li>\n<li>Penetraci\u00f3n: 420 &#8211; 450<\/li>\n<li>Lubricante S\u00f3lido: Disulfuro de Molibdeno<\/li>\n<li>Prueba de carga y soldadura ASTM D 2596: 255 Kgf<\/li>\n<\/ul>\n","protected":false},"excerpt":{"rendered":"<p>Grasa producida con espesante sint\u00e9tico, especialmente formulada para lubricaci\u00f3n de cables de acero,\u00a0presentando las siguientes caracter\u00edsticas:<\/p>\n<p>A) Producto de \u00f3ptima fluidez, que permite su penetraci\u00f3n en el cable, lubricando los alambres internos\u00a0y aumentando considerablemente su vida \u00fatil.<\/p>\n<p>B) Posee en su formulaci\u00f3n agentes de extrema presi\u00f3n, resistiendo a altas cargas, y de adhesividad,\u00a0impidiendo las salpicaduras que ensucian el ambiente de trabajo.<\/p>\n<p>C) Forma una fina pel\u00edcula lubricante externa, impidiendo la formaci\u00f3n de la c\u00e1scara que se puede\u00a0observar con el uso de lubricantes convencionales, que promueven la continua adhesi\u00f3n de polvillo e\u00a0impurezas del aire.<\/p>\n<p>D) Proporciona largos per\u00edodos de lubricaci\u00f3n.<\/p>\n<p>Puede ser surtida en aerosol: MOLYGRAFIT ACR.<\/p>\n","protected":false},"featured_media":2074,"template":"","meta":{"_acf_changed":false},"product_brand":[],"product_cat":[159,161,155],"product_tag":[288],"class_list":{"0":"post-2324","1":"product","2":"type-product","3":"status-publish","4":"has-post-thumbnail","6":"product_cat-aplicaciones-comunes","7":"product_cat-azucar-y-alcohol","8":"product_cat-offshore-naval","9":"product_tag-grasa-formulada-para-lubricacion-de-cables-de-acero-elimina-los-problemas-de-fugas","11":"first","12":"instock","13":"shipping-taxable","14":"product-type-variable"},"acf":[],"yoast_head":"<!-- This site is optimized with the Yoast SEO plugin v26.9 - https:\/\/yoast.com\/product\/yoast-seo-wordpress\/ -->\n<title>GRC-00 &gt; GRASA FORMULADA PARA LUBRICACI\u00d3N DE CABLES DE ACERO; ELIMINA LOS PROBLEMAS DE FUGAS. - Molygrafit - Lubricantes Especiales<\/title>\n<meta name=\"robots\" content=\"index, follow, max-snippet:-1, max-image-preview:large, max-video-preview:-1\" \/>\n<link rel=\"canonical\" href=\"https:\/\/molygrafit.com\/cl\/producto\/grc-00-grasa-formulada-para-lubricacion-de-cables-de-acero-elimina-los-problemas-de-fugas\/\" \/>\n<meta property=\"og:locale\" content=\"es_ES\" \/>\n<meta property=\"og:type\" content=\"article\" \/>\n<meta property=\"og:title\" content=\"GRC-00 &gt; GRASA FORMULADA PARA LUBRICACI\u00d3N DE CABLES DE ACERO; ELIMINA LOS PROBLEMAS DE FUGAS. - Molygrafit - Lubricantes Especiales\" \/>\n<meta property=\"og:description\" content=\"Grasa producida con espesante sint\u00e9tico, especialmente formulada para lubricaci\u00f3n de cables de acero,\u00a0presentando las siguientes caracter\u00edsticas:  A) Producto de \u00f3ptima fluidez, que permite su penetraci\u00f3n en el cable, lubricando los alambres internos\u00a0y aumentando considerablemente su vida \u00fatil.  B) Posee en su formulaci\u00f3n agentes de extrema presi\u00f3n, resistiendo a altas cargas, y de adhesividad,\u00a0impidiendo las salpicaduras que ensucian el ambiente de trabajo.  C) Forma una fina pel\u00edcula lubricante externa, impidiendo la formaci\u00f3n de la c\u00e1scara que se puede\u00a0observar con el uso de lubricantes convencionales, que promueven la continua adhesi\u00f3n de polvillo e\u00a0impurezas del aire.  D) Proporciona largos per\u00edodos de lubricaci\u00f3n.  Puede ser surtida en aerosol: MOLYGRAFIT ACR.\" \/>\n<meta property=\"og:url\" content=\"https:\/\/molygrafit.com\/cl\/producto\/grc-00-grasa-formulada-para-lubricacion-de-cables-de-acero-elimina-los-problemas-de-fugas\/\" \/>\n<meta property=\"og:site_name\" content=\"Molygrafit - Lubricantes Especiales\" \/>\n<meta property=\"article:modified_time\" content=\"2025-08-20T22:39:32+00:00\" \/>\n<meta property=\"og:image\" content=\"https:\/\/molygrafit.com\/cl\/wp-content\/uploads\/2021\/03\/Baldes_Kilos_final.jpg\" \/>\n\t<meta property=\"og:image:width\" content=\"600\" \/>\n\t<meta property=\"og:image:height\" content=\"600\" \/>\n\t<meta property=\"og:image:type\" content=\"image\/jpeg\" \/>\n<meta name=\"twitter:card\" content=\"summary_large_image\" \/>\n<script type=\"application\/ld+json\" class=\"yoast-schema-graph\">{\"@context\":\"https:\/\/schema.org\",\"@graph\":[{\"@type\":\"WebPage\",\"@id\":\"https:\/\/molygrafit.com\/cl\/producto\/grc-00-grasa-formulada-para-lubricacion-de-cables-de-acero-elimina-los-problemas-de-fugas\/\",\"url\":\"https:\/\/molygrafit.com\/cl\/producto\/grc-00-grasa-formulada-para-lubricacion-de-cables-de-acero-elimina-los-problemas-de-fugas\/\",\"name\":\"GRC-00 > GRASA FORMULADA PARA LUBRICACI\u00d3N DE CABLES DE ACERO; ELIMINA LOS PROBLEMAS DE FUGAS. - Molygrafit - Lubricantes Especiales\",\"isPartOf\":{\"@id\":\"https:\/\/molygrafit.com\/cl\/#website\"},\"primaryImageOfPage\":{\"@id\":\"https:\/\/molygrafit.com\/cl\/producto\/grc-00-grasa-formulada-para-lubricacion-de-cables-de-acero-elimina-los-problemas-de-fugas\/#primaryimage\"},\"image\":{\"@id\":\"https:\/\/molygrafit.com\/cl\/producto\/grc-00-grasa-formulada-para-lubricacion-de-cables-de-acero-elimina-los-problemas-de-fugas\/#primaryimage\"},\"thumbnailUrl\":\"https:\/\/molygrafit.com\/cl\/wp-content\/uploads\/2021\/03\/Baldes_Kilos_final.jpg\",\"datePublished\":\"2021-05-25T18:47:34+00:00\",\"dateModified\":\"2025-08-20T22:39:32+00:00\",\"breadcrumb\":{\"@id\":\"https:\/\/molygrafit.com\/cl\/producto\/grc-00-grasa-formulada-para-lubricacion-de-cables-de-acero-elimina-los-problemas-de-fugas\/#breadcrumb\"},\"inLanguage\":\"es-CL\",\"potentialAction\":[{\"@type\":\"ReadAction\",\"target\":[\"https:\/\/molygrafit.com\/cl\/producto\/grc-00-grasa-formulada-para-lubricacion-de-cables-de-acero-elimina-los-problemas-de-fugas\/\"]}]},{\"@type\":\"ImageObject\",\"inLanguage\":\"es-CL\",\"@id\":\"https:\/\/molygrafit.com\/cl\/producto\/grc-00-grasa-formulada-para-lubricacion-de-cables-de-acero-elimina-los-problemas-de-fugas\/#primaryimage\",\"url\":\"https:\/\/molygrafit.com\/cl\/wp-content\/uploads\/2021\/03\/Baldes_Kilos_final.jpg\",\"contentUrl\":\"https:\/\/molygrafit.com\/cl\/wp-content\/uploads\/2021\/03\/Baldes_Kilos_final.jpg\",\"width\":600,\"height\":600},{\"@type\":\"BreadcrumbList\",\"@id\":\"https:\/\/molygrafit.com\/cl\/producto\/grc-00-grasa-formulada-para-lubricacion-de-cables-de-acero-elimina-los-problemas-de-fugas\/#breadcrumb\",\"itemListElement\":[{\"@type\":\"ListItem\",\"position\":1,\"name\":\"In\u00edcio\",\"item\":\"https:\/\/molygrafit.com\/cl\/\"},{\"@type\":\"ListItem\",\"position\":2,\"name\":\"Tienda\",\"item\":\"https:\/\/molygrafit.com\/cl\/\"},{\"@type\":\"ListItem\",\"position\":3,\"name\":\"GRC-00 > GRASA FORMULADA PARA LUBRICACI\u00d3N DE CABLES DE ACERO; ELIMINA LOS PROBLEMAS DE FUGAS.\"}]},{\"@type\":\"WebSite\",\"@id\":\"https:\/\/molygrafit.com\/cl\/#website\",\"url\":\"https:\/\/molygrafit.com\/cl\/\",\"name\":\"Molygrafit - Lubricantes Especiales\",\"description\":\"\",\"potentialAction\":[{\"@type\":\"SearchAction\",\"target\":{\"@type\":\"EntryPoint\",\"urlTemplate\":\"https:\/\/molygrafit.com\/cl\/?s={search_term_string}\"},\"query-input\":{\"@type\":\"PropertyValueSpecification\",\"valueRequired\":true,\"valueName\":\"search_term_string\"}}],\"inLanguage\":\"es-CL\"}]}<\/script>\n<!-- \/ Yoast SEO plugin. -->","yoast_head_json":{"title":"GRC-00 > GRASA FORMULADA PARA LUBRICACI\u00d3N DE CABLES DE ACERO; ELIMINA LOS PROBLEMAS DE FUGAS. - Molygrafit - Lubricantes Especiales","robots":{"index":"index","follow":"follow","max-snippet":"max-snippet:-1","max-image-preview":"max-image-preview:large","max-video-preview":"max-video-preview:-1"},"canonical":"https:\/\/molygrafit.com\/cl\/producto\/grc-00-grasa-formulada-para-lubricacion-de-cables-de-acero-elimina-los-problemas-de-fugas\/","og_locale":"es_ES","og_type":"article","og_title":"GRC-00 > GRASA FORMULADA PARA LUBRICACI\u00d3N DE CABLES DE ACERO; ELIMINA LOS PROBLEMAS DE FUGAS. - Molygrafit - Lubricantes Especiales","og_description":"Grasa producida con espesante sint\u00e9tico, especialmente formulada para lubricaci\u00f3n de cables de acero,\u00a0presentando las siguientes caracter\u00edsticas:  A) Producto de \u00f3ptima fluidez, que permite su penetraci\u00f3n en el cable, lubricando los alambres internos\u00a0y aumentando considerablemente su vida \u00fatil.  B) Posee en su formulaci\u00f3n agentes de extrema presi\u00f3n, resistiendo a altas cargas, y de adhesividad,\u00a0impidiendo las salpicaduras que ensucian el ambiente de trabajo.  C) Forma una fina pel\u00edcula lubricante externa, impidiendo la formaci\u00f3n de la c\u00e1scara que se puede\u00a0observar con el uso de lubricantes convencionales, que promueven la continua adhesi\u00f3n de polvillo e\u00a0impurezas del aire.  D) Proporciona largos per\u00edodos de lubricaci\u00f3n.  Puede ser surtida en aerosol: MOLYGRAFIT ACR.","og_url":"https:\/\/molygrafit.com\/cl\/producto\/grc-00-grasa-formulada-para-lubricacion-de-cables-de-acero-elimina-los-problemas-de-fugas\/","og_site_name":"Molygrafit - Lubricantes Especiales","article_modified_time":"2025-08-20T22:39:32+00:00","og_image":[{"width":600,"height":600,"url":"https:\/\/molygrafit.com\/cl\/wp-content\/uploads\/2021\/03\/Baldes_Kilos_final.jpg","type":"image\/jpeg"}],"twitter_card":"summary_large_image","schema":{"@context":"https:\/\/schema.org","@graph":[{"@type":"WebPage","@id":"https:\/\/molygrafit.com\/cl\/producto\/grc-00-grasa-formulada-para-lubricacion-de-cables-de-acero-elimina-los-problemas-de-fugas\/","url":"https:\/\/molygrafit.com\/cl\/producto\/grc-00-grasa-formulada-para-lubricacion-de-cables-de-acero-elimina-los-problemas-de-fugas\/","name":"GRC-00 > GRASA FORMULADA PARA LUBRICACI\u00d3N DE CABLES DE ACERO; ELIMINA LOS PROBLEMAS DE FUGAS. - Molygrafit - Lubricantes Especiales","isPartOf":{"@id":"https:\/\/molygrafit.com\/cl\/#website"},"primaryImageOfPage":{"@id":"https:\/\/molygrafit.com\/cl\/producto\/grc-00-grasa-formulada-para-lubricacion-de-cables-de-acero-elimina-los-problemas-de-fugas\/#primaryimage"},"image":{"@id":"https:\/\/molygrafit.com\/cl\/producto\/grc-00-grasa-formulada-para-lubricacion-de-cables-de-acero-elimina-los-problemas-de-fugas\/#primaryimage"},"thumbnailUrl":"https:\/\/molygrafit.com\/cl\/wp-content\/uploads\/2021\/03\/Baldes_Kilos_final.jpg","datePublished":"2021-05-25T18:47:34+00:00","dateModified":"2025-08-20T22:39:32+00:00","breadcrumb":{"@id":"https:\/\/molygrafit.com\/cl\/producto\/grc-00-grasa-formulada-para-lubricacion-de-cables-de-acero-elimina-los-problemas-de-fugas\/#breadcrumb"},"inLanguage":"es-CL","potentialAction":[{"@type":"ReadAction","target":["https:\/\/molygrafit.com\/cl\/producto\/grc-00-grasa-formulada-para-lubricacion-de-cables-de-acero-elimina-los-problemas-de-fugas\/"]}]},{"@type":"ImageObject","inLanguage":"es-CL","@id":"https:\/\/molygrafit.com\/cl\/producto\/grc-00-grasa-formulada-para-lubricacion-de-cables-de-acero-elimina-los-problemas-de-fugas\/#primaryimage","url":"https:\/\/molygrafit.com\/cl\/wp-content\/uploads\/2021\/03\/Baldes_Kilos_final.jpg","contentUrl":"https:\/\/molygrafit.com\/cl\/wp-content\/uploads\/2021\/03\/Baldes_Kilos_final.jpg","width":600,"height":600},{"@type":"BreadcrumbList","@id":"https:\/\/molygrafit.com\/cl\/producto\/grc-00-grasa-formulada-para-lubricacion-de-cables-de-acero-elimina-los-problemas-de-fugas\/#breadcrumb","itemListElement":[{"@type":"ListItem","position":1,"name":"In\u00edcio","item":"https:\/\/molygrafit.com\/cl\/"},{"@type":"ListItem","position":2,"name":"Tienda","item":"https:\/\/molygrafit.com\/cl\/"},{"@type":"ListItem","position":3,"name":"GRC-00 > GRASA FORMULADA PARA LUBRICACI\u00d3N DE CABLES DE ACERO; ELIMINA LOS PROBLEMAS DE FUGAS."}]},{"@type":"WebSite","@id":"https:\/\/molygrafit.com\/cl\/#website","url":"https:\/\/molygrafit.com\/cl\/","name":"Molygrafit - Lubricantes Especiales","description":"","potentialAction":[{"@type":"SearchAction","target":{"@type":"EntryPoint","urlTemplate":"https:\/\/molygrafit.com\/cl\/?s={search_term_string}"},"query-input":{"@type":"PropertyValueSpecification","valueRequired":true,"valueName":"search_term_string"}}],"inLanguage":"es-CL"}]}},"_links":{"self":[{"href":"https:\/\/molygrafit.com\/cl\/wp-json\/wp\/v2\/product\/2324","targetHints":{"allow":["GET"]}}],"collection":[{"href":"https:\/\/molygrafit.com\/cl\/wp-json\/wp\/v2\/product"}],"about":[{"href":"https:\/\/molygrafit.com\/cl\/wp-json\/wp\/v2\/types\/product"}],"wp:featuredmedia":[{"embeddable":true,"href":"https:\/\/molygrafit.com\/cl\/wp-json\/wp\/v2\/media\/2074"}],"wp:attachment":[{"href":"https:\/\/molygrafit.com\/cl\/wp-json\/wp\/v2\/media?parent=2324"}],"wp:term":[{"taxonomy":"product_brand","embeddable":true,"href":"https:\/\/molygrafit.com\/cl\/wp-json\/wp\/v2\/product_brand?post=2324"},{"taxonomy":"product_cat","embeddable":true,"href":"https:\/\/molygrafit.com\/cl\/wp-json\/wp\/v2\/product_cat?post=2324"},{"taxonomy":"product_tag","embeddable":true,"href":"https:\/\/molygrafit.com\/cl\/wp-json\/wp\/v2\/product_tag?post=2324"}],"curies":[{"name":"wp","href":"https:\/\/api.w.org\/{rel}","templated":true}]}}