{"id":2325,"date":"2021-05-25T15:47:34","date_gmt":"2021-05-25T18:47:34","guid":{"rendered":"https:\/\/molygrafit.com\/cl\/producto\/import-placeholder-for-1838\/"},"modified":"2025-08-20T19:34:39","modified_gmt":"2025-08-20T22:34:39","slug":"gr-2-grasa-semisintetica-recomendada-para-altas-temperaturas-y-altas-cargas-de-gran-hidrorrepelencia","status":"publish","type":"product","link":"https:\/\/molygrafit.com\/cl\/producto\/gr-2-grasa-semisintetica-recomendada-para-altas-temperaturas-y-altas-cargas-de-gran-hidrorrepelencia\/","title":{"rendered":"GR-2 > GRASA SEMISINT\u00c9TICA RECOMENDADA PARA ALTAS TEMPERATURAS Y ALTAS CARGAS DE GRAN HIDRORREPELENCIA."},"content":{"rendered":"<ul>\n<li>Aceite B\u00e1sico: Mineral mixto \/ sint\u00e9tico<\/li>\n<li>Espesante: Coloide inorg\u00e1nico<\/li>\n<li>Consistencia NLGI: 2<\/li>\n<li>Penetraci\u00f3n trabajada: 265 \u2013 295<\/li>\n<li>Punto de goteo ASTM D 566: Inexistente<\/li>\n<li>Temperatura de uso: -20 a 250 \u00b0C<\/li>\n<li>Separaci\u00f3n de aceite 24 horas a 120 \u00b0C: menor que 1%<\/li>\n<li>Factor de rotaci\u00f3n: 1 x 10 6 (n.dm)<\/li>\n<\/ul>\n","protected":false},"excerpt":{"rendered":"<p>MOLYGRAFIT GR-2 es una grasa semisint\u00e9tica para m\u00faltiples aplicaciones.<\/p>\n<p>Puede ser utilizada en cojinetes, rodamientos, ejes, uniones rotativas etc., sometidos a altas velocidades y\u00a0cargas elevadas.<\/p>\n<p>Est\u00e1 formulada con antioxidantes, anticorrosivos, adhesivos y extrema presi\u00f3n.<\/p>\n<p>Tiene alta resistencia a atm\u00f3sferas agresivas y h\u00famedas. Ideal para industrias que operan con alto contenido\u00a0de humedad, como papel y textiles.<\/p>\n<p>Puede usarse en sistemas de lubricaci\u00f3n autom\u00e1tica o aplicarse manualmente.<\/p>\n<p>Soporta altas temperaturas durante largos periodos sin gotear ni dejar residuos. Ideal para invernaderos,\u00a0hornos, secadoras etc.<\/p>\n<p>Se puede suministrar en diferentes consistencias y con aditivos, como: (Disulfuro de\u00a0Molibdeno = MOLYGRAFIT GRM y Grafito = MOLYGRAFIT GRG).<\/p>\n<p>Producto no t\u00f3xico y no inflamable; seguro para el operador.<\/p>\n","protected":false},"featured_media":2074,"template":"","meta":{"_acf_changed":false},"product_brand":[],"product_cat":[167,156],"product_tag":[277],"class_list":{"0":"post-2325","1":"product","2":"type-product","3":"status-publish","4":"has-post-thumbnail","6":"product_cat-papelera","7":"product_cat-textil","8":"product_tag-grasa-semisintetica-recomendada-para-altas-temperaturas-y-altas-cargas-de-gran-hidrorrepelencia","10":"first","11":"instock","12":"shipping-taxable","13":"product-type-variable"},"acf":[],"yoast_head":"<!-- This site is optimized with the Yoast SEO plugin v26.9 - https:\/\/yoast.com\/product\/yoast-seo-wordpress\/ -->\n<title>GR-2 &gt; GRASA SEMISINT\u00c9TICA RECOMENDADA PARA ALTAS TEMPERATURAS Y ALTAS CARGAS DE GRAN HIDRORREPELENCIA. - Molygrafit - Lubricantes Especiales<\/title>\n<meta name=\"robots\" content=\"index, follow, max-snippet:-1, max-image-preview:large, max-video-preview:-1\" \/>\n<link rel=\"canonical\" href=\"https:\/\/molygrafit.com\/cl\/producto\/gr-2-grasa-semisintetica-recomendada-para-altas-temperaturas-y-altas-cargas-de-gran-hidrorrepelencia\/\" \/>\n<meta property=\"og:locale\" content=\"es_ES\" \/>\n<meta property=\"og:type\" content=\"article\" \/>\n<meta property=\"og:title\" content=\"GR-2 &gt; GRASA SEMISINT\u00c9TICA RECOMENDADA PARA ALTAS TEMPERATURAS Y ALTAS CARGAS DE GRAN HIDRORREPELENCIA. - Molygrafit - Lubricantes Especiales\" \/>\n<meta property=\"og:description\" content=\"MOLYGRAFIT GR-2 es una grasa semisint\u00e9tica para m\u00faltiples aplicaciones.  Puede ser utilizada en cojinetes, rodamientos, ejes, uniones rotativas etc., sometidos a altas velocidades y\u00a0cargas elevadas.  Est\u00e1 formulada con antioxidantes, anticorrosivos, adhesivos y extrema presi\u00f3n.  Tiene alta resistencia a atm\u00f3sferas agresivas y h\u00famedas. Ideal para industrias que operan con alto contenido\u00a0de humedad, como papel y textiles.  Puede usarse en sistemas de lubricaci\u00f3n autom\u00e1tica o aplicarse manualmente.  Soporta altas temperaturas durante largos periodos sin gotear ni dejar residuos. Ideal para invernaderos,\u00a0hornos, secadoras etc.  Se puede suministrar en diferentes consistencias y con aditivos, como: (Disulfuro de\u00a0Molibdeno = MOLYGRAFIT GRM y Grafito = MOLYGRAFIT GRG).  Producto no t\u00f3xico y no inflamable; seguro para el operador.\" \/>\n<meta property=\"og:url\" content=\"https:\/\/molygrafit.com\/cl\/producto\/gr-2-grasa-semisintetica-recomendada-para-altas-temperaturas-y-altas-cargas-de-gran-hidrorrepelencia\/\" \/>\n<meta property=\"og:site_name\" content=\"Molygrafit - Lubricantes Especiales\" \/>\n<meta property=\"article:modified_time\" content=\"2025-08-20T22:34:39+00:00\" \/>\n<meta property=\"og:image\" content=\"https:\/\/molygrafit.com\/cl\/wp-content\/uploads\/2021\/03\/Baldes_Kilos_final.jpg\" \/>\n\t<meta property=\"og:image:width\" content=\"600\" \/>\n\t<meta property=\"og:image:height\" content=\"600\" \/>\n\t<meta property=\"og:image:type\" content=\"image\/jpeg\" \/>\n<meta name=\"twitter:card\" content=\"summary_large_image\" \/>\n<script type=\"application\/ld+json\" class=\"yoast-schema-graph\">{\"@context\":\"https:\/\/schema.org\",\"@graph\":[{\"@type\":\"WebPage\",\"@id\":\"https:\/\/molygrafit.com\/cl\/producto\/gr-2-grasa-semisintetica-recomendada-para-altas-temperaturas-y-altas-cargas-de-gran-hidrorrepelencia\/\",\"url\":\"https:\/\/molygrafit.com\/cl\/producto\/gr-2-grasa-semisintetica-recomendada-para-altas-temperaturas-y-altas-cargas-de-gran-hidrorrepelencia\/\",\"name\":\"GR-2 > GRASA SEMISINT\u00c9TICA RECOMENDADA PARA ALTAS TEMPERATURAS Y ALTAS CARGAS DE GRAN HIDRORREPELENCIA. - Molygrafit - Lubricantes Especiales\",\"isPartOf\":{\"@id\":\"https:\/\/molygrafit.com\/cl\/#website\"},\"primaryImageOfPage\":{\"@id\":\"https:\/\/molygrafit.com\/cl\/producto\/gr-2-grasa-semisintetica-recomendada-para-altas-temperaturas-y-altas-cargas-de-gran-hidrorrepelencia\/#primaryimage\"},\"image\":{\"@id\":\"https:\/\/molygrafit.com\/cl\/producto\/gr-2-grasa-semisintetica-recomendada-para-altas-temperaturas-y-altas-cargas-de-gran-hidrorrepelencia\/#primaryimage\"},\"thumbnailUrl\":\"https:\/\/molygrafit.com\/cl\/wp-content\/uploads\/2021\/03\/Baldes_Kilos_final.jpg\",\"datePublished\":\"2021-05-25T18:47:34+00:00\",\"dateModified\":\"2025-08-20T22:34:39+00:00\",\"breadcrumb\":{\"@id\":\"https:\/\/molygrafit.com\/cl\/producto\/gr-2-grasa-semisintetica-recomendada-para-altas-temperaturas-y-altas-cargas-de-gran-hidrorrepelencia\/#breadcrumb\"},\"inLanguage\":\"es-CL\",\"potentialAction\":[{\"@type\":\"ReadAction\",\"target\":[\"https:\/\/molygrafit.com\/cl\/producto\/gr-2-grasa-semisintetica-recomendada-para-altas-temperaturas-y-altas-cargas-de-gran-hidrorrepelencia\/\"]}]},{\"@type\":\"ImageObject\",\"inLanguage\":\"es-CL\",\"@id\":\"https:\/\/molygrafit.com\/cl\/producto\/gr-2-grasa-semisintetica-recomendada-para-altas-temperaturas-y-altas-cargas-de-gran-hidrorrepelencia\/#primaryimage\",\"url\":\"https:\/\/molygrafit.com\/cl\/wp-content\/uploads\/2021\/03\/Baldes_Kilos_final.jpg\",\"contentUrl\":\"https:\/\/molygrafit.com\/cl\/wp-content\/uploads\/2021\/03\/Baldes_Kilos_final.jpg\",\"width\":600,\"height\":600},{\"@type\":\"BreadcrumbList\",\"@id\":\"https:\/\/molygrafit.com\/cl\/producto\/gr-2-grasa-semisintetica-recomendada-para-altas-temperaturas-y-altas-cargas-de-gran-hidrorrepelencia\/#breadcrumb\",\"itemListElement\":[{\"@type\":\"ListItem\",\"position\":1,\"name\":\"In\u00edcio\",\"item\":\"https:\/\/molygrafit.com\/cl\/\"},{\"@type\":\"ListItem\",\"position\":2,\"name\":\"Tienda\",\"item\":\"https:\/\/molygrafit.com\/cl\/\"},{\"@type\":\"ListItem\",\"position\":3,\"name\":\"GR-2 > GRASA SEMISINT\u00c9TICA RECOMENDADA PARA ALTAS TEMPERATURAS Y ALTAS CARGAS DE GRAN HIDRORREPELENCIA.\"}]},{\"@type\":\"WebSite\",\"@id\":\"https:\/\/molygrafit.com\/cl\/#website\",\"url\":\"https:\/\/molygrafit.com\/cl\/\",\"name\":\"Molygrafit - Lubricantes Especiales\",\"description\":\"\",\"potentialAction\":[{\"@type\":\"SearchAction\",\"target\":{\"@type\":\"EntryPoint\",\"urlTemplate\":\"https:\/\/molygrafit.com\/cl\/?s={search_term_string}\"},\"query-input\":{\"@type\":\"PropertyValueSpecification\",\"valueRequired\":true,\"valueName\":\"search_term_string\"}}],\"inLanguage\":\"es-CL\"}]}<\/script>\n<!-- \/ Yoast SEO plugin. -->","yoast_head_json":{"title":"GR-2 > GRASA SEMISINT\u00c9TICA RECOMENDADA PARA ALTAS TEMPERATURAS Y ALTAS CARGAS DE GRAN HIDRORREPELENCIA. - Molygrafit - Lubricantes Especiales","robots":{"index":"index","follow":"follow","max-snippet":"max-snippet:-1","max-image-preview":"max-image-preview:large","max-video-preview":"max-video-preview:-1"},"canonical":"https:\/\/molygrafit.com\/cl\/producto\/gr-2-grasa-semisintetica-recomendada-para-altas-temperaturas-y-altas-cargas-de-gran-hidrorrepelencia\/","og_locale":"es_ES","og_type":"article","og_title":"GR-2 > GRASA SEMISINT\u00c9TICA RECOMENDADA PARA ALTAS TEMPERATURAS Y ALTAS CARGAS DE GRAN HIDRORREPELENCIA. - Molygrafit - Lubricantes Especiales","og_description":"MOLYGRAFIT GR-2 es una grasa semisint\u00e9tica para m\u00faltiples aplicaciones.  Puede ser utilizada en cojinetes, rodamientos, ejes, uniones rotativas etc., sometidos a altas velocidades y\u00a0cargas elevadas.  Est\u00e1 formulada con antioxidantes, anticorrosivos, adhesivos y extrema presi\u00f3n.  Tiene alta resistencia a atm\u00f3sferas agresivas y h\u00famedas. Ideal para industrias que operan con alto contenido\u00a0de humedad, como papel y textiles.  Puede usarse en sistemas de lubricaci\u00f3n autom\u00e1tica o aplicarse manualmente.  Soporta altas temperaturas durante largos periodos sin gotear ni dejar residuos. Ideal para invernaderos,\u00a0hornos, secadoras etc.  Se puede suministrar en diferentes consistencias y con aditivos, como: (Disulfuro de\u00a0Molibdeno = MOLYGRAFIT GRM y Grafito = MOLYGRAFIT GRG).  Producto no t\u00f3xico y no inflamable; seguro para el operador.","og_url":"https:\/\/molygrafit.com\/cl\/producto\/gr-2-grasa-semisintetica-recomendada-para-altas-temperaturas-y-altas-cargas-de-gran-hidrorrepelencia\/","og_site_name":"Molygrafit - Lubricantes Especiales","article_modified_time":"2025-08-20T22:34:39+00:00","og_image":[{"width":600,"height":600,"url":"https:\/\/molygrafit.com\/cl\/wp-content\/uploads\/2021\/03\/Baldes_Kilos_final.jpg","type":"image\/jpeg"}],"twitter_card":"summary_large_image","schema":{"@context":"https:\/\/schema.org","@graph":[{"@type":"WebPage","@id":"https:\/\/molygrafit.com\/cl\/producto\/gr-2-grasa-semisintetica-recomendada-para-altas-temperaturas-y-altas-cargas-de-gran-hidrorrepelencia\/","url":"https:\/\/molygrafit.com\/cl\/producto\/gr-2-grasa-semisintetica-recomendada-para-altas-temperaturas-y-altas-cargas-de-gran-hidrorrepelencia\/","name":"GR-2 > GRASA SEMISINT\u00c9TICA RECOMENDADA PARA ALTAS TEMPERATURAS Y ALTAS CARGAS DE GRAN HIDRORREPELENCIA. - Molygrafit - Lubricantes Especiales","isPartOf":{"@id":"https:\/\/molygrafit.com\/cl\/#website"},"primaryImageOfPage":{"@id":"https:\/\/molygrafit.com\/cl\/producto\/gr-2-grasa-semisintetica-recomendada-para-altas-temperaturas-y-altas-cargas-de-gran-hidrorrepelencia\/#primaryimage"},"image":{"@id":"https:\/\/molygrafit.com\/cl\/producto\/gr-2-grasa-semisintetica-recomendada-para-altas-temperaturas-y-altas-cargas-de-gran-hidrorrepelencia\/#primaryimage"},"thumbnailUrl":"https:\/\/molygrafit.com\/cl\/wp-content\/uploads\/2021\/03\/Baldes_Kilos_final.jpg","datePublished":"2021-05-25T18:47:34+00:00","dateModified":"2025-08-20T22:34:39+00:00","breadcrumb":{"@id":"https:\/\/molygrafit.com\/cl\/producto\/gr-2-grasa-semisintetica-recomendada-para-altas-temperaturas-y-altas-cargas-de-gran-hidrorrepelencia\/#breadcrumb"},"inLanguage":"es-CL","potentialAction":[{"@type":"ReadAction","target":["https:\/\/molygrafit.com\/cl\/producto\/gr-2-grasa-semisintetica-recomendada-para-altas-temperaturas-y-altas-cargas-de-gran-hidrorrepelencia\/"]}]},{"@type":"ImageObject","inLanguage":"es-CL","@id":"https:\/\/molygrafit.com\/cl\/producto\/gr-2-grasa-semisintetica-recomendada-para-altas-temperaturas-y-altas-cargas-de-gran-hidrorrepelencia\/#primaryimage","url":"https:\/\/molygrafit.com\/cl\/wp-content\/uploads\/2021\/03\/Baldes_Kilos_final.jpg","contentUrl":"https:\/\/molygrafit.com\/cl\/wp-content\/uploads\/2021\/03\/Baldes_Kilos_final.jpg","width":600,"height":600},{"@type":"BreadcrumbList","@id":"https:\/\/molygrafit.com\/cl\/producto\/gr-2-grasa-semisintetica-recomendada-para-altas-temperaturas-y-altas-cargas-de-gran-hidrorrepelencia\/#breadcrumb","itemListElement":[{"@type":"ListItem","position":1,"name":"In\u00edcio","item":"https:\/\/molygrafit.com\/cl\/"},{"@type":"ListItem","position":2,"name":"Tienda","item":"https:\/\/molygrafit.com\/cl\/"},{"@type":"ListItem","position":3,"name":"GR-2 > GRASA SEMISINT\u00c9TICA RECOMENDADA PARA ALTAS TEMPERATURAS Y ALTAS CARGAS DE GRAN HIDRORREPELENCIA."}]},{"@type":"WebSite","@id":"https:\/\/molygrafit.com\/cl\/#website","url":"https:\/\/molygrafit.com\/cl\/","name":"Molygrafit - Lubricantes Especiales","description":"","potentialAction":[{"@type":"SearchAction","target":{"@type":"EntryPoint","urlTemplate":"https:\/\/molygrafit.com\/cl\/?s={search_term_string}"},"query-input":{"@type":"PropertyValueSpecification","valueRequired":true,"valueName":"search_term_string"}}],"inLanguage":"es-CL"}]}},"_links":{"self":[{"href":"https:\/\/molygrafit.com\/cl\/wp-json\/wp\/v2\/product\/2325","targetHints":{"allow":["GET"]}}],"collection":[{"href":"https:\/\/molygrafit.com\/cl\/wp-json\/wp\/v2\/product"}],"about":[{"href":"https:\/\/molygrafit.com\/cl\/wp-json\/wp\/v2\/types\/product"}],"wp:featuredmedia":[{"embeddable":true,"href":"https:\/\/molygrafit.com\/cl\/wp-json\/wp\/v2\/media\/2074"}],"wp:attachment":[{"href":"https:\/\/molygrafit.com\/cl\/wp-json\/wp\/v2\/media?parent=2325"}],"wp:term":[{"taxonomy":"product_brand","embeddable":true,"href":"https:\/\/molygrafit.com\/cl\/wp-json\/wp\/v2\/product_brand?post=2325"},{"taxonomy":"product_cat","embeddable":true,"href":"https:\/\/molygrafit.com\/cl\/wp-json\/wp\/v2\/product_cat?post=2325"},{"taxonomy":"product_tag","embeddable":true,"href":"https:\/\/molygrafit.com\/cl\/wp-json\/wp\/v2\/product_tag?post=2325"}],"curies":[{"name":"wp","href":"https:\/\/api.w.org\/{rel}","templated":true}]}}