{"id":2328,"date":"2021-05-25T15:47:34","date_gmt":"2021-05-25T18:47:34","guid":{"rendered":"https:\/\/molygrafit.com\/cl\/producto\/import-placeholder-for-1842\/"},"modified":"2025-08-18T21:28:14","modified_gmt":"2025-08-19T00:28:14","slug":"gli-2-p-grasa-de-jabon-metalico-para-multiples-aplicaciones","status":"publish","type":"product","link":"https:\/\/molygrafit.com\/cl\/producto\/gli-2-p-grasa-de-jabon-metalico-para-multiples-aplicaciones\/","title":{"rendered":"GLI-2\/P > GRASA DE JAB\u00d3N MET\u00c1LICO PARA M\u00daLTIPLES APLICACIONES."},"content":{"rendered":"<ul>\n<li>Aceite Base: Mineral Puro<span class=\"Apple-converted-space\">\u00a0<\/span><\/li>\n<li>Color: Azul<span class=\"Apple-converted-space\">\u00a0<\/span><\/li>\n<li>Espesante: Jab\u00f3n Met\u00e1lico<span class=\"Apple-converted-space\">\u00a0<\/span><\/li>\n<li>Consistencia NLGI: 2<span class=\"Apple-converted-space\">\u00a0<\/span><\/li>\n<li>Penetraci\u00f3n Trabajada: 265 &#8211; 295<span class=\"Apple-converted-space\">\u00a0<\/span><\/li>\n<li>Temperatura de Uso: -20\u00baC a 150\u00baC<span class=\"Apple-converted-space\">\u00a0<\/span><\/li>\n<li>Separaci\u00f3n de aceite 12 horas a 120\u00baC: &lt; 2%<span class=\"Apple-converted-space\">\u00a0<\/span><\/li>\n<\/ul>\n","protected":false},"excerpt":{"rendered":"<p>Grasa de jab\u00f3n de met\u00e1lico para m\u00faltiples aplicaciones. Resiste a atm\u00f3sferas agresivas y\/o h\u00famedas.<span class=\"Apple-converted-space\">\u00a0<\/span><\/p>\n<p>Proporciona lubricaci\u00f3n eficaz bajo altas temperaturas por largos per\u00edodos.<span class=\"Apple-converted-space\">\u00a0<\/span><\/p>\n<p>Puede ser aplicada tambi\u00e9n en rodamientos, cojinetes, juntas rotativas, etc.<span class=\"Apple-converted-space\">\u00a0<\/span><\/p>\n<p>Posee en su formulaci\u00f3n antioxidantes, anticorrosivos, agentes de adhesividad, etc.<span class=\"Apple-converted-space\">\u00a0<\/span><\/p>\n<p>Surtida en la consistencia 2, puede bajo solicitaci\u00f3n ser producida en las consistencias intermedias; posee aditivos de extrema presi\u00f3n.<span class=\"Apple-converted-space\">\u00a0<\/span><\/p>\n<p>Est\u00e1 especialmente indicada para sistemas autom\u00e1ticos de lubricaci\u00f3n centralizada de las inyectoras, ofreciendo \u00f3ptima fluidez por los ductos capilares.<span class=\"Apple-converted-space\">\u00a0<\/span><\/p>\n","protected":false},"featured_media":2074,"template":"","meta":{"_acf_changed":false},"product_brand":[],"product_cat":[159],"product_tag":[289],"class_list":{"0":"post-2328","1":"product","2":"type-product","3":"status-publish","4":"has-post-thumbnail","6":"product_cat-aplicaciones-comunes","7":"product_tag-grasa-de-jabon-metalico-para-multiples-aplicaciones","9":"first","10":"instock","11":"shipping-taxable","12":"product-type-variable"},"acf":[],"yoast_head":"<!-- This site is optimized with the Yoast SEO plugin v26.9 - https:\/\/yoast.com\/product\/yoast-seo-wordpress\/ -->\n<title>GLI-2\/P &gt; GRASA DE JAB\u00d3N MET\u00c1LICO PARA M\u00daLTIPLES APLICACIONES. - Molygrafit - Lubricantes Especiales<\/title>\n<meta name=\"robots\" content=\"index, follow, max-snippet:-1, max-image-preview:large, max-video-preview:-1\" \/>\n<link rel=\"canonical\" href=\"https:\/\/molygrafit.com\/cl\/producto\/gli-2-p-grasa-de-jabon-metalico-para-multiples-aplicaciones\/\" \/>\n<meta property=\"og:locale\" content=\"es_ES\" \/>\n<meta property=\"og:type\" content=\"article\" \/>\n<meta property=\"og:title\" content=\"GLI-2\/P &gt; GRASA DE JAB\u00d3N MET\u00c1LICO PARA M\u00daLTIPLES APLICACIONES. - Molygrafit - Lubricantes Especiales\" \/>\n<meta property=\"og:description\" content=\"Grasa de jab\u00f3n de met\u00e1lico para m\u00faltiples aplicaciones. Resiste a atm\u00f3sferas agresivas y\/o h\u00famedas.\u00a0  Proporciona lubricaci\u00f3n eficaz bajo altas temperaturas por largos per\u00edodos.\u00a0  Puede ser aplicada tambi\u00e9n en rodamientos, cojinetes, juntas rotativas, etc.\u00a0  Posee en su formulaci\u00f3n antioxidantes, anticorrosivos, agentes de adhesividad, etc.\u00a0  Surtida en la consistencia 2, puede bajo solicitaci\u00f3n ser producida en las consistencias intermedias; posee aditivos de extrema presi\u00f3n.\u00a0  Est\u00e1 especialmente indicada para sistemas autom\u00e1ticos de lubricaci\u00f3n centralizada de las inyectoras, ofreciendo \u00f3ptima fluidez por los ductos capilares.\u00a0\" \/>\n<meta property=\"og:url\" content=\"https:\/\/molygrafit.com\/cl\/producto\/gli-2-p-grasa-de-jabon-metalico-para-multiples-aplicaciones\/\" \/>\n<meta property=\"og:site_name\" content=\"Molygrafit - Lubricantes Especiales\" \/>\n<meta property=\"article:modified_time\" content=\"2025-08-19T00:28:14+00:00\" \/>\n<meta property=\"og:image\" content=\"https:\/\/molygrafit.com\/cl\/wp-content\/uploads\/2021\/03\/Baldes_Kilos_final.jpg\" \/>\n\t<meta property=\"og:image:width\" content=\"600\" \/>\n\t<meta property=\"og:image:height\" content=\"600\" \/>\n\t<meta property=\"og:image:type\" content=\"image\/jpeg\" \/>\n<meta name=\"twitter:card\" content=\"summary_large_image\" \/>\n<script type=\"application\/ld+json\" class=\"yoast-schema-graph\">{\"@context\":\"https:\/\/schema.org\",\"@graph\":[{\"@type\":\"WebPage\",\"@id\":\"https:\/\/molygrafit.com\/cl\/producto\/gli-2-p-grasa-de-jabon-metalico-para-multiples-aplicaciones\/\",\"url\":\"https:\/\/molygrafit.com\/cl\/producto\/gli-2-p-grasa-de-jabon-metalico-para-multiples-aplicaciones\/\",\"name\":\"GLI-2\/P > GRASA DE JAB\u00d3N MET\u00c1LICO PARA M\u00daLTIPLES APLICACIONES. - Molygrafit - Lubricantes Especiales\",\"isPartOf\":{\"@id\":\"https:\/\/molygrafit.com\/cl\/#website\"},\"primaryImageOfPage\":{\"@id\":\"https:\/\/molygrafit.com\/cl\/producto\/gli-2-p-grasa-de-jabon-metalico-para-multiples-aplicaciones\/#primaryimage\"},\"image\":{\"@id\":\"https:\/\/molygrafit.com\/cl\/producto\/gli-2-p-grasa-de-jabon-metalico-para-multiples-aplicaciones\/#primaryimage\"},\"thumbnailUrl\":\"https:\/\/molygrafit.com\/cl\/wp-content\/uploads\/2021\/03\/Baldes_Kilos_final.jpg\",\"datePublished\":\"2021-05-25T18:47:34+00:00\",\"dateModified\":\"2025-08-19T00:28:14+00:00\",\"breadcrumb\":{\"@id\":\"https:\/\/molygrafit.com\/cl\/producto\/gli-2-p-grasa-de-jabon-metalico-para-multiples-aplicaciones\/#breadcrumb\"},\"inLanguage\":\"es-CL\",\"potentialAction\":[{\"@type\":\"ReadAction\",\"target\":[\"https:\/\/molygrafit.com\/cl\/producto\/gli-2-p-grasa-de-jabon-metalico-para-multiples-aplicaciones\/\"]}]},{\"@type\":\"ImageObject\",\"inLanguage\":\"es-CL\",\"@id\":\"https:\/\/molygrafit.com\/cl\/producto\/gli-2-p-grasa-de-jabon-metalico-para-multiples-aplicaciones\/#primaryimage\",\"url\":\"https:\/\/molygrafit.com\/cl\/wp-content\/uploads\/2021\/03\/Baldes_Kilos_final.jpg\",\"contentUrl\":\"https:\/\/molygrafit.com\/cl\/wp-content\/uploads\/2021\/03\/Baldes_Kilos_final.jpg\",\"width\":600,\"height\":600},{\"@type\":\"BreadcrumbList\",\"@id\":\"https:\/\/molygrafit.com\/cl\/producto\/gli-2-p-grasa-de-jabon-metalico-para-multiples-aplicaciones\/#breadcrumb\",\"itemListElement\":[{\"@type\":\"ListItem\",\"position\":1,\"name\":\"In\u00edcio\",\"item\":\"https:\/\/molygrafit.com\/cl\/\"},{\"@type\":\"ListItem\",\"position\":2,\"name\":\"Tienda\",\"item\":\"https:\/\/molygrafit.com\/cl\/\"},{\"@type\":\"ListItem\",\"position\":3,\"name\":\"GLI-2\/P > GRASA DE JAB\u00d3N MET\u00c1LICO PARA M\u00daLTIPLES APLICACIONES.\"}]},{\"@type\":\"WebSite\",\"@id\":\"https:\/\/molygrafit.com\/cl\/#website\",\"url\":\"https:\/\/molygrafit.com\/cl\/\",\"name\":\"Molygrafit - Lubricantes Especiales\",\"description\":\"\",\"potentialAction\":[{\"@type\":\"SearchAction\",\"target\":{\"@type\":\"EntryPoint\",\"urlTemplate\":\"https:\/\/molygrafit.com\/cl\/?s={search_term_string}\"},\"query-input\":{\"@type\":\"PropertyValueSpecification\",\"valueRequired\":true,\"valueName\":\"search_term_string\"}}],\"inLanguage\":\"es-CL\"}]}<\/script>\n<!-- \/ Yoast SEO plugin. -->","yoast_head_json":{"title":"GLI-2\/P > GRASA DE JAB\u00d3N MET\u00c1LICO PARA M\u00daLTIPLES APLICACIONES. - Molygrafit - Lubricantes Especiales","robots":{"index":"index","follow":"follow","max-snippet":"max-snippet:-1","max-image-preview":"max-image-preview:large","max-video-preview":"max-video-preview:-1"},"canonical":"https:\/\/molygrafit.com\/cl\/producto\/gli-2-p-grasa-de-jabon-metalico-para-multiples-aplicaciones\/","og_locale":"es_ES","og_type":"article","og_title":"GLI-2\/P > GRASA DE JAB\u00d3N MET\u00c1LICO PARA M\u00daLTIPLES APLICACIONES. - Molygrafit - Lubricantes Especiales","og_description":"Grasa de jab\u00f3n de met\u00e1lico para m\u00faltiples aplicaciones. Resiste a atm\u00f3sferas agresivas y\/o h\u00famedas.\u00a0  Proporciona lubricaci\u00f3n eficaz bajo altas temperaturas por largos per\u00edodos.\u00a0  Puede ser aplicada tambi\u00e9n en rodamientos, cojinetes, juntas rotativas, etc.\u00a0  Posee en su formulaci\u00f3n antioxidantes, anticorrosivos, agentes de adhesividad, etc.\u00a0  Surtida en la consistencia 2, puede bajo solicitaci\u00f3n ser producida en las consistencias intermedias; posee aditivos de extrema presi\u00f3n.\u00a0  Est\u00e1 especialmente indicada para sistemas autom\u00e1ticos de lubricaci\u00f3n centralizada de las inyectoras, ofreciendo \u00f3ptima fluidez por los ductos capilares.\u00a0","og_url":"https:\/\/molygrafit.com\/cl\/producto\/gli-2-p-grasa-de-jabon-metalico-para-multiples-aplicaciones\/","og_site_name":"Molygrafit - Lubricantes Especiales","article_modified_time":"2025-08-19T00:28:14+00:00","og_image":[{"width":600,"height":600,"url":"https:\/\/molygrafit.com\/cl\/wp-content\/uploads\/2021\/03\/Baldes_Kilos_final.jpg","type":"image\/jpeg"}],"twitter_card":"summary_large_image","schema":{"@context":"https:\/\/schema.org","@graph":[{"@type":"WebPage","@id":"https:\/\/molygrafit.com\/cl\/producto\/gli-2-p-grasa-de-jabon-metalico-para-multiples-aplicaciones\/","url":"https:\/\/molygrafit.com\/cl\/producto\/gli-2-p-grasa-de-jabon-metalico-para-multiples-aplicaciones\/","name":"GLI-2\/P > GRASA DE JAB\u00d3N MET\u00c1LICO PARA M\u00daLTIPLES APLICACIONES. - Molygrafit - Lubricantes Especiales","isPartOf":{"@id":"https:\/\/molygrafit.com\/cl\/#website"},"primaryImageOfPage":{"@id":"https:\/\/molygrafit.com\/cl\/producto\/gli-2-p-grasa-de-jabon-metalico-para-multiples-aplicaciones\/#primaryimage"},"image":{"@id":"https:\/\/molygrafit.com\/cl\/producto\/gli-2-p-grasa-de-jabon-metalico-para-multiples-aplicaciones\/#primaryimage"},"thumbnailUrl":"https:\/\/molygrafit.com\/cl\/wp-content\/uploads\/2021\/03\/Baldes_Kilos_final.jpg","datePublished":"2021-05-25T18:47:34+00:00","dateModified":"2025-08-19T00:28:14+00:00","breadcrumb":{"@id":"https:\/\/molygrafit.com\/cl\/producto\/gli-2-p-grasa-de-jabon-metalico-para-multiples-aplicaciones\/#breadcrumb"},"inLanguage":"es-CL","potentialAction":[{"@type":"ReadAction","target":["https:\/\/molygrafit.com\/cl\/producto\/gli-2-p-grasa-de-jabon-metalico-para-multiples-aplicaciones\/"]}]},{"@type":"ImageObject","inLanguage":"es-CL","@id":"https:\/\/molygrafit.com\/cl\/producto\/gli-2-p-grasa-de-jabon-metalico-para-multiples-aplicaciones\/#primaryimage","url":"https:\/\/molygrafit.com\/cl\/wp-content\/uploads\/2021\/03\/Baldes_Kilos_final.jpg","contentUrl":"https:\/\/molygrafit.com\/cl\/wp-content\/uploads\/2021\/03\/Baldes_Kilos_final.jpg","width":600,"height":600},{"@type":"BreadcrumbList","@id":"https:\/\/molygrafit.com\/cl\/producto\/gli-2-p-grasa-de-jabon-metalico-para-multiples-aplicaciones\/#breadcrumb","itemListElement":[{"@type":"ListItem","position":1,"name":"In\u00edcio","item":"https:\/\/molygrafit.com\/cl\/"},{"@type":"ListItem","position":2,"name":"Tienda","item":"https:\/\/molygrafit.com\/cl\/"},{"@type":"ListItem","position":3,"name":"GLI-2\/P > GRASA DE JAB\u00d3N MET\u00c1LICO PARA M\u00daLTIPLES APLICACIONES."}]},{"@type":"WebSite","@id":"https:\/\/molygrafit.com\/cl\/#website","url":"https:\/\/molygrafit.com\/cl\/","name":"Molygrafit - Lubricantes Especiales","description":"","potentialAction":[{"@type":"SearchAction","target":{"@type":"EntryPoint","urlTemplate":"https:\/\/molygrafit.com\/cl\/?s={search_term_string}"},"query-input":{"@type":"PropertyValueSpecification","valueRequired":true,"valueName":"search_term_string"}}],"inLanguage":"es-CL"}]}},"_links":{"self":[{"href":"https:\/\/molygrafit.com\/cl\/wp-json\/wp\/v2\/product\/2328","targetHints":{"allow":["GET"]}}],"collection":[{"href":"https:\/\/molygrafit.com\/cl\/wp-json\/wp\/v2\/product"}],"about":[{"href":"https:\/\/molygrafit.com\/cl\/wp-json\/wp\/v2\/types\/product"}],"wp:featuredmedia":[{"embeddable":true,"href":"https:\/\/molygrafit.com\/cl\/wp-json\/wp\/v2\/media\/2074"}],"wp:attachment":[{"href":"https:\/\/molygrafit.com\/cl\/wp-json\/wp\/v2\/media?parent=2328"}],"wp:term":[{"taxonomy":"product_brand","embeddable":true,"href":"https:\/\/molygrafit.com\/cl\/wp-json\/wp\/v2\/product_brand?post=2328"},{"taxonomy":"product_cat","embeddable":true,"href":"https:\/\/molygrafit.com\/cl\/wp-json\/wp\/v2\/product_cat?post=2328"},{"taxonomy":"product_tag","embeddable":true,"href":"https:\/\/molygrafit.com\/cl\/wp-json\/wp\/v2\/product_tag?post=2328"}],"curies":[{"name":"wp","href":"https:\/\/api.w.org\/{rel}","templated":true}]}}