{"id":2330,"date":"2021-05-25T15:47:34","date_gmt":"2021-05-25T18:47:34","guid":{"rendered":"https:\/\/molygrafit.com\/cl\/producto\/import-placeholder-for-1844\/"},"modified":"2025-08-20T19:43:01","modified_gmt":"2025-08-20T22:43:01","slug":"gl-1-grasa-100-sintetica-resiste-a-altas-temperaturas-se-evapora-sin-formar-residuos-de-carbonizacion","status":"publish","type":"product","link":"https:\/\/molygrafit.com\/cl\/producto\/gl-1-grasa-100-sintetica-resiste-a-altas-temperaturas-se-evapora-sin-formar-residuos-de-carbonizacion\/","title":{"rendered":"GL-1 > GRASA 100% SINT\u00c9TICA, RESISTE A ALTAS TEMPERATURAS, SE EVAPORA SIN FORMAR RESIDUOS DE CARBONIZACI\u00d3N."},"content":{"rendered":"<ul>\n<li>Apariencia: Pasta homog\u00e9nea transparente<\/li>\n<li>Consistencia NLGI: 1<\/li>\n<li>Penetraci\u00f3n trabajada: 310 &#8211; 385<\/li>\n<li>Temperatura de trabajo: -30 a 350 \u00b0C<\/li>\n<li>Solubilidad en agua: Indisoluble<\/li>\n<li>Separaci\u00f3n de aceite (ASTM D 1742): \u00a0&lt;1%<\/li>\n<li>Carga de soldadadura (ASTM D 2596): &gt;200 Kgf<\/li>\n<li>Viscosidad del aceite b\u00e1sico (ASTM D 445): 700 cst<\/li>\n<li>Envejecimiento a 150 \u00b0C (prueba de cocci\u00f3n): &gt;1000 h<\/li>\n<li>Corrosi\u00f3n (ASTM D 130): 2 A<\/li>\n<\/ul>\n","protected":false},"excerpt":{"rendered":"<p>MOLYGRAFIT GL-1 es una grasa sint\u00e9tica de consistencia adecuada para operaci\u00f3n en equipos de\u00a0lubricaci\u00f3n centralizada, sin embargo puede ser aplicada por procesos manuales, como: brocha,\u00a0engrasadores etc.<\/p>\n<p>Formulada con aceites sint\u00e9ticos que resisten altas temperaturas sin formar residuos. Contiene aditivos\u00a0que brindan lubricaci\u00f3n con una baja tasa de evaporaci\u00f3n, aumentando los per\u00edodos de lubricaci\u00f3n.<\/p>\n<p>Suministrada en consistencia 1, bajo consulta, se puede producir en otras consistencias.<\/p>\n<p>MOLYGRAFIT GL-1 no es t\u00f3xica, su aceite base tiene un alto punto de inflamabilidad, brindando\u00a0seguridad al operador y al equipo.<\/p>\n<p>MOLYGRAFIT GL-1 no fluidiza, incluso a altas temperaturas y por ser repelente al agua protege el\u00a0equipo de la corrosi\u00f3n.<\/p>\n<p>Por estas caracter\u00edsticas, se convierte en un lubricante ideal para la industria sider\u00fargica, cementera,\u00a0metal\u00fargica etc.<\/p>\n","protected":false},"featured_media":2074,"template":"","meta":{"_acf_changed":false},"product_brand":[],"product_cat":[170],"product_tag":[197,275,276],"class_list":{"0":"post-2330","1":"product","2":"type-product","3":"status-publish","4":"has-post-thumbnail","6":"product_cat-cemento","7":"product_tag-grasa-100-sintetica","8":"product_tag-resiste-a-altas-temperaturas","9":"product_tag-se-evapora-sin-formar-residuos-de-carbonizacion","11":"first","12":"instock","13":"shipping-taxable","14":"product-type-variable"},"acf":[],"yoast_head":"<!-- This site is optimized with the Yoast SEO plugin v26.9 - https:\/\/yoast.com\/product\/yoast-seo-wordpress\/ -->\n<title>GL-1 &gt; GRASA 100% SINT\u00c9TICA, RESISTE A ALTAS TEMPERATURAS, SE EVAPORA SIN FORMAR RESIDUOS DE CARBONIZACI\u00d3N. - Molygrafit - Lubricantes Especiales<\/title>\n<meta name=\"robots\" content=\"index, follow, max-snippet:-1, max-image-preview:large, max-video-preview:-1\" \/>\n<link rel=\"canonical\" href=\"https:\/\/molygrafit.com\/cl\/producto\/gl-1-grasa-100-sintetica-resiste-a-altas-temperaturas-se-evapora-sin-formar-residuos-de-carbonizacion\/\" \/>\n<meta property=\"og:locale\" content=\"es_ES\" \/>\n<meta property=\"og:type\" content=\"article\" \/>\n<meta property=\"og:title\" content=\"GL-1 &gt; GRASA 100% SINT\u00c9TICA, RESISTE A ALTAS TEMPERATURAS, SE EVAPORA SIN FORMAR RESIDUOS DE CARBONIZACI\u00d3N. - Molygrafit - Lubricantes Especiales\" \/>\n<meta property=\"og:description\" content=\"MOLYGRAFIT GL-1 es una grasa sint\u00e9tica de consistencia adecuada para operaci\u00f3n en equipos de\u00a0lubricaci\u00f3n centralizada, sin embargo puede ser aplicada por procesos manuales, como: brocha,\u00a0engrasadores etc.  Formulada con aceites sint\u00e9ticos que resisten altas temperaturas sin formar residuos. Contiene aditivos\u00a0que brindan lubricaci\u00f3n con una baja tasa de evaporaci\u00f3n, aumentando los per\u00edodos de lubricaci\u00f3n.  Suministrada en consistencia 1, bajo consulta, se puede producir en otras consistencias.  MOLYGRAFIT GL-1 no es t\u00f3xica, su aceite base tiene un alto punto de inflamabilidad, brindando\u00a0seguridad al operador y al equipo.  MOLYGRAFIT GL-1 no fluidiza, incluso a altas temperaturas y por ser repelente al agua protege el\u00a0equipo de la corrosi\u00f3n.  Por estas caracter\u00edsticas, se convierte en un lubricante ideal para la industria sider\u00fargica, cementera,\u00a0metal\u00fargica etc.\" \/>\n<meta property=\"og:url\" content=\"https:\/\/molygrafit.com\/cl\/producto\/gl-1-grasa-100-sintetica-resiste-a-altas-temperaturas-se-evapora-sin-formar-residuos-de-carbonizacion\/\" \/>\n<meta property=\"og:site_name\" content=\"Molygrafit - Lubricantes Especiales\" \/>\n<meta property=\"article:modified_time\" content=\"2025-08-20T22:43:01+00:00\" \/>\n<meta property=\"og:image\" content=\"https:\/\/molygrafit.com\/cl\/wp-content\/uploads\/2021\/03\/Baldes_Kilos_final.jpg\" \/>\n\t<meta property=\"og:image:width\" content=\"600\" \/>\n\t<meta property=\"og:image:height\" content=\"600\" \/>\n\t<meta property=\"og:image:type\" content=\"image\/jpeg\" \/>\n<meta name=\"twitter:card\" content=\"summary_large_image\" \/>\n<script type=\"application\/ld+json\" class=\"yoast-schema-graph\">{\"@context\":\"https:\/\/schema.org\",\"@graph\":[{\"@type\":\"WebPage\",\"@id\":\"https:\/\/molygrafit.com\/cl\/producto\/gl-1-grasa-100-sintetica-resiste-a-altas-temperaturas-se-evapora-sin-formar-residuos-de-carbonizacion\/\",\"url\":\"https:\/\/molygrafit.com\/cl\/producto\/gl-1-grasa-100-sintetica-resiste-a-altas-temperaturas-se-evapora-sin-formar-residuos-de-carbonizacion\/\",\"name\":\"GL-1 > GRASA 100% SINT\u00c9TICA, RESISTE A ALTAS TEMPERATURAS, SE EVAPORA SIN FORMAR RESIDUOS DE CARBONIZACI\u00d3N. - Molygrafit - Lubricantes Especiales\",\"isPartOf\":{\"@id\":\"https:\/\/molygrafit.com\/cl\/#website\"},\"primaryImageOfPage\":{\"@id\":\"https:\/\/molygrafit.com\/cl\/producto\/gl-1-grasa-100-sintetica-resiste-a-altas-temperaturas-se-evapora-sin-formar-residuos-de-carbonizacion\/#primaryimage\"},\"image\":{\"@id\":\"https:\/\/molygrafit.com\/cl\/producto\/gl-1-grasa-100-sintetica-resiste-a-altas-temperaturas-se-evapora-sin-formar-residuos-de-carbonizacion\/#primaryimage\"},\"thumbnailUrl\":\"https:\/\/molygrafit.com\/cl\/wp-content\/uploads\/2021\/03\/Baldes_Kilos_final.jpg\",\"datePublished\":\"2021-05-25T18:47:34+00:00\",\"dateModified\":\"2025-08-20T22:43:01+00:00\",\"breadcrumb\":{\"@id\":\"https:\/\/molygrafit.com\/cl\/producto\/gl-1-grasa-100-sintetica-resiste-a-altas-temperaturas-se-evapora-sin-formar-residuos-de-carbonizacion\/#breadcrumb\"},\"inLanguage\":\"es-CL\",\"potentialAction\":[{\"@type\":\"ReadAction\",\"target\":[\"https:\/\/molygrafit.com\/cl\/producto\/gl-1-grasa-100-sintetica-resiste-a-altas-temperaturas-se-evapora-sin-formar-residuos-de-carbonizacion\/\"]}]},{\"@type\":\"ImageObject\",\"inLanguage\":\"es-CL\",\"@id\":\"https:\/\/molygrafit.com\/cl\/producto\/gl-1-grasa-100-sintetica-resiste-a-altas-temperaturas-se-evapora-sin-formar-residuos-de-carbonizacion\/#primaryimage\",\"url\":\"https:\/\/molygrafit.com\/cl\/wp-content\/uploads\/2021\/03\/Baldes_Kilos_final.jpg\",\"contentUrl\":\"https:\/\/molygrafit.com\/cl\/wp-content\/uploads\/2021\/03\/Baldes_Kilos_final.jpg\",\"width\":600,\"height\":600},{\"@type\":\"BreadcrumbList\",\"@id\":\"https:\/\/molygrafit.com\/cl\/producto\/gl-1-grasa-100-sintetica-resiste-a-altas-temperaturas-se-evapora-sin-formar-residuos-de-carbonizacion\/#breadcrumb\",\"itemListElement\":[{\"@type\":\"ListItem\",\"position\":1,\"name\":\"In\u00edcio\",\"item\":\"https:\/\/molygrafit.com\/cl\/\"},{\"@type\":\"ListItem\",\"position\":2,\"name\":\"Tienda\",\"item\":\"https:\/\/molygrafit.com\/cl\/\"},{\"@type\":\"ListItem\",\"position\":3,\"name\":\"GL-1 > GRASA 100% SINT\u00c9TICA, RESISTE A ALTAS TEMPERATURAS, SE EVAPORA SIN FORMAR RESIDUOS DE CARBONIZACI\u00d3N.\"}]},{\"@type\":\"WebSite\",\"@id\":\"https:\/\/molygrafit.com\/cl\/#website\",\"url\":\"https:\/\/molygrafit.com\/cl\/\",\"name\":\"Molygrafit - Lubricantes Especiales\",\"description\":\"\",\"potentialAction\":[{\"@type\":\"SearchAction\",\"target\":{\"@type\":\"EntryPoint\",\"urlTemplate\":\"https:\/\/molygrafit.com\/cl\/?s={search_term_string}\"},\"query-input\":{\"@type\":\"PropertyValueSpecification\",\"valueRequired\":true,\"valueName\":\"search_term_string\"}}],\"inLanguage\":\"es-CL\"}]}<\/script>\n<!-- \/ Yoast SEO plugin. -->","yoast_head_json":{"title":"GL-1 > GRASA 100% SINT\u00c9TICA, RESISTE A ALTAS TEMPERATURAS, SE EVAPORA SIN FORMAR RESIDUOS DE CARBONIZACI\u00d3N. - Molygrafit - Lubricantes Especiales","robots":{"index":"index","follow":"follow","max-snippet":"max-snippet:-1","max-image-preview":"max-image-preview:large","max-video-preview":"max-video-preview:-1"},"canonical":"https:\/\/molygrafit.com\/cl\/producto\/gl-1-grasa-100-sintetica-resiste-a-altas-temperaturas-se-evapora-sin-formar-residuos-de-carbonizacion\/","og_locale":"es_ES","og_type":"article","og_title":"GL-1 > GRASA 100% SINT\u00c9TICA, RESISTE A ALTAS TEMPERATURAS, SE EVAPORA SIN FORMAR RESIDUOS DE CARBONIZACI\u00d3N. - Molygrafit - Lubricantes Especiales","og_description":"MOLYGRAFIT GL-1 es una grasa sint\u00e9tica de consistencia adecuada para operaci\u00f3n en equipos de\u00a0lubricaci\u00f3n centralizada, sin embargo puede ser aplicada por procesos manuales, como: brocha,\u00a0engrasadores etc.  Formulada con aceites sint\u00e9ticos que resisten altas temperaturas sin formar residuos. Contiene aditivos\u00a0que brindan lubricaci\u00f3n con una baja tasa de evaporaci\u00f3n, aumentando los per\u00edodos de lubricaci\u00f3n.  Suministrada en consistencia 1, bajo consulta, se puede producir en otras consistencias.  MOLYGRAFIT GL-1 no es t\u00f3xica, su aceite base tiene un alto punto de inflamabilidad, brindando\u00a0seguridad al operador y al equipo.  MOLYGRAFIT GL-1 no fluidiza, incluso a altas temperaturas y por ser repelente al agua protege el\u00a0equipo de la corrosi\u00f3n.  Por estas caracter\u00edsticas, se convierte en un lubricante ideal para la industria sider\u00fargica, cementera,\u00a0metal\u00fargica etc.","og_url":"https:\/\/molygrafit.com\/cl\/producto\/gl-1-grasa-100-sintetica-resiste-a-altas-temperaturas-se-evapora-sin-formar-residuos-de-carbonizacion\/","og_site_name":"Molygrafit - Lubricantes Especiales","article_modified_time":"2025-08-20T22:43:01+00:00","og_image":[{"width":600,"height":600,"url":"https:\/\/molygrafit.com\/cl\/wp-content\/uploads\/2021\/03\/Baldes_Kilos_final.jpg","type":"image\/jpeg"}],"twitter_card":"summary_large_image","schema":{"@context":"https:\/\/schema.org","@graph":[{"@type":"WebPage","@id":"https:\/\/molygrafit.com\/cl\/producto\/gl-1-grasa-100-sintetica-resiste-a-altas-temperaturas-se-evapora-sin-formar-residuos-de-carbonizacion\/","url":"https:\/\/molygrafit.com\/cl\/producto\/gl-1-grasa-100-sintetica-resiste-a-altas-temperaturas-se-evapora-sin-formar-residuos-de-carbonizacion\/","name":"GL-1 > GRASA 100% SINT\u00c9TICA, RESISTE A ALTAS TEMPERATURAS, SE EVAPORA SIN FORMAR RESIDUOS DE CARBONIZACI\u00d3N. - Molygrafit - Lubricantes Especiales","isPartOf":{"@id":"https:\/\/molygrafit.com\/cl\/#website"},"primaryImageOfPage":{"@id":"https:\/\/molygrafit.com\/cl\/producto\/gl-1-grasa-100-sintetica-resiste-a-altas-temperaturas-se-evapora-sin-formar-residuos-de-carbonizacion\/#primaryimage"},"image":{"@id":"https:\/\/molygrafit.com\/cl\/producto\/gl-1-grasa-100-sintetica-resiste-a-altas-temperaturas-se-evapora-sin-formar-residuos-de-carbonizacion\/#primaryimage"},"thumbnailUrl":"https:\/\/molygrafit.com\/cl\/wp-content\/uploads\/2021\/03\/Baldes_Kilos_final.jpg","datePublished":"2021-05-25T18:47:34+00:00","dateModified":"2025-08-20T22:43:01+00:00","breadcrumb":{"@id":"https:\/\/molygrafit.com\/cl\/producto\/gl-1-grasa-100-sintetica-resiste-a-altas-temperaturas-se-evapora-sin-formar-residuos-de-carbonizacion\/#breadcrumb"},"inLanguage":"es-CL","potentialAction":[{"@type":"ReadAction","target":["https:\/\/molygrafit.com\/cl\/producto\/gl-1-grasa-100-sintetica-resiste-a-altas-temperaturas-se-evapora-sin-formar-residuos-de-carbonizacion\/"]}]},{"@type":"ImageObject","inLanguage":"es-CL","@id":"https:\/\/molygrafit.com\/cl\/producto\/gl-1-grasa-100-sintetica-resiste-a-altas-temperaturas-se-evapora-sin-formar-residuos-de-carbonizacion\/#primaryimage","url":"https:\/\/molygrafit.com\/cl\/wp-content\/uploads\/2021\/03\/Baldes_Kilos_final.jpg","contentUrl":"https:\/\/molygrafit.com\/cl\/wp-content\/uploads\/2021\/03\/Baldes_Kilos_final.jpg","width":600,"height":600},{"@type":"BreadcrumbList","@id":"https:\/\/molygrafit.com\/cl\/producto\/gl-1-grasa-100-sintetica-resiste-a-altas-temperaturas-se-evapora-sin-formar-residuos-de-carbonizacion\/#breadcrumb","itemListElement":[{"@type":"ListItem","position":1,"name":"In\u00edcio","item":"https:\/\/molygrafit.com\/cl\/"},{"@type":"ListItem","position":2,"name":"Tienda","item":"https:\/\/molygrafit.com\/cl\/"},{"@type":"ListItem","position":3,"name":"GL-1 > GRASA 100% SINT\u00c9TICA, RESISTE A ALTAS TEMPERATURAS, SE EVAPORA SIN FORMAR RESIDUOS DE CARBONIZACI\u00d3N."}]},{"@type":"WebSite","@id":"https:\/\/molygrafit.com\/cl\/#website","url":"https:\/\/molygrafit.com\/cl\/","name":"Molygrafit - Lubricantes Especiales","description":"","potentialAction":[{"@type":"SearchAction","target":{"@type":"EntryPoint","urlTemplate":"https:\/\/molygrafit.com\/cl\/?s={search_term_string}"},"query-input":{"@type":"PropertyValueSpecification","valueRequired":true,"valueName":"search_term_string"}}],"inLanguage":"es-CL"}]}},"_links":{"self":[{"href":"https:\/\/molygrafit.com\/cl\/wp-json\/wp\/v2\/product\/2330","targetHints":{"allow":["GET"]}}],"collection":[{"href":"https:\/\/molygrafit.com\/cl\/wp-json\/wp\/v2\/product"}],"about":[{"href":"https:\/\/molygrafit.com\/cl\/wp-json\/wp\/v2\/types\/product"}],"wp:featuredmedia":[{"embeddable":true,"href":"https:\/\/molygrafit.com\/cl\/wp-json\/wp\/v2\/media\/2074"}],"wp:attachment":[{"href":"https:\/\/molygrafit.com\/cl\/wp-json\/wp\/v2\/media?parent=2330"}],"wp:term":[{"taxonomy":"product_brand","embeddable":true,"href":"https:\/\/molygrafit.com\/cl\/wp-json\/wp\/v2\/product_brand?post=2330"},{"taxonomy":"product_cat","embeddable":true,"href":"https:\/\/molygrafit.com\/cl\/wp-json\/wp\/v2\/product_cat?post=2330"},{"taxonomy":"product_tag","embeddable":true,"href":"https:\/\/molygrafit.com\/cl\/wp-json\/wp\/v2\/product_tag?post=2330"}],"curies":[{"name":"wp","href":"https:\/\/api.w.org\/{rel}","templated":true}]}}