{"id":2331,"date":"2021-05-25T15:47:34","date_gmt":"2021-05-25T18:47:34","guid":{"rendered":"https:\/\/molygrafit.com\/cl\/producto\/import-placeholder-for-1845\/"},"modified":"2025-08-20T19:37:15","modified_gmt":"2025-08-20T22:37:15","slug":"gl-000-grasa-sintetica-atoxica-ideal-para-equipos-con-lubricacion-centralizada","status":"publish","type":"product","link":"https:\/\/molygrafit.com\/cl\/producto\/gl-000-grasa-sintetica-atoxica-ideal-para-equipos-con-lubricacion-centralizada\/","title":{"rendered":"GL-000 > GRASA SINT\u00c9TICA AT\u00d3XICA IDEAL PARA EQUIPOS CON LUBRICACI\u00d3N CENTRALIZADA."},"content":{"rendered":"<ul>\n<li>Apariencia: Pasta homog\u00e9nea transparente<\/li>\n<li>Consistencia: NLGI: 000<\/li>\n<li>Penetraci\u00f3n trabajada: 445-475<\/li>\n<li>Temperatura de trabajo: -30 a 350 \u00b0C<\/li>\n<li>Solubilidad en agua: Indisoluble<\/li>\n<\/ul>\n","protected":false},"excerpt":{"rendered":"<p>MOLYGRAFIT GL-000 es una grasa sint\u00e9tica de consistencia adecuada para operaci\u00f3n en equipos\u00a0de lubricaci\u00f3n centralizada, sin embargo puede ser aplicada por procesos manuales, como: brocha,\u00a0engrasadores etc.<\/p>\n<p>Especialmente indicada para cajas de engrenajes y reductores, ya que su baja consistencia\u00a0proporciona una excelente lubricaci\u00f3n en todas las partes del equipo.<\/p>\n<p>Formulado con aceites sint\u00e9ticos que resisten altas temperaturas sin formar residuos.<\/p>\n<p>MOLYGRAFIT GL-000 tiene en su formulaci\u00f3n aditivos de extrema presi\u00f3n, soportando altas\u00a0cargas de trabajo.<\/p>\n<p>Producto totalmente insoluble en agua, resistente a ambientes h\u00famedos y agresivos.<\/p>\n<p>Contiene aditivos que brindan lubricaci\u00f3n con una baja tasa de evaporaci\u00f3n, aumentando los\u00a0per\u00edodos de lubricaci\u00f3n.<\/p>\n<p>Suministrado en consistencia 000, se puede producir, bajo consulta, en otras consistencias.<\/p>\n<p>MOLYGRAFIT GL-000 no es t\u00f3xica y puede entrar en contacto con productos alimenticios y\u00a0farmac\u00e9uticos; no es inflamable, por lo tanto, brinda seguridad al operador.<\/p>\n","protected":false},"featured_media":2074,"template":"","meta":{"_acf_changed":false},"product_brand":[],"product_cat":[162,160],"product_tag":[283],"class_list":{"0":"post-2331","1":"product","2":"type-product","3":"status-publish","4":"has-post-thumbnail","6":"product_cat-alimentos-farmaceuticos","7":"product_cat-mecanica","8":"product_tag-grasa-sintetica-atoxica-ideal-para-equipos-con-lubricacion-centralizada","10":"first","11":"instock","12":"shipping-taxable","13":"product-type-variable"},"acf":[],"yoast_head":"<!-- This site is optimized with the Yoast SEO plugin v26.9 - https:\/\/yoast.com\/product\/yoast-seo-wordpress\/ -->\n<title>GL-000 &gt; GRASA SINT\u00c9TICA AT\u00d3XICA IDEAL PARA EQUIPOS CON LUBRICACI\u00d3N CENTRALIZADA. - Molygrafit - Lubricantes Especiales<\/title>\n<meta name=\"robots\" content=\"index, follow, max-snippet:-1, max-image-preview:large, max-video-preview:-1\" \/>\n<link rel=\"canonical\" href=\"https:\/\/molygrafit.com\/cl\/producto\/gl-000-grasa-sintetica-atoxica-ideal-para-equipos-con-lubricacion-centralizada\/\" \/>\n<meta property=\"og:locale\" content=\"es_ES\" \/>\n<meta property=\"og:type\" content=\"article\" \/>\n<meta property=\"og:title\" content=\"GL-000 &gt; GRASA SINT\u00c9TICA AT\u00d3XICA IDEAL PARA EQUIPOS CON LUBRICACI\u00d3N CENTRALIZADA. - Molygrafit - Lubricantes Especiales\" \/>\n<meta property=\"og:description\" content=\"MOLYGRAFIT GL-000 es una grasa sint\u00e9tica de consistencia adecuada para operaci\u00f3n en equipos\u00a0de lubricaci\u00f3n centralizada, sin embargo puede ser aplicada por procesos manuales, como: brocha,\u00a0engrasadores etc.  Especialmente indicada para cajas de engrenajes y reductores, ya que su baja consistencia\u00a0proporciona una excelente lubricaci\u00f3n en todas las partes del equipo.  Formulado con aceites sint\u00e9ticos que resisten altas temperaturas sin formar residuos.  MOLYGRAFIT GL-000 tiene en su formulaci\u00f3n aditivos de extrema presi\u00f3n, soportando altas\u00a0cargas de trabajo.  Producto totalmente insoluble en agua, resistente a ambientes h\u00famedos y agresivos.  Contiene aditivos que brindan lubricaci\u00f3n con una baja tasa de evaporaci\u00f3n, aumentando los\u00a0per\u00edodos de lubricaci\u00f3n.  Suministrado en consistencia 000, se puede producir, bajo consulta, en otras consistencias.  MOLYGRAFIT GL-000 no es t\u00f3xica y puede entrar en contacto con productos alimenticios y\u00a0farmac\u00e9uticos; no es inflamable, por lo tanto, brinda seguridad al operador.\" \/>\n<meta property=\"og:url\" content=\"https:\/\/molygrafit.com\/cl\/producto\/gl-000-grasa-sintetica-atoxica-ideal-para-equipos-con-lubricacion-centralizada\/\" \/>\n<meta property=\"og:site_name\" content=\"Molygrafit - Lubricantes Especiales\" \/>\n<meta property=\"article:modified_time\" content=\"2025-08-20T22:37:15+00:00\" \/>\n<meta property=\"og:image\" content=\"https:\/\/molygrafit.com\/cl\/wp-content\/uploads\/2021\/03\/Baldes_Kilos_final.jpg\" \/>\n\t<meta property=\"og:image:width\" content=\"600\" \/>\n\t<meta property=\"og:image:height\" content=\"600\" \/>\n\t<meta property=\"og:image:type\" content=\"image\/jpeg\" \/>\n<meta name=\"twitter:card\" content=\"summary_large_image\" \/>\n<script type=\"application\/ld+json\" class=\"yoast-schema-graph\">{\"@context\":\"https:\/\/schema.org\",\"@graph\":[{\"@type\":\"WebPage\",\"@id\":\"https:\/\/molygrafit.com\/cl\/producto\/gl-000-grasa-sintetica-atoxica-ideal-para-equipos-con-lubricacion-centralizada\/\",\"url\":\"https:\/\/molygrafit.com\/cl\/producto\/gl-000-grasa-sintetica-atoxica-ideal-para-equipos-con-lubricacion-centralizada\/\",\"name\":\"GL-000 > GRASA SINT\u00c9TICA AT\u00d3XICA IDEAL PARA EQUIPOS CON LUBRICACI\u00d3N CENTRALIZADA. - Molygrafit - Lubricantes Especiales\",\"isPartOf\":{\"@id\":\"https:\/\/molygrafit.com\/cl\/#website\"},\"primaryImageOfPage\":{\"@id\":\"https:\/\/molygrafit.com\/cl\/producto\/gl-000-grasa-sintetica-atoxica-ideal-para-equipos-con-lubricacion-centralizada\/#primaryimage\"},\"image\":{\"@id\":\"https:\/\/molygrafit.com\/cl\/producto\/gl-000-grasa-sintetica-atoxica-ideal-para-equipos-con-lubricacion-centralizada\/#primaryimage\"},\"thumbnailUrl\":\"https:\/\/molygrafit.com\/cl\/wp-content\/uploads\/2021\/03\/Baldes_Kilos_final.jpg\",\"datePublished\":\"2021-05-25T18:47:34+00:00\",\"dateModified\":\"2025-08-20T22:37:15+00:00\",\"breadcrumb\":{\"@id\":\"https:\/\/molygrafit.com\/cl\/producto\/gl-000-grasa-sintetica-atoxica-ideal-para-equipos-con-lubricacion-centralizada\/#breadcrumb\"},\"inLanguage\":\"es-CL\",\"potentialAction\":[{\"@type\":\"ReadAction\",\"target\":[\"https:\/\/molygrafit.com\/cl\/producto\/gl-000-grasa-sintetica-atoxica-ideal-para-equipos-con-lubricacion-centralizada\/\"]}]},{\"@type\":\"ImageObject\",\"inLanguage\":\"es-CL\",\"@id\":\"https:\/\/molygrafit.com\/cl\/producto\/gl-000-grasa-sintetica-atoxica-ideal-para-equipos-con-lubricacion-centralizada\/#primaryimage\",\"url\":\"https:\/\/molygrafit.com\/cl\/wp-content\/uploads\/2021\/03\/Baldes_Kilos_final.jpg\",\"contentUrl\":\"https:\/\/molygrafit.com\/cl\/wp-content\/uploads\/2021\/03\/Baldes_Kilos_final.jpg\",\"width\":600,\"height\":600},{\"@type\":\"BreadcrumbList\",\"@id\":\"https:\/\/molygrafit.com\/cl\/producto\/gl-000-grasa-sintetica-atoxica-ideal-para-equipos-con-lubricacion-centralizada\/#breadcrumb\",\"itemListElement\":[{\"@type\":\"ListItem\",\"position\":1,\"name\":\"In\u00edcio\",\"item\":\"https:\/\/molygrafit.com\/cl\/\"},{\"@type\":\"ListItem\",\"position\":2,\"name\":\"Tienda\",\"item\":\"https:\/\/molygrafit.com\/cl\/\"},{\"@type\":\"ListItem\",\"position\":3,\"name\":\"GL-000 > GRASA SINT\u00c9TICA AT\u00d3XICA IDEAL PARA EQUIPOS CON LUBRICACI\u00d3N CENTRALIZADA.\"}]},{\"@type\":\"WebSite\",\"@id\":\"https:\/\/molygrafit.com\/cl\/#website\",\"url\":\"https:\/\/molygrafit.com\/cl\/\",\"name\":\"Molygrafit - Lubricantes Especiales\",\"description\":\"\",\"potentialAction\":[{\"@type\":\"SearchAction\",\"target\":{\"@type\":\"EntryPoint\",\"urlTemplate\":\"https:\/\/molygrafit.com\/cl\/?s={search_term_string}\"},\"query-input\":{\"@type\":\"PropertyValueSpecification\",\"valueRequired\":true,\"valueName\":\"search_term_string\"}}],\"inLanguage\":\"es-CL\"}]}<\/script>\n<!-- \/ Yoast SEO plugin. -->","yoast_head_json":{"title":"GL-000 > GRASA SINT\u00c9TICA AT\u00d3XICA IDEAL PARA EQUIPOS CON LUBRICACI\u00d3N CENTRALIZADA. - Molygrafit - Lubricantes Especiales","robots":{"index":"index","follow":"follow","max-snippet":"max-snippet:-1","max-image-preview":"max-image-preview:large","max-video-preview":"max-video-preview:-1"},"canonical":"https:\/\/molygrafit.com\/cl\/producto\/gl-000-grasa-sintetica-atoxica-ideal-para-equipos-con-lubricacion-centralizada\/","og_locale":"es_ES","og_type":"article","og_title":"GL-000 > GRASA SINT\u00c9TICA AT\u00d3XICA IDEAL PARA EQUIPOS CON LUBRICACI\u00d3N CENTRALIZADA. - Molygrafit - Lubricantes Especiales","og_description":"MOLYGRAFIT GL-000 es una grasa sint\u00e9tica de consistencia adecuada para operaci\u00f3n en equipos\u00a0de lubricaci\u00f3n centralizada, sin embargo puede ser aplicada por procesos manuales, como: brocha,\u00a0engrasadores etc.  Especialmente indicada para cajas de engrenajes y reductores, ya que su baja consistencia\u00a0proporciona una excelente lubricaci\u00f3n en todas las partes del equipo.  Formulado con aceites sint\u00e9ticos que resisten altas temperaturas sin formar residuos.  MOLYGRAFIT GL-000 tiene en su formulaci\u00f3n aditivos de extrema presi\u00f3n, soportando altas\u00a0cargas de trabajo.  Producto totalmente insoluble en agua, resistente a ambientes h\u00famedos y agresivos.  Contiene aditivos que brindan lubricaci\u00f3n con una baja tasa de evaporaci\u00f3n, aumentando los\u00a0per\u00edodos de lubricaci\u00f3n.  Suministrado en consistencia 000, se puede producir, bajo consulta, en otras consistencias.  MOLYGRAFIT GL-000 no es t\u00f3xica y puede entrar en contacto con productos alimenticios y\u00a0farmac\u00e9uticos; no es inflamable, por lo tanto, brinda seguridad al operador.","og_url":"https:\/\/molygrafit.com\/cl\/producto\/gl-000-grasa-sintetica-atoxica-ideal-para-equipos-con-lubricacion-centralizada\/","og_site_name":"Molygrafit - Lubricantes Especiales","article_modified_time":"2025-08-20T22:37:15+00:00","og_image":[{"width":600,"height":600,"url":"https:\/\/molygrafit.com\/cl\/wp-content\/uploads\/2021\/03\/Baldes_Kilos_final.jpg","type":"image\/jpeg"}],"twitter_card":"summary_large_image","schema":{"@context":"https:\/\/schema.org","@graph":[{"@type":"WebPage","@id":"https:\/\/molygrafit.com\/cl\/producto\/gl-000-grasa-sintetica-atoxica-ideal-para-equipos-con-lubricacion-centralizada\/","url":"https:\/\/molygrafit.com\/cl\/producto\/gl-000-grasa-sintetica-atoxica-ideal-para-equipos-con-lubricacion-centralizada\/","name":"GL-000 > GRASA SINT\u00c9TICA AT\u00d3XICA IDEAL PARA EQUIPOS CON LUBRICACI\u00d3N CENTRALIZADA. - Molygrafit - Lubricantes Especiales","isPartOf":{"@id":"https:\/\/molygrafit.com\/cl\/#website"},"primaryImageOfPage":{"@id":"https:\/\/molygrafit.com\/cl\/producto\/gl-000-grasa-sintetica-atoxica-ideal-para-equipos-con-lubricacion-centralizada\/#primaryimage"},"image":{"@id":"https:\/\/molygrafit.com\/cl\/producto\/gl-000-grasa-sintetica-atoxica-ideal-para-equipos-con-lubricacion-centralizada\/#primaryimage"},"thumbnailUrl":"https:\/\/molygrafit.com\/cl\/wp-content\/uploads\/2021\/03\/Baldes_Kilos_final.jpg","datePublished":"2021-05-25T18:47:34+00:00","dateModified":"2025-08-20T22:37:15+00:00","breadcrumb":{"@id":"https:\/\/molygrafit.com\/cl\/producto\/gl-000-grasa-sintetica-atoxica-ideal-para-equipos-con-lubricacion-centralizada\/#breadcrumb"},"inLanguage":"es-CL","potentialAction":[{"@type":"ReadAction","target":["https:\/\/molygrafit.com\/cl\/producto\/gl-000-grasa-sintetica-atoxica-ideal-para-equipos-con-lubricacion-centralizada\/"]}]},{"@type":"ImageObject","inLanguage":"es-CL","@id":"https:\/\/molygrafit.com\/cl\/producto\/gl-000-grasa-sintetica-atoxica-ideal-para-equipos-con-lubricacion-centralizada\/#primaryimage","url":"https:\/\/molygrafit.com\/cl\/wp-content\/uploads\/2021\/03\/Baldes_Kilos_final.jpg","contentUrl":"https:\/\/molygrafit.com\/cl\/wp-content\/uploads\/2021\/03\/Baldes_Kilos_final.jpg","width":600,"height":600},{"@type":"BreadcrumbList","@id":"https:\/\/molygrafit.com\/cl\/producto\/gl-000-grasa-sintetica-atoxica-ideal-para-equipos-con-lubricacion-centralizada\/#breadcrumb","itemListElement":[{"@type":"ListItem","position":1,"name":"In\u00edcio","item":"https:\/\/molygrafit.com\/cl\/"},{"@type":"ListItem","position":2,"name":"Tienda","item":"https:\/\/molygrafit.com\/cl\/"},{"@type":"ListItem","position":3,"name":"GL-000 > GRASA SINT\u00c9TICA AT\u00d3XICA IDEAL PARA EQUIPOS CON LUBRICACI\u00d3N CENTRALIZADA."}]},{"@type":"WebSite","@id":"https:\/\/molygrafit.com\/cl\/#website","url":"https:\/\/molygrafit.com\/cl\/","name":"Molygrafit - Lubricantes Especiales","description":"","potentialAction":[{"@type":"SearchAction","target":{"@type":"EntryPoint","urlTemplate":"https:\/\/molygrafit.com\/cl\/?s={search_term_string}"},"query-input":{"@type":"PropertyValueSpecification","valueRequired":true,"valueName":"search_term_string"}}],"inLanguage":"es-CL"}]}},"_links":{"self":[{"href":"https:\/\/molygrafit.com\/cl\/wp-json\/wp\/v2\/product\/2331","targetHints":{"allow":["GET"]}}],"collection":[{"href":"https:\/\/molygrafit.com\/cl\/wp-json\/wp\/v2\/product"}],"about":[{"href":"https:\/\/molygrafit.com\/cl\/wp-json\/wp\/v2\/types\/product"}],"wp:featuredmedia":[{"embeddable":true,"href":"https:\/\/molygrafit.com\/cl\/wp-json\/wp\/v2\/media\/2074"}],"wp:attachment":[{"href":"https:\/\/molygrafit.com\/cl\/wp-json\/wp\/v2\/media?parent=2331"}],"wp:term":[{"taxonomy":"product_brand","embeddable":true,"href":"https:\/\/molygrafit.com\/cl\/wp-json\/wp\/v2\/product_brand?post=2331"},{"taxonomy":"product_cat","embeddable":true,"href":"https:\/\/molygrafit.com\/cl\/wp-json\/wp\/v2\/product_cat?post=2331"},{"taxonomy":"product_tag","embeddable":true,"href":"https:\/\/molygrafit.com\/cl\/wp-json\/wp\/v2\/product_tag?post=2331"}],"curies":[{"name":"wp","href":"https:\/\/api.w.org\/{rel}","templated":true}]}}