{"id":2333,"date":"2021-05-25T15:47:34","date_gmt":"2021-05-25T18:47:34","guid":{"rendered":"https:\/\/molygrafit.com\/cl\/producto\/import-placeholder-for-1847\/"},"modified":"2025-08-20T19:42:00","modified_gmt":"2025-08-20T22:42:00","slug":"gk-1-sep-grasa-100-sintetica-resistente-a-cargas-extremas","status":"publish","type":"product","link":"https:\/\/molygrafit.com\/cl\/producto\/gk-1-sep-grasa-100-sintetica-resistente-a-cargas-extremas\/","title":{"rendered":"GK-1\/SEP > GRASA 100% SINT\u00c9TICA RESISTENTE A CARGAS EXTREMAS."},"content":{"rendered":"<ul>\n<li>Aceite B\u00e1sico: Sint\u00e9tico<\/li>\n<li>Espesante: Coloide inorg\u00e1nico<\/li>\n<li>Consistencia NLGI: 1<\/li>\n<li>Penetraci\u00f3n trabajada: 310 &#8211; 340<\/li>\n<li>Punto de goteo ASTM D 566: Inexistente<\/li>\n<li>Temperatura de uso: -20 a 250 \u00b0C<\/li>\n<li>Separaci\u00f3n de aceite 24 horas a 120 \u00b0C: menor que 1%<\/li>\n<li>Factor de rotaci\u00f3n (DN): 5 x 105 (n.dm)<\/li>\n<li>Viscosidad del aceite base: ISO VG 220<\/li>\n<li>Four Ball (Carga de soldadura ASTM D 2596): &gt;800 kg<\/li>\n<\/ul>\n","protected":false},"excerpt":{"rendered":"<p>MOLYGRAFIT GK-1\/SEP es una grasa totalmente sint\u00e9tica para m\u00faltiples aplicaciones.<\/p>\n<p>Se puede utilizar en cojinetes, rodamientos, casquillos, ejes, uniones rotativas etc., a altas\u00a0velocidades.<\/p>\n<p>Est\u00e1 formulada con antioxidantes, anticorrosivos, adhesivos y repelentes de agua.<\/p>\n<p>Su formulaci\u00f3n tiene alta concentraci\u00f3n de aditivos especiales de extrema presi\u00f3n, lo que le permite\u00a0trabajar bajo cargas extremas.<\/p>\n<p>MOLYGRAFIT GK-1\/SEP soporta atm\u00f3sferas agresivas y h\u00famedas. Ideal para industrias que\u00a0operan con alto contenido de humedad, como papel y textiles.<\/p>\n<p>Soporta altas temperaturas durante largos periodos sin gotear ni dejar residuos. Producto no t\u00f3xico,\u00a0no inflamable, seguro para el operador.<\/p>\n","protected":false},"featured_media":2074,"template":"","meta":{"_acf_changed":false},"product_brand":[],"product_cat":[158],"product_tag":[285],"class_list":{"0":"post-2333","1":"product","2":"type-product","3":"status-publish","4":"has-post-thumbnail","6":"product_cat-mineria","7":"product_tag-grasa-100-sintetica-resistente-a-cargas-extremas","9":"first","10":"instock","11":"shipping-taxable","12":"product-type-variable"},"acf":[],"yoast_head":"<!-- This site is optimized with the Yoast SEO plugin v26.9 - https:\/\/yoast.com\/product\/yoast-seo-wordpress\/ -->\n<title>GK-1\/SEP &gt; GRASA 100% SINT\u00c9TICA RESISTENTE A CARGAS EXTREMAS. - Molygrafit - Lubricantes Especiales<\/title>\n<meta name=\"robots\" content=\"index, follow, max-snippet:-1, max-image-preview:large, max-video-preview:-1\" \/>\n<link rel=\"canonical\" href=\"https:\/\/molygrafit.com\/cl\/producto\/gk-1-sep-grasa-100-sintetica-resistente-a-cargas-extremas\/\" \/>\n<meta property=\"og:locale\" content=\"es_ES\" \/>\n<meta property=\"og:type\" content=\"article\" \/>\n<meta property=\"og:title\" content=\"GK-1\/SEP &gt; GRASA 100% SINT\u00c9TICA RESISTENTE A CARGAS EXTREMAS. - Molygrafit - Lubricantes Especiales\" \/>\n<meta property=\"og:description\" content=\"MOLYGRAFIT GK-1\/SEP es una grasa totalmente sint\u00e9tica para m\u00faltiples aplicaciones.  Se puede utilizar en cojinetes, rodamientos, casquillos, ejes, uniones rotativas etc., a altas\u00a0velocidades.  Est\u00e1 formulada con antioxidantes, anticorrosivos, adhesivos y repelentes de agua.  Su formulaci\u00f3n tiene alta concentraci\u00f3n de aditivos especiales de extrema presi\u00f3n, lo que le permite\u00a0trabajar bajo cargas extremas.  MOLYGRAFIT GK-1\/SEP soporta atm\u00f3sferas agresivas y h\u00famedas. Ideal para industrias que\u00a0operan con alto contenido de humedad, como papel y textiles.  Soporta altas temperaturas durante largos periodos sin gotear ni dejar residuos. Producto no t\u00f3xico,\u00a0no inflamable, seguro para el operador.\" \/>\n<meta property=\"og:url\" content=\"https:\/\/molygrafit.com\/cl\/producto\/gk-1-sep-grasa-100-sintetica-resistente-a-cargas-extremas\/\" \/>\n<meta property=\"og:site_name\" content=\"Molygrafit - Lubricantes Especiales\" \/>\n<meta property=\"article:modified_time\" content=\"2025-08-20T22:42:00+00:00\" \/>\n<meta property=\"og:image\" content=\"https:\/\/molygrafit.com\/cl\/wp-content\/uploads\/2021\/03\/Baldes_Kilos_final.jpg\" \/>\n\t<meta property=\"og:image:width\" content=\"600\" \/>\n\t<meta property=\"og:image:height\" content=\"600\" \/>\n\t<meta property=\"og:image:type\" content=\"image\/jpeg\" \/>\n<meta name=\"twitter:card\" content=\"summary_large_image\" \/>\n<script type=\"application\/ld+json\" class=\"yoast-schema-graph\">{\"@context\":\"https:\/\/schema.org\",\"@graph\":[{\"@type\":\"WebPage\",\"@id\":\"https:\/\/molygrafit.com\/cl\/producto\/gk-1-sep-grasa-100-sintetica-resistente-a-cargas-extremas\/\",\"url\":\"https:\/\/molygrafit.com\/cl\/producto\/gk-1-sep-grasa-100-sintetica-resistente-a-cargas-extremas\/\",\"name\":\"GK-1\/SEP > GRASA 100% SINT\u00c9TICA RESISTENTE A CARGAS EXTREMAS. - Molygrafit - Lubricantes Especiales\",\"isPartOf\":{\"@id\":\"https:\/\/molygrafit.com\/cl\/#website\"},\"primaryImageOfPage\":{\"@id\":\"https:\/\/molygrafit.com\/cl\/producto\/gk-1-sep-grasa-100-sintetica-resistente-a-cargas-extremas\/#primaryimage\"},\"image\":{\"@id\":\"https:\/\/molygrafit.com\/cl\/producto\/gk-1-sep-grasa-100-sintetica-resistente-a-cargas-extremas\/#primaryimage\"},\"thumbnailUrl\":\"https:\/\/molygrafit.com\/cl\/wp-content\/uploads\/2021\/03\/Baldes_Kilos_final.jpg\",\"datePublished\":\"2021-05-25T18:47:34+00:00\",\"dateModified\":\"2025-08-20T22:42:00+00:00\",\"breadcrumb\":{\"@id\":\"https:\/\/molygrafit.com\/cl\/producto\/gk-1-sep-grasa-100-sintetica-resistente-a-cargas-extremas\/#breadcrumb\"},\"inLanguage\":\"es-CL\",\"potentialAction\":[{\"@type\":\"ReadAction\",\"target\":[\"https:\/\/molygrafit.com\/cl\/producto\/gk-1-sep-grasa-100-sintetica-resistente-a-cargas-extremas\/\"]}]},{\"@type\":\"ImageObject\",\"inLanguage\":\"es-CL\",\"@id\":\"https:\/\/molygrafit.com\/cl\/producto\/gk-1-sep-grasa-100-sintetica-resistente-a-cargas-extremas\/#primaryimage\",\"url\":\"https:\/\/molygrafit.com\/cl\/wp-content\/uploads\/2021\/03\/Baldes_Kilos_final.jpg\",\"contentUrl\":\"https:\/\/molygrafit.com\/cl\/wp-content\/uploads\/2021\/03\/Baldes_Kilos_final.jpg\",\"width\":600,\"height\":600},{\"@type\":\"BreadcrumbList\",\"@id\":\"https:\/\/molygrafit.com\/cl\/producto\/gk-1-sep-grasa-100-sintetica-resistente-a-cargas-extremas\/#breadcrumb\",\"itemListElement\":[{\"@type\":\"ListItem\",\"position\":1,\"name\":\"In\u00edcio\",\"item\":\"https:\/\/molygrafit.com\/cl\/\"},{\"@type\":\"ListItem\",\"position\":2,\"name\":\"Tienda\",\"item\":\"https:\/\/molygrafit.com\/cl\/\"},{\"@type\":\"ListItem\",\"position\":3,\"name\":\"GK-1\/SEP > GRASA 100% SINT\u00c9TICA RESISTENTE A CARGAS EXTREMAS.\"}]},{\"@type\":\"WebSite\",\"@id\":\"https:\/\/molygrafit.com\/cl\/#website\",\"url\":\"https:\/\/molygrafit.com\/cl\/\",\"name\":\"Molygrafit - Lubricantes Especiales\",\"description\":\"\",\"potentialAction\":[{\"@type\":\"SearchAction\",\"target\":{\"@type\":\"EntryPoint\",\"urlTemplate\":\"https:\/\/molygrafit.com\/cl\/?s={search_term_string}\"},\"query-input\":{\"@type\":\"PropertyValueSpecification\",\"valueRequired\":true,\"valueName\":\"search_term_string\"}}],\"inLanguage\":\"es-CL\"}]}<\/script>\n<!-- \/ Yoast SEO plugin. -->","yoast_head_json":{"title":"GK-1\/SEP > GRASA 100% SINT\u00c9TICA RESISTENTE A CARGAS EXTREMAS. - Molygrafit - Lubricantes Especiales","robots":{"index":"index","follow":"follow","max-snippet":"max-snippet:-1","max-image-preview":"max-image-preview:large","max-video-preview":"max-video-preview:-1"},"canonical":"https:\/\/molygrafit.com\/cl\/producto\/gk-1-sep-grasa-100-sintetica-resistente-a-cargas-extremas\/","og_locale":"es_ES","og_type":"article","og_title":"GK-1\/SEP > GRASA 100% SINT\u00c9TICA RESISTENTE A CARGAS EXTREMAS. - Molygrafit - Lubricantes Especiales","og_description":"MOLYGRAFIT GK-1\/SEP es una grasa totalmente sint\u00e9tica para m\u00faltiples aplicaciones.  Se puede utilizar en cojinetes, rodamientos, casquillos, ejes, uniones rotativas etc., a altas\u00a0velocidades.  Est\u00e1 formulada con antioxidantes, anticorrosivos, adhesivos y repelentes de agua.  Su formulaci\u00f3n tiene alta concentraci\u00f3n de aditivos especiales de extrema presi\u00f3n, lo que le permite\u00a0trabajar bajo cargas extremas.  MOLYGRAFIT GK-1\/SEP soporta atm\u00f3sferas agresivas y h\u00famedas. Ideal para industrias que\u00a0operan con alto contenido de humedad, como papel y textiles.  Soporta altas temperaturas durante largos periodos sin gotear ni dejar residuos. Producto no t\u00f3xico,\u00a0no inflamable, seguro para el operador.","og_url":"https:\/\/molygrafit.com\/cl\/producto\/gk-1-sep-grasa-100-sintetica-resistente-a-cargas-extremas\/","og_site_name":"Molygrafit - Lubricantes Especiales","article_modified_time":"2025-08-20T22:42:00+00:00","og_image":[{"width":600,"height":600,"url":"https:\/\/molygrafit.com\/cl\/wp-content\/uploads\/2021\/03\/Baldes_Kilos_final.jpg","type":"image\/jpeg"}],"twitter_card":"summary_large_image","schema":{"@context":"https:\/\/schema.org","@graph":[{"@type":"WebPage","@id":"https:\/\/molygrafit.com\/cl\/producto\/gk-1-sep-grasa-100-sintetica-resistente-a-cargas-extremas\/","url":"https:\/\/molygrafit.com\/cl\/producto\/gk-1-sep-grasa-100-sintetica-resistente-a-cargas-extremas\/","name":"GK-1\/SEP > GRASA 100% SINT\u00c9TICA RESISTENTE A CARGAS EXTREMAS. - Molygrafit - Lubricantes Especiales","isPartOf":{"@id":"https:\/\/molygrafit.com\/cl\/#website"},"primaryImageOfPage":{"@id":"https:\/\/molygrafit.com\/cl\/producto\/gk-1-sep-grasa-100-sintetica-resistente-a-cargas-extremas\/#primaryimage"},"image":{"@id":"https:\/\/molygrafit.com\/cl\/producto\/gk-1-sep-grasa-100-sintetica-resistente-a-cargas-extremas\/#primaryimage"},"thumbnailUrl":"https:\/\/molygrafit.com\/cl\/wp-content\/uploads\/2021\/03\/Baldes_Kilos_final.jpg","datePublished":"2021-05-25T18:47:34+00:00","dateModified":"2025-08-20T22:42:00+00:00","breadcrumb":{"@id":"https:\/\/molygrafit.com\/cl\/producto\/gk-1-sep-grasa-100-sintetica-resistente-a-cargas-extremas\/#breadcrumb"},"inLanguage":"es-CL","potentialAction":[{"@type":"ReadAction","target":["https:\/\/molygrafit.com\/cl\/producto\/gk-1-sep-grasa-100-sintetica-resistente-a-cargas-extremas\/"]}]},{"@type":"ImageObject","inLanguage":"es-CL","@id":"https:\/\/molygrafit.com\/cl\/producto\/gk-1-sep-grasa-100-sintetica-resistente-a-cargas-extremas\/#primaryimage","url":"https:\/\/molygrafit.com\/cl\/wp-content\/uploads\/2021\/03\/Baldes_Kilos_final.jpg","contentUrl":"https:\/\/molygrafit.com\/cl\/wp-content\/uploads\/2021\/03\/Baldes_Kilos_final.jpg","width":600,"height":600},{"@type":"BreadcrumbList","@id":"https:\/\/molygrafit.com\/cl\/producto\/gk-1-sep-grasa-100-sintetica-resistente-a-cargas-extremas\/#breadcrumb","itemListElement":[{"@type":"ListItem","position":1,"name":"In\u00edcio","item":"https:\/\/molygrafit.com\/cl\/"},{"@type":"ListItem","position":2,"name":"Tienda","item":"https:\/\/molygrafit.com\/cl\/"},{"@type":"ListItem","position":3,"name":"GK-1\/SEP > GRASA 100% SINT\u00c9TICA RESISTENTE A CARGAS EXTREMAS."}]},{"@type":"WebSite","@id":"https:\/\/molygrafit.com\/cl\/#website","url":"https:\/\/molygrafit.com\/cl\/","name":"Molygrafit - Lubricantes Especiales","description":"","potentialAction":[{"@type":"SearchAction","target":{"@type":"EntryPoint","urlTemplate":"https:\/\/molygrafit.com\/cl\/?s={search_term_string}"},"query-input":{"@type":"PropertyValueSpecification","valueRequired":true,"valueName":"search_term_string"}}],"inLanguage":"es-CL"}]}},"_links":{"self":[{"href":"https:\/\/molygrafit.com\/cl\/wp-json\/wp\/v2\/product\/2333","targetHints":{"allow":["GET"]}}],"collection":[{"href":"https:\/\/molygrafit.com\/cl\/wp-json\/wp\/v2\/product"}],"about":[{"href":"https:\/\/molygrafit.com\/cl\/wp-json\/wp\/v2\/types\/product"}],"wp:featuredmedia":[{"embeddable":true,"href":"https:\/\/molygrafit.com\/cl\/wp-json\/wp\/v2\/media\/2074"}],"wp:attachment":[{"href":"https:\/\/molygrafit.com\/cl\/wp-json\/wp\/v2\/media?parent=2333"}],"wp:term":[{"taxonomy":"product_brand","embeddable":true,"href":"https:\/\/molygrafit.com\/cl\/wp-json\/wp\/v2\/product_brand?post=2333"},{"taxonomy":"product_cat","embeddable":true,"href":"https:\/\/molygrafit.com\/cl\/wp-json\/wp\/v2\/product_cat?post=2333"},{"taxonomy":"product_tag","embeddable":true,"href":"https:\/\/molygrafit.com\/cl\/wp-json\/wp\/v2\/product_tag?post=2333"}],"curies":[{"name":"wp","href":"https:\/\/api.w.org\/{rel}","templated":true}]}}