{"id":2334,"date":"2021-05-25T15:47:34","date_gmt":"2021-05-25T18:47:34","guid":{"rendered":"https:\/\/molygrafit.com\/cl\/producto\/import-placeholder-for-1848\/"},"modified":"2025-08-18T21:28:37","modified_gmt":"2025-08-19T00:28:37","slug":"gf-b-2-grasa-atoxica-100-sintetica-a-base-de-ptfe","status":"publish","type":"product","link":"https:\/\/molygrafit.com\/cl\/producto\/gf-b-2-grasa-atoxica-100-sintetica-a-base-de-ptfe\/","title":{"rendered":"GF\/B-2 > GRASA AT\u00d3XICA, 100% SINT\u00c9TICA A BASE DE PTFE."},"content":{"rendered":"<ul>\n<li>Aceite Base: Sint\u00e9tico<\/li>\n<li>Consistencia: 2<\/li>\n<li>Penetraci\u00f3n trabajada: 265 &#8211; 295<\/li>\n<li>Temperatura de trabajo: -50 a 260 \u00b0C<\/li>\n<li>Separaci\u00f3n de aceite 6 horas 120 \u00b0C: menor que 1%<\/li>\n<li>Lubricante S\u00f3lido: PTFE<\/li>\n<li>Tama\u00f1o medio de la part\u00edcula: 2 micrones<\/li>\n<li>Lavado de agua ASTM D 1264 (79 \u00b0C): 4,01%<\/li>\n<\/ul>\n","protected":false},"excerpt":{"rendered":"<p>Grasa at\u00f3xica e hidr\u00f3fuga, apta para la industria alimentaria y farmac\u00e9utica. Contiene solo aditivos inertes al\u00a0contacto humano.<\/p>\n<p>Soporta atm\u00f3sferas agresivas y h\u00famedas y se puede aplicar a conijetes, rodamientos, ejes, pasadores de\u00a0extracci\u00f3n etc.<\/p>\n<p>MOLYGRAFIT GF\/B-2 es una grasa blanca con lubricante s\u00f3lido de \u00faltima generaci\u00f3n (PTFE).<\/p>\n<p>Se suministra en consistencia 2, pero bajo consulta se puede obtener en otras consistencias.<\/p>\n<p>Sin punto de goteo, soporta altas temperaturas durante largos per\u00edodos, aumentando los intervalos de\u00a0lubricaci\u00f3n y reduciendo los costos operativos.<\/p>\n<p>Producto no t\u00f3xico, biodegradable y no inflamable; seguro para el operador.<\/p>\n","protected":false},"featured_media":2074,"template":"","meta":{"_acf_changed":false},"product_brand":[],"product_cat":[162,161],"product_tag":[287,286],"class_list":{"0":"post-2334","1":"product","2":"type-product","3":"status-publish","4":"has-post-thumbnail","6":"product_cat-alimentos-farmaceuticos","7":"product_cat-azucar-y-alcohol","8":"product_tag-100-sintetica-a-base-de-ptfe","9":"product_tag-grasa-atoxica","11":"first","12":"instock","13":"shipping-taxable","14":"product-type-variable"},"acf":[],"yoast_head":"<!-- This site is optimized with the Yoast SEO plugin v26.9 - https:\/\/yoast.com\/product\/yoast-seo-wordpress\/ -->\n<title>GF\/B-2 &gt; GRASA AT\u00d3XICA, 100% SINT\u00c9TICA A BASE DE PTFE. - Molygrafit - Lubricantes Especiales<\/title>\n<meta name=\"robots\" content=\"index, follow, max-snippet:-1, max-image-preview:large, max-video-preview:-1\" \/>\n<link rel=\"canonical\" href=\"https:\/\/molygrafit.com\/cl\/producto\/gf-b-2-grasa-atoxica-100-sintetica-a-base-de-ptfe\/\" \/>\n<meta property=\"og:locale\" content=\"es_ES\" \/>\n<meta property=\"og:type\" content=\"article\" \/>\n<meta property=\"og:title\" content=\"GF\/B-2 &gt; GRASA AT\u00d3XICA, 100% SINT\u00c9TICA A BASE DE PTFE. - Molygrafit - Lubricantes Especiales\" \/>\n<meta property=\"og:description\" content=\"Grasa at\u00f3xica e hidr\u00f3fuga, apta para la industria alimentaria y farmac\u00e9utica. Contiene solo aditivos inertes al\u00a0contacto humano.  Soporta atm\u00f3sferas agresivas y h\u00famedas y se puede aplicar a conijetes, rodamientos, ejes, pasadores de\u00a0extracci\u00f3n etc.  MOLYGRAFIT GF\/B-2 es una grasa blanca con lubricante s\u00f3lido de \u00faltima generaci\u00f3n (PTFE).  Se suministra en consistencia 2, pero bajo consulta se puede obtener en otras consistencias.  Sin punto de goteo, soporta altas temperaturas durante largos per\u00edodos, aumentando los intervalos de\u00a0lubricaci\u00f3n y reduciendo los costos operativos.  Producto no t\u00f3xico, biodegradable y no inflamable; seguro para el operador.\" \/>\n<meta property=\"og:url\" content=\"https:\/\/molygrafit.com\/cl\/producto\/gf-b-2-grasa-atoxica-100-sintetica-a-base-de-ptfe\/\" \/>\n<meta property=\"og:site_name\" content=\"Molygrafit - Lubricantes Especiales\" \/>\n<meta property=\"article:modified_time\" content=\"2025-08-19T00:28:37+00:00\" \/>\n<meta property=\"og:image\" content=\"https:\/\/molygrafit.com\/cl\/wp-content\/uploads\/2021\/03\/Baldes_Kilos_final.jpg\" \/>\n\t<meta property=\"og:image:width\" content=\"600\" \/>\n\t<meta property=\"og:image:height\" content=\"600\" \/>\n\t<meta property=\"og:image:type\" content=\"image\/jpeg\" \/>\n<meta name=\"twitter:card\" content=\"summary_large_image\" \/>\n<script type=\"application\/ld+json\" class=\"yoast-schema-graph\">{\"@context\":\"https:\/\/schema.org\",\"@graph\":[{\"@type\":\"WebPage\",\"@id\":\"https:\/\/molygrafit.com\/cl\/producto\/gf-b-2-grasa-atoxica-100-sintetica-a-base-de-ptfe\/\",\"url\":\"https:\/\/molygrafit.com\/cl\/producto\/gf-b-2-grasa-atoxica-100-sintetica-a-base-de-ptfe\/\",\"name\":\"GF\/B-2 > GRASA AT\u00d3XICA, 100% SINT\u00c9TICA A BASE DE PTFE. - Molygrafit - Lubricantes Especiales\",\"isPartOf\":{\"@id\":\"https:\/\/molygrafit.com\/cl\/#website\"},\"primaryImageOfPage\":{\"@id\":\"https:\/\/molygrafit.com\/cl\/producto\/gf-b-2-grasa-atoxica-100-sintetica-a-base-de-ptfe\/#primaryimage\"},\"image\":{\"@id\":\"https:\/\/molygrafit.com\/cl\/producto\/gf-b-2-grasa-atoxica-100-sintetica-a-base-de-ptfe\/#primaryimage\"},\"thumbnailUrl\":\"https:\/\/molygrafit.com\/cl\/wp-content\/uploads\/2021\/03\/Baldes_Kilos_final.jpg\",\"datePublished\":\"2021-05-25T18:47:34+00:00\",\"dateModified\":\"2025-08-19T00:28:37+00:00\",\"breadcrumb\":{\"@id\":\"https:\/\/molygrafit.com\/cl\/producto\/gf-b-2-grasa-atoxica-100-sintetica-a-base-de-ptfe\/#breadcrumb\"},\"inLanguage\":\"es-CL\",\"potentialAction\":[{\"@type\":\"ReadAction\",\"target\":[\"https:\/\/molygrafit.com\/cl\/producto\/gf-b-2-grasa-atoxica-100-sintetica-a-base-de-ptfe\/\"]}]},{\"@type\":\"ImageObject\",\"inLanguage\":\"es-CL\",\"@id\":\"https:\/\/molygrafit.com\/cl\/producto\/gf-b-2-grasa-atoxica-100-sintetica-a-base-de-ptfe\/#primaryimage\",\"url\":\"https:\/\/molygrafit.com\/cl\/wp-content\/uploads\/2021\/03\/Baldes_Kilos_final.jpg\",\"contentUrl\":\"https:\/\/molygrafit.com\/cl\/wp-content\/uploads\/2021\/03\/Baldes_Kilos_final.jpg\",\"width\":600,\"height\":600},{\"@type\":\"BreadcrumbList\",\"@id\":\"https:\/\/molygrafit.com\/cl\/producto\/gf-b-2-grasa-atoxica-100-sintetica-a-base-de-ptfe\/#breadcrumb\",\"itemListElement\":[{\"@type\":\"ListItem\",\"position\":1,\"name\":\"In\u00edcio\",\"item\":\"https:\/\/molygrafit.com\/cl\/\"},{\"@type\":\"ListItem\",\"position\":2,\"name\":\"Tienda\",\"item\":\"https:\/\/molygrafit.com\/cl\/\"},{\"@type\":\"ListItem\",\"position\":3,\"name\":\"GF\/B-2 > GRASA AT\u00d3XICA, 100% SINT\u00c9TICA A BASE DE PTFE.\"}]},{\"@type\":\"WebSite\",\"@id\":\"https:\/\/molygrafit.com\/cl\/#website\",\"url\":\"https:\/\/molygrafit.com\/cl\/\",\"name\":\"Molygrafit - Lubricantes Especiales\",\"description\":\"\",\"potentialAction\":[{\"@type\":\"SearchAction\",\"target\":{\"@type\":\"EntryPoint\",\"urlTemplate\":\"https:\/\/molygrafit.com\/cl\/?s={search_term_string}\"},\"query-input\":{\"@type\":\"PropertyValueSpecification\",\"valueRequired\":true,\"valueName\":\"search_term_string\"}}],\"inLanguage\":\"es-CL\"}]}<\/script>\n<!-- \/ Yoast SEO plugin. -->","yoast_head_json":{"title":"GF\/B-2 > GRASA AT\u00d3XICA, 100% SINT\u00c9TICA A BASE DE PTFE. - Molygrafit - Lubricantes Especiales","robots":{"index":"index","follow":"follow","max-snippet":"max-snippet:-1","max-image-preview":"max-image-preview:large","max-video-preview":"max-video-preview:-1"},"canonical":"https:\/\/molygrafit.com\/cl\/producto\/gf-b-2-grasa-atoxica-100-sintetica-a-base-de-ptfe\/","og_locale":"es_ES","og_type":"article","og_title":"GF\/B-2 > GRASA AT\u00d3XICA, 100% SINT\u00c9TICA A BASE DE PTFE. - Molygrafit - Lubricantes Especiales","og_description":"Grasa at\u00f3xica e hidr\u00f3fuga, apta para la industria alimentaria y farmac\u00e9utica. Contiene solo aditivos inertes al\u00a0contacto humano.  Soporta atm\u00f3sferas agresivas y h\u00famedas y se puede aplicar a conijetes, rodamientos, ejes, pasadores de\u00a0extracci\u00f3n etc.  MOLYGRAFIT GF\/B-2 es una grasa blanca con lubricante s\u00f3lido de \u00faltima generaci\u00f3n (PTFE).  Se suministra en consistencia 2, pero bajo consulta se puede obtener en otras consistencias.  Sin punto de goteo, soporta altas temperaturas durante largos per\u00edodos, aumentando los intervalos de\u00a0lubricaci\u00f3n y reduciendo los costos operativos.  Producto no t\u00f3xico, biodegradable y no inflamable; seguro para el operador.","og_url":"https:\/\/molygrafit.com\/cl\/producto\/gf-b-2-grasa-atoxica-100-sintetica-a-base-de-ptfe\/","og_site_name":"Molygrafit - Lubricantes Especiales","article_modified_time":"2025-08-19T00:28:37+00:00","og_image":[{"width":600,"height":600,"url":"https:\/\/molygrafit.com\/cl\/wp-content\/uploads\/2021\/03\/Baldes_Kilos_final.jpg","type":"image\/jpeg"}],"twitter_card":"summary_large_image","schema":{"@context":"https:\/\/schema.org","@graph":[{"@type":"WebPage","@id":"https:\/\/molygrafit.com\/cl\/producto\/gf-b-2-grasa-atoxica-100-sintetica-a-base-de-ptfe\/","url":"https:\/\/molygrafit.com\/cl\/producto\/gf-b-2-grasa-atoxica-100-sintetica-a-base-de-ptfe\/","name":"GF\/B-2 > GRASA AT\u00d3XICA, 100% SINT\u00c9TICA A BASE DE PTFE. - Molygrafit - Lubricantes Especiales","isPartOf":{"@id":"https:\/\/molygrafit.com\/cl\/#website"},"primaryImageOfPage":{"@id":"https:\/\/molygrafit.com\/cl\/producto\/gf-b-2-grasa-atoxica-100-sintetica-a-base-de-ptfe\/#primaryimage"},"image":{"@id":"https:\/\/molygrafit.com\/cl\/producto\/gf-b-2-grasa-atoxica-100-sintetica-a-base-de-ptfe\/#primaryimage"},"thumbnailUrl":"https:\/\/molygrafit.com\/cl\/wp-content\/uploads\/2021\/03\/Baldes_Kilos_final.jpg","datePublished":"2021-05-25T18:47:34+00:00","dateModified":"2025-08-19T00:28:37+00:00","breadcrumb":{"@id":"https:\/\/molygrafit.com\/cl\/producto\/gf-b-2-grasa-atoxica-100-sintetica-a-base-de-ptfe\/#breadcrumb"},"inLanguage":"es-CL","potentialAction":[{"@type":"ReadAction","target":["https:\/\/molygrafit.com\/cl\/producto\/gf-b-2-grasa-atoxica-100-sintetica-a-base-de-ptfe\/"]}]},{"@type":"ImageObject","inLanguage":"es-CL","@id":"https:\/\/molygrafit.com\/cl\/producto\/gf-b-2-grasa-atoxica-100-sintetica-a-base-de-ptfe\/#primaryimage","url":"https:\/\/molygrafit.com\/cl\/wp-content\/uploads\/2021\/03\/Baldes_Kilos_final.jpg","contentUrl":"https:\/\/molygrafit.com\/cl\/wp-content\/uploads\/2021\/03\/Baldes_Kilos_final.jpg","width":600,"height":600},{"@type":"BreadcrumbList","@id":"https:\/\/molygrafit.com\/cl\/producto\/gf-b-2-grasa-atoxica-100-sintetica-a-base-de-ptfe\/#breadcrumb","itemListElement":[{"@type":"ListItem","position":1,"name":"In\u00edcio","item":"https:\/\/molygrafit.com\/cl\/"},{"@type":"ListItem","position":2,"name":"Tienda","item":"https:\/\/molygrafit.com\/cl\/"},{"@type":"ListItem","position":3,"name":"GF\/B-2 > GRASA AT\u00d3XICA, 100% SINT\u00c9TICA A BASE DE PTFE."}]},{"@type":"WebSite","@id":"https:\/\/molygrafit.com\/cl\/#website","url":"https:\/\/molygrafit.com\/cl\/","name":"Molygrafit - Lubricantes Especiales","description":"","potentialAction":[{"@type":"SearchAction","target":{"@type":"EntryPoint","urlTemplate":"https:\/\/molygrafit.com\/cl\/?s={search_term_string}"},"query-input":{"@type":"PropertyValueSpecification","valueRequired":true,"valueName":"search_term_string"}}],"inLanguage":"es-CL"}]}},"_links":{"self":[{"href":"https:\/\/molygrafit.com\/cl\/wp-json\/wp\/v2\/product\/2334","targetHints":{"allow":["GET"]}}],"collection":[{"href":"https:\/\/molygrafit.com\/cl\/wp-json\/wp\/v2\/product"}],"about":[{"href":"https:\/\/molygrafit.com\/cl\/wp-json\/wp\/v2\/types\/product"}],"wp:featuredmedia":[{"embeddable":true,"href":"https:\/\/molygrafit.com\/cl\/wp-json\/wp\/v2\/media\/2074"}],"wp:attachment":[{"href":"https:\/\/molygrafit.com\/cl\/wp-json\/wp\/v2\/media?parent=2334"}],"wp:term":[{"taxonomy":"product_brand","embeddable":true,"href":"https:\/\/molygrafit.com\/cl\/wp-json\/wp\/v2\/product_brand?post=2334"},{"taxonomy":"product_cat","embeddable":true,"href":"https:\/\/molygrafit.com\/cl\/wp-json\/wp\/v2\/product_cat?post=2334"},{"taxonomy":"product_tag","embeddable":true,"href":"https:\/\/molygrafit.com\/cl\/wp-json\/wp\/v2\/product_tag?post=2334"}],"curies":[{"name":"wp","href":"https:\/\/api.w.org\/{rel}","templated":true}]}}