{"id":2338,"date":"2021-05-25T15:47:39","date_gmt":"2021-05-25T18:47:39","guid":{"rendered":"https:\/\/molygrafit.com\/cl\/producto\/import-placeholder-for-1852\/"},"modified":"2025-08-18T21:28:58","modified_gmt":"2025-08-19T00:28:58","slug":"gc-1-grasa-de-cobre-antiagarrotante-opera-en-ambientes-agresivos-y-o-humedos","status":"publish","type":"product","link":"https:\/\/molygrafit.com\/cl\/producto\/gc-1-grasa-de-cobre-antiagarrotante-opera-en-ambientes-agresivos-y-o-humedos\/","title":{"rendered":"GC-1 > GRASA DE COBRE, ANTIAGARROTANTE, OPERA EN AMBIENTES AGRESIVOS Y\/O H\u00daMEDOS."},"content":{"rendered":"<ul>\n<li>Aceite B\u00e1sico: Sint\u00e9tico<span class=\"Apple-converted-space\">\u00a0<\/span><\/li>\n<li>Espesante: Coloide Inorg\u00e1nico<span class=\"Apple-converted-space\">\u00a0<\/span><\/li>\n<li>Consistencia: 1<span class=\"Apple-converted-space\">\u00a0<\/span><\/li>\n<li>Penetraci\u00f3n Trabajada: 310 &#8211; 340<span class=\"Apple-converted-space\">\u00a0<\/span><\/li>\n<li>Temperatura de trabajo: -20\u00baC a 1000\u00baC<span class=\"Apple-converted-space\">\u00a0<\/span><\/li>\n<li>Punto de Gota (ASTM D 566): Inexistente<span class=\"Apple-converted-space\">\u00a0<\/span><\/li>\n<\/ul>\n","protected":false},"excerpt":{"rendered":"<p>Grasa antitraba para uso en tornillos sujetos a ambientes agresivos y\/o h\u00famedos que causen corrosi\u00f3n.<span class=\"Apple-converted-space\">\u00a0<\/span><\/p>\n<p>Posee en su f\u00f3rmula lubricantes s\u00f3lidos, antioxidantes, aditivos de extrema presi\u00f3n, lubricantes met\u00e1licos que evitan el engripamento de las piezas tratadas.<span class=\"Apple-converted-space\">\u00a0<\/span><\/p>\n<p>Puede ser utilizada tambi\u00e9n en contactos el\u00e9ctricos o terminales de bater\u00edas para inhibir la formaci\u00f3n de oxidaci\u00f3n (cinabrio).<span class=\"Apple-converted-space\">\u00a0<\/span><\/p>\n<p>Muy buena para lubricaci\u00f3n de v\u00e1lvulas de industrias sider\u00fargicas y tornillos de fijaci\u00f3n de equipos sometidos a altas temperaturas, como: hornos, ca\u00f1ones de extrusoras, etc.<span class=\"Apple-converted-space\">\u00a0<\/span><\/p>\n<p>Producto no inflamable, que no ofrece riesgo al operador.<span class=\"Apple-converted-space\">\u00a0<\/span><\/p>\n<p>Puede ser provisto en la forma de aerosol: MOLYGRAFIT AGC<span class=\"Apple-converted-space\">\u00a0<\/span><\/p>\n","protected":false},"featured_media":2074,"template":"","meta":{"_acf_changed":false},"product_brand":[],"product_cat":[159,166,155,168,169],"product_tag":[264,263,265],"class_list":{"0":"post-2338","1":"product","2":"type-product","3":"status-publish","4":"has-post-thumbnail","6":"product_cat-aplicaciones-comunes","7":"product_cat-electrica-eletronica","8":"product_cat-offshore-naval","9":"product_cat-plastico","10":"product_cat-siderurgica","11":"product_tag-antiagarrotante","12":"product_tag-grasa-de-cobre","13":"product_tag-opera-en-ambientes-agresivos-y-o-humedos","15":"first","16":"instock","17":"shipping-taxable","18":"product-type-variable"},"acf":[],"yoast_head":"<!-- This site is optimized with the Yoast SEO plugin v26.9 - https:\/\/yoast.com\/product\/yoast-seo-wordpress\/ -->\n<title>GC-1 &gt; GRASA DE COBRE, ANTIAGARROTANTE, OPERA EN AMBIENTES AGRESIVOS Y\/O H\u00daMEDOS. - Molygrafit - Lubricantes Especiales<\/title>\n<meta name=\"robots\" content=\"index, follow, max-snippet:-1, max-image-preview:large, max-video-preview:-1\" \/>\n<link rel=\"canonical\" href=\"https:\/\/molygrafit.com\/cl\/producto\/gc-1-grasa-de-cobre-antiagarrotante-opera-en-ambientes-agresivos-y-o-humedos\/\" \/>\n<meta property=\"og:locale\" content=\"es_ES\" \/>\n<meta property=\"og:type\" content=\"article\" \/>\n<meta property=\"og:title\" content=\"GC-1 &gt; GRASA DE COBRE, ANTIAGARROTANTE, OPERA EN AMBIENTES AGRESIVOS Y\/O H\u00daMEDOS. - Molygrafit - Lubricantes Especiales\" \/>\n<meta property=\"og:description\" content=\"Grasa antitraba para uso en tornillos sujetos a ambientes agresivos y\/o h\u00famedos que causen corrosi\u00f3n.\u00a0  Posee en su f\u00f3rmula lubricantes s\u00f3lidos, antioxidantes, aditivos de extrema presi\u00f3n, lubricantes met\u00e1licos que evitan el engripamento de las piezas tratadas.\u00a0  Puede ser utilizada tambi\u00e9n en contactos el\u00e9ctricos o terminales de bater\u00edas para inhibir la formaci\u00f3n de oxidaci\u00f3n (cinabrio).\u00a0  Muy buena para lubricaci\u00f3n de v\u00e1lvulas de industrias sider\u00fargicas y tornillos de fijaci\u00f3n de equipos sometidos a altas temperaturas, como: hornos, ca\u00f1ones de extrusoras, etc.\u00a0  Producto no inflamable, que no ofrece riesgo al operador.\u00a0  Puede ser provisto en la forma de aerosol: MOLYGRAFIT AGC\u00a0\" \/>\n<meta property=\"og:url\" content=\"https:\/\/molygrafit.com\/cl\/producto\/gc-1-grasa-de-cobre-antiagarrotante-opera-en-ambientes-agresivos-y-o-humedos\/\" \/>\n<meta property=\"og:site_name\" content=\"Molygrafit - Lubricantes Especiales\" \/>\n<meta property=\"article:modified_time\" content=\"2025-08-19T00:28:58+00:00\" \/>\n<meta property=\"og:image\" content=\"https:\/\/molygrafit.com\/cl\/wp-content\/uploads\/2021\/03\/Baldes_Kilos_final.jpg\" \/>\n\t<meta property=\"og:image:width\" content=\"600\" \/>\n\t<meta property=\"og:image:height\" content=\"600\" \/>\n\t<meta property=\"og:image:type\" content=\"image\/jpeg\" \/>\n<meta name=\"twitter:card\" content=\"summary_large_image\" \/>\n<script type=\"application\/ld+json\" class=\"yoast-schema-graph\">{\"@context\":\"https:\/\/schema.org\",\"@graph\":[{\"@type\":\"WebPage\",\"@id\":\"https:\/\/molygrafit.com\/cl\/producto\/gc-1-grasa-de-cobre-antiagarrotante-opera-en-ambientes-agresivos-y-o-humedos\/\",\"url\":\"https:\/\/molygrafit.com\/cl\/producto\/gc-1-grasa-de-cobre-antiagarrotante-opera-en-ambientes-agresivos-y-o-humedos\/\",\"name\":\"GC-1 > GRASA DE COBRE, ANTIAGARROTANTE, OPERA EN AMBIENTES AGRESIVOS Y\/O H\u00daMEDOS. - Molygrafit - Lubricantes Especiales\",\"isPartOf\":{\"@id\":\"https:\/\/molygrafit.com\/cl\/#website\"},\"primaryImageOfPage\":{\"@id\":\"https:\/\/molygrafit.com\/cl\/producto\/gc-1-grasa-de-cobre-antiagarrotante-opera-en-ambientes-agresivos-y-o-humedos\/#primaryimage\"},\"image\":{\"@id\":\"https:\/\/molygrafit.com\/cl\/producto\/gc-1-grasa-de-cobre-antiagarrotante-opera-en-ambientes-agresivos-y-o-humedos\/#primaryimage\"},\"thumbnailUrl\":\"https:\/\/molygrafit.com\/cl\/wp-content\/uploads\/2021\/03\/Baldes_Kilos_final.jpg\",\"datePublished\":\"2021-05-25T18:47:39+00:00\",\"dateModified\":\"2025-08-19T00:28:58+00:00\",\"breadcrumb\":{\"@id\":\"https:\/\/molygrafit.com\/cl\/producto\/gc-1-grasa-de-cobre-antiagarrotante-opera-en-ambientes-agresivos-y-o-humedos\/#breadcrumb\"},\"inLanguage\":\"es-CL\",\"potentialAction\":[{\"@type\":\"ReadAction\",\"target\":[\"https:\/\/molygrafit.com\/cl\/producto\/gc-1-grasa-de-cobre-antiagarrotante-opera-en-ambientes-agresivos-y-o-humedos\/\"]}]},{\"@type\":\"ImageObject\",\"inLanguage\":\"es-CL\",\"@id\":\"https:\/\/molygrafit.com\/cl\/producto\/gc-1-grasa-de-cobre-antiagarrotante-opera-en-ambientes-agresivos-y-o-humedos\/#primaryimage\",\"url\":\"https:\/\/molygrafit.com\/cl\/wp-content\/uploads\/2021\/03\/Baldes_Kilos_final.jpg\",\"contentUrl\":\"https:\/\/molygrafit.com\/cl\/wp-content\/uploads\/2021\/03\/Baldes_Kilos_final.jpg\",\"width\":600,\"height\":600},{\"@type\":\"BreadcrumbList\",\"@id\":\"https:\/\/molygrafit.com\/cl\/producto\/gc-1-grasa-de-cobre-antiagarrotante-opera-en-ambientes-agresivos-y-o-humedos\/#breadcrumb\",\"itemListElement\":[{\"@type\":\"ListItem\",\"position\":1,\"name\":\"In\u00edcio\",\"item\":\"https:\/\/molygrafit.com\/cl\/\"},{\"@type\":\"ListItem\",\"position\":2,\"name\":\"Tienda\",\"item\":\"https:\/\/molygrafit.com\/cl\/\"},{\"@type\":\"ListItem\",\"position\":3,\"name\":\"GC-1 > GRASA DE COBRE, ANTIAGARROTANTE, OPERA EN AMBIENTES AGRESIVOS Y\/O H\u00daMEDOS.\"}]},{\"@type\":\"WebSite\",\"@id\":\"https:\/\/molygrafit.com\/cl\/#website\",\"url\":\"https:\/\/molygrafit.com\/cl\/\",\"name\":\"Molygrafit - Lubricantes Especiales\",\"description\":\"\",\"potentialAction\":[{\"@type\":\"SearchAction\",\"target\":{\"@type\":\"EntryPoint\",\"urlTemplate\":\"https:\/\/molygrafit.com\/cl\/?s={search_term_string}\"},\"query-input\":{\"@type\":\"PropertyValueSpecification\",\"valueRequired\":true,\"valueName\":\"search_term_string\"}}],\"inLanguage\":\"es-CL\"}]}<\/script>\n<!-- \/ Yoast SEO plugin. -->","yoast_head_json":{"title":"GC-1 > GRASA DE COBRE, ANTIAGARROTANTE, OPERA EN AMBIENTES AGRESIVOS Y\/O H\u00daMEDOS. - Molygrafit - Lubricantes Especiales","robots":{"index":"index","follow":"follow","max-snippet":"max-snippet:-1","max-image-preview":"max-image-preview:large","max-video-preview":"max-video-preview:-1"},"canonical":"https:\/\/molygrafit.com\/cl\/producto\/gc-1-grasa-de-cobre-antiagarrotante-opera-en-ambientes-agresivos-y-o-humedos\/","og_locale":"es_ES","og_type":"article","og_title":"GC-1 > GRASA DE COBRE, ANTIAGARROTANTE, OPERA EN AMBIENTES AGRESIVOS Y\/O H\u00daMEDOS. - Molygrafit - Lubricantes Especiales","og_description":"Grasa antitraba para uso en tornillos sujetos a ambientes agresivos y\/o h\u00famedos que causen corrosi\u00f3n.\u00a0  Posee en su f\u00f3rmula lubricantes s\u00f3lidos, antioxidantes, aditivos de extrema presi\u00f3n, lubricantes met\u00e1licos que evitan el engripamento de las piezas tratadas.\u00a0  Puede ser utilizada tambi\u00e9n en contactos el\u00e9ctricos o terminales de bater\u00edas para inhibir la formaci\u00f3n de oxidaci\u00f3n (cinabrio).\u00a0  Muy buena para lubricaci\u00f3n de v\u00e1lvulas de industrias sider\u00fargicas y tornillos de fijaci\u00f3n de equipos sometidos a altas temperaturas, como: hornos, ca\u00f1ones de extrusoras, etc.\u00a0  Producto no inflamable, que no ofrece riesgo al operador.\u00a0  Puede ser provisto en la forma de aerosol: MOLYGRAFIT AGC\u00a0","og_url":"https:\/\/molygrafit.com\/cl\/producto\/gc-1-grasa-de-cobre-antiagarrotante-opera-en-ambientes-agresivos-y-o-humedos\/","og_site_name":"Molygrafit - Lubricantes Especiales","article_modified_time":"2025-08-19T00:28:58+00:00","og_image":[{"width":600,"height":600,"url":"https:\/\/molygrafit.com\/cl\/wp-content\/uploads\/2021\/03\/Baldes_Kilos_final.jpg","type":"image\/jpeg"}],"twitter_card":"summary_large_image","schema":{"@context":"https:\/\/schema.org","@graph":[{"@type":"WebPage","@id":"https:\/\/molygrafit.com\/cl\/producto\/gc-1-grasa-de-cobre-antiagarrotante-opera-en-ambientes-agresivos-y-o-humedos\/","url":"https:\/\/molygrafit.com\/cl\/producto\/gc-1-grasa-de-cobre-antiagarrotante-opera-en-ambientes-agresivos-y-o-humedos\/","name":"GC-1 > GRASA DE COBRE, ANTIAGARROTANTE, OPERA EN AMBIENTES AGRESIVOS Y\/O H\u00daMEDOS. - Molygrafit - Lubricantes Especiales","isPartOf":{"@id":"https:\/\/molygrafit.com\/cl\/#website"},"primaryImageOfPage":{"@id":"https:\/\/molygrafit.com\/cl\/producto\/gc-1-grasa-de-cobre-antiagarrotante-opera-en-ambientes-agresivos-y-o-humedos\/#primaryimage"},"image":{"@id":"https:\/\/molygrafit.com\/cl\/producto\/gc-1-grasa-de-cobre-antiagarrotante-opera-en-ambientes-agresivos-y-o-humedos\/#primaryimage"},"thumbnailUrl":"https:\/\/molygrafit.com\/cl\/wp-content\/uploads\/2021\/03\/Baldes_Kilos_final.jpg","datePublished":"2021-05-25T18:47:39+00:00","dateModified":"2025-08-19T00:28:58+00:00","breadcrumb":{"@id":"https:\/\/molygrafit.com\/cl\/producto\/gc-1-grasa-de-cobre-antiagarrotante-opera-en-ambientes-agresivos-y-o-humedos\/#breadcrumb"},"inLanguage":"es-CL","potentialAction":[{"@type":"ReadAction","target":["https:\/\/molygrafit.com\/cl\/producto\/gc-1-grasa-de-cobre-antiagarrotante-opera-en-ambientes-agresivos-y-o-humedos\/"]}]},{"@type":"ImageObject","inLanguage":"es-CL","@id":"https:\/\/molygrafit.com\/cl\/producto\/gc-1-grasa-de-cobre-antiagarrotante-opera-en-ambientes-agresivos-y-o-humedos\/#primaryimage","url":"https:\/\/molygrafit.com\/cl\/wp-content\/uploads\/2021\/03\/Baldes_Kilos_final.jpg","contentUrl":"https:\/\/molygrafit.com\/cl\/wp-content\/uploads\/2021\/03\/Baldes_Kilos_final.jpg","width":600,"height":600},{"@type":"BreadcrumbList","@id":"https:\/\/molygrafit.com\/cl\/producto\/gc-1-grasa-de-cobre-antiagarrotante-opera-en-ambientes-agresivos-y-o-humedos\/#breadcrumb","itemListElement":[{"@type":"ListItem","position":1,"name":"In\u00edcio","item":"https:\/\/molygrafit.com\/cl\/"},{"@type":"ListItem","position":2,"name":"Tienda","item":"https:\/\/molygrafit.com\/cl\/"},{"@type":"ListItem","position":3,"name":"GC-1 > GRASA DE COBRE, ANTIAGARROTANTE, OPERA EN AMBIENTES AGRESIVOS Y\/O H\u00daMEDOS."}]},{"@type":"WebSite","@id":"https:\/\/molygrafit.com\/cl\/#website","url":"https:\/\/molygrafit.com\/cl\/","name":"Molygrafit - Lubricantes Especiales","description":"","potentialAction":[{"@type":"SearchAction","target":{"@type":"EntryPoint","urlTemplate":"https:\/\/molygrafit.com\/cl\/?s={search_term_string}"},"query-input":{"@type":"PropertyValueSpecification","valueRequired":true,"valueName":"search_term_string"}}],"inLanguage":"es-CL"}]}},"_links":{"self":[{"href":"https:\/\/molygrafit.com\/cl\/wp-json\/wp\/v2\/product\/2338","targetHints":{"allow":["GET"]}}],"collection":[{"href":"https:\/\/molygrafit.com\/cl\/wp-json\/wp\/v2\/product"}],"about":[{"href":"https:\/\/molygrafit.com\/cl\/wp-json\/wp\/v2\/types\/product"}],"wp:featuredmedia":[{"embeddable":true,"href":"https:\/\/molygrafit.com\/cl\/wp-json\/wp\/v2\/media\/2074"}],"wp:attachment":[{"href":"https:\/\/molygrafit.com\/cl\/wp-json\/wp\/v2\/media?parent=2338"}],"wp:term":[{"taxonomy":"product_brand","embeddable":true,"href":"https:\/\/molygrafit.com\/cl\/wp-json\/wp\/v2\/product_brand?post=2338"},{"taxonomy":"product_cat","embeddable":true,"href":"https:\/\/molygrafit.com\/cl\/wp-json\/wp\/v2\/product_cat?post=2338"},{"taxonomy":"product_tag","embeddable":true,"href":"https:\/\/molygrafit.com\/cl\/wp-json\/wp\/v2\/product_tag?post=2338"}],"curies":[{"name":"wp","href":"https:\/\/api.w.org\/{rel}","templated":true}]}}