{"id":2339,"date":"2021-05-25T15:47:39","date_gmt":"2021-05-25T18:47:39","guid":{"rendered":"https:\/\/molygrafit.com\/cl\/producto\/import-placeholder-for-1853\/"},"modified":"2025-08-20T19:38:03","modified_gmt":"2025-08-20T22:38:03","slug":"gbio-0-sep-grasa-100-sintetica-atoxica-y-biodegradable","status":"publish","type":"product","link":"https:\/\/molygrafit.com\/cl\/producto\/gbio-0-sep-grasa-100-sintetica-atoxica-y-biodegradable\/","title":{"rendered":"GBIO-0\/SEP > GRASA 100% SINT\u00c9TICA AT\u00d3XICA Y BIODEGRADABLE."},"content":{"rendered":"<ul>\n<li>Aceite Base: Vegetal<span class=\"Apple-converted-space\">\u00a0<\/span><\/li>\n<li>Espesante: Coloide Inorg\u00e1nico<span class=\"Apple-converted-space\">\u00a0<\/span><\/li>\n<li>Consistencia NLGI: 0<span class=\"Apple-converted-space\">\u00a0<\/span><\/li>\n<li>Penetraci\u00f3n Trabajada: 355 &#8211; 385<span class=\"Apple-converted-space\">\u00a0<\/span><\/li>\n<li>Temperatura de uso: &#8211; 10\u00baC a 150\u00baC<span class=\"Apple-converted-space\">\u00a0<\/span><\/li>\n<li>Separaci\u00f3n de Aceite 12 horas a 120\u00baC: menor que 2%<span class=\"Apple-converted-space\">\u00a0<\/span><\/li>\n<li>Solubilidad en \u00e1gua: insoluble<span class=\"Apple-converted-space\">\u00a0<\/span><\/li>\n<li>Four Ball, carga de soldadura (ASTM D- 2596): 800 kgf<span class=\"Apple-converted-space\">\u00a0<\/span><\/li>\n<li>Water Wash Out 79\u00b0 C ASTM D126Y: 1,2%<span class=\"Apple-converted-space\">\u00a0<\/span><\/li>\n<\/ul>\n","protected":false},"excerpt":{"rendered":"<p><span class=\"Apple-converted-space\">\u00a0<\/span>Grasa totalmente sint\u00e9tica biodegradable especialmente para la lubricaci\u00f3n de los rieles en curvas de ferrocarriles. Resiste a atm\u00f3sferas agresivas y\/o h\u00famedas.<span class=\"Apple-converted-space\">\u00a0<\/span><\/p>\n<p>Proporciona lubricaci\u00f3n efectiva por largos per\u00edodos.<span class=\"Apple-converted-space\">\u00a0<\/span><\/p>\n<p>Posee en su formulaci\u00f3n antioxidantes, anticorrosivos, agentes de adhesividad, aditivos de extrema presi\u00f3n y anti desgaste.<span class=\"Apple-converted-space\">\u00a0<\/span><\/p>\n<p>Por su capacidad de reducir la fricci\u00f3n y de soportar altas cargas, disminuye el desgaste de los rieles y ruedas, multiplicando su vida \u00fatil y reduciendo el consumo de combustibles de las locomotoras.<span class=\"Apple-converted-space\">\u00a0<\/span><\/p>\n<p>Surtida en la consistencia 0, est\u00e1 especialmente indicada para sistemas autom\u00e1ticos de lubricaci\u00f3n centralizada, ofreciendo \u00f3ptima fluidez por los ductos capilares.<span class=\"Apple-converted-space\">\u00a0<\/span><\/p>\n<p>Molygrafit GBIO-0\/SEP es un lubricante biodegradable de acuerdo a la norma OECD 301 B.<\/p>\n<p>Producto at\u00f3xico, no inflamable; seguro para el operador.<span class=\"Apple-converted-space\">\u00a0<\/span><\/p>\n","protected":false},"featured_media":2074,"template":"","meta":{"_acf_changed":false},"product_brand":[],"product_cat":[158],"product_tag":[262],"class_list":{"0":"post-2339","1":"product","2":"type-product","3":"status-publish","4":"has-post-thumbnail","6":"product_cat-mineria","7":"product_tag-grasa-100-sintetica-atoxica-y-biodegradable","9":"first","10":"instock","11":"shipping-taxable","12":"product-type-variable"},"acf":[],"yoast_head":"<!-- This site is optimized with the Yoast SEO plugin v26.9 - https:\/\/yoast.com\/product\/yoast-seo-wordpress\/ -->\n<title>GBIO-0\/SEP &gt; GRASA 100% SINT\u00c9TICA AT\u00d3XICA Y BIODEGRADABLE. - Molygrafit - Lubricantes Especiales<\/title>\n<meta name=\"robots\" content=\"index, follow, max-snippet:-1, max-image-preview:large, max-video-preview:-1\" \/>\n<link rel=\"canonical\" href=\"https:\/\/molygrafit.com\/cl\/producto\/gbio-0-sep-grasa-100-sintetica-atoxica-y-biodegradable\/\" \/>\n<meta property=\"og:locale\" content=\"es_ES\" \/>\n<meta property=\"og:type\" content=\"article\" \/>\n<meta property=\"og:title\" content=\"GBIO-0\/SEP &gt; GRASA 100% SINT\u00c9TICA AT\u00d3XICA Y BIODEGRADABLE. - Molygrafit - Lubricantes Especiales\" \/>\n<meta property=\"og:description\" content=\"\u00a0Grasa totalmente sint\u00e9tica biodegradable especialmente para la lubricaci\u00f3n de los rieles en curvas de ferrocarriles. Resiste a atm\u00f3sferas agresivas y\/o h\u00famedas.\u00a0  Proporciona lubricaci\u00f3n efectiva por largos per\u00edodos.\u00a0  Posee en su formulaci\u00f3n antioxidantes, anticorrosivos, agentes de adhesividad, aditivos de extrema presi\u00f3n y anti desgaste.\u00a0  Por su capacidad de reducir la fricci\u00f3n y de soportar altas cargas, disminuye el desgaste de los rieles y ruedas, multiplicando su vida \u00fatil y reduciendo el consumo de combustibles de las locomotoras.\u00a0  Surtida en la consistencia 0, est\u00e1 especialmente indicada para sistemas autom\u00e1ticos de lubricaci\u00f3n centralizada, ofreciendo \u00f3ptima fluidez por los ductos capilares.\u00a0  Molygrafit GBIO-0\/SEP es un lubricante biodegradable de acuerdo a la norma OECD 301 B.  Producto at\u00f3xico, no inflamable; seguro para el operador.\u00a0\" \/>\n<meta property=\"og:url\" content=\"https:\/\/molygrafit.com\/cl\/producto\/gbio-0-sep-grasa-100-sintetica-atoxica-y-biodegradable\/\" \/>\n<meta property=\"og:site_name\" content=\"Molygrafit - Lubricantes Especiales\" \/>\n<meta property=\"article:modified_time\" content=\"2025-08-20T22:38:03+00:00\" \/>\n<meta property=\"og:image\" content=\"https:\/\/molygrafit.com\/cl\/wp-content\/uploads\/2021\/03\/Baldes_Kilos_final.jpg\" \/>\n\t<meta property=\"og:image:width\" content=\"600\" \/>\n\t<meta property=\"og:image:height\" content=\"600\" \/>\n\t<meta property=\"og:image:type\" content=\"image\/jpeg\" \/>\n<meta name=\"twitter:card\" content=\"summary_large_image\" \/>\n<script type=\"application\/ld+json\" class=\"yoast-schema-graph\">{\"@context\":\"https:\/\/schema.org\",\"@graph\":[{\"@type\":\"WebPage\",\"@id\":\"https:\/\/molygrafit.com\/cl\/producto\/gbio-0-sep-grasa-100-sintetica-atoxica-y-biodegradable\/\",\"url\":\"https:\/\/molygrafit.com\/cl\/producto\/gbio-0-sep-grasa-100-sintetica-atoxica-y-biodegradable\/\",\"name\":\"GBIO-0\/SEP > GRASA 100% SINT\u00c9TICA AT\u00d3XICA Y BIODEGRADABLE. - Molygrafit - Lubricantes Especiales\",\"isPartOf\":{\"@id\":\"https:\/\/molygrafit.com\/cl\/#website\"},\"primaryImageOfPage\":{\"@id\":\"https:\/\/molygrafit.com\/cl\/producto\/gbio-0-sep-grasa-100-sintetica-atoxica-y-biodegradable\/#primaryimage\"},\"image\":{\"@id\":\"https:\/\/molygrafit.com\/cl\/producto\/gbio-0-sep-grasa-100-sintetica-atoxica-y-biodegradable\/#primaryimage\"},\"thumbnailUrl\":\"https:\/\/molygrafit.com\/cl\/wp-content\/uploads\/2021\/03\/Baldes_Kilos_final.jpg\",\"datePublished\":\"2021-05-25T18:47:39+00:00\",\"dateModified\":\"2025-08-20T22:38:03+00:00\",\"breadcrumb\":{\"@id\":\"https:\/\/molygrafit.com\/cl\/producto\/gbio-0-sep-grasa-100-sintetica-atoxica-y-biodegradable\/#breadcrumb\"},\"inLanguage\":\"es-CL\",\"potentialAction\":[{\"@type\":\"ReadAction\",\"target\":[\"https:\/\/molygrafit.com\/cl\/producto\/gbio-0-sep-grasa-100-sintetica-atoxica-y-biodegradable\/\"]}]},{\"@type\":\"ImageObject\",\"inLanguage\":\"es-CL\",\"@id\":\"https:\/\/molygrafit.com\/cl\/producto\/gbio-0-sep-grasa-100-sintetica-atoxica-y-biodegradable\/#primaryimage\",\"url\":\"https:\/\/molygrafit.com\/cl\/wp-content\/uploads\/2021\/03\/Baldes_Kilos_final.jpg\",\"contentUrl\":\"https:\/\/molygrafit.com\/cl\/wp-content\/uploads\/2021\/03\/Baldes_Kilos_final.jpg\",\"width\":600,\"height\":600},{\"@type\":\"BreadcrumbList\",\"@id\":\"https:\/\/molygrafit.com\/cl\/producto\/gbio-0-sep-grasa-100-sintetica-atoxica-y-biodegradable\/#breadcrumb\",\"itemListElement\":[{\"@type\":\"ListItem\",\"position\":1,\"name\":\"In\u00edcio\",\"item\":\"https:\/\/molygrafit.com\/cl\/\"},{\"@type\":\"ListItem\",\"position\":2,\"name\":\"Tienda\",\"item\":\"https:\/\/molygrafit.com\/cl\/\"},{\"@type\":\"ListItem\",\"position\":3,\"name\":\"GBIO-0\/SEP > GRASA 100% SINT\u00c9TICA AT\u00d3XICA Y BIODEGRADABLE.\"}]},{\"@type\":\"WebSite\",\"@id\":\"https:\/\/molygrafit.com\/cl\/#website\",\"url\":\"https:\/\/molygrafit.com\/cl\/\",\"name\":\"Molygrafit - Lubricantes Especiales\",\"description\":\"\",\"potentialAction\":[{\"@type\":\"SearchAction\",\"target\":{\"@type\":\"EntryPoint\",\"urlTemplate\":\"https:\/\/molygrafit.com\/cl\/?s={search_term_string}\"},\"query-input\":{\"@type\":\"PropertyValueSpecification\",\"valueRequired\":true,\"valueName\":\"search_term_string\"}}],\"inLanguage\":\"es-CL\"}]}<\/script>\n<!-- \/ Yoast SEO plugin. -->","yoast_head_json":{"title":"GBIO-0\/SEP > GRASA 100% SINT\u00c9TICA AT\u00d3XICA Y BIODEGRADABLE. - Molygrafit - Lubricantes Especiales","robots":{"index":"index","follow":"follow","max-snippet":"max-snippet:-1","max-image-preview":"max-image-preview:large","max-video-preview":"max-video-preview:-1"},"canonical":"https:\/\/molygrafit.com\/cl\/producto\/gbio-0-sep-grasa-100-sintetica-atoxica-y-biodegradable\/","og_locale":"es_ES","og_type":"article","og_title":"GBIO-0\/SEP > GRASA 100% SINT\u00c9TICA AT\u00d3XICA Y BIODEGRADABLE. - Molygrafit - Lubricantes Especiales","og_description":"\u00a0Grasa totalmente sint\u00e9tica biodegradable especialmente para la lubricaci\u00f3n de los rieles en curvas de ferrocarriles. Resiste a atm\u00f3sferas agresivas y\/o h\u00famedas.\u00a0  Proporciona lubricaci\u00f3n efectiva por largos per\u00edodos.\u00a0  Posee en su formulaci\u00f3n antioxidantes, anticorrosivos, agentes de adhesividad, aditivos de extrema presi\u00f3n y anti desgaste.\u00a0  Por su capacidad de reducir la fricci\u00f3n y de soportar altas cargas, disminuye el desgaste de los rieles y ruedas, multiplicando su vida \u00fatil y reduciendo el consumo de combustibles de las locomotoras.\u00a0  Surtida en la consistencia 0, est\u00e1 especialmente indicada para sistemas autom\u00e1ticos de lubricaci\u00f3n centralizada, ofreciendo \u00f3ptima fluidez por los ductos capilares.\u00a0  Molygrafit GBIO-0\/SEP es un lubricante biodegradable de acuerdo a la norma OECD 301 B.  Producto at\u00f3xico, no inflamable; seguro para el operador.\u00a0","og_url":"https:\/\/molygrafit.com\/cl\/producto\/gbio-0-sep-grasa-100-sintetica-atoxica-y-biodegradable\/","og_site_name":"Molygrafit - Lubricantes Especiales","article_modified_time":"2025-08-20T22:38:03+00:00","og_image":[{"width":600,"height":600,"url":"https:\/\/molygrafit.com\/cl\/wp-content\/uploads\/2021\/03\/Baldes_Kilos_final.jpg","type":"image\/jpeg"}],"twitter_card":"summary_large_image","schema":{"@context":"https:\/\/schema.org","@graph":[{"@type":"WebPage","@id":"https:\/\/molygrafit.com\/cl\/producto\/gbio-0-sep-grasa-100-sintetica-atoxica-y-biodegradable\/","url":"https:\/\/molygrafit.com\/cl\/producto\/gbio-0-sep-grasa-100-sintetica-atoxica-y-biodegradable\/","name":"GBIO-0\/SEP > GRASA 100% SINT\u00c9TICA AT\u00d3XICA Y BIODEGRADABLE. - Molygrafit - Lubricantes Especiales","isPartOf":{"@id":"https:\/\/molygrafit.com\/cl\/#website"},"primaryImageOfPage":{"@id":"https:\/\/molygrafit.com\/cl\/producto\/gbio-0-sep-grasa-100-sintetica-atoxica-y-biodegradable\/#primaryimage"},"image":{"@id":"https:\/\/molygrafit.com\/cl\/producto\/gbio-0-sep-grasa-100-sintetica-atoxica-y-biodegradable\/#primaryimage"},"thumbnailUrl":"https:\/\/molygrafit.com\/cl\/wp-content\/uploads\/2021\/03\/Baldes_Kilos_final.jpg","datePublished":"2021-05-25T18:47:39+00:00","dateModified":"2025-08-20T22:38:03+00:00","breadcrumb":{"@id":"https:\/\/molygrafit.com\/cl\/producto\/gbio-0-sep-grasa-100-sintetica-atoxica-y-biodegradable\/#breadcrumb"},"inLanguage":"es-CL","potentialAction":[{"@type":"ReadAction","target":["https:\/\/molygrafit.com\/cl\/producto\/gbio-0-sep-grasa-100-sintetica-atoxica-y-biodegradable\/"]}]},{"@type":"ImageObject","inLanguage":"es-CL","@id":"https:\/\/molygrafit.com\/cl\/producto\/gbio-0-sep-grasa-100-sintetica-atoxica-y-biodegradable\/#primaryimage","url":"https:\/\/molygrafit.com\/cl\/wp-content\/uploads\/2021\/03\/Baldes_Kilos_final.jpg","contentUrl":"https:\/\/molygrafit.com\/cl\/wp-content\/uploads\/2021\/03\/Baldes_Kilos_final.jpg","width":600,"height":600},{"@type":"BreadcrumbList","@id":"https:\/\/molygrafit.com\/cl\/producto\/gbio-0-sep-grasa-100-sintetica-atoxica-y-biodegradable\/#breadcrumb","itemListElement":[{"@type":"ListItem","position":1,"name":"In\u00edcio","item":"https:\/\/molygrafit.com\/cl\/"},{"@type":"ListItem","position":2,"name":"Tienda","item":"https:\/\/molygrafit.com\/cl\/"},{"@type":"ListItem","position":3,"name":"GBIO-0\/SEP > GRASA 100% SINT\u00c9TICA AT\u00d3XICA Y BIODEGRADABLE."}]},{"@type":"WebSite","@id":"https:\/\/molygrafit.com\/cl\/#website","url":"https:\/\/molygrafit.com\/cl\/","name":"Molygrafit - Lubricantes Especiales","description":"","potentialAction":[{"@type":"SearchAction","target":{"@type":"EntryPoint","urlTemplate":"https:\/\/molygrafit.com\/cl\/?s={search_term_string}"},"query-input":{"@type":"PropertyValueSpecification","valueRequired":true,"valueName":"search_term_string"}}],"inLanguage":"es-CL"}]}},"_links":{"self":[{"href":"https:\/\/molygrafit.com\/cl\/wp-json\/wp\/v2\/product\/2339","targetHints":{"allow":["GET"]}}],"collection":[{"href":"https:\/\/molygrafit.com\/cl\/wp-json\/wp\/v2\/product"}],"about":[{"href":"https:\/\/molygrafit.com\/cl\/wp-json\/wp\/v2\/types\/product"}],"wp:featuredmedia":[{"embeddable":true,"href":"https:\/\/molygrafit.com\/cl\/wp-json\/wp\/v2\/media\/2074"}],"wp:attachment":[{"href":"https:\/\/molygrafit.com\/cl\/wp-json\/wp\/v2\/media?parent=2339"}],"wp:term":[{"taxonomy":"product_brand","embeddable":true,"href":"https:\/\/molygrafit.com\/cl\/wp-json\/wp\/v2\/product_brand?post=2339"},{"taxonomy":"product_cat","embeddable":true,"href":"https:\/\/molygrafit.com\/cl\/wp-json\/wp\/v2\/product_cat?post=2339"},{"taxonomy":"product_tag","embeddable":true,"href":"https:\/\/molygrafit.com\/cl\/wp-json\/wp\/v2\/product_tag?post=2339"}],"curies":[{"name":"wp","href":"https:\/\/api.w.org\/{rel}","templated":true}]}}