{"id":2341,"date":"2021-05-25T15:47:40","date_gmt":"2021-05-25T18:47:40","guid":{"rendered":"https:\/\/molygrafit.com\/cl\/producto\/import-placeholder-for-1855\/"},"modified":"2025-08-18T21:33:46","modified_gmt":"2025-08-19T00:33:46","slug":"ft-68-c-aceite-100-sintetico-para-compresores-con-lubricacion-libre-de-residuos-durante-un-periodo-de-al-menos-8-000-horas-de-operacion","status":"publish","type":"product","link":"https:\/\/molygrafit.com\/cl\/producto\/ft-68-c-aceite-100-sintetico-para-compresores-con-lubricacion-libre-de-residuos-durante-un-periodo-de-al-menos-8-000-horas-de-operacion\/","title":{"rendered":"FT-68\/C > ACEITE 100% SINT\u00c9TICO PARA COMPRESORES, CON LUBRICACI\u00d3N LIBRE DE RESIDUOS DURANTE UN PERIODO DE AL MENOS 8.000 HORAS DE OPERACI\u00d3N."},"content":{"rendered":"<ul>\n<li>Apariencia: L\u00edquido Transparente Claro<span class=\"Apple-converted-space\">\u00a0<\/span><\/li>\n<li>Viscosidad: 68 cSt<span class=\"Apple-converted-space\">\u00a0<\/span><\/li>\n<li>Punto m\u00ednimo de fluidez: -38 \u00b0C<span class=\"Apple-converted-space\">\u00a0<\/span><\/li>\n<li>Solubilidad en agua: Insoluble<span class=\"Apple-converted-space\">\u00a0<\/span><\/li>\n<li>Punto de fulgor: 240\u00b0C<span class=\"Apple-converted-space\">\u00a0<\/span><\/li>\n<li>Temperatura de trabajo: -38\u00b0C a 230\u00b0C<span class=\"Apple-converted-space\">\u00a0<\/span><\/li>\n<\/ul>\n","protected":false},"excerpt":{"rendered":"<p>MOLYGRAFIT FT-68\/C es un aceite totalmente sint\u00e9tico para compresores de aire.<span class=\"Apple-converted-space\">\u00a0<\/span><\/p>\n<p>Posee en su f\u00f3rmula agentes antioxidantes, anticorrosivos y antiespumantes.<span class=\"Apple-converted-space\">\u00a0<\/span><\/p>\n<p>Por ser totalmente sint\u00e9tico de base qu\u00edmica GLICOL\/\u00c9STER, no carboniza, no forma borra y no altera la viscosidad tras largos periodos. Por estas caracter\u00edsticas, es especialmente indicado para compresores alternativos y rotativos (paleta y tornillo), para un m\u00ednimo de 8.000 horas de uso.<span class=\"Apple-converted-space\">\u00a0<\/span><\/p>\n<p>A diferencia de los aceites minerales a menudo utilizados, no barnizan los intercambiadores de calor (radiadores), no siendo necesario, paradas de limpieza y cambios de filtros.<span class=\"Apple-converted-space\">\u00a0<\/span><\/p>\n<p>Producto biodegradable en conformidad con OECD 301-B.<span class=\"Apple-converted-space\">\u00a0<\/span><\/p>\n<p>Cuando se realiza cambio de lubrificantes, es necesario realizar una limpieza en la m\u00e1quina, si necesario hacer un <i>flushing<\/i>.<span class=\"Apple-converted-space\">\u00a0<\/span><\/p>\n<p>MOLYGRAFIT FT-68\/C no es t\u00f3xico ni inflamable y es indicado para industrias farmac\u00e9uticas o\u00a0alimenticias.<span class=\"Apple-converted-space\">\u00a0<\/span><\/p>\n","protected":false},"featured_media":2076,"template":"","meta":{"_acf_changed":false},"product_brand":[],"product_cat":[159,158],"product_tag":[200,243],"class_list":{"0":"post-2341","1":"product","2":"type-product","3":"status-publish","4":"has-post-thumbnail","6":"product_cat-aplicaciones-comunes","7":"product_cat-mineria","8":"product_tag-aceite-100-sintetico-para-compresores","9":"product_tag-con-lubricacion-libre-de-residuos-durante-un-periodo-de-al-menos-8-000-horas-de-operacion","11":"first","12":"instock","13":"shipping-taxable","14":"product-type-variable"},"acf":[],"yoast_head":"<!-- This site is optimized with the Yoast SEO plugin v26.9 - https:\/\/yoast.com\/product\/yoast-seo-wordpress\/ -->\n<title>FT-68\/C &gt; ACEITE 100% SINT\u00c9TICO PARA COMPRESORES, CON LUBRICACI\u00d3N LIBRE DE RESIDUOS DURANTE UN PERIODO DE AL MENOS 8.000 HORAS DE OPERACI\u00d3N. - Molygrafit - Lubricantes Especiales<\/title>\n<meta name=\"robots\" content=\"index, follow, max-snippet:-1, max-image-preview:large, max-video-preview:-1\" \/>\n<link rel=\"canonical\" href=\"https:\/\/molygrafit.com\/cl\/producto\/ft-68-c-aceite-100-sintetico-para-compresores-con-lubricacion-libre-de-residuos-durante-un-periodo-de-al-menos-8-000-horas-de-operacion\/\" \/>\n<meta property=\"og:locale\" content=\"es_ES\" \/>\n<meta property=\"og:type\" content=\"article\" \/>\n<meta property=\"og:title\" content=\"FT-68\/C &gt; ACEITE 100% SINT\u00c9TICO PARA COMPRESORES, CON LUBRICACI\u00d3N LIBRE DE RESIDUOS DURANTE UN PERIODO DE AL MENOS 8.000 HORAS DE OPERACI\u00d3N. - Molygrafit - Lubricantes Especiales\" \/>\n<meta property=\"og:description\" content=\"MOLYGRAFIT FT-68\/C es un aceite totalmente sint\u00e9tico para compresores de aire.\u00a0  Posee en su f\u00f3rmula agentes antioxidantes, anticorrosivos y antiespumantes.\u00a0  Por ser totalmente sint\u00e9tico de base qu\u00edmica GLICOL\/\u00c9STER, no carboniza, no forma borra y no altera la viscosidad tras largos periodos. Por estas caracter\u00edsticas, es especialmente indicado para compresores alternativos y rotativos (paleta y tornillo), para un m\u00ednimo de 8.000 horas de uso.\u00a0  A diferencia de los aceites minerales a menudo utilizados, no barnizan los intercambiadores de calor (radiadores), no siendo necesario, paradas de limpieza y cambios de filtros.\u00a0  Producto biodegradable en conformidad con OECD 301-B.\u00a0  Cuando se realiza cambio de lubrificantes, es necesario realizar una limpieza en la m\u00e1quina, si necesario hacer un flushing.\u00a0  MOLYGRAFIT FT-68\/C no es t\u00f3xico ni inflamable y es indicado para industrias farmac\u00e9uticas o\u00a0alimenticias.\u00a0\" \/>\n<meta property=\"og:url\" content=\"https:\/\/molygrafit.com\/cl\/producto\/ft-68-c-aceite-100-sintetico-para-compresores-con-lubricacion-libre-de-residuos-durante-un-periodo-de-al-menos-8-000-horas-de-operacion\/\" \/>\n<meta property=\"og:site_name\" content=\"Molygrafit - Lubricantes Especiales\" \/>\n<meta property=\"article:modified_time\" content=\"2025-08-19T00:33:46+00:00\" \/>\n<meta property=\"og:image\" content=\"https:\/\/molygrafit.com\/cl\/wp-content\/uploads\/2021\/03\/BB_Lts_final.jpg\" \/>\n\t<meta property=\"og:image:width\" content=\"600\" \/>\n\t<meta property=\"og:image:height\" content=\"600\" \/>\n\t<meta property=\"og:image:type\" content=\"image\/jpeg\" \/>\n<meta name=\"twitter:card\" content=\"summary_large_image\" \/>\n<script type=\"application\/ld+json\" class=\"yoast-schema-graph\">{\"@context\":\"https:\/\/schema.org\",\"@graph\":[{\"@type\":\"WebPage\",\"@id\":\"https:\/\/molygrafit.com\/cl\/producto\/ft-68-c-aceite-100-sintetico-para-compresores-con-lubricacion-libre-de-residuos-durante-un-periodo-de-al-menos-8-000-horas-de-operacion\/\",\"url\":\"https:\/\/molygrafit.com\/cl\/producto\/ft-68-c-aceite-100-sintetico-para-compresores-con-lubricacion-libre-de-residuos-durante-un-periodo-de-al-menos-8-000-horas-de-operacion\/\",\"name\":\"FT-68\/C > ACEITE 100% SINT\u00c9TICO PARA COMPRESORES, CON LUBRICACI\u00d3N LIBRE DE RESIDUOS DURANTE UN PERIODO DE AL MENOS 8.000 HORAS DE OPERACI\u00d3N. - Molygrafit - Lubricantes Especiales\",\"isPartOf\":{\"@id\":\"https:\/\/molygrafit.com\/cl\/#website\"},\"primaryImageOfPage\":{\"@id\":\"https:\/\/molygrafit.com\/cl\/producto\/ft-68-c-aceite-100-sintetico-para-compresores-con-lubricacion-libre-de-residuos-durante-un-periodo-de-al-menos-8-000-horas-de-operacion\/#primaryimage\"},\"image\":{\"@id\":\"https:\/\/molygrafit.com\/cl\/producto\/ft-68-c-aceite-100-sintetico-para-compresores-con-lubricacion-libre-de-residuos-durante-un-periodo-de-al-menos-8-000-horas-de-operacion\/#primaryimage\"},\"thumbnailUrl\":\"https:\/\/molygrafit.com\/cl\/wp-content\/uploads\/2021\/03\/BB_Lts_final.jpg\",\"datePublished\":\"2021-05-25T18:47:40+00:00\",\"dateModified\":\"2025-08-19T00:33:46+00:00\",\"breadcrumb\":{\"@id\":\"https:\/\/molygrafit.com\/cl\/producto\/ft-68-c-aceite-100-sintetico-para-compresores-con-lubricacion-libre-de-residuos-durante-un-periodo-de-al-menos-8-000-horas-de-operacion\/#breadcrumb\"},\"inLanguage\":\"es-CL\",\"potentialAction\":[{\"@type\":\"ReadAction\",\"target\":[\"https:\/\/molygrafit.com\/cl\/producto\/ft-68-c-aceite-100-sintetico-para-compresores-con-lubricacion-libre-de-residuos-durante-un-periodo-de-al-menos-8-000-horas-de-operacion\/\"]}]},{\"@type\":\"ImageObject\",\"inLanguage\":\"es-CL\",\"@id\":\"https:\/\/molygrafit.com\/cl\/producto\/ft-68-c-aceite-100-sintetico-para-compresores-con-lubricacion-libre-de-residuos-durante-un-periodo-de-al-menos-8-000-horas-de-operacion\/#primaryimage\",\"url\":\"https:\/\/molygrafit.com\/cl\/wp-content\/uploads\/2021\/03\/BB_Lts_final.jpg\",\"contentUrl\":\"https:\/\/molygrafit.com\/cl\/wp-content\/uploads\/2021\/03\/BB_Lts_final.jpg\",\"width\":600,\"height\":600},{\"@type\":\"BreadcrumbList\",\"@id\":\"https:\/\/molygrafit.com\/cl\/producto\/ft-68-c-aceite-100-sintetico-para-compresores-con-lubricacion-libre-de-residuos-durante-un-periodo-de-al-menos-8-000-horas-de-operacion\/#breadcrumb\",\"itemListElement\":[{\"@type\":\"ListItem\",\"position\":1,\"name\":\"In\u00edcio\",\"item\":\"https:\/\/molygrafit.com\/cl\/\"},{\"@type\":\"ListItem\",\"position\":2,\"name\":\"Tienda\",\"item\":\"https:\/\/molygrafit.com\/cl\/\"},{\"@type\":\"ListItem\",\"position\":3,\"name\":\"FT-68\/C > ACEITE 100% SINT\u00c9TICO PARA COMPRESORES, CON LUBRICACI\u00d3N LIBRE DE RESIDUOS DURANTE UN PERIODO DE AL MENOS 8.000 HORAS DE OPERACI\u00d3N.\"}]},{\"@type\":\"WebSite\",\"@id\":\"https:\/\/molygrafit.com\/cl\/#website\",\"url\":\"https:\/\/molygrafit.com\/cl\/\",\"name\":\"Molygrafit - Lubricantes Especiales\",\"description\":\"\",\"potentialAction\":[{\"@type\":\"SearchAction\",\"target\":{\"@type\":\"EntryPoint\",\"urlTemplate\":\"https:\/\/molygrafit.com\/cl\/?s={search_term_string}\"},\"query-input\":{\"@type\":\"PropertyValueSpecification\",\"valueRequired\":true,\"valueName\":\"search_term_string\"}}],\"inLanguage\":\"es-CL\"}]}<\/script>\n<!-- \/ Yoast SEO plugin. -->","yoast_head_json":{"title":"FT-68\/C > ACEITE 100% SINT\u00c9TICO PARA COMPRESORES, CON LUBRICACI\u00d3N LIBRE DE RESIDUOS DURANTE UN PERIODO DE AL MENOS 8.000 HORAS DE OPERACI\u00d3N. - Molygrafit - Lubricantes Especiales","robots":{"index":"index","follow":"follow","max-snippet":"max-snippet:-1","max-image-preview":"max-image-preview:large","max-video-preview":"max-video-preview:-1"},"canonical":"https:\/\/molygrafit.com\/cl\/producto\/ft-68-c-aceite-100-sintetico-para-compresores-con-lubricacion-libre-de-residuos-durante-un-periodo-de-al-menos-8-000-horas-de-operacion\/","og_locale":"es_ES","og_type":"article","og_title":"FT-68\/C > ACEITE 100% SINT\u00c9TICO PARA COMPRESORES, CON LUBRICACI\u00d3N LIBRE DE RESIDUOS DURANTE UN PERIODO DE AL MENOS 8.000 HORAS DE OPERACI\u00d3N. - Molygrafit - Lubricantes Especiales","og_description":"MOLYGRAFIT FT-68\/C es un aceite totalmente sint\u00e9tico para compresores de aire.\u00a0  Posee en su f\u00f3rmula agentes antioxidantes, anticorrosivos y antiespumantes.\u00a0  Por ser totalmente sint\u00e9tico de base qu\u00edmica GLICOL\/\u00c9STER, no carboniza, no forma borra y no altera la viscosidad tras largos periodos. Por estas caracter\u00edsticas, es especialmente indicado para compresores alternativos y rotativos (paleta y tornillo), para un m\u00ednimo de 8.000 horas de uso.\u00a0  A diferencia de los aceites minerales a menudo utilizados, no barnizan los intercambiadores de calor (radiadores), no siendo necesario, paradas de limpieza y cambios de filtros.\u00a0  Producto biodegradable en conformidad con OECD 301-B.\u00a0  Cuando se realiza cambio de lubrificantes, es necesario realizar una limpieza en la m\u00e1quina, si necesario hacer un flushing.\u00a0  MOLYGRAFIT FT-68\/C no es t\u00f3xico ni inflamable y es indicado para industrias farmac\u00e9uticas o\u00a0alimenticias.\u00a0","og_url":"https:\/\/molygrafit.com\/cl\/producto\/ft-68-c-aceite-100-sintetico-para-compresores-con-lubricacion-libre-de-residuos-durante-un-periodo-de-al-menos-8-000-horas-de-operacion\/","og_site_name":"Molygrafit - Lubricantes Especiales","article_modified_time":"2025-08-19T00:33:46+00:00","og_image":[{"width":600,"height":600,"url":"https:\/\/molygrafit.com\/cl\/wp-content\/uploads\/2021\/03\/BB_Lts_final.jpg","type":"image\/jpeg"}],"twitter_card":"summary_large_image","schema":{"@context":"https:\/\/schema.org","@graph":[{"@type":"WebPage","@id":"https:\/\/molygrafit.com\/cl\/producto\/ft-68-c-aceite-100-sintetico-para-compresores-con-lubricacion-libre-de-residuos-durante-un-periodo-de-al-menos-8-000-horas-de-operacion\/","url":"https:\/\/molygrafit.com\/cl\/producto\/ft-68-c-aceite-100-sintetico-para-compresores-con-lubricacion-libre-de-residuos-durante-un-periodo-de-al-menos-8-000-horas-de-operacion\/","name":"FT-68\/C > ACEITE 100% SINT\u00c9TICO PARA COMPRESORES, CON LUBRICACI\u00d3N LIBRE DE RESIDUOS DURANTE UN PERIODO DE AL MENOS 8.000 HORAS DE OPERACI\u00d3N. - Molygrafit - Lubricantes Especiales","isPartOf":{"@id":"https:\/\/molygrafit.com\/cl\/#website"},"primaryImageOfPage":{"@id":"https:\/\/molygrafit.com\/cl\/producto\/ft-68-c-aceite-100-sintetico-para-compresores-con-lubricacion-libre-de-residuos-durante-un-periodo-de-al-menos-8-000-horas-de-operacion\/#primaryimage"},"image":{"@id":"https:\/\/molygrafit.com\/cl\/producto\/ft-68-c-aceite-100-sintetico-para-compresores-con-lubricacion-libre-de-residuos-durante-un-periodo-de-al-menos-8-000-horas-de-operacion\/#primaryimage"},"thumbnailUrl":"https:\/\/molygrafit.com\/cl\/wp-content\/uploads\/2021\/03\/BB_Lts_final.jpg","datePublished":"2021-05-25T18:47:40+00:00","dateModified":"2025-08-19T00:33:46+00:00","breadcrumb":{"@id":"https:\/\/molygrafit.com\/cl\/producto\/ft-68-c-aceite-100-sintetico-para-compresores-con-lubricacion-libre-de-residuos-durante-un-periodo-de-al-menos-8-000-horas-de-operacion\/#breadcrumb"},"inLanguage":"es-CL","potentialAction":[{"@type":"ReadAction","target":["https:\/\/molygrafit.com\/cl\/producto\/ft-68-c-aceite-100-sintetico-para-compresores-con-lubricacion-libre-de-residuos-durante-un-periodo-de-al-menos-8-000-horas-de-operacion\/"]}]},{"@type":"ImageObject","inLanguage":"es-CL","@id":"https:\/\/molygrafit.com\/cl\/producto\/ft-68-c-aceite-100-sintetico-para-compresores-con-lubricacion-libre-de-residuos-durante-un-periodo-de-al-menos-8-000-horas-de-operacion\/#primaryimage","url":"https:\/\/molygrafit.com\/cl\/wp-content\/uploads\/2021\/03\/BB_Lts_final.jpg","contentUrl":"https:\/\/molygrafit.com\/cl\/wp-content\/uploads\/2021\/03\/BB_Lts_final.jpg","width":600,"height":600},{"@type":"BreadcrumbList","@id":"https:\/\/molygrafit.com\/cl\/producto\/ft-68-c-aceite-100-sintetico-para-compresores-con-lubricacion-libre-de-residuos-durante-un-periodo-de-al-menos-8-000-horas-de-operacion\/#breadcrumb","itemListElement":[{"@type":"ListItem","position":1,"name":"In\u00edcio","item":"https:\/\/molygrafit.com\/cl\/"},{"@type":"ListItem","position":2,"name":"Tienda","item":"https:\/\/molygrafit.com\/cl\/"},{"@type":"ListItem","position":3,"name":"FT-68\/C > ACEITE 100% SINT\u00c9TICO PARA COMPRESORES, CON LUBRICACI\u00d3N LIBRE DE RESIDUOS DURANTE UN PERIODO DE AL MENOS 8.000 HORAS DE OPERACI\u00d3N."}]},{"@type":"WebSite","@id":"https:\/\/molygrafit.com\/cl\/#website","url":"https:\/\/molygrafit.com\/cl\/","name":"Molygrafit - Lubricantes Especiales","description":"","potentialAction":[{"@type":"SearchAction","target":{"@type":"EntryPoint","urlTemplate":"https:\/\/molygrafit.com\/cl\/?s={search_term_string}"},"query-input":{"@type":"PropertyValueSpecification","valueRequired":true,"valueName":"search_term_string"}}],"inLanguage":"es-CL"}]}},"_links":{"self":[{"href":"https:\/\/molygrafit.com\/cl\/wp-json\/wp\/v2\/product\/2341","targetHints":{"allow":["GET"]}}],"collection":[{"href":"https:\/\/molygrafit.com\/cl\/wp-json\/wp\/v2\/product"}],"about":[{"href":"https:\/\/molygrafit.com\/cl\/wp-json\/wp\/v2\/types\/product"}],"wp:featuredmedia":[{"embeddable":true,"href":"https:\/\/molygrafit.com\/cl\/wp-json\/wp\/v2\/media\/2076"}],"wp:attachment":[{"href":"https:\/\/molygrafit.com\/cl\/wp-json\/wp\/v2\/media?parent=2341"}],"wp:term":[{"taxonomy":"product_brand","embeddable":true,"href":"https:\/\/molygrafit.com\/cl\/wp-json\/wp\/v2\/product_brand?post=2341"},{"taxonomy":"product_cat","embeddable":true,"href":"https:\/\/molygrafit.com\/cl\/wp-json\/wp\/v2\/product_cat?post=2341"},{"taxonomy":"product_tag","embeddable":true,"href":"https:\/\/molygrafit.com\/cl\/wp-json\/wp\/v2\/product_tag?post=2341"}],"curies":[{"name":"wp","href":"https:\/\/api.w.org\/{rel}","templated":true}]}}