{"id":2342,"date":"2021-05-25T15:47:40","date_gmt":"2021-05-25T18:47:40","guid":{"rendered":"https:\/\/molygrafit.com\/cl\/producto\/import-placeholder-for-1856\/"},"modified":"2025-08-18T21:33:04","modified_gmt":"2025-08-19T00:33:04","slug":"ft-68-aceite-100-sintetico-resistente-a-altas-temperaturas-no-forma-residuos-por-carbonizacion","status":"publish","type":"product","link":"https:\/\/molygrafit.com\/cl\/producto\/ft-68-aceite-100-sintetico-resistente-a-altas-temperaturas-no-forma-residuos-por-carbonizacion\/","title":{"rendered":"FT-68 > ACEITE 100% SINT\u00c9TICO, RESISTENTE A ALTAS TEMPERATURAS, NO FORMA RESIDUOS POR CARBONIZACI\u00d3N."},"content":{"rendered":"<ul>\n<li>Apariencia: L\u00edquido marr\u00f3n<\/li>\n<li>Viscosidad a 40 \u00b0C: 68 cSt<\/li>\n<li>Viscosidad a 100 \u00b0C: 12 cSt<\/li>\n<li>Nivel de viscosidad: 145<\/li>\n<li>Punto m\u00ednimo de fluidez: -38 \u00b0C<\/li>\n<li>Ponto de inflamabilidad (ASTM D 92): 225 \u00b0C<\/li>\n<li>Tensi\u00f3n superficial: 32 dinas\/cm<\/li>\n<li>Cenizas: menor que 0,1%<\/li>\n<li>Solubilidad en agua: Indisoluble<\/li>\n<\/ul>\n","protected":false},"excerpt":{"rendered":"<p>MOLYGRAFIT FT-68 es un aceite totalmente sint\u00e9tico para aplicaciones de temperaturas extremas.<\/p>\n<p>Tine aditivos especiales en su formulaci\u00f3n que confieren al producto alta resistencia a temperaturas\u00a0y cargas, con total ausencia de cenizas y carbonizaci\u00f3n. Tambi\u00e9n tiene funci\u00f3n anticorrosi\u00f3n en\u00a0ambientes h\u00famedos y\/o agresivos.<\/p>\n<p>Porque es completamente sint\u00e9tico, no es t\u00f3xico ni inflamable, es seguro para el operador en las m\u00e1s\u00a0diversas condiciones.<\/p>\n<p>Recomendado para todo tipo de industrias que requieran lubricaci\u00f3n de alto rendimiento sin riesgos\u00a0ambientales.<\/p>\n<p>Su aplicaci\u00f3n puede realizarse por sistemas autom\u00e1ticos de goteo o aspersi\u00f3n (OILMIST).<\/p>\n<p>Adecuado para cadenas, rodamientos, cojinetes, barras colectoras etc.<\/p>\n<p>Tambi\u00e9n se recomienda para la lubricaci\u00f3n de equipos, tales como: cajas reductoras, bombas de vac\u00edo\u00a0y compresores.<\/p>\n<p>Tinee f\u00f3rmula balanceada que brinda una excelente relaci\u00f3n costo\/beneficio, que no se encuentra en\u00a0ning\u00fan otro producto similar.<\/p>\n<p>Al cambiar los lubricantes, la m\u00e1quina debe limpiarse, si es necesario\u00a0hacer un lavado.<\/p>\n<p>MOLYGRAFIT FT-68 es un producto de baja toxicidad que puede operar en la industria alimentaria\u00a0y farmac\u00e9utica en situaciones controladas.<\/p>\n","protected":false},"featured_media":2076,"template":"","meta":{"_acf_changed":false},"product_brand":[],"product_cat":[160],"product_tag":[244,246,245],"class_list":{"0":"post-2342","1":"product","2":"type-product","3":"status-publish","4":"has-post-thumbnail","6":"product_cat-mecanica","7":"product_tag-aceite-100-sintetico","8":"product_tag-no-forma-residuos-por-carbonizacion","9":"product_tag-resistente-a-altas-temperaturas","11":"first","12":"instock","13":"shipping-taxable","14":"product-type-variable"},"acf":[],"yoast_head":"<!-- This site is optimized with the Yoast SEO plugin v26.9 - https:\/\/yoast.com\/product\/yoast-seo-wordpress\/ -->\n<title>FT-68 &gt; ACEITE 100% SINT\u00c9TICO, RESISTENTE A ALTAS TEMPERATURAS, NO FORMA RESIDUOS POR CARBONIZACI\u00d3N. - Molygrafit - Lubricantes Especiales<\/title>\n<meta name=\"robots\" content=\"index, follow, max-snippet:-1, max-image-preview:large, max-video-preview:-1\" \/>\n<link rel=\"canonical\" href=\"https:\/\/molygrafit.com\/cl\/producto\/ft-68-aceite-100-sintetico-resistente-a-altas-temperaturas-no-forma-residuos-por-carbonizacion\/\" \/>\n<meta property=\"og:locale\" content=\"es_ES\" \/>\n<meta property=\"og:type\" content=\"article\" \/>\n<meta property=\"og:title\" content=\"FT-68 &gt; ACEITE 100% SINT\u00c9TICO, RESISTENTE A ALTAS TEMPERATURAS, NO FORMA RESIDUOS POR CARBONIZACI\u00d3N. - Molygrafit - Lubricantes Especiales\" \/>\n<meta property=\"og:description\" content=\"MOLYGRAFIT FT-68 es un aceite totalmente sint\u00e9tico para aplicaciones de temperaturas extremas.  Tine aditivos especiales en su formulaci\u00f3n que confieren al producto alta resistencia a temperaturas\u00a0y cargas, con total ausencia de cenizas y carbonizaci\u00f3n. Tambi\u00e9n tiene funci\u00f3n anticorrosi\u00f3n en\u00a0ambientes h\u00famedos y\/o agresivos.  Porque es completamente sint\u00e9tico, no es t\u00f3xico ni inflamable, es seguro para el operador en las m\u00e1s\u00a0diversas condiciones.  Recomendado para todo tipo de industrias que requieran lubricaci\u00f3n de alto rendimiento sin riesgos\u00a0ambientales.  Su aplicaci\u00f3n puede realizarse por sistemas autom\u00e1ticos de goteo o aspersi\u00f3n (OILMIST).  Adecuado para cadenas, rodamientos, cojinetes, barras colectoras etc.  Tambi\u00e9n se recomienda para la lubricaci\u00f3n de equipos, tales como: cajas reductoras, bombas de vac\u00edo\u00a0y compresores.  Tinee f\u00f3rmula balanceada que brinda una excelente relaci\u00f3n costo\/beneficio, que no se encuentra en\u00a0ning\u00fan otro producto similar.  Al cambiar los lubricantes, la m\u00e1quina debe limpiarse, si es necesario\u00a0hacer un lavado.  MOLYGRAFIT FT-68 es un producto de baja toxicidad que puede operar en la industria alimentaria\u00a0y farmac\u00e9utica en situaciones controladas.\" \/>\n<meta property=\"og:url\" content=\"https:\/\/molygrafit.com\/cl\/producto\/ft-68-aceite-100-sintetico-resistente-a-altas-temperaturas-no-forma-residuos-por-carbonizacion\/\" \/>\n<meta property=\"og:site_name\" content=\"Molygrafit - Lubricantes Especiales\" \/>\n<meta property=\"article:modified_time\" content=\"2025-08-19T00:33:04+00:00\" \/>\n<meta property=\"og:image\" content=\"https:\/\/molygrafit.com\/cl\/wp-content\/uploads\/2021\/03\/BB_Lts_final.jpg\" \/>\n\t<meta property=\"og:image:width\" content=\"600\" \/>\n\t<meta property=\"og:image:height\" content=\"600\" \/>\n\t<meta property=\"og:image:type\" content=\"image\/jpeg\" \/>\n<meta name=\"twitter:card\" content=\"summary_large_image\" \/>\n<script type=\"application\/ld+json\" class=\"yoast-schema-graph\">{\"@context\":\"https:\/\/schema.org\",\"@graph\":[{\"@type\":\"WebPage\",\"@id\":\"https:\/\/molygrafit.com\/cl\/producto\/ft-68-aceite-100-sintetico-resistente-a-altas-temperaturas-no-forma-residuos-por-carbonizacion\/\",\"url\":\"https:\/\/molygrafit.com\/cl\/producto\/ft-68-aceite-100-sintetico-resistente-a-altas-temperaturas-no-forma-residuos-por-carbonizacion\/\",\"name\":\"FT-68 > ACEITE 100% SINT\u00c9TICO, RESISTENTE A ALTAS TEMPERATURAS, NO FORMA RESIDUOS POR CARBONIZACI\u00d3N. - Molygrafit - Lubricantes Especiales\",\"isPartOf\":{\"@id\":\"https:\/\/molygrafit.com\/cl\/#website\"},\"primaryImageOfPage\":{\"@id\":\"https:\/\/molygrafit.com\/cl\/producto\/ft-68-aceite-100-sintetico-resistente-a-altas-temperaturas-no-forma-residuos-por-carbonizacion\/#primaryimage\"},\"image\":{\"@id\":\"https:\/\/molygrafit.com\/cl\/producto\/ft-68-aceite-100-sintetico-resistente-a-altas-temperaturas-no-forma-residuos-por-carbonizacion\/#primaryimage\"},\"thumbnailUrl\":\"https:\/\/molygrafit.com\/cl\/wp-content\/uploads\/2021\/03\/BB_Lts_final.jpg\",\"datePublished\":\"2021-05-25T18:47:40+00:00\",\"dateModified\":\"2025-08-19T00:33:04+00:00\",\"breadcrumb\":{\"@id\":\"https:\/\/molygrafit.com\/cl\/producto\/ft-68-aceite-100-sintetico-resistente-a-altas-temperaturas-no-forma-residuos-por-carbonizacion\/#breadcrumb\"},\"inLanguage\":\"es-CL\",\"potentialAction\":[{\"@type\":\"ReadAction\",\"target\":[\"https:\/\/molygrafit.com\/cl\/producto\/ft-68-aceite-100-sintetico-resistente-a-altas-temperaturas-no-forma-residuos-por-carbonizacion\/\"]}]},{\"@type\":\"ImageObject\",\"inLanguage\":\"es-CL\",\"@id\":\"https:\/\/molygrafit.com\/cl\/producto\/ft-68-aceite-100-sintetico-resistente-a-altas-temperaturas-no-forma-residuos-por-carbonizacion\/#primaryimage\",\"url\":\"https:\/\/molygrafit.com\/cl\/wp-content\/uploads\/2021\/03\/BB_Lts_final.jpg\",\"contentUrl\":\"https:\/\/molygrafit.com\/cl\/wp-content\/uploads\/2021\/03\/BB_Lts_final.jpg\",\"width\":600,\"height\":600},{\"@type\":\"BreadcrumbList\",\"@id\":\"https:\/\/molygrafit.com\/cl\/producto\/ft-68-aceite-100-sintetico-resistente-a-altas-temperaturas-no-forma-residuos-por-carbonizacion\/#breadcrumb\",\"itemListElement\":[{\"@type\":\"ListItem\",\"position\":1,\"name\":\"In\u00edcio\",\"item\":\"https:\/\/molygrafit.com\/cl\/\"},{\"@type\":\"ListItem\",\"position\":2,\"name\":\"Tienda\",\"item\":\"https:\/\/molygrafit.com\/cl\/\"},{\"@type\":\"ListItem\",\"position\":3,\"name\":\"FT-68 > ACEITE 100% SINT\u00c9TICO, RESISTENTE A ALTAS TEMPERATURAS, NO FORMA RESIDUOS POR CARBONIZACI\u00d3N.\"}]},{\"@type\":\"WebSite\",\"@id\":\"https:\/\/molygrafit.com\/cl\/#website\",\"url\":\"https:\/\/molygrafit.com\/cl\/\",\"name\":\"Molygrafit - Lubricantes Especiales\",\"description\":\"\",\"potentialAction\":[{\"@type\":\"SearchAction\",\"target\":{\"@type\":\"EntryPoint\",\"urlTemplate\":\"https:\/\/molygrafit.com\/cl\/?s={search_term_string}\"},\"query-input\":{\"@type\":\"PropertyValueSpecification\",\"valueRequired\":true,\"valueName\":\"search_term_string\"}}],\"inLanguage\":\"es-CL\"}]}<\/script>\n<!-- \/ Yoast SEO plugin. -->","yoast_head_json":{"title":"FT-68 > ACEITE 100% SINT\u00c9TICO, RESISTENTE A ALTAS TEMPERATURAS, NO FORMA RESIDUOS POR CARBONIZACI\u00d3N. - Molygrafit - Lubricantes Especiales","robots":{"index":"index","follow":"follow","max-snippet":"max-snippet:-1","max-image-preview":"max-image-preview:large","max-video-preview":"max-video-preview:-1"},"canonical":"https:\/\/molygrafit.com\/cl\/producto\/ft-68-aceite-100-sintetico-resistente-a-altas-temperaturas-no-forma-residuos-por-carbonizacion\/","og_locale":"es_ES","og_type":"article","og_title":"FT-68 > ACEITE 100% SINT\u00c9TICO, RESISTENTE A ALTAS TEMPERATURAS, NO FORMA RESIDUOS POR CARBONIZACI\u00d3N. - Molygrafit - Lubricantes Especiales","og_description":"MOLYGRAFIT FT-68 es un aceite totalmente sint\u00e9tico para aplicaciones de temperaturas extremas.  Tine aditivos especiales en su formulaci\u00f3n que confieren al producto alta resistencia a temperaturas\u00a0y cargas, con total ausencia de cenizas y carbonizaci\u00f3n. Tambi\u00e9n tiene funci\u00f3n anticorrosi\u00f3n en\u00a0ambientes h\u00famedos y\/o agresivos.  Porque es completamente sint\u00e9tico, no es t\u00f3xico ni inflamable, es seguro para el operador en las m\u00e1s\u00a0diversas condiciones.  Recomendado para todo tipo de industrias que requieran lubricaci\u00f3n de alto rendimiento sin riesgos\u00a0ambientales.  Su aplicaci\u00f3n puede realizarse por sistemas autom\u00e1ticos de goteo o aspersi\u00f3n (OILMIST).  Adecuado para cadenas, rodamientos, cojinetes, barras colectoras etc.  Tambi\u00e9n se recomienda para la lubricaci\u00f3n de equipos, tales como: cajas reductoras, bombas de vac\u00edo\u00a0y compresores.  Tinee f\u00f3rmula balanceada que brinda una excelente relaci\u00f3n costo\/beneficio, que no se encuentra en\u00a0ning\u00fan otro producto similar.  Al cambiar los lubricantes, la m\u00e1quina debe limpiarse, si es necesario\u00a0hacer un lavado.  MOLYGRAFIT FT-68 es un producto de baja toxicidad que puede operar en la industria alimentaria\u00a0y farmac\u00e9utica en situaciones controladas.","og_url":"https:\/\/molygrafit.com\/cl\/producto\/ft-68-aceite-100-sintetico-resistente-a-altas-temperaturas-no-forma-residuos-por-carbonizacion\/","og_site_name":"Molygrafit - Lubricantes Especiales","article_modified_time":"2025-08-19T00:33:04+00:00","og_image":[{"width":600,"height":600,"url":"https:\/\/molygrafit.com\/cl\/wp-content\/uploads\/2021\/03\/BB_Lts_final.jpg","type":"image\/jpeg"}],"twitter_card":"summary_large_image","schema":{"@context":"https:\/\/schema.org","@graph":[{"@type":"WebPage","@id":"https:\/\/molygrafit.com\/cl\/producto\/ft-68-aceite-100-sintetico-resistente-a-altas-temperaturas-no-forma-residuos-por-carbonizacion\/","url":"https:\/\/molygrafit.com\/cl\/producto\/ft-68-aceite-100-sintetico-resistente-a-altas-temperaturas-no-forma-residuos-por-carbonizacion\/","name":"FT-68 > ACEITE 100% SINT\u00c9TICO, RESISTENTE A ALTAS TEMPERATURAS, NO FORMA RESIDUOS POR CARBONIZACI\u00d3N. - Molygrafit - Lubricantes Especiales","isPartOf":{"@id":"https:\/\/molygrafit.com\/cl\/#website"},"primaryImageOfPage":{"@id":"https:\/\/molygrafit.com\/cl\/producto\/ft-68-aceite-100-sintetico-resistente-a-altas-temperaturas-no-forma-residuos-por-carbonizacion\/#primaryimage"},"image":{"@id":"https:\/\/molygrafit.com\/cl\/producto\/ft-68-aceite-100-sintetico-resistente-a-altas-temperaturas-no-forma-residuos-por-carbonizacion\/#primaryimage"},"thumbnailUrl":"https:\/\/molygrafit.com\/cl\/wp-content\/uploads\/2021\/03\/BB_Lts_final.jpg","datePublished":"2021-05-25T18:47:40+00:00","dateModified":"2025-08-19T00:33:04+00:00","breadcrumb":{"@id":"https:\/\/molygrafit.com\/cl\/producto\/ft-68-aceite-100-sintetico-resistente-a-altas-temperaturas-no-forma-residuos-por-carbonizacion\/#breadcrumb"},"inLanguage":"es-CL","potentialAction":[{"@type":"ReadAction","target":["https:\/\/molygrafit.com\/cl\/producto\/ft-68-aceite-100-sintetico-resistente-a-altas-temperaturas-no-forma-residuos-por-carbonizacion\/"]}]},{"@type":"ImageObject","inLanguage":"es-CL","@id":"https:\/\/molygrafit.com\/cl\/producto\/ft-68-aceite-100-sintetico-resistente-a-altas-temperaturas-no-forma-residuos-por-carbonizacion\/#primaryimage","url":"https:\/\/molygrafit.com\/cl\/wp-content\/uploads\/2021\/03\/BB_Lts_final.jpg","contentUrl":"https:\/\/molygrafit.com\/cl\/wp-content\/uploads\/2021\/03\/BB_Lts_final.jpg","width":600,"height":600},{"@type":"BreadcrumbList","@id":"https:\/\/molygrafit.com\/cl\/producto\/ft-68-aceite-100-sintetico-resistente-a-altas-temperaturas-no-forma-residuos-por-carbonizacion\/#breadcrumb","itemListElement":[{"@type":"ListItem","position":1,"name":"In\u00edcio","item":"https:\/\/molygrafit.com\/cl\/"},{"@type":"ListItem","position":2,"name":"Tienda","item":"https:\/\/molygrafit.com\/cl\/"},{"@type":"ListItem","position":3,"name":"FT-68 > ACEITE 100% SINT\u00c9TICO, RESISTENTE A ALTAS TEMPERATURAS, NO FORMA RESIDUOS POR CARBONIZACI\u00d3N."}]},{"@type":"WebSite","@id":"https:\/\/molygrafit.com\/cl\/#website","url":"https:\/\/molygrafit.com\/cl\/","name":"Molygrafit - Lubricantes Especiales","description":"","potentialAction":[{"@type":"SearchAction","target":{"@type":"EntryPoint","urlTemplate":"https:\/\/molygrafit.com\/cl\/?s={search_term_string}"},"query-input":{"@type":"PropertyValueSpecification","valueRequired":true,"valueName":"search_term_string"}}],"inLanguage":"es-CL"}]}},"_links":{"self":[{"href":"https:\/\/molygrafit.com\/cl\/wp-json\/wp\/v2\/product\/2342","targetHints":{"allow":["GET"]}}],"collection":[{"href":"https:\/\/molygrafit.com\/cl\/wp-json\/wp\/v2\/product"}],"about":[{"href":"https:\/\/molygrafit.com\/cl\/wp-json\/wp\/v2\/types\/product"}],"wp:featuredmedia":[{"embeddable":true,"href":"https:\/\/molygrafit.com\/cl\/wp-json\/wp\/v2\/media\/2076"}],"wp:attachment":[{"href":"https:\/\/molygrafit.com\/cl\/wp-json\/wp\/v2\/media?parent=2342"}],"wp:term":[{"taxonomy":"product_brand","embeddable":true,"href":"https:\/\/molygrafit.com\/cl\/wp-json\/wp\/v2\/product_brand?post=2342"},{"taxonomy":"product_cat","embeddable":true,"href":"https:\/\/molygrafit.com\/cl\/wp-json\/wp\/v2\/product_cat?post=2342"},{"taxonomy":"product_tag","embeddable":true,"href":"https:\/\/molygrafit.com\/cl\/wp-json\/wp\/v2\/product_tag?post=2342"}],"curies":[{"name":"wp","href":"https:\/\/api.w.org\/{rel}","templated":true}]}}