{"id":2343,"date":"2021-05-25T15:47:40","date_gmt":"2021-05-25T18:47:40","guid":{"rendered":"https:\/\/molygrafit.com\/cl\/producto\/import-placeholder-for-1857\/"},"modified":"2025-08-18T21:32:01","modified_gmt":"2025-08-19T00:32:01","slug":"ft-320-g-aceite-para-siderurgicas-100-sintetico-resistente-a-altas-temperaturas","status":"publish","type":"product","link":"https:\/\/molygrafit.com\/cl\/producto\/ft-320-g-aceite-para-siderurgicas-100-sintetico-resistente-a-altas-temperaturas\/","title":{"rendered":"FT-320\/G > ACEITE PARA SIDER\u00daRGICAS 100% SINT\u00c9TICO, RESISTENTE A ALTAS TEMPERATURAS."},"content":{"rendered":"<ul>\n<li>Apariencia: L\u00edquido negro<\/li>\n<li>Viscosidad a 40 \u00b0C: 320 cSt<\/li>\n<li>Punto m\u00ednimo de fluidez: -20 \u00b0C<\/li>\n<li>Solubilidad en agua: Indisoluble<\/li>\n<li>Ponto de inflamabilidad (ASTM D 92): 275 \u00b0C<\/li>\n<\/ul>\n","protected":false},"excerpt":{"rendered":"<p>MOLYGRAFIT FT-320\/G es un aceite totalmente sint\u00e9tico para equipos que requieren un alto\u00a0rendimiento de lubricaci\u00f3n. Contiene en su formulaci\u00f3n agentes antioxidantes, antiespumantes y\u00a0anticorrosivos que brindan un alto desempe\u00f1o lubricante ante altas temperaturas, atm\u00f3sferas\u00a0agresivas, altas cargas etc.<\/p>\n<p>Porque es completamente sint\u00e9tico, no carboniza, no forma borra y no cambia de viscosidad despu\u00e9s\u00a0de largos per\u00edodos, es especialmente adecuado para lubricar cadenas industriales expuestas a altas\u00a0temperaturas.<\/p>\n<p>Al cambiar los lubricantes, la m\u00e1quina debe limpiarse, si es necesario hacer un lavado.<\/p>\n<p>Se suministra con grafito, proporcionando lubricaci\u00f3n seca de emergencia para casos de evaporaci\u00f3n\u00a0total del aceite.<\/p>\n<p>Producto no t\u00f3xico y no inflamable, que ofrece total seguridad al operador.<\/p>\n","protected":false},"featured_media":2076,"template":"","meta":{"_acf_changed":false},"product_brand":[],"product_cat":[169],"product_tag":[247,245],"class_list":{"0":"post-2343","1":"product","2":"type-product","3":"status-publish","4":"has-post-thumbnail","6":"product_cat-siderurgica","7":"product_tag-aceite-para-siderurgicas-100-sintetico","8":"product_tag-resistente-a-altas-temperaturas","10":"first","11":"instock","12":"shipping-taxable","13":"product-type-variable"},"acf":[],"yoast_head":"<!-- This site is optimized with the Yoast SEO plugin v26.9 - https:\/\/yoast.com\/product\/yoast-seo-wordpress\/ -->\n<title>FT-320\/G &gt; ACEITE PARA SIDER\u00daRGICAS 100% SINT\u00c9TICO, RESISTENTE A ALTAS TEMPERATURAS. - Molygrafit - Lubricantes Especiales<\/title>\n<meta name=\"robots\" content=\"index, follow, max-snippet:-1, max-image-preview:large, max-video-preview:-1\" \/>\n<link rel=\"canonical\" href=\"https:\/\/molygrafit.com\/cl\/producto\/ft-320-g-aceite-para-siderurgicas-100-sintetico-resistente-a-altas-temperaturas\/\" \/>\n<meta property=\"og:locale\" content=\"es_ES\" \/>\n<meta property=\"og:type\" content=\"article\" \/>\n<meta property=\"og:title\" content=\"FT-320\/G &gt; ACEITE PARA SIDER\u00daRGICAS 100% SINT\u00c9TICO, RESISTENTE A ALTAS TEMPERATURAS. - Molygrafit - Lubricantes Especiales\" \/>\n<meta property=\"og:description\" content=\"MOLYGRAFIT FT-320\/G es un aceite totalmente sint\u00e9tico para equipos que requieren un alto\u00a0rendimiento de lubricaci\u00f3n. Contiene en su formulaci\u00f3n agentes antioxidantes, antiespumantes y\u00a0anticorrosivos que brindan un alto desempe\u00f1o lubricante ante altas temperaturas, atm\u00f3sferas\u00a0agresivas, altas cargas etc.  Porque es completamente sint\u00e9tico, no carboniza, no forma borra y no cambia de viscosidad despu\u00e9s\u00a0de largos per\u00edodos, es especialmente adecuado para lubricar cadenas industriales expuestas a altas\u00a0temperaturas.  Al cambiar los lubricantes, la m\u00e1quina debe limpiarse, si es necesario hacer un lavado.  Se suministra con grafito, proporcionando lubricaci\u00f3n seca de emergencia para casos de evaporaci\u00f3n\u00a0total del aceite.  Producto no t\u00f3xico y no inflamable, que ofrece total seguridad al operador.\" \/>\n<meta property=\"og:url\" content=\"https:\/\/molygrafit.com\/cl\/producto\/ft-320-g-aceite-para-siderurgicas-100-sintetico-resistente-a-altas-temperaturas\/\" \/>\n<meta property=\"og:site_name\" content=\"Molygrafit - Lubricantes Especiales\" \/>\n<meta property=\"article:modified_time\" content=\"2025-08-19T00:32:01+00:00\" \/>\n<meta property=\"og:image\" content=\"https:\/\/molygrafit.com\/cl\/wp-content\/uploads\/2021\/03\/BB_Lts_final.jpg\" \/>\n\t<meta property=\"og:image:width\" content=\"600\" \/>\n\t<meta property=\"og:image:height\" content=\"600\" \/>\n\t<meta property=\"og:image:type\" content=\"image\/jpeg\" \/>\n<meta name=\"twitter:card\" content=\"summary_large_image\" \/>\n<script type=\"application\/ld+json\" class=\"yoast-schema-graph\">{\"@context\":\"https:\/\/schema.org\",\"@graph\":[{\"@type\":\"WebPage\",\"@id\":\"https:\/\/molygrafit.com\/cl\/producto\/ft-320-g-aceite-para-siderurgicas-100-sintetico-resistente-a-altas-temperaturas\/\",\"url\":\"https:\/\/molygrafit.com\/cl\/producto\/ft-320-g-aceite-para-siderurgicas-100-sintetico-resistente-a-altas-temperaturas\/\",\"name\":\"FT-320\/G > ACEITE PARA SIDER\u00daRGICAS 100% SINT\u00c9TICO, RESISTENTE A ALTAS TEMPERATURAS. - Molygrafit - Lubricantes Especiales\",\"isPartOf\":{\"@id\":\"https:\/\/molygrafit.com\/cl\/#website\"},\"primaryImageOfPage\":{\"@id\":\"https:\/\/molygrafit.com\/cl\/producto\/ft-320-g-aceite-para-siderurgicas-100-sintetico-resistente-a-altas-temperaturas\/#primaryimage\"},\"image\":{\"@id\":\"https:\/\/molygrafit.com\/cl\/producto\/ft-320-g-aceite-para-siderurgicas-100-sintetico-resistente-a-altas-temperaturas\/#primaryimage\"},\"thumbnailUrl\":\"https:\/\/molygrafit.com\/cl\/wp-content\/uploads\/2021\/03\/BB_Lts_final.jpg\",\"datePublished\":\"2021-05-25T18:47:40+00:00\",\"dateModified\":\"2025-08-19T00:32:01+00:00\",\"breadcrumb\":{\"@id\":\"https:\/\/molygrafit.com\/cl\/producto\/ft-320-g-aceite-para-siderurgicas-100-sintetico-resistente-a-altas-temperaturas\/#breadcrumb\"},\"inLanguage\":\"es-CL\",\"potentialAction\":[{\"@type\":\"ReadAction\",\"target\":[\"https:\/\/molygrafit.com\/cl\/producto\/ft-320-g-aceite-para-siderurgicas-100-sintetico-resistente-a-altas-temperaturas\/\"]}]},{\"@type\":\"ImageObject\",\"inLanguage\":\"es-CL\",\"@id\":\"https:\/\/molygrafit.com\/cl\/producto\/ft-320-g-aceite-para-siderurgicas-100-sintetico-resistente-a-altas-temperaturas\/#primaryimage\",\"url\":\"https:\/\/molygrafit.com\/cl\/wp-content\/uploads\/2021\/03\/BB_Lts_final.jpg\",\"contentUrl\":\"https:\/\/molygrafit.com\/cl\/wp-content\/uploads\/2021\/03\/BB_Lts_final.jpg\",\"width\":600,\"height\":600},{\"@type\":\"BreadcrumbList\",\"@id\":\"https:\/\/molygrafit.com\/cl\/producto\/ft-320-g-aceite-para-siderurgicas-100-sintetico-resistente-a-altas-temperaturas\/#breadcrumb\",\"itemListElement\":[{\"@type\":\"ListItem\",\"position\":1,\"name\":\"In\u00edcio\",\"item\":\"https:\/\/molygrafit.com\/cl\/\"},{\"@type\":\"ListItem\",\"position\":2,\"name\":\"Tienda\",\"item\":\"https:\/\/molygrafit.com\/cl\/\"},{\"@type\":\"ListItem\",\"position\":3,\"name\":\"FT-320\/G > ACEITE PARA SIDER\u00daRGICAS 100% SINT\u00c9TICO, RESISTENTE A ALTAS TEMPERATURAS.\"}]},{\"@type\":\"WebSite\",\"@id\":\"https:\/\/molygrafit.com\/cl\/#website\",\"url\":\"https:\/\/molygrafit.com\/cl\/\",\"name\":\"Molygrafit - Lubricantes Especiales\",\"description\":\"\",\"potentialAction\":[{\"@type\":\"SearchAction\",\"target\":{\"@type\":\"EntryPoint\",\"urlTemplate\":\"https:\/\/molygrafit.com\/cl\/?s={search_term_string}\"},\"query-input\":{\"@type\":\"PropertyValueSpecification\",\"valueRequired\":true,\"valueName\":\"search_term_string\"}}],\"inLanguage\":\"es-CL\"}]}<\/script>\n<!-- \/ Yoast SEO plugin. -->","yoast_head_json":{"title":"FT-320\/G > ACEITE PARA SIDER\u00daRGICAS 100% SINT\u00c9TICO, RESISTENTE A ALTAS TEMPERATURAS. - Molygrafit - Lubricantes Especiales","robots":{"index":"index","follow":"follow","max-snippet":"max-snippet:-1","max-image-preview":"max-image-preview:large","max-video-preview":"max-video-preview:-1"},"canonical":"https:\/\/molygrafit.com\/cl\/producto\/ft-320-g-aceite-para-siderurgicas-100-sintetico-resistente-a-altas-temperaturas\/","og_locale":"es_ES","og_type":"article","og_title":"FT-320\/G > ACEITE PARA SIDER\u00daRGICAS 100% SINT\u00c9TICO, RESISTENTE A ALTAS TEMPERATURAS. - Molygrafit - Lubricantes Especiales","og_description":"MOLYGRAFIT FT-320\/G es un aceite totalmente sint\u00e9tico para equipos que requieren un alto\u00a0rendimiento de lubricaci\u00f3n. Contiene en su formulaci\u00f3n agentes antioxidantes, antiespumantes y\u00a0anticorrosivos que brindan un alto desempe\u00f1o lubricante ante altas temperaturas, atm\u00f3sferas\u00a0agresivas, altas cargas etc.  Porque es completamente sint\u00e9tico, no carboniza, no forma borra y no cambia de viscosidad despu\u00e9s\u00a0de largos per\u00edodos, es especialmente adecuado para lubricar cadenas industriales expuestas a altas\u00a0temperaturas.  Al cambiar los lubricantes, la m\u00e1quina debe limpiarse, si es necesario hacer un lavado.  Se suministra con grafito, proporcionando lubricaci\u00f3n seca de emergencia para casos de evaporaci\u00f3n\u00a0total del aceite.  Producto no t\u00f3xico y no inflamable, que ofrece total seguridad al operador.","og_url":"https:\/\/molygrafit.com\/cl\/producto\/ft-320-g-aceite-para-siderurgicas-100-sintetico-resistente-a-altas-temperaturas\/","og_site_name":"Molygrafit - Lubricantes Especiales","article_modified_time":"2025-08-19T00:32:01+00:00","og_image":[{"width":600,"height":600,"url":"https:\/\/molygrafit.com\/cl\/wp-content\/uploads\/2021\/03\/BB_Lts_final.jpg","type":"image\/jpeg"}],"twitter_card":"summary_large_image","schema":{"@context":"https:\/\/schema.org","@graph":[{"@type":"WebPage","@id":"https:\/\/molygrafit.com\/cl\/producto\/ft-320-g-aceite-para-siderurgicas-100-sintetico-resistente-a-altas-temperaturas\/","url":"https:\/\/molygrafit.com\/cl\/producto\/ft-320-g-aceite-para-siderurgicas-100-sintetico-resistente-a-altas-temperaturas\/","name":"FT-320\/G > ACEITE PARA SIDER\u00daRGICAS 100% SINT\u00c9TICO, RESISTENTE A ALTAS TEMPERATURAS. - Molygrafit - Lubricantes Especiales","isPartOf":{"@id":"https:\/\/molygrafit.com\/cl\/#website"},"primaryImageOfPage":{"@id":"https:\/\/molygrafit.com\/cl\/producto\/ft-320-g-aceite-para-siderurgicas-100-sintetico-resistente-a-altas-temperaturas\/#primaryimage"},"image":{"@id":"https:\/\/molygrafit.com\/cl\/producto\/ft-320-g-aceite-para-siderurgicas-100-sintetico-resistente-a-altas-temperaturas\/#primaryimage"},"thumbnailUrl":"https:\/\/molygrafit.com\/cl\/wp-content\/uploads\/2021\/03\/BB_Lts_final.jpg","datePublished":"2021-05-25T18:47:40+00:00","dateModified":"2025-08-19T00:32:01+00:00","breadcrumb":{"@id":"https:\/\/molygrafit.com\/cl\/producto\/ft-320-g-aceite-para-siderurgicas-100-sintetico-resistente-a-altas-temperaturas\/#breadcrumb"},"inLanguage":"es-CL","potentialAction":[{"@type":"ReadAction","target":["https:\/\/molygrafit.com\/cl\/producto\/ft-320-g-aceite-para-siderurgicas-100-sintetico-resistente-a-altas-temperaturas\/"]}]},{"@type":"ImageObject","inLanguage":"es-CL","@id":"https:\/\/molygrafit.com\/cl\/producto\/ft-320-g-aceite-para-siderurgicas-100-sintetico-resistente-a-altas-temperaturas\/#primaryimage","url":"https:\/\/molygrafit.com\/cl\/wp-content\/uploads\/2021\/03\/BB_Lts_final.jpg","contentUrl":"https:\/\/molygrafit.com\/cl\/wp-content\/uploads\/2021\/03\/BB_Lts_final.jpg","width":600,"height":600},{"@type":"BreadcrumbList","@id":"https:\/\/molygrafit.com\/cl\/producto\/ft-320-g-aceite-para-siderurgicas-100-sintetico-resistente-a-altas-temperaturas\/#breadcrumb","itemListElement":[{"@type":"ListItem","position":1,"name":"In\u00edcio","item":"https:\/\/molygrafit.com\/cl\/"},{"@type":"ListItem","position":2,"name":"Tienda","item":"https:\/\/molygrafit.com\/cl\/"},{"@type":"ListItem","position":3,"name":"FT-320\/G > ACEITE PARA SIDER\u00daRGICAS 100% SINT\u00c9TICO, RESISTENTE A ALTAS TEMPERATURAS."}]},{"@type":"WebSite","@id":"https:\/\/molygrafit.com\/cl\/#website","url":"https:\/\/molygrafit.com\/cl\/","name":"Molygrafit - Lubricantes Especiales","description":"","potentialAction":[{"@type":"SearchAction","target":{"@type":"EntryPoint","urlTemplate":"https:\/\/molygrafit.com\/cl\/?s={search_term_string}"},"query-input":{"@type":"PropertyValueSpecification","valueRequired":true,"valueName":"search_term_string"}}],"inLanguage":"es-CL"}]}},"_links":{"self":[{"href":"https:\/\/molygrafit.com\/cl\/wp-json\/wp\/v2\/product\/2343","targetHints":{"allow":["GET"]}}],"collection":[{"href":"https:\/\/molygrafit.com\/cl\/wp-json\/wp\/v2\/product"}],"about":[{"href":"https:\/\/molygrafit.com\/cl\/wp-json\/wp\/v2\/types\/product"}],"wp:featuredmedia":[{"embeddable":true,"href":"https:\/\/molygrafit.com\/cl\/wp-json\/wp\/v2\/media\/2076"}],"wp:attachment":[{"href":"https:\/\/molygrafit.com\/cl\/wp-json\/wp\/v2\/media?parent=2343"}],"wp:term":[{"taxonomy":"product_brand","embeddable":true,"href":"https:\/\/molygrafit.com\/cl\/wp-json\/wp\/v2\/product_brand?post=2343"},{"taxonomy":"product_cat","embeddable":true,"href":"https:\/\/molygrafit.com\/cl\/wp-json\/wp\/v2\/product_cat?post=2343"},{"taxonomy":"product_tag","embeddable":true,"href":"https:\/\/molygrafit.com\/cl\/wp-json\/wp\/v2\/product_tag?post=2343"}],"curies":[{"name":"wp","href":"https:\/\/api.w.org\/{rel}","templated":true}]}}