{"id":2344,"date":"2021-05-25T15:47:40","date_gmt":"2021-05-25T18:47:40","guid":{"rendered":"https:\/\/molygrafit.com\/cl\/producto\/import-placeholder-for-1858\/"},"modified":"2025-08-18T21:32:45","modified_gmt":"2025-08-19T00:32:45","slug":"ft-220-aceite-100-sintetico-no-carboniza-ofrece-largos-periodos-de-lubricacion-libre-de-residuos","status":"publish","type":"product","link":"https:\/\/molygrafit.com\/cl\/producto\/ft-220-aceite-100-sintetico-no-carboniza-ofrece-largos-periodos-de-lubricacion-libre-de-residuos\/","title":{"rendered":"FT-220 > ACEITE 100% SINT\u00c9TICO, NO CARBONIZA, OFRECE LARGOS PER\u00cdODOS DE LUBRICACION LIBRE DE RESIDUOS."},"content":{"rendered":"<ul>\n<li>Apariencia: L\u00edquido amarillo Claro<span class=\"Apple-converted-space\">\u00a0<\/span><\/li>\n<li>Viscosidad a 40\u00b0C: 220 cSt<span class=\"Apple-converted-space\">\u00a0<\/span><\/li>\n<li>Punto m\u00ednimo de fluidez: -35 \u00b0C<span class=\"Apple-converted-space\">\u00a0<\/span><\/li>\n<li>Punto de Fulgor (ASTM D 92): 240\u00b0C<span class=\"Apple-converted-space\">\u00a0<\/span><\/li>\n<li>Tensi\u00f3n superficial: 34 dinas\/cm<span class=\"Apple-converted-space\">\u00a0<\/span><\/li>\n<li>Cenizas: &lt;0,1%<span class=\"Apple-converted-space\">\u00a0<\/span><\/li>\n<li>Solubilidad en agua: Insoluble<span class=\"Apple-converted-space\">\u00a0<\/span><\/li>\n<\/ul>\n","protected":false},"excerpt":{"rendered":"<p>Aceite totalmente sint\u00e9tico para aplicaciones de extrema solicitud de temperatura y presi\u00f3n.<span class=\"Apple-converted-space\">\u00a0<\/span><\/p>\n<p>Formulada con aditivos especiales que inhiben la carbonizaci\u00f3n y la formaci\u00f3n de cenizas. Posee<span class=\"Apple-converted-space\">\u00a0<\/span>todav\u00eda funci\u00f3n anticorrosiva para ambientes h\u00famedos y\/o agresivos.<span class=\"Apple-converted-space\">\u00a0<\/span><\/p>\n<p>Por ser totalmente sint\u00e9tico, no es t\u00f3xico o inflamable, siendo seguro al operador bajo las m\u00e1s severas<span class=\"Apple-converted-space\">\u00a0<\/span>condiciones.<span class=\"Apple-converted-space\">\u00a0<\/span><\/p>\n<p>Su utilizaci\u00f3n est\u00e1 recomendada en todo tipo de industria que necesite de lubricaci\u00f3n de alta performance, sin riesgos ambientales. Cuando se cambie el lubricante, se debe realizar una limpieza<span class=\"Apple-converted-space\">\u00a0\u00a0<\/span>en la m\u00e1quina y si necesario hacer un <i>flushing<\/i>.<span class=\"Apple-converted-space\">\u00a0<\/span><\/p>\n<p>Excelente para mancales, rodamientos, barras colectoras de cajas de engranajes, centr\u00edfugas, etc.<span class=\"Apple-converted-space\">\u00a0<\/span><\/p>\n<p>Su aplicaci\u00f3n puede ser hecha por sistemas autom\u00e1ticos, de goteos, pulverizaci\u00f3n (OIL MIST).<span class=\"Apple-converted-space\">\u00a0<\/span><\/p>\n<p>Posee f\u00f3rmula balanceada que proporciona una excelente relaci\u00f3n coste\/beneficio, no encontrado<span class=\"Apple-converted-space\">\u00a0\u00a0<\/span>en ning\u00fan producto similar, pues aumenta los periodos de lubricaci\u00f3n.<span class=\"Apple-converted-space\">\u00a0<\/span><\/p>\n<p>Puede ser provisto con lubricantes s\u00f3lidos como: Bisulfuro de Molibdeno (MOLYGRAFIT FT-220\/M) o<span class=\"Apple-converted-space\">\u00a0<\/span>grafito (MOLYGRAFIT FT-220\/G)<span class=\"Apple-converted-space\">\u00a0<\/span><\/p>\n","protected":false},"featured_media":2076,"template":"","meta":{"_acf_changed":false},"product_brand":[],"product_cat":[167],"product_tag":[244,198,248],"class_list":{"0":"post-2344","1":"product","2":"type-product","3":"status-publish","4":"has-post-thumbnail","6":"product_cat-papelera","7":"product_tag-aceite-100-sintetico","8":"product_tag-no-carboniza","9":"product_tag-ofrece-largos-periodos-de-lubricacion-libre-de-residuos","11":"first","12":"instock","13":"shipping-taxable","14":"product-type-variable"},"acf":[],"yoast_head":"<!-- This site is optimized with the Yoast SEO plugin v26.9 - https:\/\/yoast.com\/product\/yoast-seo-wordpress\/ -->\n<title>FT-220 &gt; ACEITE 100% SINT\u00c9TICO, NO CARBONIZA, OFRECE LARGOS PER\u00cdODOS DE LUBRICACION LIBRE DE RESIDUOS. - Molygrafit - Lubricantes Especiales<\/title>\n<meta name=\"robots\" content=\"index, follow, max-snippet:-1, max-image-preview:large, max-video-preview:-1\" \/>\n<link rel=\"canonical\" href=\"https:\/\/molygrafit.com\/cl\/producto\/ft-220-aceite-100-sintetico-no-carboniza-ofrece-largos-periodos-de-lubricacion-libre-de-residuos\/\" \/>\n<meta property=\"og:locale\" content=\"es_ES\" \/>\n<meta property=\"og:type\" content=\"article\" \/>\n<meta property=\"og:title\" content=\"FT-220 &gt; ACEITE 100% SINT\u00c9TICO, NO CARBONIZA, OFRECE LARGOS PER\u00cdODOS DE LUBRICACION LIBRE DE RESIDUOS. - Molygrafit - Lubricantes Especiales\" \/>\n<meta property=\"og:description\" content=\"Aceite totalmente sint\u00e9tico para aplicaciones de extrema solicitud de temperatura y presi\u00f3n.\u00a0  Formulada con aditivos especiales que inhiben la carbonizaci\u00f3n y la formaci\u00f3n de cenizas. Posee\u00a0todav\u00eda funci\u00f3n anticorrosiva para ambientes h\u00famedos y\/o agresivos.\u00a0  Por ser totalmente sint\u00e9tico, no es t\u00f3xico o inflamable, siendo seguro al operador bajo las m\u00e1s severas\u00a0condiciones.\u00a0  Su utilizaci\u00f3n est\u00e1 recomendada en todo tipo de industria que necesite de lubricaci\u00f3n de alta performance, sin riesgos ambientales. Cuando se cambie el lubricante, se debe realizar una limpieza\u00a0\u00a0en la m\u00e1quina y si necesario hacer un flushing.\u00a0  Excelente para mancales, rodamientos, barras colectoras de cajas de engranajes, centr\u00edfugas, etc.\u00a0  Su aplicaci\u00f3n puede ser hecha por sistemas autom\u00e1ticos, de goteos, pulverizaci\u00f3n (OIL MIST).\u00a0  Posee f\u00f3rmula balanceada que proporciona una excelente relaci\u00f3n coste\/beneficio, no encontrado\u00a0\u00a0en ning\u00fan producto similar, pues aumenta los periodos de lubricaci\u00f3n.\u00a0  Puede ser provisto con lubricantes s\u00f3lidos como: Bisulfuro de Molibdeno (MOLYGRAFIT FT-220\/M) o\u00a0grafito (MOLYGRAFIT FT-220\/G)\u00a0\" \/>\n<meta property=\"og:url\" content=\"https:\/\/molygrafit.com\/cl\/producto\/ft-220-aceite-100-sintetico-no-carboniza-ofrece-largos-periodos-de-lubricacion-libre-de-residuos\/\" \/>\n<meta property=\"og:site_name\" content=\"Molygrafit - Lubricantes Especiales\" \/>\n<meta property=\"article:modified_time\" content=\"2025-08-19T00:32:45+00:00\" \/>\n<meta property=\"og:image\" content=\"https:\/\/molygrafit.com\/cl\/wp-content\/uploads\/2021\/03\/BB_Lts_final.jpg\" \/>\n\t<meta property=\"og:image:width\" content=\"600\" \/>\n\t<meta property=\"og:image:height\" content=\"600\" \/>\n\t<meta property=\"og:image:type\" content=\"image\/jpeg\" \/>\n<meta name=\"twitter:card\" content=\"summary_large_image\" \/>\n<script type=\"application\/ld+json\" class=\"yoast-schema-graph\">{\"@context\":\"https:\/\/schema.org\",\"@graph\":[{\"@type\":\"WebPage\",\"@id\":\"https:\/\/molygrafit.com\/cl\/producto\/ft-220-aceite-100-sintetico-no-carboniza-ofrece-largos-periodos-de-lubricacion-libre-de-residuos\/\",\"url\":\"https:\/\/molygrafit.com\/cl\/producto\/ft-220-aceite-100-sintetico-no-carboniza-ofrece-largos-periodos-de-lubricacion-libre-de-residuos\/\",\"name\":\"FT-220 > ACEITE 100% SINT\u00c9TICO, NO CARBONIZA, OFRECE LARGOS PER\u00cdODOS DE LUBRICACION LIBRE DE RESIDUOS. - Molygrafit - Lubricantes Especiales\",\"isPartOf\":{\"@id\":\"https:\/\/molygrafit.com\/cl\/#website\"},\"primaryImageOfPage\":{\"@id\":\"https:\/\/molygrafit.com\/cl\/producto\/ft-220-aceite-100-sintetico-no-carboniza-ofrece-largos-periodos-de-lubricacion-libre-de-residuos\/#primaryimage\"},\"image\":{\"@id\":\"https:\/\/molygrafit.com\/cl\/producto\/ft-220-aceite-100-sintetico-no-carboniza-ofrece-largos-periodos-de-lubricacion-libre-de-residuos\/#primaryimage\"},\"thumbnailUrl\":\"https:\/\/molygrafit.com\/cl\/wp-content\/uploads\/2021\/03\/BB_Lts_final.jpg\",\"datePublished\":\"2021-05-25T18:47:40+00:00\",\"dateModified\":\"2025-08-19T00:32:45+00:00\",\"breadcrumb\":{\"@id\":\"https:\/\/molygrafit.com\/cl\/producto\/ft-220-aceite-100-sintetico-no-carboniza-ofrece-largos-periodos-de-lubricacion-libre-de-residuos\/#breadcrumb\"},\"inLanguage\":\"es-CL\",\"potentialAction\":[{\"@type\":\"ReadAction\",\"target\":[\"https:\/\/molygrafit.com\/cl\/producto\/ft-220-aceite-100-sintetico-no-carboniza-ofrece-largos-periodos-de-lubricacion-libre-de-residuos\/\"]}]},{\"@type\":\"ImageObject\",\"inLanguage\":\"es-CL\",\"@id\":\"https:\/\/molygrafit.com\/cl\/producto\/ft-220-aceite-100-sintetico-no-carboniza-ofrece-largos-periodos-de-lubricacion-libre-de-residuos\/#primaryimage\",\"url\":\"https:\/\/molygrafit.com\/cl\/wp-content\/uploads\/2021\/03\/BB_Lts_final.jpg\",\"contentUrl\":\"https:\/\/molygrafit.com\/cl\/wp-content\/uploads\/2021\/03\/BB_Lts_final.jpg\",\"width\":600,\"height\":600},{\"@type\":\"BreadcrumbList\",\"@id\":\"https:\/\/molygrafit.com\/cl\/producto\/ft-220-aceite-100-sintetico-no-carboniza-ofrece-largos-periodos-de-lubricacion-libre-de-residuos\/#breadcrumb\",\"itemListElement\":[{\"@type\":\"ListItem\",\"position\":1,\"name\":\"In\u00edcio\",\"item\":\"https:\/\/molygrafit.com\/cl\/\"},{\"@type\":\"ListItem\",\"position\":2,\"name\":\"Tienda\",\"item\":\"https:\/\/molygrafit.com\/cl\/\"},{\"@type\":\"ListItem\",\"position\":3,\"name\":\"FT-220 > ACEITE 100% SINT\u00c9TICO, NO CARBONIZA, OFRECE LARGOS PER\u00cdODOS DE LUBRICACION LIBRE DE RESIDUOS.\"}]},{\"@type\":\"WebSite\",\"@id\":\"https:\/\/molygrafit.com\/cl\/#website\",\"url\":\"https:\/\/molygrafit.com\/cl\/\",\"name\":\"Molygrafit - Lubricantes Especiales\",\"description\":\"\",\"potentialAction\":[{\"@type\":\"SearchAction\",\"target\":{\"@type\":\"EntryPoint\",\"urlTemplate\":\"https:\/\/molygrafit.com\/cl\/?s={search_term_string}\"},\"query-input\":{\"@type\":\"PropertyValueSpecification\",\"valueRequired\":true,\"valueName\":\"search_term_string\"}}],\"inLanguage\":\"es-CL\"}]}<\/script>\n<!-- \/ Yoast SEO plugin. -->","yoast_head_json":{"title":"FT-220 > ACEITE 100% SINT\u00c9TICO, NO CARBONIZA, OFRECE LARGOS PER\u00cdODOS DE LUBRICACION LIBRE DE RESIDUOS. - Molygrafit - Lubricantes Especiales","robots":{"index":"index","follow":"follow","max-snippet":"max-snippet:-1","max-image-preview":"max-image-preview:large","max-video-preview":"max-video-preview:-1"},"canonical":"https:\/\/molygrafit.com\/cl\/producto\/ft-220-aceite-100-sintetico-no-carboniza-ofrece-largos-periodos-de-lubricacion-libre-de-residuos\/","og_locale":"es_ES","og_type":"article","og_title":"FT-220 > ACEITE 100% SINT\u00c9TICO, NO CARBONIZA, OFRECE LARGOS PER\u00cdODOS DE LUBRICACION LIBRE DE RESIDUOS. - Molygrafit - Lubricantes Especiales","og_description":"Aceite totalmente sint\u00e9tico para aplicaciones de extrema solicitud de temperatura y presi\u00f3n.\u00a0  Formulada con aditivos especiales que inhiben la carbonizaci\u00f3n y la formaci\u00f3n de cenizas. Posee\u00a0todav\u00eda funci\u00f3n anticorrosiva para ambientes h\u00famedos y\/o agresivos.\u00a0  Por ser totalmente sint\u00e9tico, no es t\u00f3xico o inflamable, siendo seguro al operador bajo las m\u00e1s severas\u00a0condiciones.\u00a0  Su utilizaci\u00f3n est\u00e1 recomendada en todo tipo de industria que necesite de lubricaci\u00f3n de alta performance, sin riesgos ambientales. Cuando se cambie el lubricante, se debe realizar una limpieza\u00a0\u00a0en la m\u00e1quina y si necesario hacer un flushing.\u00a0  Excelente para mancales, rodamientos, barras colectoras de cajas de engranajes, centr\u00edfugas, etc.\u00a0  Su aplicaci\u00f3n puede ser hecha por sistemas autom\u00e1ticos, de goteos, pulverizaci\u00f3n (OIL MIST).\u00a0  Posee f\u00f3rmula balanceada que proporciona una excelente relaci\u00f3n coste\/beneficio, no encontrado\u00a0\u00a0en ning\u00fan producto similar, pues aumenta los periodos de lubricaci\u00f3n.\u00a0  Puede ser provisto con lubricantes s\u00f3lidos como: Bisulfuro de Molibdeno (MOLYGRAFIT FT-220\/M) o\u00a0grafito (MOLYGRAFIT FT-220\/G)\u00a0","og_url":"https:\/\/molygrafit.com\/cl\/producto\/ft-220-aceite-100-sintetico-no-carboniza-ofrece-largos-periodos-de-lubricacion-libre-de-residuos\/","og_site_name":"Molygrafit - Lubricantes Especiales","article_modified_time":"2025-08-19T00:32:45+00:00","og_image":[{"width":600,"height":600,"url":"https:\/\/molygrafit.com\/cl\/wp-content\/uploads\/2021\/03\/BB_Lts_final.jpg","type":"image\/jpeg"}],"twitter_card":"summary_large_image","schema":{"@context":"https:\/\/schema.org","@graph":[{"@type":"WebPage","@id":"https:\/\/molygrafit.com\/cl\/producto\/ft-220-aceite-100-sintetico-no-carboniza-ofrece-largos-periodos-de-lubricacion-libre-de-residuos\/","url":"https:\/\/molygrafit.com\/cl\/producto\/ft-220-aceite-100-sintetico-no-carboniza-ofrece-largos-periodos-de-lubricacion-libre-de-residuos\/","name":"FT-220 > ACEITE 100% SINT\u00c9TICO, NO CARBONIZA, OFRECE LARGOS PER\u00cdODOS DE LUBRICACION LIBRE DE RESIDUOS. - Molygrafit - Lubricantes Especiales","isPartOf":{"@id":"https:\/\/molygrafit.com\/cl\/#website"},"primaryImageOfPage":{"@id":"https:\/\/molygrafit.com\/cl\/producto\/ft-220-aceite-100-sintetico-no-carboniza-ofrece-largos-periodos-de-lubricacion-libre-de-residuos\/#primaryimage"},"image":{"@id":"https:\/\/molygrafit.com\/cl\/producto\/ft-220-aceite-100-sintetico-no-carboniza-ofrece-largos-periodos-de-lubricacion-libre-de-residuos\/#primaryimage"},"thumbnailUrl":"https:\/\/molygrafit.com\/cl\/wp-content\/uploads\/2021\/03\/BB_Lts_final.jpg","datePublished":"2021-05-25T18:47:40+00:00","dateModified":"2025-08-19T00:32:45+00:00","breadcrumb":{"@id":"https:\/\/molygrafit.com\/cl\/producto\/ft-220-aceite-100-sintetico-no-carboniza-ofrece-largos-periodos-de-lubricacion-libre-de-residuos\/#breadcrumb"},"inLanguage":"es-CL","potentialAction":[{"@type":"ReadAction","target":["https:\/\/molygrafit.com\/cl\/producto\/ft-220-aceite-100-sintetico-no-carboniza-ofrece-largos-periodos-de-lubricacion-libre-de-residuos\/"]}]},{"@type":"ImageObject","inLanguage":"es-CL","@id":"https:\/\/molygrafit.com\/cl\/producto\/ft-220-aceite-100-sintetico-no-carboniza-ofrece-largos-periodos-de-lubricacion-libre-de-residuos\/#primaryimage","url":"https:\/\/molygrafit.com\/cl\/wp-content\/uploads\/2021\/03\/BB_Lts_final.jpg","contentUrl":"https:\/\/molygrafit.com\/cl\/wp-content\/uploads\/2021\/03\/BB_Lts_final.jpg","width":600,"height":600},{"@type":"BreadcrumbList","@id":"https:\/\/molygrafit.com\/cl\/producto\/ft-220-aceite-100-sintetico-no-carboniza-ofrece-largos-periodos-de-lubricacion-libre-de-residuos\/#breadcrumb","itemListElement":[{"@type":"ListItem","position":1,"name":"In\u00edcio","item":"https:\/\/molygrafit.com\/cl\/"},{"@type":"ListItem","position":2,"name":"Tienda","item":"https:\/\/molygrafit.com\/cl\/"},{"@type":"ListItem","position":3,"name":"FT-220 > ACEITE 100% SINT\u00c9TICO, NO CARBONIZA, OFRECE LARGOS PER\u00cdODOS DE LUBRICACION LIBRE DE RESIDUOS."}]},{"@type":"WebSite","@id":"https:\/\/molygrafit.com\/cl\/#website","url":"https:\/\/molygrafit.com\/cl\/","name":"Molygrafit - Lubricantes Especiales","description":"","potentialAction":[{"@type":"SearchAction","target":{"@type":"EntryPoint","urlTemplate":"https:\/\/molygrafit.com\/cl\/?s={search_term_string}"},"query-input":{"@type":"PropertyValueSpecification","valueRequired":true,"valueName":"search_term_string"}}],"inLanguage":"es-CL"}]}},"_links":{"self":[{"href":"https:\/\/molygrafit.com\/cl\/wp-json\/wp\/v2\/product\/2344","targetHints":{"allow":["GET"]}}],"collection":[{"href":"https:\/\/molygrafit.com\/cl\/wp-json\/wp\/v2\/product"}],"about":[{"href":"https:\/\/molygrafit.com\/cl\/wp-json\/wp\/v2\/types\/product"}],"wp:featuredmedia":[{"embeddable":true,"href":"https:\/\/molygrafit.com\/cl\/wp-json\/wp\/v2\/media\/2076"}],"wp:attachment":[{"href":"https:\/\/molygrafit.com\/cl\/wp-json\/wp\/v2\/media?parent=2344"}],"wp:term":[{"taxonomy":"product_brand","embeddable":true,"href":"https:\/\/molygrafit.com\/cl\/wp-json\/wp\/v2\/product_brand?post=2344"},{"taxonomy":"product_cat","embeddable":true,"href":"https:\/\/molygrafit.com\/cl\/wp-json\/wp\/v2\/product_cat?post=2344"},{"taxonomy":"product_tag","embeddable":true,"href":"https:\/\/molygrafit.com\/cl\/wp-json\/wp\/v2\/product_tag?post=2344"}],"curies":[{"name":"wp","href":"https:\/\/api.w.org\/{rel}","templated":true}]}}