{"id":2345,"date":"2021-05-25T15:47:40","date_gmt":"2021-05-25T18:47:40","guid":{"rendered":"https:\/\/molygrafit.com\/cl\/producto\/import-placeholder-for-1859\/"},"modified":"2025-08-18T21:31:23","modified_gmt":"2025-08-19T00:31:23","slug":"ft-150-cp-aceite-100-sintetico-para-compresores-soporta-altas-presiones-y-altas-temperaturas-sin-carbonizacion","status":"publish","type":"product","link":"https:\/\/molygrafit.com\/cl\/producto\/ft-150-cp-aceite-100-sintetico-para-compresores-soporta-altas-presiones-y-altas-temperaturas-sin-carbonizacion\/","title":{"rendered":"FT-150\/CP > ACEITE 100% SINT\u00c9TICO PARA COMPRESORES, SOPORTA ALTAS PRESIONES Y ALTAS TEMPERATURAS SIN CARBONIZACI\u00d3N."},"content":{"rendered":"<ul>\n<li>Apariencia: L\u00edquido transparente claro<\/li>\n<li>Viscosidad a 40 \u00b0C: ISO 150<\/li>\n<li>Nivel de viscosidad: 185<\/li>\n<li>Punto m\u00ednimo de fluidez: -35 \u00b0C<\/li>\n<li>Solubilidad en agua: Indisoluble<\/li>\n<li>Ponto de inflamabilidad (ASTM D 92): 255 \u00b0C<\/li>\n<li>Temperatura de trabajo: -30 a 240 \u00b0C<\/li>\n<li>Calor espec\u00edfico a 25 \u00b0C: 0,452 cal\/g\/\u00baC<\/li>\n<\/ul>\n","protected":false},"excerpt":{"rendered":"<p>MOLYGRAFIT FT-150\/CP es un aceite totalmente sint\u00e9tico para compresores de gas. Tiene en su\u00a0formulaci\u00f3n aditivos antioxidantes, anticorrosi\u00f3n y antiespuma.<\/p>\n<p>Porque es completamente sint\u00e9tico, no se carboniza, no forma borra y no cambia de viscosidad\u00a0despu\u00e9s de largos per\u00edodos. Por estas caracter\u00edsticas, es especialmente adecuado para compresores\u00a0alternativos y rotativos (de paletas y de tornillo), para per\u00edodos de lubricaci\u00f3n superiores a 1 a\u00f1o.<\/p>\n<p>Formulado con poliglicol y aditivos, no es miscible en hidrocarburos (gas natural, etileno, propileno,\u00a0butano, propano etc.). Tiene acci\u00f3n EP, protegiendo el equipo del desgaste. Por su naturaleza qu\u00edmica\u00a0resiste altas presiones: hasta 3000 bar.<\/p>\n<p>Al cambiar los lubricantes, la m\u00e1quina debe limpiarse, si es necesario hacer un lavado.<\/p>\n<p>MOLYGRAFIT FT-150\/CP no es t\u00f3xico ni inflamable, y puede operar en la industria farmac\u00e9utica\u00a0o alimentaria, ofreciendo total seguridad al operador.<\/p>\n","protected":false},"featured_media":2076,"template":"","meta":{"_acf_changed":false},"product_brand":[],"product_cat":[155],"product_tag":[200,238],"class_list":{"0":"post-2345","1":"product","2":"type-product","3":"status-publish","4":"has-post-thumbnail","6":"product_cat-offshore-naval","7":"product_tag-aceite-100-sintetico-para-compresores","8":"product_tag-soporta-altas-presiones-y-altas-temperaturas-sin-carbonizacion","10":"first","11":"instock","12":"shipping-taxable","13":"product-type-variable"},"acf":[],"yoast_head":"<!-- This site is optimized with the Yoast SEO plugin v26.9 - https:\/\/yoast.com\/product\/yoast-seo-wordpress\/ -->\n<title>FT-150\/CP &gt; ACEITE 100% SINT\u00c9TICO PARA COMPRESORES, SOPORTA ALTAS PRESIONES Y ALTAS TEMPERATURAS SIN CARBONIZACI\u00d3N. - Molygrafit - Lubricantes Especiales<\/title>\n<meta name=\"robots\" content=\"index, follow, max-snippet:-1, max-image-preview:large, max-video-preview:-1\" \/>\n<link rel=\"canonical\" href=\"https:\/\/molygrafit.com\/cl\/producto\/ft-150-cp-aceite-100-sintetico-para-compresores-soporta-altas-presiones-y-altas-temperaturas-sin-carbonizacion\/\" \/>\n<meta property=\"og:locale\" content=\"es_ES\" \/>\n<meta property=\"og:type\" content=\"article\" \/>\n<meta property=\"og:title\" content=\"FT-150\/CP &gt; ACEITE 100% SINT\u00c9TICO PARA COMPRESORES, SOPORTA ALTAS PRESIONES Y ALTAS TEMPERATURAS SIN CARBONIZACI\u00d3N. - Molygrafit - Lubricantes Especiales\" \/>\n<meta property=\"og:description\" content=\"MOLYGRAFIT FT-150\/CP es un aceite totalmente sint\u00e9tico para compresores de gas. Tiene en su\u00a0formulaci\u00f3n aditivos antioxidantes, anticorrosi\u00f3n y antiespuma.  Porque es completamente sint\u00e9tico, no se carboniza, no forma borra y no cambia de viscosidad\u00a0despu\u00e9s de largos per\u00edodos. Por estas caracter\u00edsticas, es especialmente adecuado para compresores\u00a0alternativos y rotativos (de paletas y de tornillo), para per\u00edodos de lubricaci\u00f3n superiores a 1 a\u00f1o.  Formulado con poliglicol y aditivos, no es miscible en hidrocarburos (gas natural, etileno, propileno,\u00a0butano, propano etc.). Tiene acci\u00f3n EP, protegiendo el equipo del desgaste. Por su naturaleza qu\u00edmica\u00a0resiste altas presiones: hasta 3000 bar.  Al cambiar los lubricantes, la m\u00e1quina debe limpiarse, si es necesario hacer un lavado.  MOLYGRAFIT FT-150\/CP no es t\u00f3xico ni inflamable, y puede operar en la industria farmac\u00e9utica\u00a0o alimentaria, ofreciendo total seguridad al operador.\" \/>\n<meta property=\"og:url\" content=\"https:\/\/molygrafit.com\/cl\/producto\/ft-150-cp-aceite-100-sintetico-para-compresores-soporta-altas-presiones-y-altas-temperaturas-sin-carbonizacion\/\" \/>\n<meta property=\"og:site_name\" content=\"Molygrafit - Lubricantes Especiales\" \/>\n<meta property=\"article:modified_time\" content=\"2025-08-19T00:31:23+00:00\" \/>\n<meta property=\"og:image\" content=\"https:\/\/molygrafit.com\/cl\/wp-content\/uploads\/2021\/03\/BB_Lts_final.jpg\" \/>\n\t<meta property=\"og:image:width\" content=\"600\" \/>\n\t<meta property=\"og:image:height\" content=\"600\" \/>\n\t<meta property=\"og:image:type\" content=\"image\/jpeg\" \/>\n<meta name=\"twitter:card\" content=\"summary_large_image\" \/>\n<script type=\"application\/ld+json\" class=\"yoast-schema-graph\">{\"@context\":\"https:\/\/schema.org\",\"@graph\":[{\"@type\":\"WebPage\",\"@id\":\"https:\/\/molygrafit.com\/cl\/producto\/ft-150-cp-aceite-100-sintetico-para-compresores-soporta-altas-presiones-y-altas-temperaturas-sin-carbonizacion\/\",\"url\":\"https:\/\/molygrafit.com\/cl\/producto\/ft-150-cp-aceite-100-sintetico-para-compresores-soporta-altas-presiones-y-altas-temperaturas-sin-carbonizacion\/\",\"name\":\"FT-150\/CP > ACEITE 100% SINT\u00c9TICO PARA COMPRESORES, SOPORTA ALTAS PRESIONES Y ALTAS TEMPERATURAS SIN CARBONIZACI\u00d3N. - Molygrafit - Lubricantes Especiales\",\"isPartOf\":{\"@id\":\"https:\/\/molygrafit.com\/cl\/#website\"},\"primaryImageOfPage\":{\"@id\":\"https:\/\/molygrafit.com\/cl\/producto\/ft-150-cp-aceite-100-sintetico-para-compresores-soporta-altas-presiones-y-altas-temperaturas-sin-carbonizacion\/#primaryimage\"},\"image\":{\"@id\":\"https:\/\/molygrafit.com\/cl\/producto\/ft-150-cp-aceite-100-sintetico-para-compresores-soporta-altas-presiones-y-altas-temperaturas-sin-carbonizacion\/#primaryimage\"},\"thumbnailUrl\":\"https:\/\/molygrafit.com\/cl\/wp-content\/uploads\/2021\/03\/BB_Lts_final.jpg\",\"datePublished\":\"2021-05-25T18:47:40+00:00\",\"dateModified\":\"2025-08-19T00:31:23+00:00\",\"breadcrumb\":{\"@id\":\"https:\/\/molygrafit.com\/cl\/producto\/ft-150-cp-aceite-100-sintetico-para-compresores-soporta-altas-presiones-y-altas-temperaturas-sin-carbonizacion\/#breadcrumb\"},\"inLanguage\":\"es-CL\",\"potentialAction\":[{\"@type\":\"ReadAction\",\"target\":[\"https:\/\/molygrafit.com\/cl\/producto\/ft-150-cp-aceite-100-sintetico-para-compresores-soporta-altas-presiones-y-altas-temperaturas-sin-carbonizacion\/\"]}]},{\"@type\":\"ImageObject\",\"inLanguage\":\"es-CL\",\"@id\":\"https:\/\/molygrafit.com\/cl\/producto\/ft-150-cp-aceite-100-sintetico-para-compresores-soporta-altas-presiones-y-altas-temperaturas-sin-carbonizacion\/#primaryimage\",\"url\":\"https:\/\/molygrafit.com\/cl\/wp-content\/uploads\/2021\/03\/BB_Lts_final.jpg\",\"contentUrl\":\"https:\/\/molygrafit.com\/cl\/wp-content\/uploads\/2021\/03\/BB_Lts_final.jpg\",\"width\":600,\"height\":600},{\"@type\":\"BreadcrumbList\",\"@id\":\"https:\/\/molygrafit.com\/cl\/producto\/ft-150-cp-aceite-100-sintetico-para-compresores-soporta-altas-presiones-y-altas-temperaturas-sin-carbonizacion\/#breadcrumb\",\"itemListElement\":[{\"@type\":\"ListItem\",\"position\":1,\"name\":\"In\u00edcio\",\"item\":\"https:\/\/molygrafit.com\/cl\/\"},{\"@type\":\"ListItem\",\"position\":2,\"name\":\"Tienda\",\"item\":\"https:\/\/molygrafit.com\/cl\/\"},{\"@type\":\"ListItem\",\"position\":3,\"name\":\"FT-150\/CP > ACEITE 100% SINT\u00c9TICO PARA COMPRESORES, SOPORTA ALTAS PRESIONES Y ALTAS TEMPERATURAS SIN CARBONIZACI\u00d3N.\"}]},{\"@type\":\"WebSite\",\"@id\":\"https:\/\/molygrafit.com\/cl\/#website\",\"url\":\"https:\/\/molygrafit.com\/cl\/\",\"name\":\"Molygrafit - Lubricantes Especiales\",\"description\":\"\",\"potentialAction\":[{\"@type\":\"SearchAction\",\"target\":{\"@type\":\"EntryPoint\",\"urlTemplate\":\"https:\/\/molygrafit.com\/cl\/?s={search_term_string}\"},\"query-input\":{\"@type\":\"PropertyValueSpecification\",\"valueRequired\":true,\"valueName\":\"search_term_string\"}}],\"inLanguage\":\"es-CL\"}]}<\/script>\n<!-- \/ Yoast SEO plugin. -->","yoast_head_json":{"title":"FT-150\/CP > ACEITE 100% SINT\u00c9TICO PARA COMPRESORES, SOPORTA ALTAS PRESIONES Y ALTAS TEMPERATURAS SIN CARBONIZACI\u00d3N. - Molygrafit - Lubricantes Especiales","robots":{"index":"index","follow":"follow","max-snippet":"max-snippet:-1","max-image-preview":"max-image-preview:large","max-video-preview":"max-video-preview:-1"},"canonical":"https:\/\/molygrafit.com\/cl\/producto\/ft-150-cp-aceite-100-sintetico-para-compresores-soporta-altas-presiones-y-altas-temperaturas-sin-carbonizacion\/","og_locale":"es_ES","og_type":"article","og_title":"FT-150\/CP > ACEITE 100% SINT\u00c9TICO PARA COMPRESORES, SOPORTA ALTAS PRESIONES Y ALTAS TEMPERATURAS SIN CARBONIZACI\u00d3N. - Molygrafit - Lubricantes Especiales","og_description":"MOLYGRAFIT FT-150\/CP es un aceite totalmente sint\u00e9tico para compresores de gas. Tiene en su\u00a0formulaci\u00f3n aditivos antioxidantes, anticorrosi\u00f3n y antiespuma.  Porque es completamente sint\u00e9tico, no se carboniza, no forma borra y no cambia de viscosidad\u00a0despu\u00e9s de largos per\u00edodos. Por estas caracter\u00edsticas, es especialmente adecuado para compresores\u00a0alternativos y rotativos (de paletas y de tornillo), para per\u00edodos de lubricaci\u00f3n superiores a 1 a\u00f1o.  Formulado con poliglicol y aditivos, no es miscible en hidrocarburos (gas natural, etileno, propileno,\u00a0butano, propano etc.). Tiene acci\u00f3n EP, protegiendo el equipo del desgaste. Por su naturaleza qu\u00edmica\u00a0resiste altas presiones: hasta 3000 bar.  Al cambiar los lubricantes, la m\u00e1quina debe limpiarse, si es necesario hacer un lavado.  MOLYGRAFIT FT-150\/CP no es t\u00f3xico ni inflamable, y puede operar en la industria farmac\u00e9utica\u00a0o alimentaria, ofreciendo total seguridad al operador.","og_url":"https:\/\/molygrafit.com\/cl\/producto\/ft-150-cp-aceite-100-sintetico-para-compresores-soporta-altas-presiones-y-altas-temperaturas-sin-carbonizacion\/","og_site_name":"Molygrafit - Lubricantes Especiales","article_modified_time":"2025-08-19T00:31:23+00:00","og_image":[{"width":600,"height":600,"url":"https:\/\/molygrafit.com\/cl\/wp-content\/uploads\/2021\/03\/BB_Lts_final.jpg","type":"image\/jpeg"}],"twitter_card":"summary_large_image","schema":{"@context":"https:\/\/schema.org","@graph":[{"@type":"WebPage","@id":"https:\/\/molygrafit.com\/cl\/producto\/ft-150-cp-aceite-100-sintetico-para-compresores-soporta-altas-presiones-y-altas-temperaturas-sin-carbonizacion\/","url":"https:\/\/molygrafit.com\/cl\/producto\/ft-150-cp-aceite-100-sintetico-para-compresores-soporta-altas-presiones-y-altas-temperaturas-sin-carbonizacion\/","name":"FT-150\/CP > ACEITE 100% SINT\u00c9TICO PARA COMPRESORES, SOPORTA ALTAS PRESIONES Y ALTAS TEMPERATURAS SIN CARBONIZACI\u00d3N. - Molygrafit - Lubricantes Especiales","isPartOf":{"@id":"https:\/\/molygrafit.com\/cl\/#website"},"primaryImageOfPage":{"@id":"https:\/\/molygrafit.com\/cl\/producto\/ft-150-cp-aceite-100-sintetico-para-compresores-soporta-altas-presiones-y-altas-temperaturas-sin-carbonizacion\/#primaryimage"},"image":{"@id":"https:\/\/molygrafit.com\/cl\/producto\/ft-150-cp-aceite-100-sintetico-para-compresores-soporta-altas-presiones-y-altas-temperaturas-sin-carbonizacion\/#primaryimage"},"thumbnailUrl":"https:\/\/molygrafit.com\/cl\/wp-content\/uploads\/2021\/03\/BB_Lts_final.jpg","datePublished":"2021-05-25T18:47:40+00:00","dateModified":"2025-08-19T00:31:23+00:00","breadcrumb":{"@id":"https:\/\/molygrafit.com\/cl\/producto\/ft-150-cp-aceite-100-sintetico-para-compresores-soporta-altas-presiones-y-altas-temperaturas-sin-carbonizacion\/#breadcrumb"},"inLanguage":"es-CL","potentialAction":[{"@type":"ReadAction","target":["https:\/\/molygrafit.com\/cl\/producto\/ft-150-cp-aceite-100-sintetico-para-compresores-soporta-altas-presiones-y-altas-temperaturas-sin-carbonizacion\/"]}]},{"@type":"ImageObject","inLanguage":"es-CL","@id":"https:\/\/molygrafit.com\/cl\/producto\/ft-150-cp-aceite-100-sintetico-para-compresores-soporta-altas-presiones-y-altas-temperaturas-sin-carbonizacion\/#primaryimage","url":"https:\/\/molygrafit.com\/cl\/wp-content\/uploads\/2021\/03\/BB_Lts_final.jpg","contentUrl":"https:\/\/molygrafit.com\/cl\/wp-content\/uploads\/2021\/03\/BB_Lts_final.jpg","width":600,"height":600},{"@type":"BreadcrumbList","@id":"https:\/\/molygrafit.com\/cl\/producto\/ft-150-cp-aceite-100-sintetico-para-compresores-soporta-altas-presiones-y-altas-temperaturas-sin-carbonizacion\/#breadcrumb","itemListElement":[{"@type":"ListItem","position":1,"name":"In\u00edcio","item":"https:\/\/molygrafit.com\/cl\/"},{"@type":"ListItem","position":2,"name":"Tienda","item":"https:\/\/molygrafit.com\/cl\/"},{"@type":"ListItem","position":3,"name":"FT-150\/CP > ACEITE 100% SINT\u00c9TICO PARA COMPRESORES, SOPORTA ALTAS PRESIONES Y ALTAS TEMPERATURAS SIN CARBONIZACI\u00d3N."}]},{"@type":"WebSite","@id":"https:\/\/molygrafit.com\/cl\/#website","url":"https:\/\/molygrafit.com\/cl\/","name":"Molygrafit - Lubricantes Especiales","description":"","potentialAction":[{"@type":"SearchAction","target":{"@type":"EntryPoint","urlTemplate":"https:\/\/molygrafit.com\/cl\/?s={search_term_string}"},"query-input":{"@type":"PropertyValueSpecification","valueRequired":true,"valueName":"search_term_string"}}],"inLanguage":"es-CL"}]}},"_links":{"self":[{"href":"https:\/\/molygrafit.com\/cl\/wp-json\/wp\/v2\/product\/2345","targetHints":{"allow":["GET"]}}],"collection":[{"href":"https:\/\/molygrafit.com\/cl\/wp-json\/wp\/v2\/product"}],"about":[{"href":"https:\/\/molygrafit.com\/cl\/wp-json\/wp\/v2\/types\/product"}],"wp:featuredmedia":[{"embeddable":true,"href":"https:\/\/molygrafit.com\/cl\/wp-json\/wp\/v2\/media\/2076"}],"wp:attachment":[{"href":"https:\/\/molygrafit.com\/cl\/wp-json\/wp\/v2\/media?parent=2345"}],"wp:term":[{"taxonomy":"product_brand","embeddable":true,"href":"https:\/\/molygrafit.com\/cl\/wp-json\/wp\/v2\/product_brand?post=2345"},{"taxonomy":"product_cat","embeddable":true,"href":"https:\/\/molygrafit.com\/cl\/wp-json\/wp\/v2\/product_cat?post=2345"},{"taxonomy":"product_tag","embeddable":true,"href":"https:\/\/molygrafit.com\/cl\/wp-json\/wp\/v2\/product_tag?post=2345"}],"curies":[{"name":"wp","href":"https:\/\/api.w.org\/{rel}","templated":true}]}}