{"id":2346,"date":"2021-05-25T15:47:40","date_gmt":"2021-05-25T18:47:40","guid":{"rendered":"https:\/\/molygrafit.com\/cl\/producto\/import-placeholder-for-1860\/"},"modified":"2025-08-18T21:32:28","modified_gmt":"2025-08-19T00:32:28","slug":"ft-linea-aceite-100-sintetico-resistente-a-altas-temperaturas-altas-cargas-y-atmosferas-agresivas","status":"publish","type":"product","link":"https:\/\/molygrafit.com\/cl\/producto\/ft-linea-aceite-100-sintetico-resistente-a-altas-temperaturas-altas-cargas-y-atmosferas-agresivas\/","title":{"rendered":"FT (L\u00cdNEA) > ACEITE 100% SINT\u00c9TICO, RESISTENTE A ALTAS TEMPERATURAS, ALTAS CARGAS Y ATM\u00d3SFERAS AGRESIVAS."},"content":{"rendered":"<ul>\n<li>Apariencia: L\u00edquido transparente claro<\/li>\n<li>Viscosidad: ISO VG 68\/150\/220\/320\/460<\/li>\n<li>Punto m\u00ednimo de fluidez: -38 \u00b0C \/ -20 \u00b0C<\/li>\n<li>Solubilidad en agua: Indisoluble<\/li>\n<li>Punto de inflamabilidad (ASTM D 92): 225 \u00b0C \/ 275 \u00b0C<\/li>\n<\/ul>\n","protected":false},"excerpt":{"rendered":"<p>MOLYGRAFIT FT es una l\u00ednea de aceites sint\u00e9ticos para equipos que requieren un alto rendimiento\u00a0de lubricaci\u00f3n. Contiene en su formulaci\u00f3n agentes antioxidantes, antiespumantes y anticorrosi\u00f3n,\u00a0que proporcionan un alto rendimiento de lubricaci\u00f3n ante altas temperaturas, atm\u00f3sferas agresivas,\u00a0altas cargas etc.<\/p>\n<p>Porque es completamente sint\u00e9tico, no se carboniza, no forma borra y no cambia de viscosidad\u00a0despu\u00e9s de largos per\u00edodos.<\/p>\n<p>Al cambiar los lubricantes, la m\u00e1quina debe limpiarse, si es necesario\u00a0hacer un lavado.<\/p>\n<p>Por estas caracter\u00edsticas, es especialmente adecuado para bombas de vac\u00edo, cajas de engranajes,\u00a0cadenas industriales, rodamientos etc.<\/p>\n<p>Producto at\u00f3xico, no inflamable, apto para operar en la industria farmac\u00e9utica o alimentaria,\u00a0ofreciendo total seguridad al operador.<\/p>\n","protected":false},"featured_media":2076,"template":"","meta":{"_acf_changed":false},"product_brand":[],"product_cat":[159],"product_tag":[244,254,245],"class_list":{"0":"post-2346","1":"product","2":"type-product","3":"status-publish","4":"has-post-thumbnail","6":"product_cat-aplicaciones-comunes","7":"product_tag-aceite-100-sintetico","8":"product_tag-altas-cargas-y-atmosferas-agresivas","9":"product_tag-resistente-a-altas-temperaturas","11":"first","12":"instock","13":"shipping-taxable","14":"product-type-variable"},"acf":[],"yoast_head":"<!-- This site is optimized with the Yoast SEO plugin v26.9 - https:\/\/yoast.com\/product\/yoast-seo-wordpress\/ -->\n<title>FT (L\u00cdNEA) &gt; ACEITE 100% SINT\u00c9TICO, RESISTENTE A ALTAS TEMPERATURAS, ALTAS CARGAS Y ATM\u00d3SFERAS AGRESIVAS. - Molygrafit - Lubricantes Especiales<\/title>\n<meta name=\"robots\" content=\"index, follow, max-snippet:-1, max-image-preview:large, max-video-preview:-1\" \/>\n<link rel=\"canonical\" href=\"https:\/\/molygrafit.com\/cl\/producto\/ft-linea-aceite-100-sintetico-resistente-a-altas-temperaturas-altas-cargas-y-atmosferas-agresivas\/\" \/>\n<meta property=\"og:locale\" content=\"es_ES\" \/>\n<meta property=\"og:type\" content=\"article\" \/>\n<meta property=\"og:title\" content=\"FT (L\u00cdNEA) &gt; ACEITE 100% SINT\u00c9TICO, RESISTENTE A ALTAS TEMPERATURAS, ALTAS CARGAS Y ATM\u00d3SFERAS AGRESIVAS. - Molygrafit - Lubricantes Especiales\" \/>\n<meta property=\"og:description\" content=\"MOLYGRAFIT FT es una l\u00ednea de aceites sint\u00e9ticos para equipos que requieren un alto rendimiento\u00a0de lubricaci\u00f3n. Contiene en su formulaci\u00f3n agentes antioxidantes, antiespumantes y anticorrosi\u00f3n,\u00a0que proporcionan un alto rendimiento de lubricaci\u00f3n ante altas temperaturas, atm\u00f3sferas agresivas,\u00a0altas cargas etc.  Porque es completamente sint\u00e9tico, no se carboniza, no forma borra y no cambia de viscosidad\u00a0despu\u00e9s de largos per\u00edodos.  Al cambiar los lubricantes, la m\u00e1quina debe limpiarse, si es necesario\u00a0hacer un lavado.  Por estas caracter\u00edsticas, es especialmente adecuado para bombas de vac\u00edo, cajas de engranajes,\u00a0cadenas industriales, rodamientos etc.  Producto at\u00f3xico, no inflamable, apto para operar en la industria farmac\u00e9utica o alimentaria,\u00a0ofreciendo total seguridad al operador.\" \/>\n<meta property=\"og:url\" content=\"https:\/\/molygrafit.com\/cl\/producto\/ft-linea-aceite-100-sintetico-resistente-a-altas-temperaturas-altas-cargas-y-atmosferas-agresivas\/\" \/>\n<meta property=\"og:site_name\" content=\"Molygrafit - Lubricantes Especiales\" \/>\n<meta property=\"article:modified_time\" content=\"2025-08-19T00:32:28+00:00\" \/>\n<meta property=\"og:image\" content=\"https:\/\/molygrafit.com\/cl\/wp-content\/uploads\/2021\/03\/BB_Lts_final.jpg\" \/>\n\t<meta property=\"og:image:width\" content=\"600\" \/>\n\t<meta property=\"og:image:height\" content=\"600\" \/>\n\t<meta property=\"og:image:type\" content=\"image\/jpeg\" \/>\n<meta name=\"twitter:card\" content=\"summary_large_image\" \/>\n<script type=\"application\/ld+json\" class=\"yoast-schema-graph\">{\"@context\":\"https:\/\/schema.org\",\"@graph\":[{\"@type\":\"WebPage\",\"@id\":\"https:\/\/molygrafit.com\/cl\/producto\/ft-linea-aceite-100-sintetico-resistente-a-altas-temperaturas-altas-cargas-y-atmosferas-agresivas\/\",\"url\":\"https:\/\/molygrafit.com\/cl\/producto\/ft-linea-aceite-100-sintetico-resistente-a-altas-temperaturas-altas-cargas-y-atmosferas-agresivas\/\",\"name\":\"FT (L\u00cdNEA) > ACEITE 100% SINT\u00c9TICO, RESISTENTE A ALTAS TEMPERATURAS, ALTAS CARGAS Y ATM\u00d3SFERAS AGRESIVAS. - Molygrafit - Lubricantes Especiales\",\"isPartOf\":{\"@id\":\"https:\/\/molygrafit.com\/cl\/#website\"},\"primaryImageOfPage\":{\"@id\":\"https:\/\/molygrafit.com\/cl\/producto\/ft-linea-aceite-100-sintetico-resistente-a-altas-temperaturas-altas-cargas-y-atmosferas-agresivas\/#primaryimage\"},\"image\":{\"@id\":\"https:\/\/molygrafit.com\/cl\/producto\/ft-linea-aceite-100-sintetico-resistente-a-altas-temperaturas-altas-cargas-y-atmosferas-agresivas\/#primaryimage\"},\"thumbnailUrl\":\"https:\/\/molygrafit.com\/cl\/wp-content\/uploads\/2021\/03\/BB_Lts_final.jpg\",\"datePublished\":\"2021-05-25T18:47:40+00:00\",\"dateModified\":\"2025-08-19T00:32:28+00:00\",\"breadcrumb\":{\"@id\":\"https:\/\/molygrafit.com\/cl\/producto\/ft-linea-aceite-100-sintetico-resistente-a-altas-temperaturas-altas-cargas-y-atmosferas-agresivas\/#breadcrumb\"},\"inLanguage\":\"es-CL\",\"potentialAction\":[{\"@type\":\"ReadAction\",\"target\":[\"https:\/\/molygrafit.com\/cl\/producto\/ft-linea-aceite-100-sintetico-resistente-a-altas-temperaturas-altas-cargas-y-atmosferas-agresivas\/\"]}]},{\"@type\":\"ImageObject\",\"inLanguage\":\"es-CL\",\"@id\":\"https:\/\/molygrafit.com\/cl\/producto\/ft-linea-aceite-100-sintetico-resistente-a-altas-temperaturas-altas-cargas-y-atmosferas-agresivas\/#primaryimage\",\"url\":\"https:\/\/molygrafit.com\/cl\/wp-content\/uploads\/2021\/03\/BB_Lts_final.jpg\",\"contentUrl\":\"https:\/\/molygrafit.com\/cl\/wp-content\/uploads\/2021\/03\/BB_Lts_final.jpg\",\"width\":600,\"height\":600},{\"@type\":\"BreadcrumbList\",\"@id\":\"https:\/\/molygrafit.com\/cl\/producto\/ft-linea-aceite-100-sintetico-resistente-a-altas-temperaturas-altas-cargas-y-atmosferas-agresivas\/#breadcrumb\",\"itemListElement\":[{\"@type\":\"ListItem\",\"position\":1,\"name\":\"In\u00edcio\",\"item\":\"https:\/\/molygrafit.com\/cl\/\"},{\"@type\":\"ListItem\",\"position\":2,\"name\":\"Tienda\",\"item\":\"https:\/\/molygrafit.com\/cl\/\"},{\"@type\":\"ListItem\",\"position\":3,\"name\":\"FT (L\u00cdNEA) > ACEITE 100% SINT\u00c9TICO, RESISTENTE A ALTAS TEMPERATURAS, ALTAS CARGAS Y ATM\u00d3SFERAS AGRESIVAS.\"}]},{\"@type\":\"WebSite\",\"@id\":\"https:\/\/molygrafit.com\/cl\/#website\",\"url\":\"https:\/\/molygrafit.com\/cl\/\",\"name\":\"Molygrafit - Lubricantes Especiales\",\"description\":\"\",\"potentialAction\":[{\"@type\":\"SearchAction\",\"target\":{\"@type\":\"EntryPoint\",\"urlTemplate\":\"https:\/\/molygrafit.com\/cl\/?s={search_term_string}\"},\"query-input\":{\"@type\":\"PropertyValueSpecification\",\"valueRequired\":true,\"valueName\":\"search_term_string\"}}],\"inLanguage\":\"es-CL\"}]}<\/script>\n<!-- \/ Yoast SEO plugin. -->","yoast_head_json":{"title":"FT (L\u00cdNEA) > ACEITE 100% SINT\u00c9TICO, RESISTENTE A ALTAS TEMPERATURAS, ALTAS CARGAS Y ATM\u00d3SFERAS AGRESIVAS. - Molygrafit - Lubricantes Especiales","robots":{"index":"index","follow":"follow","max-snippet":"max-snippet:-1","max-image-preview":"max-image-preview:large","max-video-preview":"max-video-preview:-1"},"canonical":"https:\/\/molygrafit.com\/cl\/producto\/ft-linea-aceite-100-sintetico-resistente-a-altas-temperaturas-altas-cargas-y-atmosferas-agresivas\/","og_locale":"es_ES","og_type":"article","og_title":"FT (L\u00cdNEA) > ACEITE 100% SINT\u00c9TICO, RESISTENTE A ALTAS TEMPERATURAS, ALTAS CARGAS Y ATM\u00d3SFERAS AGRESIVAS. - Molygrafit - Lubricantes Especiales","og_description":"MOLYGRAFIT FT es una l\u00ednea de aceites sint\u00e9ticos para equipos que requieren un alto rendimiento\u00a0de lubricaci\u00f3n. Contiene en su formulaci\u00f3n agentes antioxidantes, antiespumantes y anticorrosi\u00f3n,\u00a0que proporcionan un alto rendimiento de lubricaci\u00f3n ante altas temperaturas, atm\u00f3sferas agresivas,\u00a0altas cargas etc.  Porque es completamente sint\u00e9tico, no se carboniza, no forma borra y no cambia de viscosidad\u00a0despu\u00e9s de largos per\u00edodos.  Al cambiar los lubricantes, la m\u00e1quina debe limpiarse, si es necesario\u00a0hacer un lavado.  Por estas caracter\u00edsticas, es especialmente adecuado para bombas de vac\u00edo, cajas de engranajes,\u00a0cadenas industriales, rodamientos etc.  Producto at\u00f3xico, no inflamable, apto para operar en la industria farmac\u00e9utica o alimentaria,\u00a0ofreciendo total seguridad al operador.","og_url":"https:\/\/molygrafit.com\/cl\/producto\/ft-linea-aceite-100-sintetico-resistente-a-altas-temperaturas-altas-cargas-y-atmosferas-agresivas\/","og_site_name":"Molygrafit - Lubricantes Especiales","article_modified_time":"2025-08-19T00:32:28+00:00","og_image":[{"width":600,"height":600,"url":"https:\/\/molygrafit.com\/cl\/wp-content\/uploads\/2021\/03\/BB_Lts_final.jpg","type":"image\/jpeg"}],"twitter_card":"summary_large_image","schema":{"@context":"https:\/\/schema.org","@graph":[{"@type":"WebPage","@id":"https:\/\/molygrafit.com\/cl\/producto\/ft-linea-aceite-100-sintetico-resistente-a-altas-temperaturas-altas-cargas-y-atmosferas-agresivas\/","url":"https:\/\/molygrafit.com\/cl\/producto\/ft-linea-aceite-100-sintetico-resistente-a-altas-temperaturas-altas-cargas-y-atmosferas-agresivas\/","name":"FT (L\u00cdNEA) > ACEITE 100% SINT\u00c9TICO, RESISTENTE A ALTAS TEMPERATURAS, ALTAS CARGAS Y ATM\u00d3SFERAS AGRESIVAS. - Molygrafit - Lubricantes Especiales","isPartOf":{"@id":"https:\/\/molygrafit.com\/cl\/#website"},"primaryImageOfPage":{"@id":"https:\/\/molygrafit.com\/cl\/producto\/ft-linea-aceite-100-sintetico-resistente-a-altas-temperaturas-altas-cargas-y-atmosferas-agresivas\/#primaryimage"},"image":{"@id":"https:\/\/molygrafit.com\/cl\/producto\/ft-linea-aceite-100-sintetico-resistente-a-altas-temperaturas-altas-cargas-y-atmosferas-agresivas\/#primaryimage"},"thumbnailUrl":"https:\/\/molygrafit.com\/cl\/wp-content\/uploads\/2021\/03\/BB_Lts_final.jpg","datePublished":"2021-05-25T18:47:40+00:00","dateModified":"2025-08-19T00:32:28+00:00","breadcrumb":{"@id":"https:\/\/molygrafit.com\/cl\/producto\/ft-linea-aceite-100-sintetico-resistente-a-altas-temperaturas-altas-cargas-y-atmosferas-agresivas\/#breadcrumb"},"inLanguage":"es-CL","potentialAction":[{"@type":"ReadAction","target":["https:\/\/molygrafit.com\/cl\/producto\/ft-linea-aceite-100-sintetico-resistente-a-altas-temperaturas-altas-cargas-y-atmosferas-agresivas\/"]}]},{"@type":"ImageObject","inLanguage":"es-CL","@id":"https:\/\/molygrafit.com\/cl\/producto\/ft-linea-aceite-100-sintetico-resistente-a-altas-temperaturas-altas-cargas-y-atmosferas-agresivas\/#primaryimage","url":"https:\/\/molygrafit.com\/cl\/wp-content\/uploads\/2021\/03\/BB_Lts_final.jpg","contentUrl":"https:\/\/molygrafit.com\/cl\/wp-content\/uploads\/2021\/03\/BB_Lts_final.jpg","width":600,"height":600},{"@type":"BreadcrumbList","@id":"https:\/\/molygrafit.com\/cl\/producto\/ft-linea-aceite-100-sintetico-resistente-a-altas-temperaturas-altas-cargas-y-atmosferas-agresivas\/#breadcrumb","itemListElement":[{"@type":"ListItem","position":1,"name":"In\u00edcio","item":"https:\/\/molygrafit.com\/cl\/"},{"@type":"ListItem","position":2,"name":"Tienda","item":"https:\/\/molygrafit.com\/cl\/"},{"@type":"ListItem","position":3,"name":"FT (L\u00cdNEA) > ACEITE 100% SINT\u00c9TICO, RESISTENTE A ALTAS TEMPERATURAS, ALTAS CARGAS Y ATM\u00d3SFERAS AGRESIVAS."}]},{"@type":"WebSite","@id":"https:\/\/molygrafit.com\/cl\/#website","url":"https:\/\/molygrafit.com\/cl\/","name":"Molygrafit - Lubricantes Especiales","description":"","potentialAction":[{"@type":"SearchAction","target":{"@type":"EntryPoint","urlTemplate":"https:\/\/molygrafit.com\/cl\/?s={search_term_string}"},"query-input":{"@type":"PropertyValueSpecification","valueRequired":true,"valueName":"search_term_string"}}],"inLanguage":"es-CL"}]}},"_links":{"self":[{"href":"https:\/\/molygrafit.com\/cl\/wp-json\/wp\/v2\/product\/2346","targetHints":{"allow":["GET"]}}],"collection":[{"href":"https:\/\/molygrafit.com\/cl\/wp-json\/wp\/v2\/product"}],"about":[{"href":"https:\/\/molygrafit.com\/cl\/wp-json\/wp\/v2\/types\/product"}],"wp:featuredmedia":[{"embeddable":true,"href":"https:\/\/molygrafit.com\/cl\/wp-json\/wp\/v2\/media\/2076"}],"wp:attachment":[{"href":"https:\/\/molygrafit.com\/cl\/wp-json\/wp\/v2\/media?parent=2346"}],"wp:term":[{"taxonomy":"product_brand","embeddable":true,"href":"https:\/\/molygrafit.com\/cl\/wp-json\/wp\/v2\/product_brand?post=2346"},{"taxonomy":"product_cat","embeddable":true,"href":"https:\/\/molygrafit.com\/cl\/wp-json\/wp\/v2\/product_cat?post=2346"},{"taxonomy":"product_tag","embeddable":true,"href":"https:\/\/molygrafit.com\/cl\/wp-json\/wp\/v2\/product_tag?post=2346"}],"curies":[{"name":"wp","href":"https:\/\/api.w.org\/{rel}","templated":true}]}}