{"id":2347,"date":"2021-05-25T15:47:40","date_gmt":"2021-05-25T18:47:40","guid":{"rendered":"https:\/\/molygrafit.com\/cl\/producto\/import-placeholder-for-1862\/"},"modified":"2025-08-20T19:42:42","modified_gmt":"2025-08-20T22:42:42","slug":"fe-k-linea-aceite-de-grado-alimenticio-100-sintetico-biodegradable-y-atoxico","status":"publish","type":"product","link":"https:\/\/molygrafit.com\/cl\/producto\/fe-k-linea-aceite-de-grado-alimenticio-100-sintetico-biodegradable-y-atoxico\/","title":{"rendered":"FE\/K (L\u00cdNEA) > ACEITE DE GRADO ALIMENTICIO 100% SINT\u00c9TICO, BIODEGRADABLE Y AT\u00d3XICO."},"content":{"rendered":"<ul>\n<li>Apariencia: L\u00edquido amarillo<\/li>\n<li>Viscosidad a 40\u00ba C: de 32 a 25.000 cSt<\/li>\n<li>Densidad a 20\u00ba C: 0,950 g\/cm.<\/li>\n<li>Punto de inflamabilidad: &gt;240 \u00c5\u00e3C<\/li>\n<li>Punto de ignici\u00f3n: &gt;300 .C<\/li>\n<li>Carga de soldadura ASTM D 2783: 800 kgf<\/li>\n<li>Solubilidad en agua: Indisoluble<\/li>\n<\/ul>\n","protected":false},"excerpt":{"rendered":"<p>MOLYGRAFIT FE\/K es una l\u00ednea de aceites totalmente sint\u00e9ticos, disponibles en varias\u00a0viscosidades, recomendados para lubricar equipos sometidos a altas cargas. Est\u00e1\u00a0especialmente formulado con aditivos que brindan un alto rendimiento con\u00a0reducci\u00f3n de\u00a0p\u00e9rdidas.<\/p>\n<p>No carboniza, no forma borra, proporciona largos per\u00edodos de lubricaci\u00f3n y elimina la\u00a0necesidad de una limpieza constante del equipo. Al cambiar los lubricantes, la m\u00e1quina\u00a0debe limpiarse, si es necesario hacer un lavado.<\/p>\n<p>MOLYGRAFIT FE\/K soporta ambientes agresivos, como humedad y vapores \u00e1cidos o\u00a0alcalinos.<\/p>\n<p>Est\u00e1 especialmente formulado sin aditivos s\u00f3lidos, por lo que no provoca obstrucciones ni\u00a0incrustaciones.<\/p>\n<p>MOLYGRAFIT FE\/K es biodegradable, seg\u00fan la norma OECD 301 B.<\/p>\n<p>Ideal para lubricar cojinetes y engranajes abiertos (ruedas).<\/p>\n<p>Porque es una l\u00ednea de aceites de grado alimenticio no t\u00f3xicos certificados por NSF como\u00a0no t\u00f3xico de grado H1, ella es especialmente adecuada para operar en las industrias\u00a0alimentaria y farmac\u00e9utica.<\/p>\n<p>MOLYGRAFIT FE\/K no es inflamable, proporcionando total seguridad al operador.<\/p>\n","protected":false},"featured_media":2076,"template":"","meta":{"_acf_changed":false},"product_brand":[],"product_cat":[161],"product_tag":[249,250],"class_list":{"0":"post-2347","1":"product","2":"type-product","3":"status-publish","4":"has-post-thumbnail","6":"product_cat-azucar-y-alcohol","7":"product_tag-aceite-de-grado-alimenticio-100-sintetico","8":"product_tag-biodegradable-y-atoxico","10":"first","11":"instock","12":"shipping-taxable","13":"product-type-variable"},"acf":[],"yoast_head":"<!-- This site is optimized with the Yoast SEO plugin v26.9 - https:\/\/yoast.com\/product\/yoast-seo-wordpress\/ -->\n<title>FE\/K (L\u00cdNEA) &gt; ACEITE DE GRADO ALIMENTICIO 100% SINT\u00c9TICO, BIODEGRADABLE Y AT\u00d3XICO. - Molygrafit - Lubricantes Especiales<\/title>\n<meta name=\"robots\" content=\"index, follow, max-snippet:-1, max-image-preview:large, max-video-preview:-1\" \/>\n<link rel=\"canonical\" href=\"https:\/\/molygrafit.com\/cl\/producto\/fe-k-linea-aceite-de-grado-alimenticio-100-sintetico-biodegradable-y-atoxico\/\" \/>\n<meta property=\"og:locale\" content=\"es_ES\" \/>\n<meta property=\"og:type\" content=\"article\" \/>\n<meta property=\"og:title\" content=\"FE\/K (L\u00cdNEA) &gt; ACEITE DE GRADO ALIMENTICIO 100% SINT\u00c9TICO, BIODEGRADABLE Y AT\u00d3XICO. - Molygrafit - Lubricantes Especiales\" \/>\n<meta property=\"og:description\" content=\"MOLYGRAFIT FE\/K es una l\u00ednea de aceites totalmente sint\u00e9ticos, disponibles en varias\u00a0viscosidades, recomendados para lubricar equipos sometidos a altas cargas. Est\u00e1\u00a0especialmente formulado con aditivos que brindan un alto rendimiento con\u00a0reducci\u00f3n de\u00a0p\u00e9rdidas.  No carboniza, no forma borra, proporciona largos per\u00edodos de lubricaci\u00f3n y elimina la\u00a0necesidad de una limpieza constante del equipo. Al cambiar los lubricantes, la m\u00e1quina\u00a0debe limpiarse, si es necesario hacer un lavado.  MOLYGRAFIT FE\/K soporta ambientes agresivos, como humedad y vapores \u00e1cidos o\u00a0alcalinos.  Est\u00e1 especialmente formulado sin aditivos s\u00f3lidos, por lo que no provoca obstrucciones ni\u00a0incrustaciones.  MOLYGRAFIT FE\/K es biodegradable, seg\u00fan la norma OECD 301 B.  Ideal para lubricar cojinetes y engranajes abiertos (ruedas).  Porque es una l\u00ednea de aceites de grado alimenticio no t\u00f3xicos certificados por NSF como\u00a0no t\u00f3xico de grado H1, ella es especialmente adecuada para operar en las industrias\u00a0alimentaria y farmac\u00e9utica.  MOLYGRAFIT FE\/K no es inflamable, proporcionando total seguridad al operador.\" \/>\n<meta property=\"og:url\" content=\"https:\/\/molygrafit.com\/cl\/producto\/fe-k-linea-aceite-de-grado-alimenticio-100-sintetico-biodegradable-y-atoxico\/\" \/>\n<meta property=\"og:site_name\" content=\"Molygrafit - Lubricantes Especiales\" \/>\n<meta property=\"article:modified_time\" content=\"2025-08-20T22:42:42+00:00\" \/>\n<meta property=\"og:image\" content=\"https:\/\/molygrafit.com\/cl\/wp-content\/uploads\/2021\/03\/BB_Lts_final.jpg\" \/>\n\t<meta property=\"og:image:width\" content=\"600\" \/>\n\t<meta property=\"og:image:height\" content=\"600\" \/>\n\t<meta property=\"og:image:type\" content=\"image\/jpeg\" \/>\n<meta name=\"twitter:card\" content=\"summary_large_image\" \/>\n<script type=\"application\/ld+json\" class=\"yoast-schema-graph\">{\"@context\":\"https:\/\/schema.org\",\"@graph\":[{\"@type\":\"WebPage\",\"@id\":\"https:\/\/molygrafit.com\/cl\/producto\/fe-k-linea-aceite-de-grado-alimenticio-100-sintetico-biodegradable-y-atoxico\/\",\"url\":\"https:\/\/molygrafit.com\/cl\/producto\/fe-k-linea-aceite-de-grado-alimenticio-100-sintetico-biodegradable-y-atoxico\/\",\"name\":\"FE\/K (L\u00cdNEA) > ACEITE DE GRADO ALIMENTICIO 100% SINT\u00c9TICO, BIODEGRADABLE Y AT\u00d3XICO. - Molygrafit - Lubricantes Especiales\",\"isPartOf\":{\"@id\":\"https:\/\/molygrafit.com\/cl\/#website\"},\"primaryImageOfPage\":{\"@id\":\"https:\/\/molygrafit.com\/cl\/producto\/fe-k-linea-aceite-de-grado-alimenticio-100-sintetico-biodegradable-y-atoxico\/#primaryimage\"},\"image\":{\"@id\":\"https:\/\/molygrafit.com\/cl\/producto\/fe-k-linea-aceite-de-grado-alimenticio-100-sintetico-biodegradable-y-atoxico\/#primaryimage\"},\"thumbnailUrl\":\"https:\/\/molygrafit.com\/cl\/wp-content\/uploads\/2021\/03\/BB_Lts_final.jpg\",\"datePublished\":\"2021-05-25T18:47:40+00:00\",\"dateModified\":\"2025-08-20T22:42:42+00:00\",\"breadcrumb\":{\"@id\":\"https:\/\/molygrafit.com\/cl\/producto\/fe-k-linea-aceite-de-grado-alimenticio-100-sintetico-biodegradable-y-atoxico\/#breadcrumb\"},\"inLanguage\":\"es-CL\",\"potentialAction\":[{\"@type\":\"ReadAction\",\"target\":[\"https:\/\/molygrafit.com\/cl\/producto\/fe-k-linea-aceite-de-grado-alimenticio-100-sintetico-biodegradable-y-atoxico\/\"]}]},{\"@type\":\"ImageObject\",\"inLanguage\":\"es-CL\",\"@id\":\"https:\/\/molygrafit.com\/cl\/producto\/fe-k-linea-aceite-de-grado-alimenticio-100-sintetico-biodegradable-y-atoxico\/#primaryimage\",\"url\":\"https:\/\/molygrafit.com\/cl\/wp-content\/uploads\/2021\/03\/BB_Lts_final.jpg\",\"contentUrl\":\"https:\/\/molygrafit.com\/cl\/wp-content\/uploads\/2021\/03\/BB_Lts_final.jpg\",\"width\":600,\"height\":600},{\"@type\":\"BreadcrumbList\",\"@id\":\"https:\/\/molygrafit.com\/cl\/producto\/fe-k-linea-aceite-de-grado-alimenticio-100-sintetico-biodegradable-y-atoxico\/#breadcrumb\",\"itemListElement\":[{\"@type\":\"ListItem\",\"position\":1,\"name\":\"In\u00edcio\",\"item\":\"https:\/\/molygrafit.com\/cl\/\"},{\"@type\":\"ListItem\",\"position\":2,\"name\":\"Tienda\",\"item\":\"https:\/\/molygrafit.com\/cl\/\"},{\"@type\":\"ListItem\",\"position\":3,\"name\":\"FE\/K (L\u00cdNEA) > ACEITE DE GRADO ALIMENTICIO 100% SINT\u00c9TICO, BIODEGRADABLE Y AT\u00d3XICO.\"}]},{\"@type\":\"WebSite\",\"@id\":\"https:\/\/molygrafit.com\/cl\/#website\",\"url\":\"https:\/\/molygrafit.com\/cl\/\",\"name\":\"Molygrafit - Lubricantes Especiales\",\"description\":\"\",\"potentialAction\":[{\"@type\":\"SearchAction\",\"target\":{\"@type\":\"EntryPoint\",\"urlTemplate\":\"https:\/\/molygrafit.com\/cl\/?s={search_term_string}\"},\"query-input\":{\"@type\":\"PropertyValueSpecification\",\"valueRequired\":true,\"valueName\":\"search_term_string\"}}],\"inLanguage\":\"es-CL\"}]}<\/script>\n<!-- \/ Yoast SEO plugin. -->","yoast_head_json":{"title":"FE\/K (L\u00cdNEA) > ACEITE DE GRADO ALIMENTICIO 100% SINT\u00c9TICO, BIODEGRADABLE Y AT\u00d3XICO. - Molygrafit - Lubricantes Especiales","robots":{"index":"index","follow":"follow","max-snippet":"max-snippet:-1","max-image-preview":"max-image-preview:large","max-video-preview":"max-video-preview:-1"},"canonical":"https:\/\/molygrafit.com\/cl\/producto\/fe-k-linea-aceite-de-grado-alimenticio-100-sintetico-biodegradable-y-atoxico\/","og_locale":"es_ES","og_type":"article","og_title":"FE\/K (L\u00cdNEA) > ACEITE DE GRADO ALIMENTICIO 100% SINT\u00c9TICO, BIODEGRADABLE Y AT\u00d3XICO. - Molygrafit - Lubricantes Especiales","og_description":"MOLYGRAFIT FE\/K es una l\u00ednea de aceites totalmente sint\u00e9ticos, disponibles en varias\u00a0viscosidades, recomendados para lubricar equipos sometidos a altas cargas. Est\u00e1\u00a0especialmente formulado con aditivos que brindan un alto rendimiento con\u00a0reducci\u00f3n de\u00a0p\u00e9rdidas.  No carboniza, no forma borra, proporciona largos per\u00edodos de lubricaci\u00f3n y elimina la\u00a0necesidad de una limpieza constante del equipo. Al cambiar los lubricantes, la m\u00e1quina\u00a0debe limpiarse, si es necesario hacer un lavado.  MOLYGRAFIT FE\/K soporta ambientes agresivos, como humedad y vapores \u00e1cidos o\u00a0alcalinos.  Est\u00e1 especialmente formulado sin aditivos s\u00f3lidos, por lo que no provoca obstrucciones ni\u00a0incrustaciones.  MOLYGRAFIT FE\/K es biodegradable, seg\u00fan la norma OECD 301 B.  Ideal para lubricar cojinetes y engranajes abiertos (ruedas).  Porque es una l\u00ednea de aceites de grado alimenticio no t\u00f3xicos certificados por NSF como\u00a0no t\u00f3xico de grado H1, ella es especialmente adecuada para operar en las industrias\u00a0alimentaria y farmac\u00e9utica.  MOLYGRAFIT FE\/K no es inflamable, proporcionando total seguridad al operador.","og_url":"https:\/\/molygrafit.com\/cl\/producto\/fe-k-linea-aceite-de-grado-alimenticio-100-sintetico-biodegradable-y-atoxico\/","og_site_name":"Molygrafit - Lubricantes Especiales","article_modified_time":"2025-08-20T22:42:42+00:00","og_image":[{"width":600,"height":600,"url":"https:\/\/molygrafit.com\/cl\/wp-content\/uploads\/2021\/03\/BB_Lts_final.jpg","type":"image\/jpeg"}],"twitter_card":"summary_large_image","schema":{"@context":"https:\/\/schema.org","@graph":[{"@type":"WebPage","@id":"https:\/\/molygrafit.com\/cl\/producto\/fe-k-linea-aceite-de-grado-alimenticio-100-sintetico-biodegradable-y-atoxico\/","url":"https:\/\/molygrafit.com\/cl\/producto\/fe-k-linea-aceite-de-grado-alimenticio-100-sintetico-biodegradable-y-atoxico\/","name":"FE\/K (L\u00cdNEA) > ACEITE DE GRADO ALIMENTICIO 100% SINT\u00c9TICO, BIODEGRADABLE Y AT\u00d3XICO. - Molygrafit - Lubricantes Especiales","isPartOf":{"@id":"https:\/\/molygrafit.com\/cl\/#website"},"primaryImageOfPage":{"@id":"https:\/\/molygrafit.com\/cl\/producto\/fe-k-linea-aceite-de-grado-alimenticio-100-sintetico-biodegradable-y-atoxico\/#primaryimage"},"image":{"@id":"https:\/\/molygrafit.com\/cl\/producto\/fe-k-linea-aceite-de-grado-alimenticio-100-sintetico-biodegradable-y-atoxico\/#primaryimage"},"thumbnailUrl":"https:\/\/molygrafit.com\/cl\/wp-content\/uploads\/2021\/03\/BB_Lts_final.jpg","datePublished":"2021-05-25T18:47:40+00:00","dateModified":"2025-08-20T22:42:42+00:00","breadcrumb":{"@id":"https:\/\/molygrafit.com\/cl\/producto\/fe-k-linea-aceite-de-grado-alimenticio-100-sintetico-biodegradable-y-atoxico\/#breadcrumb"},"inLanguage":"es-CL","potentialAction":[{"@type":"ReadAction","target":["https:\/\/molygrafit.com\/cl\/producto\/fe-k-linea-aceite-de-grado-alimenticio-100-sintetico-biodegradable-y-atoxico\/"]}]},{"@type":"ImageObject","inLanguage":"es-CL","@id":"https:\/\/molygrafit.com\/cl\/producto\/fe-k-linea-aceite-de-grado-alimenticio-100-sintetico-biodegradable-y-atoxico\/#primaryimage","url":"https:\/\/molygrafit.com\/cl\/wp-content\/uploads\/2021\/03\/BB_Lts_final.jpg","contentUrl":"https:\/\/molygrafit.com\/cl\/wp-content\/uploads\/2021\/03\/BB_Lts_final.jpg","width":600,"height":600},{"@type":"BreadcrumbList","@id":"https:\/\/molygrafit.com\/cl\/producto\/fe-k-linea-aceite-de-grado-alimenticio-100-sintetico-biodegradable-y-atoxico\/#breadcrumb","itemListElement":[{"@type":"ListItem","position":1,"name":"In\u00edcio","item":"https:\/\/molygrafit.com\/cl\/"},{"@type":"ListItem","position":2,"name":"Tienda","item":"https:\/\/molygrafit.com\/cl\/"},{"@type":"ListItem","position":3,"name":"FE\/K (L\u00cdNEA) > ACEITE DE GRADO ALIMENTICIO 100% SINT\u00c9TICO, BIODEGRADABLE Y AT\u00d3XICO."}]},{"@type":"WebSite","@id":"https:\/\/molygrafit.com\/cl\/#website","url":"https:\/\/molygrafit.com\/cl\/","name":"Molygrafit - Lubricantes Especiales","description":"","potentialAction":[{"@type":"SearchAction","target":{"@type":"EntryPoint","urlTemplate":"https:\/\/molygrafit.com\/cl\/?s={search_term_string}"},"query-input":{"@type":"PropertyValueSpecification","valueRequired":true,"valueName":"search_term_string"}}],"inLanguage":"es-CL"}]}},"_links":{"self":[{"href":"https:\/\/molygrafit.com\/cl\/wp-json\/wp\/v2\/product\/2347","targetHints":{"allow":["GET"]}}],"collection":[{"href":"https:\/\/molygrafit.com\/cl\/wp-json\/wp\/v2\/product"}],"about":[{"href":"https:\/\/molygrafit.com\/cl\/wp-json\/wp\/v2\/types\/product"}],"wp:featuredmedia":[{"embeddable":true,"href":"https:\/\/molygrafit.com\/cl\/wp-json\/wp\/v2\/media\/2076"}],"wp:attachment":[{"href":"https:\/\/molygrafit.com\/cl\/wp-json\/wp\/v2\/media?parent=2347"}],"wp:term":[{"taxonomy":"product_brand","embeddable":true,"href":"https:\/\/molygrafit.com\/cl\/wp-json\/wp\/v2\/product_brand?post=2347"},{"taxonomy":"product_cat","embeddable":true,"href":"https:\/\/molygrafit.com\/cl\/wp-json\/wp\/v2\/product_cat?post=2347"},{"taxonomy":"product_tag","embeddable":true,"href":"https:\/\/molygrafit.com\/cl\/wp-json\/wp\/v2\/product_tag?post=2347"}],"curies":[{"name":"wp","href":"https:\/\/api.w.org\/{rel}","templated":true}]}}