{"id":2348,"date":"2021-05-25T15:47:40","date_gmt":"2021-05-25T18:47:40","guid":{"rendered":"https:\/\/molygrafit.com\/cl\/producto\/import-placeholder-for-1863\/"},"modified":"2025-08-20T19:38:24","modified_gmt":"2025-08-20T22:38:24","slug":"fdv-aceite-100-sintetico-para-extrusion-y-forja-de-metales-no-ferrosos-y-productos-de-vidrio","status":"publish","type":"product","link":"https:\/\/molygrafit.com\/cl\/producto\/fdv-aceite-100-sintetico-para-extrusion-y-forja-de-metales-no-ferrosos-y-productos-de-vidrio\/","title":{"rendered":"FDV > ACEITE 100% SINT\u00c9TICO, PARA EXTRUSI\u00d3N Y FORJA DE METALES NO FERROSOS Y PRODUCTOS DE VIDRIO."},"content":{"rendered":"<ul>\n<li>Apariencia: L\u00edquido homog\u00e9neo marr\u00f3n<\/li>\n<li>Viscosidad: ISO VG 150<\/li>\n<li>Solubilidad en agua: indisoluble en agua\u00a0soluble en clorados y alif\u00e1ticos<\/li>\n<\/ul>\n","protected":false},"excerpt":{"rendered":"<p>Aceite totalmente sint\u00e9tico para extrusi\u00f3n y forja de metales no ferrosos y productos de vidrio.<\/p>\n<p>Tiene en su formulaci\u00f3n adhesivos y lubricantes que brindan un excelente acabado con un\u00a0m\u00ednimo desgaste de las herramientas. Porque es completamente sint\u00e9tico, no carboniza, no\u00a0genera incrustaciones, vapores ni humos, aumentando la vida de los moldes.<\/p>\n<p>Producto no t\u00f3xico, que eventualmente puede entrar en contacto con productos alimenticios.<\/p>\n<p>Tiene un alto punto de inflamabilidad, no es inflamable y no causa dermatitis.<\/p>\n","protected":false},"featured_media":2076,"template":"","meta":{"_acf_changed":false},"product_brand":[],"product_cat":[165],"product_tag":[244,253],"class_list":{"0":"post-2348","1":"product","2":"type-product","3":"status-publish","4":"has-post-thumbnail","6":"product_cat-vidrios","7":"product_tag-aceite-100-sintetico","8":"product_tag-para-extrusion-y-forja-de-metales-no-ferrosos-y-productos-de-vidrio","10":"first","11":"instock","12":"shipping-taxable","13":"product-type-variable"},"acf":[],"yoast_head":"<!-- This site is optimized with the Yoast SEO plugin v26.9 - https:\/\/yoast.com\/product\/yoast-seo-wordpress\/ -->\n<title>FDV &gt; ACEITE 100% SINT\u00c9TICO, PARA EXTRUSI\u00d3N Y FORJA DE METALES NO FERROSOS Y PRODUCTOS DE VIDRIO. - Molygrafit - Lubricantes Especiales<\/title>\n<meta name=\"robots\" content=\"index, follow, max-snippet:-1, max-image-preview:large, max-video-preview:-1\" \/>\n<link rel=\"canonical\" href=\"https:\/\/molygrafit.com\/cl\/producto\/fdv-aceite-100-sintetico-para-extrusion-y-forja-de-metales-no-ferrosos-y-productos-de-vidrio\/\" \/>\n<meta property=\"og:locale\" content=\"es_ES\" \/>\n<meta property=\"og:type\" content=\"article\" \/>\n<meta property=\"og:title\" content=\"FDV &gt; ACEITE 100% SINT\u00c9TICO, PARA EXTRUSI\u00d3N Y FORJA DE METALES NO FERROSOS Y PRODUCTOS DE VIDRIO. - Molygrafit - Lubricantes Especiales\" \/>\n<meta property=\"og:description\" content=\"Aceite totalmente sint\u00e9tico para extrusi\u00f3n y forja de metales no ferrosos y productos de vidrio.  Tiene en su formulaci\u00f3n adhesivos y lubricantes que brindan un excelente acabado con un\u00a0m\u00ednimo desgaste de las herramientas. Porque es completamente sint\u00e9tico, no carboniza, no\u00a0genera incrustaciones, vapores ni humos, aumentando la vida de los moldes.  Producto no t\u00f3xico, que eventualmente puede entrar en contacto con productos alimenticios.  Tiene un alto punto de inflamabilidad, no es inflamable y no causa dermatitis.\" \/>\n<meta property=\"og:url\" content=\"https:\/\/molygrafit.com\/cl\/producto\/fdv-aceite-100-sintetico-para-extrusion-y-forja-de-metales-no-ferrosos-y-productos-de-vidrio\/\" \/>\n<meta property=\"og:site_name\" content=\"Molygrafit - Lubricantes Especiales\" \/>\n<meta property=\"article:modified_time\" content=\"2025-08-20T22:38:24+00:00\" \/>\n<meta property=\"og:image\" content=\"https:\/\/molygrafit.com\/cl\/wp-content\/uploads\/2021\/03\/BB_Lts_final.jpg\" \/>\n\t<meta property=\"og:image:width\" content=\"600\" \/>\n\t<meta property=\"og:image:height\" content=\"600\" \/>\n\t<meta property=\"og:image:type\" content=\"image\/jpeg\" \/>\n<meta name=\"twitter:card\" content=\"summary_large_image\" \/>\n<script type=\"application\/ld+json\" class=\"yoast-schema-graph\">{\"@context\":\"https:\/\/schema.org\",\"@graph\":[{\"@type\":\"WebPage\",\"@id\":\"https:\/\/molygrafit.com\/cl\/producto\/fdv-aceite-100-sintetico-para-extrusion-y-forja-de-metales-no-ferrosos-y-productos-de-vidrio\/\",\"url\":\"https:\/\/molygrafit.com\/cl\/producto\/fdv-aceite-100-sintetico-para-extrusion-y-forja-de-metales-no-ferrosos-y-productos-de-vidrio\/\",\"name\":\"FDV > ACEITE 100% SINT\u00c9TICO, PARA EXTRUSI\u00d3N Y FORJA DE METALES NO FERROSOS Y PRODUCTOS DE VIDRIO. - Molygrafit - Lubricantes Especiales\",\"isPartOf\":{\"@id\":\"https:\/\/molygrafit.com\/cl\/#website\"},\"primaryImageOfPage\":{\"@id\":\"https:\/\/molygrafit.com\/cl\/producto\/fdv-aceite-100-sintetico-para-extrusion-y-forja-de-metales-no-ferrosos-y-productos-de-vidrio\/#primaryimage\"},\"image\":{\"@id\":\"https:\/\/molygrafit.com\/cl\/producto\/fdv-aceite-100-sintetico-para-extrusion-y-forja-de-metales-no-ferrosos-y-productos-de-vidrio\/#primaryimage\"},\"thumbnailUrl\":\"https:\/\/molygrafit.com\/cl\/wp-content\/uploads\/2021\/03\/BB_Lts_final.jpg\",\"datePublished\":\"2021-05-25T18:47:40+00:00\",\"dateModified\":\"2025-08-20T22:38:24+00:00\",\"breadcrumb\":{\"@id\":\"https:\/\/molygrafit.com\/cl\/producto\/fdv-aceite-100-sintetico-para-extrusion-y-forja-de-metales-no-ferrosos-y-productos-de-vidrio\/#breadcrumb\"},\"inLanguage\":\"es-CL\",\"potentialAction\":[{\"@type\":\"ReadAction\",\"target\":[\"https:\/\/molygrafit.com\/cl\/producto\/fdv-aceite-100-sintetico-para-extrusion-y-forja-de-metales-no-ferrosos-y-productos-de-vidrio\/\"]}]},{\"@type\":\"ImageObject\",\"inLanguage\":\"es-CL\",\"@id\":\"https:\/\/molygrafit.com\/cl\/producto\/fdv-aceite-100-sintetico-para-extrusion-y-forja-de-metales-no-ferrosos-y-productos-de-vidrio\/#primaryimage\",\"url\":\"https:\/\/molygrafit.com\/cl\/wp-content\/uploads\/2021\/03\/BB_Lts_final.jpg\",\"contentUrl\":\"https:\/\/molygrafit.com\/cl\/wp-content\/uploads\/2021\/03\/BB_Lts_final.jpg\",\"width\":600,\"height\":600},{\"@type\":\"BreadcrumbList\",\"@id\":\"https:\/\/molygrafit.com\/cl\/producto\/fdv-aceite-100-sintetico-para-extrusion-y-forja-de-metales-no-ferrosos-y-productos-de-vidrio\/#breadcrumb\",\"itemListElement\":[{\"@type\":\"ListItem\",\"position\":1,\"name\":\"In\u00edcio\",\"item\":\"https:\/\/molygrafit.com\/cl\/\"},{\"@type\":\"ListItem\",\"position\":2,\"name\":\"Tienda\",\"item\":\"https:\/\/molygrafit.com\/cl\/\"},{\"@type\":\"ListItem\",\"position\":3,\"name\":\"FDV > ACEITE 100% SINT\u00c9TICO, PARA EXTRUSI\u00d3N Y FORJA DE METALES NO FERROSOS Y PRODUCTOS DE VIDRIO.\"}]},{\"@type\":\"WebSite\",\"@id\":\"https:\/\/molygrafit.com\/cl\/#website\",\"url\":\"https:\/\/molygrafit.com\/cl\/\",\"name\":\"Molygrafit - Lubricantes Especiales\",\"description\":\"\",\"potentialAction\":[{\"@type\":\"SearchAction\",\"target\":{\"@type\":\"EntryPoint\",\"urlTemplate\":\"https:\/\/molygrafit.com\/cl\/?s={search_term_string}\"},\"query-input\":{\"@type\":\"PropertyValueSpecification\",\"valueRequired\":true,\"valueName\":\"search_term_string\"}}],\"inLanguage\":\"es-CL\"}]}<\/script>\n<!-- \/ Yoast SEO plugin. -->","yoast_head_json":{"title":"FDV > ACEITE 100% SINT\u00c9TICO, PARA EXTRUSI\u00d3N Y FORJA DE METALES NO FERROSOS Y PRODUCTOS DE VIDRIO. - Molygrafit - Lubricantes Especiales","robots":{"index":"index","follow":"follow","max-snippet":"max-snippet:-1","max-image-preview":"max-image-preview:large","max-video-preview":"max-video-preview:-1"},"canonical":"https:\/\/molygrafit.com\/cl\/producto\/fdv-aceite-100-sintetico-para-extrusion-y-forja-de-metales-no-ferrosos-y-productos-de-vidrio\/","og_locale":"es_ES","og_type":"article","og_title":"FDV > ACEITE 100% SINT\u00c9TICO, PARA EXTRUSI\u00d3N Y FORJA DE METALES NO FERROSOS Y PRODUCTOS DE VIDRIO. - Molygrafit - Lubricantes Especiales","og_description":"Aceite totalmente sint\u00e9tico para extrusi\u00f3n y forja de metales no ferrosos y productos de vidrio.  Tiene en su formulaci\u00f3n adhesivos y lubricantes que brindan un excelente acabado con un\u00a0m\u00ednimo desgaste de las herramientas. Porque es completamente sint\u00e9tico, no carboniza, no\u00a0genera incrustaciones, vapores ni humos, aumentando la vida de los moldes.  Producto no t\u00f3xico, que eventualmente puede entrar en contacto con productos alimenticios.  Tiene un alto punto de inflamabilidad, no es inflamable y no causa dermatitis.","og_url":"https:\/\/molygrafit.com\/cl\/producto\/fdv-aceite-100-sintetico-para-extrusion-y-forja-de-metales-no-ferrosos-y-productos-de-vidrio\/","og_site_name":"Molygrafit - Lubricantes Especiales","article_modified_time":"2025-08-20T22:38:24+00:00","og_image":[{"width":600,"height":600,"url":"https:\/\/molygrafit.com\/cl\/wp-content\/uploads\/2021\/03\/BB_Lts_final.jpg","type":"image\/jpeg"}],"twitter_card":"summary_large_image","schema":{"@context":"https:\/\/schema.org","@graph":[{"@type":"WebPage","@id":"https:\/\/molygrafit.com\/cl\/producto\/fdv-aceite-100-sintetico-para-extrusion-y-forja-de-metales-no-ferrosos-y-productos-de-vidrio\/","url":"https:\/\/molygrafit.com\/cl\/producto\/fdv-aceite-100-sintetico-para-extrusion-y-forja-de-metales-no-ferrosos-y-productos-de-vidrio\/","name":"FDV > ACEITE 100% SINT\u00c9TICO, PARA EXTRUSI\u00d3N Y FORJA DE METALES NO FERROSOS Y PRODUCTOS DE VIDRIO. - Molygrafit - Lubricantes Especiales","isPartOf":{"@id":"https:\/\/molygrafit.com\/cl\/#website"},"primaryImageOfPage":{"@id":"https:\/\/molygrafit.com\/cl\/producto\/fdv-aceite-100-sintetico-para-extrusion-y-forja-de-metales-no-ferrosos-y-productos-de-vidrio\/#primaryimage"},"image":{"@id":"https:\/\/molygrafit.com\/cl\/producto\/fdv-aceite-100-sintetico-para-extrusion-y-forja-de-metales-no-ferrosos-y-productos-de-vidrio\/#primaryimage"},"thumbnailUrl":"https:\/\/molygrafit.com\/cl\/wp-content\/uploads\/2021\/03\/BB_Lts_final.jpg","datePublished":"2021-05-25T18:47:40+00:00","dateModified":"2025-08-20T22:38:24+00:00","breadcrumb":{"@id":"https:\/\/molygrafit.com\/cl\/producto\/fdv-aceite-100-sintetico-para-extrusion-y-forja-de-metales-no-ferrosos-y-productos-de-vidrio\/#breadcrumb"},"inLanguage":"es-CL","potentialAction":[{"@type":"ReadAction","target":["https:\/\/molygrafit.com\/cl\/producto\/fdv-aceite-100-sintetico-para-extrusion-y-forja-de-metales-no-ferrosos-y-productos-de-vidrio\/"]}]},{"@type":"ImageObject","inLanguage":"es-CL","@id":"https:\/\/molygrafit.com\/cl\/producto\/fdv-aceite-100-sintetico-para-extrusion-y-forja-de-metales-no-ferrosos-y-productos-de-vidrio\/#primaryimage","url":"https:\/\/molygrafit.com\/cl\/wp-content\/uploads\/2021\/03\/BB_Lts_final.jpg","contentUrl":"https:\/\/molygrafit.com\/cl\/wp-content\/uploads\/2021\/03\/BB_Lts_final.jpg","width":600,"height":600},{"@type":"BreadcrumbList","@id":"https:\/\/molygrafit.com\/cl\/producto\/fdv-aceite-100-sintetico-para-extrusion-y-forja-de-metales-no-ferrosos-y-productos-de-vidrio\/#breadcrumb","itemListElement":[{"@type":"ListItem","position":1,"name":"In\u00edcio","item":"https:\/\/molygrafit.com\/cl\/"},{"@type":"ListItem","position":2,"name":"Tienda","item":"https:\/\/molygrafit.com\/cl\/"},{"@type":"ListItem","position":3,"name":"FDV > ACEITE 100% SINT\u00c9TICO, PARA EXTRUSI\u00d3N Y FORJA DE METALES NO FERROSOS Y PRODUCTOS DE VIDRIO."}]},{"@type":"WebSite","@id":"https:\/\/molygrafit.com\/cl\/#website","url":"https:\/\/molygrafit.com\/cl\/","name":"Molygrafit - Lubricantes Especiales","description":"","potentialAction":[{"@type":"SearchAction","target":{"@type":"EntryPoint","urlTemplate":"https:\/\/molygrafit.com\/cl\/?s={search_term_string}"},"query-input":{"@type":"PropertyValueSpecification","valueRequired":true,"valueName":"search_term_string"}}],"inLanguage":"es-CL"}]}},"_links":{"self":[{"href":"https:\/\/molygrafit.com\/cl\/wp-json\/wp\/v2\/product\/2348","targetHints":{"allow":["GET"]}}],"collection":[{"href":"https:\/\/molygrafit.com\/cl\/wp-json\/wp\/v2\/product"}],"about":[{"href":"https:\/\/molygrafit.com\/cl\/wp-json\/wp\/v2\/types\/product"}],"wp:featuredmedia":[{"embeddable":true,"href":"https:\/\/molygrafit.com\/cl\/wp-json\/wp\/v2\/media\/2076"}],"wp:attachment":[{"href":"https:\/\/molygrafit.com\/cl\/wp-json\/wp\/v2\/media?parent=2348"}],"wp:term":[{"taxonomy":"product_brand","embeddable":true,"href":"https:\/\/molygrafit.com\/cl\/wp-json\/wp\/v2\/product_brand?post=2348"},{"taxonomy":"product_cat","embeddable":true,"href":"https:\/\/molygrafit.com\/cl\/wp-json\/wp\/v2\/product_cat?post=2348"},{"taxonomy":"product_tag","embeddable":true,"href":"https:\/\/molygrafit.com\/cl\/wp-json\/wp\/v2\/product_tag?post=2348"}],"curies":[{"name":"wp","href":"https:\/\/api.w.org\/{rel}","templated":true}]}}