{"id":2349,"date":"2021-05-25T15:47:40","date_gmt":"2021-05-25T18:47:40","guid":{"rendered":"https:\/\/molygrafit.com\/cl\/producto\/import-placeholder-for-1864\/"},"modified":"2025-08-20T19:46:01","modified_gmt":"2025-08-20T22:46:01","slug":"fdm-60-s-aceite-soluble-en-agua-100-sintetico-no-mancha-libre-de-residuos-produce-piezas-con-excelente-acabado","status":"publish","type":"product","link":"https:\/\/molygrafit.com\/cl\/producto\/fdm-60-s-aceite-soluble-en-agua-100-sintetico-no-mancha-libre-de-residuos-produce-piezas-con-excelente-acabado\/","title":{"rendered":"FDM-60-S > ACEITE SOLUBLE EN AGUA, 100% SINT\u00c9TICO, NO MANCHA, LIBRE DE RESIDUOS, PRODUCE PIEZAS CON EXCELENTE ACABADO."},"content":{"rendered":"<ul>\n<li>Apariencia: L\u00edquido lechoso<\/li>\n<li>Temperatura de trabajo: -20 a 500 \u00b0C<\/li>\n<li>Material activo: 60%<\/li>\n<li>Solubilidad en agua: total<\/li>\n<li>Densidad a 20 \u00b0C: 1,0 g\/cm3<\/li>\n<\/ul>\n","protected":false},"excerpt":{"rendered":"<p>MOLYGRAFIT FDM 60 es un aceite sint\u00e9tico soluble para la forja y fundici\u00f3n a presi\u00f3n de\u00a0metales no ferrosos. Porque es completamente sint\u00e9tico MOLYGRAFIT FDM 60 no mancha,\u00a0no deja residuos y produce piezas con excelente acabado.<\/p>\n<p>La diluci\u00f3n variar\u00e1 seg\u00fan el tama\u00f1o y la configuraci\u00f3n de la pieza. Los moldes grandes e\u00a0intrincados (con muchas cavidades) requieren menos diluci\u00f3n. Para moldes peque\u00f1os y planos,\u00a0se puede utilizar una diluci\u00f3n de hasta 1:150. Se recomienda agregar el producto al agua en\u00a0constante agitaci\u00f3n.<\/p>\n<p>MOLYGRAFIT FDM 60-S tiene silicona en su formulaci\u00f3n.<\/p>\n<p>Producto no t\u00f3xico, no inflamable y seguro para el operador, no causa dermatitis.<\/p>\n","protected":false},"featured_media":2076,"template":"","meta":{"_acf_changed":false},"product_brand":[],"product_cat":[164,193],"product_tag":[258,257,260,259,261],"class_list":{"0":"post-2349","1":"product","2":"type-product","3":"status-publish","4":"has-post-thumbnail","6":"product_cat-fragua","7":"product_cat-fundicion","8":"product_tag-100-sintetico","9":"product_tag-aceite-soluble-en-agua","10":"product_tag-libre-de-residuos","11":"product_tag-no-mancha","12":"product_tag-produce-piezas-con-excelente-acabado","14":"first","15":"instock","16":"shipping-taxable","17":"product-type-variable"},"acf":[],"yoast_head":"<!-- This site is optimized with the Yoast SEO plugin v26.9 - https:\/\/yoast.com\/product\/yoast-seo-wordpress\/ -->\n<title>FDM-60-S &gt; ACEITE SOLUBLE EN AGUA, 100% SINT\u00c9TICO, NO MANCHA, LIBRE DE RESIDUOS, PRODUCE PIEZAS CON EXCELENTE ACABADO. - Molygrafit - Lubricantes Especiales<\/title>\n<meta name=\"robots\" content=\"index, follow, max-snippet:-1, max-image-preview:large, max-video-preview:-1\" \/>\n<link rel=\"canonical\" href=\"https:\/\/molygrafit.com\/cl\/producto\/fdm-60-s-aceite-soluble-en-agua-100-sintetico-no-mancha-libre-de-residuos-produce-piezas-con-excelente-acabado\/\" \/>\n<meta property=\"og:locale\" content=\"es_ES\" \/>\n<meta property=\"og:type\" content=\"article\" \/>\n<meta property=\"og:title\" content=\"FDM-60-S &gt; ACEITE SOLUBLE EN AGUA, 100% SINT\u00c9TICO, NO MANCHA, LIBRE DE RESIDUOS, PRODUCE PIEZAS CON EXCELENTE ACABADO. - Molygrafit - Lubricantes Especiales\" \/>\n<meta property=\"og:description\" content=\"MOLYGRAFIT FDM 60 es un aceite sint\u00e9tico soluble para la forja y fundici\u00f3n a presi\u00f3n de\u00a0metales no ferrosos. Porque es completamente sint\u00e9tico MOLYGRAFIT FDM 60 no mancha,\u00a0no deja residuos y produce piezas con excelente acabado.  La diluci\u00f3n variar\u00e1 seg\u00fan el tama\u00f1o y la configuraci\u00f3n de la pieza. Los moldes grandes e\u00a0intrincados (con muchas cavidades) requieren menos diluci\u00f3n. Para moldes peque\u00f1os y planos,\u00a0se puede utilizar una diluci\u00f3n de hasta 1:150. Se recomienda agregar el producto al agua en\u00a0constante agitaci\u00f3n.  MOLYGRAFIT FDM 60-S tiene silicona en su formulaci\u00f3n.  Producto no t\u00f3xico, no inflamable y seguro para el operador, no causa dermatitis.\" \/>\n<meta property=\"og:url\" content=\"https:\/\/molygrafit.com\/cl\/producto\/fdm-60-s-aceite-soluble-en-agua-100-sintetico-no-mancha-libre-de-residuos-produce-piezas-con-excelente-acabado\/\" \/>\n<meta property=\"og:site_name\" content=\"Molygrafit - Lubricantes Especiales\" \/>\n<meta property=\"article:modified_time\" content=\"2025-08-20T22:46:01+00:00\" \/>\n<meta property=\"og:image\" content=\"https:\/\/molygrafit.com\/cl\/wp-content\/uploads\/2021\/03\/BB_Lts_final.jpg\" \/>\n\t<meta property=\"og:image:width\" content=\"600\" \/>\n\t<meta property=\"og:image:height\" content=\"600\" \/>\n\t<meta property=\"og:image:type\" content=\"image\/jpeg\" \/>\n<meta name=\"twitter:card\" content=\"summary_large_image\" \/>\n<script type=\"application\/ld+json\" class=\"yoast-schema-graph\">{\"@context\":\"https:\/\/schema.org\",\"@graph\":[{\"@type\":\"WebPage\",\"@id\":\"https:\/\/molygrafit.com\/cl\/producto\/fdm-60-s-aceite-soluble-en-agua-100-sintetico-no-mancha-libre-de-residuos-produce-piezas-con-excelente-acabado\/\",\"url\":\"https:\/\/molygrafit.com\/cl\/producto\/fdm-60-s-aceite-soluble-en-agua-100-sintetico-no-mancha-libre-de-residuos-produce-piezas-con-excelente-acabado\/\",\"name\":\"FDM-60-S > ACEITE SOLUBLE EN AGUA, 100% SINT\u00c9TICO, NO MANCHA, LIBRE DE RESIDUOS, PRODUCE PIEZAS CON EXCELENTE ACABADO. - Molygrafit - Lubricantes Especiales\",\"isPartOf\":{\"@id\":\"https:\/\/molygrafit.com\/cl\/#website\"},\"primaryImageOfPage\":{\"@id\":\"https:\/\/molygrafit.com\/cl\/producto\/fdm-60-s-aceite-soluble-en-agua-100-sintetico-no-mancha-libre-de-residuos-produce-piezas-con-excelente-acabado\/#primaryimage\"},\"image\":{\"@id\":\"https:\/\/molygrafit.com\/cl\/producto\/fdm-60-s-aceite-soluble-en-agua-100-sintetico-no-mancha-libre-de-residuos-produce-piezas-con-excelente-acabado\/#primaryimage\"},\"thumbnailUrl\":\"https:\/\/molygrafit.com\/cl\/wp-content\/uploads\/2021\/03\/BB_Lts_final.jpg\",\"datePublished\":\"2021-05-25T18:47:40+00:00\",\"dateModified\":\"2025-08-20T22:46:01+00:00\",\"breadcrumb\":{\"@id\":\"https:\/\/molygrafit.com\/cl\/producto\/fdm-60-s-aceite-soluble-en-agua-100-sintetico-no-mancha-libre-de-residuos-produce-piezas-con-excelente-acabado\/#breadcrumb\"},\"inLanguage\":\"es-CL\",\"potentialAction\":[{\"@type\":\"ReadAction\",\"target\":[\"https:\/\/molygrafit.com\/cl\/producto\/fdm-60-s-aceite-soluble-en-agua-100-sintetico-no-mancha-libre-de-residuos-produce-piezas-con-excelente-acabado\/\"]}]},{\"@type\":\"ImageObject\",\"inLanguage\":\"es-CL\",\"@id\":\"https:\/\/molygrafit.com\/cl\/producto\/fdm-60-s-aceite-soluble-en-agua-100-sintetico-no-mancha-libre-de-residuos-produce-piezas-con-excelente-acabado\/#primaryimage\",\"url\":\"https:\/\/molygrafit.com\/cl\/wp-content\/uploads\/2021\/03\/BB_Lts_final.jpg\",\"contentUrl\":\"https:\/\/molygrafit.com\/cl\/wp-content\/uploads\/2021\/03\/BB_Lts_final.jpg\",\"width\":600,\"height\":600},{\"@type\":\"BreadcrumbList\",\"@id\":\"https:\/\/molygrafit.com\/cl\/producto\/fdm-60-s-aceite-soluble-en-agua-100-sintetico-no-mancha-libre-de-residuos-produce-piezas-con-excelente-acabado\/#breadcrumb\",\"itemListElement\":[{\"@type\":\"ListItem\",\"position\":1,\"name\":\"In\u00edcio\",\"item\":\"https:\/\/molygrafit.com\/cl\/\"},{\"@type\":\"ListItem\",\"position\":2,\"name\":\"Tienda\",\"item\":\"https:\/\/molygrafit.com\/cl\/\"},{\"@type\":\"ListItem\",\"position\":3,\"name\":\"FDM-60-S > ACEITE SOLUBLE EN AGUA, 100% SINT\u00c9TICO, NO MANCHA, LIBRE DE RESIDUOS, PRODUCE PIEZAS CON EXCELENTE ACABADO.\"}]},{\"@type\":\"WebSite\",\"@id\":\"https:\/\/molygrafit.com\/cl\/#website\",\"url\":\"https:\/\/molygrafit.com\/cl\/\",\"name\":\"Molygrafit - Lubricantes Especiales\",\"description\":\"\",\"potentialAction\":[{\"@type\":\"SearchAction\",\"target\":{\"@type\":\"EntryPoint\",\"urlTemplate\":\"https:\/\/molygrafit.com\/cl\/?s={search_term_string}\"},\"query-input\":{\"@type\":\"PropertyValueSpecification\",\"valueRequired\":true,\"valueName\":\"search_term_string\"}}],\"inLanguage\":\"es-CL\"}]}<\/script>\n<!-- \/ Yoast SEO plugin. -->","yoast_head_json":{"title":"FDM-60-S > ACEITE SOLUBLE EN AGUA, 100% SINT\u00c9TICO, NO MANCHA, LIBRE DE RESIDUOS, PRODUCE PIEZAS CON EXCELENTE ACABADO. - Molygrafit - Lubricantes Especiales","robots":{"index":"index","follow":"follow","max-snippet":"max-snippet:-1","max-image-preview":"max-image-preview:large","max-video-preview":"max-video-preview:-1"},"canonical":"https:\/\/molygrafit.com\/cl\/producto\/fdm-60-s-aceite-soluble-en-agua-100-sintetico-no-mancha-libre-de-residuos-produce-piezas-con-excelente-acabado\/","og_locale":"es_ES","og_type":"article","og_title":"FDM-60-S > ACEITE SOLUBLE EN AGUA, 100% SINT\u00c9TICO, NO MANCHA, LIBRE DE RESIDUOS, PRODUCE PIEZAS CON EXCELENTE ACABADO. - Molygrafit - Lubricantes Especiales","og_description":"MOLYGRAFIT FDM 60 es un aceite sint\u00e9tico soluble para la forja y fundici\u00f3n a presi\u00f3n de\u00a0metales no ferrosos. Porque es completamente sint\u00e9tico MOLYGRAFIT FDM 60 no mancha,\u00a0no deja residuos y produce piezas con excelente acabado.  La diluci\u00f3n variar\u00e1 seg\u00fan el tama\u00f1o y la configuraci\u00f3n de la pieza. Los moldes grandes e\u00a0intrincados (con muchas cavidades) requieren menos diluci\u00f3n. Para moldes peque\u00f1os y planos,\u00a0se puede utilizar una diluci\u00f3n de hasta 1:150. Se recomienda agregar el producto al agua en\u00a0constante agitaci\u00f3n.  MOLYGRAFIT FDM 60-S tiene silicona en su formulaci\u00f3n.  Producto no t\u00f3xico, no inflamable y seguro para el operador, no causa dermatitis.","og_url":"https:\/\/molygrafit.com\/cl\/producto\/fdm-60-s-aceite-soluble-en-agua-100-sintetico-no-mancha-libre-de-residuos-produce-piezas-con-excelente-acabado\/","og_site_name":"Molygrafit - Lubricantes Especiales","article_modified_time":"2025-08-20T22:46:01+00:00","og_image":[{"width":600,"height":600,"url":"https:\/\/molygrafit.com\/cl\/wp-content\/uploads\/2021\/03\/BB_Lts_final.jpg","type":"image\/jpeg"}],"twitter_card":"summary_large_image","schema":{"@context":"https:\/\/schema.org","@graph":[{"@type":"WebPage","@id":"https:\/\/molygrafit.com\/cl\/producto\/fdm-60-s-aceite-soluble-en-agua-100-sintetico-no-mancha-libre-de-residuos-produce-piezas-con-excelente-acabado\/","url":"https:\/\/molygrafit.com\/cl\/producto\/fdm-60-s-aceite-soluble-en-agua-100-sintetico-no-mancha-libre-de-residuos-produce-piezas-con-excelente-acabado\/","name":"FDM-60-S > ACEITE SOLUBLE EN AGUA, 100% SINT\u00c9TICO, NO MANCHA, LIBRE DE RESIDUOS, PRODUCE PIEZAS CON EXCELENTE ACABADO. - Molygrafit - Lubricantes Especiales","isPartOf":{"@id":"https:\/\/molygrafit.com\/cl\/#website"},"primaryImageOfPage":{"@id":"https:\/\/molygrafit.com\/cl\/producto\/fdm-60-s-aceite-soluble-en-agua-100-sintetico-no-mancha-libre-de-residuos-produce-piezas-con-excelente-acabado\/#primaryimage"},"image":{"@id":"https:\/\/molygrafit.com\/cl\/producto\/fdm-60-s-aceite-soluble-en-agua-100-sintetico-no-mancha-libre-de-residuos-produce-piezas-con-excelente-acabado\/#primaryimage"},"thumbnailUrl":"https:\/\/molygrafit.com\/cl\/wp-content\/uploads\/2021\/03\/BB_Lts_final.jpg","datePublished":"2021-05-25T18:47:40+00:00","dateModified":"2025-08-20T22:46:01+00:00","breadcrumb":{"@id":"https:\/\/molygrafit.com\/cl\/producto\/fdm-60-s-aceite-soluble-en-agua-100-sintetico-no-mancha-libre-de-residuos-produce-piezas-con-excelente-acabado\/#breadcrumb"},"inLanguage":"es-CL","potentialAction":[{"@type":"ReadAction","target":["https:\/\/molygrafit.com\/cl\/producto\/fdm-60-s-aceite-soluble-en-agua-100-sintetico-no-mancha-libre-de-residuos-produce-piezas-con-excelente-acabado\/"]}]},{"@type":"ImageObject","inLanguage":"es-CL","@id":"https:\/\/molygrafit.com\/cl\/producto\/fdm-60-s-aceite-soluble-en-agua-100-sintetico-no-mancha-libre-de-residuos-produce-piezas-con-excelente-acabado\/#primaryimage","url":"https:\/\/molygrafit.com\/cl\/wp-content\/uploads\/2021\/03\/BB_Lts_final.jpg","contentUrl":"https:\/\/molygrafit.com\/cl\/wp-content\/uploads\/2021\/03\/BB_Lts_final.jpg","width":600,"height":600},{"@type":"BreadcrumbList","@id":"https:\/\/molygrafit.com\/cl\/producto\/fdm-60-s-aceite-soluble-en-agua-100-sintetico-no-mancha-libre-de-residuos-produce-piezas-con-excelente-acabado\/#breadcrumb","itemListElement":[{"@type":"ListItem","position":1,"name":"In\u00edcio","item":"https:\/\/molygrafit.com\/cl\/"},{"@type":"ListItem","position":2,"name":"Tienda","item":"https:\/\/molygrafit.com\/cl\/"},{"@type":"ListItem","position":3,"name":"FDM-60-S > ACEITE SOLUBLE EN AGUA, 100% SINT\u00c9TICO, NO MANCHA, LIBRE DE RESIDUOS, PRODUCE PIEZAS CON EXCELENTE ACABADO."}]},{"@type":"WebSite","@id":"https:\/\/molygrafit.com\/cl\/#website","url":"https:\/\/molygrafit.com\/cl\/","name":"Molygrafit - Lubricantes Especiales","description":"","potentialAction":[{"@type":"SearchAction","target":{"@type":"EntryPoint","urlTemplate":"https:\/\/molygrafit.com\/cl\/?s={search_term_string}"},"query-input":{"@type":"PropertyValueSpecification","valueRequired":true,"valueName":"search_term_string"}}],"inLanguage":"es-CL"}]}},"_links":{"self":[{"href":"https:\/\/molygrafit.com\/cl\/wp-json\/wp\/v2\/product\/2349","targetHints":{"allow":["GET"]}}],"collection":[{"href":"https:\/\/molygrafit.com\/cl\/wp-json\/wp\/v2\/product"}],"about":[{"href":"https:\/\/molygrafit.com\/cl\/wp-json\/wp\/v2\/types\/product"}],"wp:featuredmedia":[{"embeddable":true,"href":"https:\/\/molygrafit.com\/cl\/wp-json\/wp\/v2\/media\/2076"}],"wp:attachment":[{"href":"https:\/\/molygrafit.com\/cl\/wp-json\/wp\/v2\/media?parent=2349"}],"wp:term":[{"taxonomy":"product_brand","embeddable":true,"href":"https:\/\/molygrafit.com\/cl\/wp-json\/wp\/v2\/product_brand?post=2349"},{"taxonomy":"product_cat","embeddable":true,"href":"https:\/\/molygrafit.com\/cl\/wp-json\/wp\/v2\/product_cat?post=2349"},{"taxonomy":"product_tag","embeddable":true,"href":"https:\/\/molygrafit.com\/cl\/wp-json\/wp\/v2\/product_tag?post=2349"}],"curies":[{"name":"wp","href":"https:\/\/api.w.org\/{rel}","templated":true}]}}