{"id":2351,"date":"2021-05-25T15:47:40","date_gmt":"2021-05-25T18:47:40","guid":{"rendered":"https:\/\/molygrafit.com\/cl\/producto\/import-placeholder-for-1866\/"},"modified":"2025-08-18T21:25:38","modified_gmt":"2025-08-19T00:25:38","slug":"fc-50-aceite-sintetico-para-corte-y-estampado-en-metales","status":"publish","type":"product","link":"https:\/\/molygrafit.com\/cl\/producto\/fc-50-aceite-sintetico-para-corte-y-estampado-en-metales\/","title":{"rendered":"FC-50 > ACEITE SINT\u00c9TICO PARA CORTE Y ESTAMPADO EN METALES."},"content":{"rendered":"<ul>\n<li>Apariencia: L\u00edquido azul viscoso<\/li>\n<li>Punto de inflamabilidad: &gt;200 \u00b0C<\/li>\n<li>PH: 9,5 a 10<\/li>\n<li>Nivel de acidez mg KHO\/g: 5 m\u00e1ximo<\/li>\n<\/ul>\n","protected":false},"excerpt":{"rendered":"<p>Aceite de corte y estampaci\u00f3n, soluble en agua y totalmente sint\u00e9tico, para operaciones sobre metales\u00a0ferrosos y no ferrosos.<\/p>\n<p>MOLYGRAFIT FC-50 es soluble en agua en todas las proporciones, lo que da como resultado soluciones claras\u00a0y estables. Su diluci\u00f3n var\u00eda seg\u00fan la gravedad de la operaci\u00f3n. Producto insensible a los iones met\u00e1licos y se\u00a0puede diluir en agua dura.<\/p>\n<p>Porque es completamente sint\u00e9tico, biodegradable despu\u00e9s de su uso y no t\u00f3xico, solo se puede desechar\u00a0con una mayor diluci\u00f3n.<\/p>\n<p>MOLYGRAFIT FC-50 es resistente al ataque de bacterias, inhibiendo la putrefacci\u00f3n y el mal olor,\u00a0prolongando el uso de la soluci\u00f3n y proporcionando ahorros.<\/p>\n<p>Producto no inflamable; no causa dermatitis, ofreciendo seguridad al operador.<\/p>\n","protected":false},"featured_media":2076,"template":"","meta":{"_acf_changed":false},"product_brand":[],"product_cat":[157],"product_tag":[256],"class_list":{"0":"post-2351","1":"product","2":"type-product","3":"status-publish","4":"has-post-thumbnail","6":"product_cat-metalurgica","7":"product_tag-aceite-sintetico-para-corte-y-estampado-en-metales","9":"first","10":"instock","11":"shipping-taxable","12":"product-type-variable"},"acf":[],"yoast_head":"<!-- This site is optimized with the Yoast SEO plugin v26.9 - https:\/\/yoast.com\/product\/yoast-seo-wordpress\/ -->\n<title>FC-50 &gt; ACEITE SINT\u00c9TICO PARA CORTE Y ESTAMPADO EN METALES. - Molygrafit - Lubricantes Especiales<\/title>\n<meta name=\"robots\" content=\"index, follow, max-snippet:-1, max-image-preview:large, max-video-preview:-1\" \/>\n<link rel=\"canonical\" href=\"https:\/\/molygrafit.com\/cl\/producto\/fc-50-aceite-sintetico-para-corte-y-estampado-en-metales\/\" \/>\n<meta property=\"og:locale\" content=\"es_ES\" \/>\n<meta property=\"og:type\" content=\"article\" \/>\n<meta property=\"og:title\" content=\"FC-50 &gt; ACEITE SINT\u00c9TICO PARA CORTE Y ESTAMPADO EN METALES. - Molygrafit - Lubricantes Especiales\" \/>\n<meta property=\"og:description\" content=\"Aceite de corte y estampaci\u00f3n, soluble en agua y totalmente sint\u00e9tico, para operaciones sobre metales\u00a0ferrosos y no ferrosos.  MOLYGRAFIT FC-50 es soluble en agua en todas las proporciones, lo que da como resultado soluciones claras\u00a0y estables. Su diluci\u00f3n var\u00eda seg\u00fan la gravedad de la operaci\u00f3n. Producto insensible a los iones met\u00e1licos y se\u00a0puede diluir en agua dura.  Porque es completamente sint\u00e9tico, biodegradable despu\u00e9s de su uso y no t\u00f3xico, solo se puede desechar\u00a0con una mayor diluci\u00f3n.  MOLYGRAFIT FC-50 es resistente al ataque de bacterias, inhibiendo la putrefacci\u00f3n y el mal olor,\u00a0prolongando el uso de la soluci\u00f3n y proporcionando ahorros.  Producto no inflamable; no causa dermatitis, ofreciendo seguridad al operador.\" \/>\n<meta property=\"og:url\" content=\"https:\/\/molygrafit.com\/cl\/producto\/fc-50-aceite-sintetico-para-corte-y-estampado-en-metales\/\" \/>\n<meta property=\"og:site_name\" content=\"Molygrafit - Lubricantes Especiales\" \/>\n<meta property=\"article:modified_time\" content=\"2025-08-19T00:25:38+00:00\" \/>\n<meta property=\"og:image\" content=\"https:\/\/molygrafit.com\/cl\/wp-content\/uploads\/2021\/03\/BB_Lts_final.jpg\" \/>\n\t<meta property=\"og:image:width\" content=\"600\" \/>\n\t<meta property=\"og:image:height\" content=\"600\" \/>\n\t<meta property=\"og:image:type\" content=\"image\/jpeg\" \/>\n<meta name=\"twitter:card\" content=\"summary_large_image\" \/>\n<script type=\"application\/ld+json\" class=\"yoast-schema-graph\">{\"@context\":\"https:\/\/schema.org\",\"@graph\":[{\"@type\":\"WebPage\",\"@id\":\"https:\/\/molygrafit.com\/cl\/producto\/fc-50-aceite-sintetico-para-corte-y-estampado-en-metales\/\",\"url\":\"https:\/\/molygrafit.com\/cl\/producto\/fc-50-aceite-sintetico-para-corte-y-estampado-en-metales\/\",\"name\":\"FC-50 > ACEITE SINT\u00c9TICO PARA CORTE Y ESTAMPADO EN METALES. - Molygrafit - Lubricantes Especiales\",\"isPartOf\":{\"@id\":\"https:\/\/molygrafit.com\/cl\/#website\"},\"primaryImageOfPage\":{\"@id\":\"https:\/\/molygrafit.com\/cl\/producto\/fc-50-aceite-sintetico-para-corte-y-estampado-en-metales\/#primaryimage\"},\"image\":{\"@id\":\"https:\/\/molygrafit.com\/cl\/producto\/fc-50-aceite-sintetico-para-corte-y-estampado-en-metales\/#primaryimage\"},\"thumbnailUrl\":\"https:\/\/molygrafit.com\/cl\/wp-content\/uploads\/2021\/03\/BB_Lts_final.jpg\",\"datePublished\":\"2021-05-25T18:47:40+00:00\",\"dateModified\":\"2025-08-19T00:25:38+00:00\",\"breadcrumb\":{\"@id\":\"https:\/\/molygrafit.com\/cl\/producto\/fc-50-aceite-sintetico-para-corte-y-estampado-en-metales\/#breadcrumb\"},\"inLanguage\":\"es-CL\",\"potentialAction\":[{\"@type\":\"ReadAction\",\"target\":[\"https:\/\/molygrafit.com\/cl\/producto\/fc-50-aceite-sintetico-para-corte-y-estampado-en-metales\/\"]}]},{\"@type\":\"ImageObject\",\"inLanguage\":\"es-CL\",\"@id\":\"https:\/\/molygrafit.com\/cl\/producto\/fc-50-aceite-sintetico-para-corte-y-estampado-en-metales\/#primaryimage\",\"url\":\"https:\/\/molygrafit.com\/cl\/wp-content\/uploads\/2021\/03\/BB_Lts_final.jpg\",\"contentUrl\":\"https:\/\/molygrafit.com\/cl\/wp-content\/uploads\/2021\/03\/BB_Lts_final.jpg\",\"width\":600,\"height\":600},{\"@type\":\"BreadcrumbList\",\"@id\":\"https:\/\/molygrafit.com\/cl\/producto\/fc-50-aceite-sintetico-para-corte-y-estampado-en-metales\/#breadcrumb\",\"itemListElement\":[{\"@type\":\"ListItem\",\"position\":1,\"name\":\"In\u00edcio\",\"item\":\"https:\/\/molygrafit.com\/cl\/\"},{\"@type\":\"ListItem\",\"position\":2,\"name\":\"Tienda\",\"item\":\"https:\/\/molygrafit.com\/cl\/\"},{\"@type\":\"ListItem\",\"position\":3,\"name\":\"FC-50 > ACEITE SINT\u00c9TICO PARA CORTE Y ESTAMPADO EN METALES.\"}]},{\"@type\":\"WebSite\",\"@id\":\"https:\/\/molygrafit.com\/cl\/#website\",\"url\":\"https:\/\/molygrafit.com\/cl\/\",\"name\":\"Molygrafit - Lubricantes Especiales\",\"description\":\"\",\"potentialAction\":[{\"@type\":\"SearchAction\",\"target\":{\"@type\":\"EntryPoint\",\"urlTemplate\":\"https:\/\/molygrafit.com\/cl\/?s={search_term_string}\"},\"query-input\":{\"@type\":\"PropertyValueSpecification\",\"valueRequired\":true,\"valueName\":\"search_term_string\"}}],\"inLanguage\":\"es-CL\"}]}<\/script>\n<!-- \/ Yoast SEO plugin. -->","yoast_head_json":{"title":"FC-50 > ACEITE SINT\u00c9TICO PARA CORTE Y ESTAMPADO EN METALES. - Molygrafit - Lubricantes Especiales","robots":{"index":"index","follow":"follow","max-snippet":"max-snippet:-1","max-image-preview":"max-image-preview:large","max-video-preview":"max-video-preview:-1"},"canonical":"https:\/\/molygrafit.com\/cl\/producto\/fc-50-aceite-sintetico-para-corte-y-estampado-en-metales\/","og_locale":"es_ES","og_type":"article","og_title":"FC-50 > ACEITE SINT\u00c9TICO PARA CORTE Y ESTAMPADO EN METALES. - Molygrafit - Lubricantes Especiales","og_description":"Aceite de corte y estampaci\u00f3n, soluble en agua y totalmente sint\u00e9tico, para operaciones sobre metales\u00a0ferrosos y no ferrosos.  MOLYGRAFIT FC-50 es soluble en agua en todas las proporciones, lo que da como resultado soluciones claras\u00a0y estables. Su diluci\u00f3n var\u00eda seg\u00fan la gravedad de la operaci\u00f3n. Producto insensible a los iones met\u00e1licos y se\u00a0puede diluir en agua dura.  Porque es completamente sint\u00e9tico, biodegradable despu\u00e9s de su uso y no t\u00f3xico, solo se puede desechar\u00a0con una mayor diluci\u00f3n.  MOLYGRAFIT FC-50 es resistente al ataque de bacterias, inhibiendo la putrefacci\u00f3n y el mal olor,\u00a0prolongando el uso de la soluci\u00f3n y proporcionando ahorros.  Producto no inflamable; no causa dermatitis, ofreciendo seguridad al operador.","og_url":"https:\/\/molygrafit.com\/cl\/producto\/fc-50-aceite-sintetico-para-corte-y-estampado-en-metales\/","og_site_name":"Molygrafit - Lubricantes Especiales","article_modified_time":"2025-08-19T00:25:38+00:00","og_image":[{"width":600,"height":600,"url":"https:\/\/molygrafit.com\/cl\/wp-content\/uploads\/2021\/03\/BB_Lts_final.jpg","type":"image\/jpeg"}],"twitter_card":"summary_large_image","schema":{"@context":"https:\/\/schema.org","@graph":[{"@type":"WebPage","@id":"https:\/\/molygrafit.com\/cl\/producto\/fc-50-aceite-sintetico-para-corte-y-estampado-en-metales\/","url":"https:\/\/molygrafit.com\/cl\/producto\/fc-50-aceite-sintetico-para-corte-y-estampado-en-metales\/","name":"FC-50 > ACEITE SINT\u00c9TICO PARA CORTE Y ESTAMPADO EN METALES. - Molygrafit - Lubricantes Especiales","isPartOf":{"@id":"https:\/\/molygrafit.com\/cl\/#website"},"primaryImageOfPage":{"@id":"https:\/\/molygrafit.com\/cl\/producto\/fc-50-aceite-sintetico-para-corte-y-estampado-en-metales\/#primaryimage"},"image":{"@id":"https:\/\/molygrafit.com\/cl\/producto\/fc-50-aceite-sintetico-para-corte-y-estampado-en-metales\/#primaryimage"},"thumbnailUrl":"https:\/\/molygrafit.com\/cl\/wp-content\/uploads\/2021\/03\/BB_Lts_final.jpg","datePublished":"2021-05-25T18:47:40+00:00","dateModified":"2025-08-19T00:25:38+00:00","breadcrumb":{"@id":"https:\/\/molygrafit.com\/cl\/producto\/fc-50-aceite-sintetico-para-corte-y-estampado-en-metales\/#breadcrumb"},"inLanguage":"es-CL","potentialAction":[{"@type":"ReadAction","target":["https:\/\/molygrafit.com\/cl\/producto\/fc-50-aceite-sintetico-para-corte-y-estampado-en-metales\/"]}]},{"@type":"ImageObject","inLanguage":"es-CL","@id":"https:\/\/molygrafit.com\/cl\/producto\/fc-50-aceite-sintetico-para-corte-y-estampado-en-metales\/#primaryimage","url":"https:\/\/molygrafit.com\/cl\/wp-content\/uploads\/2021\/03\/BB_Lts_final.jpg","contentUrl":"https:\/\/molygrafit.com\/cl\/wp-content\/uploads\/2021\/03\/BB_Lts_final.jpg","width":600,"height":600},{"@type":"BreadcrumbList","@id":"https:\/\/molygrafit.com\/cl\/producto\/fc-50-aceite-sintetico-para-corte-y-estampado-en-metales\/#breadcrumb","itemListElement":[{"@type":"ListItem","position":1,"name":"In\u00edcio","item":"https:\/\/molygrafit.com\/cl\/"},{"@type":"ListItem","position":2,"name":"Tienda","item":"https:\/\/molygrafit.com\/cl\/"},{"@type":"ListItem","position":3,"name":"FC-50 > ACEITE SINT\u00c9TICO PARA CORTE Y ESTAMPADO EN METALES."}]},{"@type":"WebSite","@id":"https:\/\/molygrafit.com\/cl\/#website","url":"https:\/\/molygrafit.com\/cl\/","name":"Molygrafit - Lubricantes Especiales","description":"","potentialAction":[{"@type":"SearchAction","target":{"@type":"EntryPoint","urlTemplate":"https:\/\/molygrafit.com\/cl\/?s={search_term_string}"},"query-input":{"@type":"PropertyValueSpecification","valueRequired":true,"valueName":"search_term_string"}}],"inLanguage":"es-CL"}]}},"_links":{"self":[{"href":"https:\/\/molygrafit.com\/cl\/wp-json\/wp\/v2\/product\/2351","targetHints":{"allow":["GET"]}}],"collection":[{"href":"https:\/\/molygrafit.com\/cl\/wp-json\/wp\/v2\/product"}],"about":[{"href":"https:\/\/molygrafit.com\/cl\/wp-json\/wp\/v2\/types\/product"}],"wp:featuredmedia":[{"embeddable":true,"href":"https:\/\/molygrafit.com\/cl\/wp-json\/wp\/v2\/media\/2076"}],"wp:attachment":[{"href":"https:\/\/molygrafit.com\/cl\/wp-json\/wp\/v2\/media?parent=2351"}],"wp:term":[{"taxonomy":"product_brand","embeddable":true,"href":"https:\/\/molygrafit.com\/cl\/wp-json\/wp\/v2\/product_brand?post=2351"},{"taxonomy":"product_cat","embeddable":true,"href":"https:\/\/molygrafit.com\/cl\/wp-json\/wp\/v2\/product_cat?post=2351"},{"taxonomy":"product_tag","embeddable":true,"href":"https:\/\/molygrafit.com\/cl\/wp-json\/wp\/v2\/product_tag?post=2351"}],"curies":[{"name":"wp","href":"https:\/\/api.w.org\/{rel}","templated":true}]}}