{"id":2363,"date":"2021-05-25T15:47:41","date_gmt":"2021-05-25T19:47:41","guid":{"rendered":"https:\/\/molygrafit.com\/cl\/producto\/import-placeholder-for-1878\/"},"modified":"2025-08-18T21:35:33","modified_gmt":"2025-08-19T00:35:33","slug":"fe-100-c-aceite-100-sintetico-a-base-de-ester-para-compresores","status":"publish","type":"product","link":"https:\/\/molygrafit.com\/cl\/producto\/fe-100-c-aceite-100-sintetico-a-base-de-ester-para-compresores\/","title":{"rendered":"FE-100\/C > ACEITE 100% SINT\u00c9TICO, A BASE DE \u00c9STER PARA COMPRESORES."},"content":{"rendered":"<ul>\n<li>Apariencia: L\u00edquido transparente claro<\/li>\n<li>Viscosidad: ISO VG 100<\/li>\n<li>Punto m\u00ednimo de fluidez (ISO 3016): -30 \u00b0C<\/li>\n<li>Solubilidad en agua: Indisoluble<\/li>\n<li>Punto de inflamabilidad (DIN 51376): 280 \u00b0C<\/li>\n<li>Temperatura de trabajo: \u00a0-25 a 270 \u00b0C<\/li>\n<\/ul>\n","protected":false},"excerpt":{"rendered":"<p>MOLYGRAFIT FE-100\/C es un aceite a base de \u00e9ster totalmente sint\u00e9tico para compresores.<\/p>\n<p>Tiene aditivos, anticorrosivos y antiespumantes en su formulaci\u00f3n.<\/p>\n<p>Producto compatible con lubricantes minerales, lubrica y sella sin p\u00e9rdida de viscosidad.<\/p>\n<p>Tiene un bajo punto de fluidez, no se congela en los conductos.<\/p>\n<p>Porque es completamente sint\u00e9tico, no se carboniza, no forma borra y no cambia de viscosidad despu\u00e9s de\u00a0largos per\u00edodos. Por estas caracter\u00edsticas es especialmente adecuado para compresores alternativos,\u00a0rotativos o de tornillo.<\/p>\n<p>Al cambiar los lubricantes, la m\u00e1quina debe limpiarse, si es necesario hacer un lavado.<\/p>\n<p>MOLYGRAFIT FE-100\/C no es t\u00f3xico, no es inflamable y puede operar en la industria farmac\u00e9utica o\u00a0alimentaria y ofrece seguridad al operador.<\/p>\n","protected":false},"featured_media":2076,"template":"","meta":{"_acf_changed":false},"product_brand":[],"product_cat":[162,159],"product_tag":[200,201],"class_list":{"0":"post-2363","1":"product","2":"type-product","3":"status-publish","4":"has-post-thumbnail","6":"product_cat-alimentos-farmaceuticos","7":"product_cat-aplicaciones-comunes","8":"product_tag-aceite-100-sintetico-para-compresores","9":"product_tag-aceite-sintetico-a-base-de-ester-para-compresores","11":"first","12":"instock","13":"shipping-taxable","14":"product-type-variable"},"acf":[],"yoast_head":"<!-- This site is optimized with the Yoast SEO plugin v26.9 - https:\/\/yoast.com\/product\/yoast-seo-wordpress\/ -->\n<title>FE-100\/C &gt; ACEITE 100% SINT\u00c9TICO, A BASE DE \u00c9STER PARA COMPRESORES. - Molygrafit - Lubricantes Especiales<\/title>\n<meta name=\"robots\" content=\"index, follow, max-snippet:-1, max-image-preview:large, max-video-preview:-1\" \/>\n<link rel=\"canonical\" href=\"https:\/\/molygrafit.com\/cl\/producto\/fe-100-c-aceite-100-sintetico-a-base-de-ester-para-compresores\/\" \/>\n<meta property=\"og:locale\" content=\"es_ES\" \/>\n<meta property=\"og:type\" content=\"article\" \/>\n<meta property=\"og:title\" content=\"FE-100\/C &gt; ACEITE 100% SINT\u00c9TICO, A BASE DE \u00c9STER PARA COMPRESORES. - Molygrafit - Lubricantes Especiales\" \/>\n<meta property=\"og:description\" content=\"MOLYGRAFIT FE-100\/C es un aceite a base de \u00e9ster totalmente sint\u00e9tico para compresores.  Tiene aditivos, anticorrosivos y antiespumantes en su formulaci\u00f3n.  Producto compatible con lubricantes minerales, lubrica y sella sin p\u00e9rdida de viscosidad.  Tiene un bajo punto de fluidez, no se congela en los conductos.  Porque es completamente sint\u00e9tico, no se carboniza, no forma borra y no cambia de viscosidad despu\u00e9s de\u00a0largos per\u00edodos. Por estas caracter\u00edsticas es especialmente adecuado para compresores alternativos,\u00a0rotativos o de tornillo.  Al cambiar los lubricantes, la m\u00e1quina debe limpiarse, si es necesario hacer un lavado.  MOLYGRAFIT FE-100\/C no es t\u00f3xico, no es inflamable y puede operar en la industria farmac\u00e9utica o\u00a0alimentaria y ofrece seguridad al operador.\" \/>\n<meta property=\"og:url\" content=\"https:\/\/molygrafit.com\/cl\/producto\/fe-100-c-aceite-100-sintetico-a-base-de-ester-para-compresores\/\" \/>\n<meta property=\"og:site_name\" content=\"Molygrafit - Lubricantes Especiales\" \/>\n<meta property=\"article:modified_time\" content=\"2025-08-19T00:35:33+00:00\" \/>\n<meta property=\"og:image\" content=\"https:\/\/molygrafit.com\/cl\/wp-content\/uploads\/2021\/03\/BB_Lts_final.jpg\" \/>\n\t<meta property=\"og:image:width\" content=\"600\" \/>\n\t<meta property=\"og:image:height\" content=\"600\" \/>\n\t<meta property=\"og:image:type\" content=\"image\/jpeg\" \/>\n<meta name=\"twitter:card\" content=\"summary_large_image\" \/>\n<script type=\"application\/ld+json\" class=\"yoast-schema-graph\">{\"@context\":\"https:\/\/schema.org\",\"@graph\":[{\"@type\":\"WebPage\",\"@id\":\"https:\/\/molygrafit.com\/cl\/producto\/fe-100-c-aceite-100-sintetico-a-base-de-ester-para-compresores\/\",\"url\":\"https:\/\/molygrafit.com\/cl\/producto\/fe-100-c-aceite-100-sintetico-a-base-de-ester-para-compresores\/\",\"name\":\"FE-100\/C > ACEITE 100% SINT\u00c9TICO, A BASE DE \u00c9STER PARA COMPRESORES. - Molygrafit - Lubricantes Especiales\",\"isPartOf\":{\"@id\":\"https:\/\/molygrafit.com\/cl\/#website\"},\"primaryImageOfPage\":{\"@id\":\"https:\/\/molygrafit.com\/cl\/producto\/fe-100-c-aceite-100-sintetico-a-base-de-ester-para-compresores\/#primaryimage\"},\"image\":{\"@id\":\"https:\/\/molygrafit.com\/cl\/producto\/fe-100-c-aceite-100-sintetico-a-base-de-ester-para-compresores\/#primaryimage\"},\"thumbnailUrl\":\"https:\/\/molygrafit.com\/cl\/wp-content\/uploads\/2021\/03\/BB_Lts_final.jpg\",\"datePublished\":\"2021-05-25T19:47:41+00:00\",\"dateModified\":\"2025-08-19T00:35:33+00:00\",\"breadcrumb\":{\"@id\":\"https:\/\/molygrafit.com\/cl\/producto\/fe-100-c-aceite-100-sintetico-a-base-de-ester-para-compresores\/#breadcrumb\"},\"inLanguage\":\"es-CL\",\"potentialAction\":[{\"@type\":\"ReadAction\",\"target\":[\"https:\/\/molygrafit.com\/cl\/producto\/fe-100-c-aceite-100-sintetico-a-base-de-ester-para-compresores\/\"]}]},{\"@type\":\"ImageObject\",\"inLanguage\":\"es-CL\",\"@id\":\"https:\/\/molygrafit.com\/cl\/producto\/fe-100-c-aceite-100-sintetico-a-base-de-ester-para-compresores\/#primaryimage\",\"url\":\"https:\/\/molygrafit.com\/cl\/wp-content\/uploads\/2021\/03\/BB_Lts_final.jpg\",\"contentUrl\":\"https:\/\/molygrafit.com\/cl\/wp-content\/uploads\/2021\/03\/BB_Lts_final.jpg\",\"width\":600,\"height\":600},{\"@type\":\"BreadcrumbList\",\"@id\":\"https:\/\/molygrafit.com\/cl\/producto\/fe-100-c-aceite-100-sintetico-a-base-de-ester-para-compresores\/#breadcrumb\",\"itemListElement\":[{\"@type\":\"ListItem\",\"position\":1,\"name\":\"In\u00edcio\",\"item\":\"https:\/\/molygrafit.com\/cl\/\"},{\"@type\":\"ListItem\",\"position\":2,\"name\":\"Tienda\",\"item\":\"https:\/\/molygrafit.com\/cl\/\"},{\"@type\":\"ListItem\",\"position\":3,\"name\":\"FE-100\/C > ACEITE 100% SINT\u00c9TICO, A BASE DE \u00c9STER PARA COMPRESORES.\"}]},{\"@type\":\"WebSite\",\"@id\":\"https:\/\/molygrafit.com\/cl\/#website\",\"url\":\"https:\/\/molygrafit.com\/cl\/\",\"name\":\"Molygrafit - Lubricantes Especiales\",\"description\":\"\",\"potentialAction\":[{\"@type\":\"SearchAction\",\"target\":{\"@type\":\"EntryPoint\",\"urlTemplate\":\"https:\/\/molygrafit.com\/cl\/?s={search_term_string}\"},\"query-input\":{\"@type\":\"PropertyValueSpecification\",\"valueRequired\":true,\"valueName\":\"search_term_string\"}}],\"inLanguage\":\"es-CL\"}]}<\/script>\n<!-- \/ Yoast SEO plugin. -->","yoast_head_json":{"title":"FE-100\/C > ACEITE 100% SINT\u00c9TICO, A BASE DE \u00c9STER PARA COMPRESORES. - Molygrafit - Lubricantes Especiales","robots":{"index":"index","follow":"follow","max-snippet":"max-snippet:-1","max-image-preview":"max-image-preview:large","max-video-preview":"max-video-preview:-1"},"canonical":"https:\/\/molygrafit.com\/cl\/producto\/fe-100-c-aceite-100-sintetico-a-base-de-ester-para-compresores\/","og_locale":"es_ES","og_type":"article","og_title":"FE-100\/C > ACEITE 100% SINT\u00c9TICO, A BASE DE \u00c9STER PARA COMPRESORES. - Molygrafit - Lubricantes Especiales","og_description":"MOLYGRAFIT FE-100\/C es un aceite a base de \u00e9ster totalmente sint\u00e9tico para compresores.  Tiene aditivos, anticorrosivos y antiespumantes en su formulaci\u00f3n.  Producto compatible con lubricantes minerales, lubrica y sella sin p\u00e9rdida de viscosidad.  Tiene un bajo punto de fluidez, no se congela en los conductos.  Porque es completamente sint\u00e9tico, no se carboniza, no forma borra y no cambia de viscosidad despu\u00e9s de\u00a0largos per\u00edodos. Por estas caracter\u00edsticas es especialmente adecuado para compresores alternativos,\u00a0rotativos o de tornillo.  Al cambiar los lubricantes, la m\u00e1quina debe limpiarse, si es necesario hacer un lavado.  MOLYGRAFIT FE-100\/C no es t\u00f3xico, no es inflamable y puede operar en la industria farmac\u00e9utica o\u00a0alimentaria y ofrece seguridad al operador.","og_url":"https:\/\/molygrafit.com\/cl\/producto\/fe-100-c-aceite-100-sintetico-a-base-de-ester-para-compresores\/","og_site_name":"Molygrafit - Lubricantes Especiales","article_modified_time":"2025-08-19T00:35:33+00:00","og_image":[{"width":600,"height":600,"url":"https:\/\/molygrafit.com\/cl\/wp-content\/uploads\/2021\/03\/BB_Lts_final.jpg","type":"image\/jpeg"}],"twitter_card":"summary_large_image","schema":{"@context":"https:\/\/schema.org","@graph":[{"@type":"WebPage","@id":"https:\/\/molygrafit.com\/cl\/producto\/fe-100-c-aceite-100-sintetico-a-base-de-ester-para-compresores\/","url":"https:\/\/molygrafit.com\/cl\/producto\/fe-100-c-aceite-100-sintetico-a-base-de-ester-para-compresores\/","name":"FE-100\/C > ACEITE 100% SINT\u00c9TICO, A BASE DE \u00c9STER PARA COMPRESORES. - Molygrafit - Lubricantes Especiales","isPartOf":{"@id":"https:\/\/molygrafit.com\/cl\/#website"},"primaryImageOfPage":{"@id":"https:\/\/molygrafit.com\/cl\/producto\/fe-100-c-aceite-100-sintetico-a-base-de-ester-para-compresores\/#primaryimage"},"image":{"@id":"https:\/\/molygrafit.com\/cl\/producto\/fe-100-c-aceite-100-sintetico-a-base-de-ester-para-compresores\/#primaryimage"},"thumbnailUrl":"https:\/\/molygrafit.com\/cl\/wp-content\/uploads\/2021\/03\/BB_Lts_final.jpg","datePublished":"2021-05-25T19:47:41+00:00","dateModified":"2025-08-19T00:35:33+00:00","breadcrumb":{"@id":"https:\/\/molygrafit.com\/cl\/producto\/fe-100-c-aceite-100-sintetico-a-base-de-ester-para-compresores\/#breadcrumb"},"inLanguage":"es-CL","potentialAction":[{"@type":"ReadAction","target":["https:\/\/molygrafit.com\/cl\/producto\/fe-100-c-aceite-100-sintetico-a-base-de-ester-para-compresores\/"]}]},{"@type":"ImageObject","inLanguage":"es-CL","@id":"https:\/\/molygrafit.com\/cl\/producto\/fe-100-c-aceite-100-sintetico-a-base-de-ester-para-compresores\/#primaryimage","url":"https:\/\/molygrafit.com\/cl\/wp-content\/uploads\/2021\/03\/BB_Lts_final.jpg","contentUrl":"https:\/\/molygrafit.com\/cl\/wp-content\/uploads\/2021\/03\/BB_Lts_final.jpg","width":600,"height":600},{"@type":"BreadcrumbList","@id":"https:\/\/molygrafit.com\/cl\/producto\/fe-100-c-aceite-100-sintetico-a-base-de-ester-para-compresores\/#breadcrumb","itemListElement":[{"@type":"ListItem","position":1,"name":"In\u00edcio","item":"https:\/\/molygrafit.com\/cl\/"},{"@type":"ListItem","position":2,"name":"Tienda","item":"https:\/\/molygrafit.com\/cl\/"},{"@type":"ListItem","position":3,"name":"FE-100\/C > ACEITE 100% SINT\u00c9TICO, A BASE DE \u00c9STER PARA COMPRESORES."}]},{"@type":"WebSite","@id":"https:\/\/molygrafit.com\/cl\/#website","url":"https:\/\/molygrafit.com\/cl\/","name":"Molygrafit - Lubricantes Especiales","description":"","potentialAction":[{"@type":"SearchAction","target":{"@type":"EntryPoint","urlTemplate":"https:\/\/molygrafit.com\/cl\/?s={search_term_string}"},"query-input":{"@type":"PropertyValueSpecification","valueRequired":true,"valueName":"search_term_string"}}],"inLanguage":"es-CL"}]}},"_links":{"self":[{"href":"https:\/\/molygrafit.com\/cl\/wp-json\/wp\/v2\/product\/2363","targetHints":{"allow":["GET"]}}],"collection":[{"href":"https:\/\/molygrafit.com\/cl\/wp-json\/wp\/v2\/product"}],"about":[{"href":"https:\/\/molygrafit.com\/cl\/wp-json\/wp\/v2\/types\/product"}],"wp:featuredmedia":[{"embeddable":true,"href":"https:\/\/molygrafit.com\/cl\/wp-json\/wp\/v2\/media\/2076"}],"wp:attachment":[{"href":"https:\/\/molygrafit.com\/cl\/wp-json\/wp\/v2\/media?parent=2363"}],"wp:term":[{"taxonomy":"product_brand","embeddable":true,"href":"https:\/\/molygrafit.com\/cl\/wp-json\/wp\/v2\/product_brand?post=2363"},{"taxonomy":"product_cat","embeddable":true,"href":"https:\/\/molygrafit.com\/cl\/wp-json\/wp\/v2\/product_cat?post=2363"},{"taxonomy":"product_tag","embeddable":true,"href":"https:\/\/molygrafit.com\/cl\/wp-json\/wp\/v2\/product_tag?post=2363"}],"curies":[{"name":"wp","href":"https:\/\/api.w.org\/{rel}","templated":true}]}}