{"id":2364,"date":"2021-05-25T15:47:41","date_gmt":"2021-05-25T19:47:41","guid":{"rendered":"https:\/\/molygrafit.com\/cl\/producto\/import-placeholder-for-1879\/"},"modified":"2025-08-18T21:33:26","modified_gmt":"2025-08-19T00:33:26","slug":"pk-1-grasa-antigripante-e-hidrorrepelente-totalmente-sintetica","status":"publish","type":"product","link":"https:\/\/molygrafit.com\/cl\/producto\/pk-1-grasa-antigripante-e-hidrorrepelente-totalmente-sintetica\/","title":{"rendered":"PK-1 > GRASA ANTIGRIPANTE E HIDRORREPELENTE TOTALMENTE SINT\u00c9TICA."},"content":{"rendered":"<ul>\n<li>Aceite B\u00e1sico: Sint\u00e9tico<span class=\"Apple-converted-space\">\u00a0<\/span><\/li>\n<li>Espesante: Coloide Inorg\u00e1nico<span class=\"Apple-converted-space\">\u00a0<\/span><\/li>\n<li>Consistencia NLGI: 1<span class=\"Apple-converted-space\">\u00a0<\/span><\/li>\n<li>Penetraci\u00f3n Trabajada (ASTM D 217): 310-340<span class=\"Apple-converted-space\">\u00a0<\/span><\/li>\n<li>Temperatura de trabajo: -20\u00baC a 1000\u00baC<span class=\"Apple-converted-space\">\u00a0<\/span><\/li>\n<li>Punto de Gota (ASTM D 566): Inexistente<span class=\"Apple-converted-space\">\u00a0<\/span><\/li>\n<li>Corrosi\u00f3n en Lamina de Cobre (ASTM D-4048): 1 A<span class=\"Apple-converted-space\">\u00a0<\/span><\/li>\n<li>Separaci\u00f3n de Aceite (ASTM D-6184): &lt; 3,0 %<span class=\"Apple-converted-space\">\u00a0<\/span><\/li>\n<li>Densidad a 20 \u00b0C: 1,0 g\/cm\u00b3<span class=\"Apple-converted-space\">\u00a0<\/span><\/li>\n<\/ul>\n","protected":false},"excerpt":{"rendered":"<p>Grasa desengripante totalmente sint\u00e9tica, hidrorrepelente, para uso em roscas, tornillos y equipos sujeitos a ambientes agresivos y\/u humedos que causen corrosi\u00f3n.<\/p>\n<p>Possee en su formula lubrificantes s\u00f3lidos (grafito micronizado), antioxidantes, aditivos de extrema presi\u00f3n, antidesgaste, polvos met\u00e1licos (cobre coloidal), que protegen y evitan el engripamento de las piezas tratadas.<\/p>\n<p>MOLYGRAFIT PK -1 est\u00e1 isenta de plomo y zinc y se desarroll\u00f3 especialmente para atender las m\u00e1s severas condiciones de trabajo de perfuraci\u00f3n en los segmentos de miner\u00eda y <i>offshore<\/i>, atendiendo a las exigencias de las normas API.<\/p>\n<p>En funci\u00f3n de su formulaci\u00f3n, con materias primas de \u00faltima generaci\u00f3n, MOLYGRAFIT PK-1, es \u00f3ptima para lubrificaci\u00f3n de valvulas de industrias sider\u00fargicas y tornillos de fijaci\u00f3n de equipos sometidos a altas temperaturas, como: hornos, ca\u00f1ones de extrusoras, etc.<\/p>\n<p>Soporta altas temperaturas sin gotear, proporcionando lubrificaci\u00f3n eficaz por largos per\u00edodos.<\/p>\n<p>Puede tambi\u00e9n ser utilizada en contactos el\u00e9ctricos o terminales de bater\u00edas para inhibir la formaci\u00f3n de oxidaci\u00f3n (cinabrio).<\/p>\n<p>MOLYGRAFIT PK-1 es un producto at\u00f3xico, que no ofrece riesgo al operador.<\/p>\n","protected":false},"featured_media":2074,"template":"","meta":{"_acf_changed":false},"product_brand":[],"product_cat":[155],"product_tag":[205,206,207],"class_list":{"0":"post-2364","1":"product","2":"type-product","3":"status-publish","4":"has-post-thumbnail","6":"product_cat-offshore-naval","7":"product_tag-grasa-antigripante","8":"product_tag-grasa-hidrorrepelente","9":"product_tag-grasa-totalmente-sintetica","11":"first","12":"instock","13":"shipping-taxable","14":"product-type-variable"},"acf":[],"yoast_head":"<!-- This site is optimized with the Yoast SEO plugin v26.9 - https:\/\/yoast.com\/product\/yoast-seo-wordpress\/ -->\n<title>PK-1 &gt; GRASA ANTIGRIPANTE E HIDRORREPELENTE TOTALMENTE SINT\u00c9TICA. - Molygrafit - Lubricantes Especiales<\/title>\n<meta name=\"robots\" content=\"index, follow, max-snippet:-1, max-image-preview:large, max-video-preview:-1\" \/>\n<link rel=\"canonical\" href=\"https:\/\/molygrafit.com\/cl\/producto\/pk-1-grasa-antigripante-e-hidrorrepelente-totalmente-sintetica\/\" \/>\n<meta property=\"og:locale\" content=\"es_ES\" \/>\n<meta property=\"og:type\" content=\"article\" \/>\n<meta property=\"og:title\" content=\"PK-1 &gt; GRASA ANTIGRIPANTE E HIDRORREPELENTE TOTALMENTE SINT\u00c9TICA. - Molygrafit - Lubricantes Especiales\" \/>\n<meta property=\"og:description\" content=\"Grasa desengripante totalmente sint\u00e9tica, hidrorrepelente, para uso em roscas, tornillos y equipos sujeitos a ambientes agresivos y\/u humedos que causen corrosi\u00f3n.  Possee en su formula lubrificantes s\u00f3lidos (grafito micronizado), antioxidantes, aditivos de extrema presi\u00f3n, antidesgaste, polvos met\u00e1licos (cobre coloidal), que protegen y evitan el engripamento de las piezas tratadas.  MOLYGRAFIT PK -1 est\u00e1 isenta de plomo y zinc y se desarroll\u00f3 especialmente para atender las m\u00e1s severas condiciones de trabajo de perfuraci\u00f3n en los segmentos de miner\u00eda y offshore, atendiendo a las exigencias de las normas API.  En funci\u00f3n de su formulaci\u00f3n, con materias primas de \u00faltima generaci\u00f3n, MOLYGRAFIT PK-1, es \u00f3ptima para lubrificaci\u00f3n de valvulas de industrias sider\u00fargicas y tornillos de fijaci\u00f3n de equipos sometidos a altas temperaturas, como: hornos, ca\u00f1ones de extrusoras, etc.  Soporta altas temperaturas sin gotear, proporcionando lubrificaci\u00f3n eficaz por largos per\u00edodos.  Puede tambi\u00e9n ser utilizada en contactos el\u00e9ctricos o terminales de bater\u00edas para inhibir la formaci\u00f3n de oxidaci\u00f3n (cinabrio).  MOLYGRAFIT PK-1 es un producto at\u00f3xico, que no ofrece riesgo al operador.\" \/>\n<meta property=\"og:url\" content=\"https:\/\/molygrafit.com\/cl\/producto\/pk-1-grasa-antigripante-e-hidrorrepelente-totalmente-sintetica\/\" \/>\n<meta property=\"og:site_name\" content=\"Molygrafit - Lubricantes Especiales\" \/>\n<meta property=\"article:modified_time\" content=\"2025-08-19T00:33:26+00:00\" \/>\n<meta property=\"og:image\" content=\"https:\/\/molygrafit.com\/cl\/wp-content\/uploads\/2021\/03\/Baldes_Kilos_final.jpg\" \/>\n\t<meta property=\"og:image:width\" content=\"600\" \/>\n\t<meta property=\"og:image:height\" content=\"600\" \/>\n\t<meta property=\"og:image:type\" content=\"image\/jpeg\" \/>\n<meta name=\"twitter:card\" content=\"summary_large_image\" \/>\n<script type=\"application\/ld+json\" class=\"yoast-schema-graph\">{\"@context\":\"https:\/\/schema.org\",\"@graph\":[{\"@type\":\"WebPage\",\"@id\":\"https:\/\/molygrafit.com\/cl\/producto\/pk-1-grasa-antigripante-e-hidrorrepelente-totalmente-sintetica\/\",\"url\":\"https:\/\/molygrafit.com\/cl\/producto\/pk-1-grasa-antigripante-e-hidrorrepelente-totalmente-sintetica\/\",\"name\":\"PK-1 > GRASA ANTIGRIPANTE E HIDRORREPELENTE TOTALMENTE SINT\u00c9TICA. - Molygrafit - Lubricantes Especiales\",\"isPartOf\":{\"@id\":\"https:\/\/molygrafit.com\/cl\/#website\"},\"primaryImageOfPage\":{\"@id\":\"https:\/\/molygrafit.com\/cl\/producto\/pk-1-grasa-antigripante-e-hidrorrepelente-totalmente-sintetica\/#primaryimage\"},\"image\":{\"@id\":\"https:\/\/molygrafit.com\/cl\/producto\/pk-1-grasa-antigripante-e-hidrorrepelente-totalmente-sintetica\/#primaryimage\"},\"thumbnailUrl\":\"https:\/\/molygrafit.com\/cl\/wp-content\/uploads\/2021\/03\/Baldes_Kilos_final.jpg\",\"datePublished\":\"2021-05-25T19:47:41+00:00\",\"dateModified\":\"2025-08-19T00:33:26+00:00\",\"breadcrumb\":{\"@id\":\"https:\/\/molygrafit.com\/cl\/producto\/pk-1-grasa-antigripante-e-hidrorrepelente-totalmente-sintetica\/#breadcrumb\"},\"inLanguage\":\"es-CL\",\"potentialAction\":[{\"@type\":\"ReadAction\",\"target\":[\"https:\/\/molygrafit.com\/cl\/producto\/pk-1-grasa-antigripante-e-hidrorrepelente-totalmente-sintetica\/\"]}]},{\"@type\":\"ImageObject\",\"inLanguage\":\"es-CL\",\"@id\":\"https:\/\/molygrafit.com\/cl\/producto\/pk-1-grasa-antigripante-e-hidrorrepelente-totalmente-sintetica\/#primaryimage\",\"url\":\"https:\/\/molygrafit.com\/cl\/wp-content\/uploads\/2021\/03\/Baldes_Kilos_final.jpg\",\"contentUrl\":\"https:\/\/molygrafit.com\/cl\/wp-content\/uploads\/2021\/03\/Baldes_Kilos_final.jpg\",\"width\":600,\"height\":600},{\"@type\":\"BreadcrumbList\",\"@id\":\"https:\/\/molygrafit.com\/cl\/producto\/pk-1-grasa-antigripante-e-hidrorrepelente-totalmente-sintetica\/#breadcrumb\",\"itemListElement\":[{\"@type\":\"ListItem\",\"position\":1,\"name\":\"In\u00edcio\",\"item\":\"https:\/\/molygrafit.com\/cl\/\"},{\"@type\":\"ListItem\",\"position\":2,\"name\":\"Tienda\",\"item\":\"https:\/\/molygrafit.com\/cl\/\"},{\"@type\":\"ListItem\",\"position\":3,\"name\":\"PK-1 > GRASA ANTIGRIPANTE E HIDRORREPELENTE TOTALMENTE SINT\u00c9TICA.\"}]},{\"@type\":\"WebSite\",\"@id\":\"https:\/\/molygrafit.com\/cl\/#website\",\"url\":\"https:\/\/molygrafit.com\/cl\/\",\"name\":\"Molygrafit - Lubricantes Especiales\",\"description\":\"\",\"potentialAction\":[{\"@type\":\"SearchAction\",\"target\":{\"@type\":\"EntryPoint\",\"urlTemplate\":\"https:\/\/molygrafit.com\/cl\/?s={search_term_string}\"},\"query-input\":{\"@type\":\"PropertyValueSpecification\",\"valueRequired\":true,\"valueName\":\"search_term_string\"}}],\"inLanguage\":\"es-CL\"}]}<\/script>\n<!-- \/ Yoast SEO plugin. -->","yoast_head_json":{"title":"PK-1 > GRASA ANTIGRIPANTE E HIDRORREPELENTE TOTALMENTE SINT\u00c9TICA. - Molygrafit - Lubricantes Especiales","robots":{"index":"index","follow":"follow","max-snippet":"max-snippet:-1","max-image-preview":"max-image-preview:large","max-video-preview":"max-video-preview:-1"},"canonical":"https:\/\/molygrafit.com\/cl\/producto\/pk-1-grasa-antigripante-e-hidrorrepelente-totalmente-sintetica\/","og_locale":"es_ES","og_type":"article","og_title":"PK-1 > GRASA ANTIGRIPANTE E HIDRORREPELENTE TOTALMENTE SINT\u00c9TICA. - Molygrafit - Lubricantes Especiales","og_description":"Grasa desengripante totalmente sint\u00e9tica, hidrorrepelente, para uso em roscas, tornillos y equipos sujeitos a ambientes agresivos y\/u humedos que causen corrosi\u00f3n.  Possee en su formula lubrificantes s\u00f3lidos (grafito micronizado), antioxidantes, aditivos de extrema presi\u00f3n, antidesgaste, polvos met\u00e1licos (cobre coloidal), que protegen y evitan el engripamento de las piezas tratadas.  MOLYGRAFIT PK -1 est\u00e1 isenta de plomo y zinc y se desarroll\u00f3 especialmente para atender las m\u00e1s severas condiciones de trabajo de perfuraci\u00f3n en los segmentos de miner\u00eda y offshore, atendiendo a las exigencias de las normas API.  En funci\u00f3n de su formulaci\u00f3n, con materias primas de \u00faltima generaci\u00f3n, MOLYGRAFIT PK-1, es \u00f3ptima para lubrificaci\u00f3n de valvulas de industrias sider\u00fargicas y tornillos de fijaci\u00f3n de equipos sometidos a altas temperaturas, como: hornos, ca\u00f1ones de extrusoras, etc.  Soporta altas temperaturas sin gotear, proporcionando lubrificaci\u00f3n eficaz por largos per\u00edodos.  Puede tambi\u00e9n ser utilizada en contactos el\u00e9ctricos o terminales de bater\u00edas para inhibir la formaci\u00f3n de oxidaci\u00f3n (cinabrio).  MOLYGRAFIT PK-1 es un producto at\u00f3xico, que no ofrece riesgo al operador.","og_url":"https:\/\/molygrafit.com\/cl\/producto\/pk-1-grasa-antigripante-e-hidrorrepelente-totalmente-sintetica\/","og_site_name":"Molygrafit - Lubricantes Especiales","article_modified_time":"2025-08-19T00:33:26+00:00","og_image":[{"width":600,"height":600,"url":"https:\/\/molygrafit.com\/cl\/wp-content\/uploads\/2021\/03\/Baldes_Kilos_final.jpg","type":"image\/jpeg"}],"twitter_card":"summary_large_image","schema":{"@context":"https:\/\/schema.org","@graph":[{"@type":"WebPage","@id":"https:\/\/molygrafit.com\/cl\/producto\/pk-1-grasa-antigripante-e-hidrorrepelente-totalmente-sintetica\/","url":"https:\/\/molygrafit.com\/cl\/producto\/pk-1-grasa-antigripante-e-hidrorrepelente-totalmente-sintetica\/","name":"PK-1 > GRASA ANTIGRIPANTE E HIDRORREPELENTE TOTALMENTE SINT\u00c9TICA. - Molygrafit - Lubricantes Especiales","isPartOf":{"@id":"https:\/\/molygrafit.com\/cl\/#website"},"primaryImageOfPage":{"@id":"https:\/\/molygrafit.com\/cl\/producto\/pk-1-grasa-antigripante-e-hidrorrepelente-totalmente-sintetica\/#primaryimage"},"image":{"@id":"https:\/\/molygrafit.com\/cl\/producto\/pk-1-grasa-antigripante-e-hidrorrepelente-totalmente-sintetica\/#primaryimage"},"thumbnailUrl":"https:\/\/molygrafit.com\/cl\/wp-content\/uploads\/2021\/03\/Baldes_Kilos_final.jpg","datePublished":"2021-05-25T19:47:41+00:00","dateModified":"2025-08-19T00:33:26+00:00","breadcrumb":{"@id":"https:\/\/molygrafit.com\/cl\/producto\/pk-1-grasa-antigripante-e-hidrorrepelente-totalmente-sintetica\/#breadcrumb"},"inLanguage":"es-CL","potentialAction":[{"@type":"ReadAction","target":["https:\/\/molygrafit.com\/cl\/producto\/pk-1-grasa-antigripante-e-hidrorrepelente-totalmente-sintetica\/"]}]},{"@type":"ImageObject","inLanguage":"es-CL","@id":"https:\/\/molygrafit.com\/cl\/producto\/pk-1-grasa-antigripante-e-hidrorrepelente-totalmente-sintetica\/#primaryimage","url":"https:\/\/molygrafit.com\/cl\/wp-content\/uploads\/2021\/03\/Baldes_Kilos_final.jpg","contentUrl":"https:\/\/molygrafit.com\/cl\/wp-content\/uploads\/2021\/03\/Baldes_Kilos_final.jpg","width":600,"height":600},{"@type":"BreadcrumbList","@id":"https:\/\/molygrafit.com\/cl\/producto\/pk-1-grasa-antigripante-e-hidrorrepelente-totalmente-sintetica\/#breadcrumb","itemListElement":[{"@type":"ListItem","position":1,"name":"In\u00edcio","item":"https:\/\/molygrafit.com\/cl\/"},{"@type":"ListItem","position":2,"name":"Tienda","item":"https:\/\/molygrafit.com\/cl\/"},{"@type":"ListItem","position":3,"name":"PK-1 > GRASA ANTIGRIPANTE E HIDRORREPELENTE TOTALMENTE SINT\u00c9TICA."}]},{"@type":"WebSite","@id":"https:\/\/molygrafit.com\/cl\/#website","url":"https:\/\/molygrafit.com\/cl\/","name":"Molygrafit - Lubricantes Especiales","description":"","potentialAction":[{"@type":"SearchAction","target":{"@type":"EntryPoint","urlTemplate":"https:\/\/molygrafit.com\/cl\/?s={search_term_string}"},"query-input":{"@type":"PropertyValueSpecification","valueRequired":true,"valueName":"search_term_string"}}],"inLanguage":"es-CL"}]}},"_links":{"self":[{"href":"https:\/\/molygrafit.com\/cl\/wp-json\/wp\/v2\/product\/2364","targetHints":{"allow":["GET"]}}],"collection":[{"href":"https:\/\/molygrafit.com\/cl\/wp-json\/wp\/v2\/product"}],"about":[{"href":"https:\/\/molygrafit.com\/cl\/wp-json\/wp\/v2\/types\/product"}],"wp:featuredmedia":[{"embeddable":true,"href":"https:\/\/molygrafit.com\/cl\/wp-json\/wp\/v2\/media\/2074"}],"wp:attachment":[{"href":"https:\/\/molygrafit.com\/cl\/wp-json\/wp\/v2\/media?parent=2364"}],"wp:term":[{"taxonomy":"product_brand","embeddable":true,"href":"https:\/\/molygrafit.com\/cl\/wp-json\/wp\/v2\/product_brand?post=2364"},{"taxonomy":"product_cat","embeddable":true,"href":"https:\/\/molygrafit.com\/cl\/wp-json\/wp\/v2\/product_cat?post=2364"},{"taxonomy":"product_tag","embeddable":true,"href":"https:\/\/molygrafit.com\/cl\/wp-json\/wp\/v2\/product_tag?post=2364"}],"curies":[{"name":"wp","href":"https:\/\/api.w.org\/{rel}","templated":true}]}}