{"id":2365,"date":"2021-05-25T15:47:47","date_gmt":"2021-05-25T19:47:47","guid":{"rendered":"https:\/\/molygrafit.com\/cl\/producto\/import-placeholder-for-1880\/"},"modified":"2025-08-18T22:01:49","modified_gmt":"2025-08-19T01:01:49","slug":"pn-1-bio-grasa-biodegradable-antiagarrotante-para-ambientes-agresivos","status":"publish","type":"product","link":"https:\/\/molygrafit.com\/cl\/producto\/pn-1-bio-grasa-biodegradable-antiagarrotante-para-ambientes-agresivos\/","title":{"rendered":"PN-1\/BIO > GRASA BIODEGRADABLE ANTIAGARROTANTE PARA AMBIENTES AGRESIVOS."},"content":{"rendered":"<ul>\n<li>Aparienacia: Pasta homogenea<span class=\"Apple-converted-space\">\u00a0<\/span><\/li>\n<li>Color: Negra<span class=\"Apple-converted-space\">\u00a0<\/span><\/li>\n<li>Aceite Basico: Sint\u00e9tico\/Biodegradable<span class=\"Apple-converted-space\">\u00a0<\/span><\/li>\n<li>Espesante: Coloidal Inorganico<span class=\"Apple-converted-space\">\u00a0<\/span><\/li>\n<li>Consistencia: 1<span class=\"Apple-converted-space\">\u00a0<\/span><\/li>\n<li>Penetraci\u00f3n Trabajo: 310 &#8211; 340<span class=\"Apple-converted-space\">\u00a0<\/span><\/li>\n<li>Temperatura de uso: -20\u00baC a 1400\u00baC<span class=\"Apple-converted-space\">\u00a0<\/span><\/li>\n<li>Punto de Gota ASTM D 566: Inexistente<span class=\"Apple-converted-space\">\u00a0<\/span><\/li>\n<\/ul>\n","protected":false},"excerpt":{"rendered":"<p>Grasa anti-amarrante para uso en roscas de pernos sometidos a ambientes agresivos y humedos que provoquen corroci\u00f3n.<\/p>\n<p>Posee en su composici\u00f3n qu\u00edmica lubrificantes s\u00f3lidos no met\u00e1licos, antioxidantes, aditivos de extrema presi\u00f3n, que evitan agripamiento de las piezas tratadas.<\/p>\n<p>Puede tambi\u00e9n ser utilizado en contactos el\u00e9tricos en terminales de baterias para evitar formaci\u00f3n de oxidaci\u00f3n sulfatada.<\/p>\n<p>Se utiliza para lubrificaci\u00f3n de v\u00e1lvulas y equipamentos de ind\u00fastrias sider\u00fargicas, mineras petroleras y pernos de fijaci\u00f3n en equipamientos sometidos altas temperaturas, como: hornos, tubos de estructura de perforaci\u00f3n, etc.<\/p>\n<p>Especialmente indicada para proteger equipamentos expuesto a corroci\u00f3n mar\u00edtima.<\/p>\n<p>Producto at\u00f3xico, no inflamable seguro para el operador.<\/p>\n<p>Lubrificante biodegradablel, conforme norma OECD 301 B, no causa da\u00f1o para el operador, sin perjuisio para m\u00e9dio ambiente.<\/p>\n","protected":false},"featured_media":2074,"template":"","meta":{"_acf_changed":false},"product_brand":[],"product_cat":[155],"product_tag":[203,202,204],"class_list":{"0":"post-2365","1":"product","2":"type-product","3":"status-publish","4":"has-post-thumbnail","6":"product_cat-offshore-naval","7":"product_tag-grasa-antiagarrotante","8":"product_tag-grasa-biodegradable","9":"product_tag-grasa-para-ambientes-agresivos","11":"first","12":"instock","13":"shipping-taxable","14":"product-type-variable"},"acf":[],"yoast_head":"<!-- This site is optimized with the Yoast SEO plugin v26.9 - https:\/\/yoast.com\/product\/yoast-seo-wordpress\/ -->\n<title>PN-1\/BIO &gt; GRASA BIODEGRADABLE ANTIAGARROTANTE PARA AMBIENTES AGRESIVOS. - Molygrafit - Lubricantes Especiales<\/title>\n<meta name=\"robots\" content=\"index, follow, max-snippet:-1, max-image-preview:large, max-video-preview:-1\" \/>\n<link rel=\"canonical\" href=\"https:\/\/molygrafit.com\/cl\/producto\/pn-1-bio-grasa-biodegradable-antiagarrotante-para-ambientes-agresivos\/\" \/>\n<meta property=\"og:locale\" content=\"es_ES\" \/>\n<meta property=\"og:type\" content=\"article\" \/>\n<meta property=\"og:title\" content=\"PN-1\/BIO &gt; GRASA BIODEGRADABLE ANTIAGARROTANTE PARA AMBIENTES AGRESIVOS. - Molygrafit - Lubricantes Especiales\" \/>\n<meta property=\"og:description\" content=\"Grasa anti-amarrante para uso en roscas de pernos sometidos a ambientes agresivos y humedos que provoquen corroci\u00f3n.  Posee en su composici\u00f3n qu\u00edmica lubrificantes s\u00f3lidos no met\u00e1licos, antioxidantes, aditivos de extrema presi\u00f3n, que evitan agripamiento de las piezas tratadas.  Puede tambi\u00e9n ser utilizado en contactos el\u00e9tricos en terminales de baterias para evitar formaci\u00f3n de oxidaci\u00f3n sulfatada.  Se utiliza para lubrificaci\u00f3n de v\u00e1lvulas y equipamentos de ind\u00fastrias sider\u00fargicas, mineras petroleras y pernos de fijaci\u00f3n en equipamientos sometidos altas temperaturas, como: hornos, tubos de estructura de perforaci\u00f3n, etc.  Especialmente indicada para proteger equipamentos expuesto a corroci\u00f3n mar\u00edtima.  Producto at\u00f3xico, no inflamable seguro para el operador.  Lubrificante biodegradablel, conforme norma OECD 301 B, no causa da\u00f1o para el operador, sin perjuisio para m\u00e9dio ambiente.\" \/>\n<meta property=\"og:url\" content=\"https:\/\/molygrafit.com\/cl\/producto\/pn-1-bio-grasa-biodegradable-antiagarrotante-para-ambientes-agresivos\/\" \/>\n<meta property=\"og:site_name\" content=\"Molygrafit - Lubricantes Especiales\" \/>\n<meta property=\"article:modified_time\" content=\"2025-08-19T01:01:49+00:00\" \/>\n<meta property=\"og:image\" content=\"https:\/\/molygrafit.com\/cl\/wp-content\/uploads\/2021\/03\/Baldes_Kilos_final.jpg\" \/>\n\t<meta property=\"og:image:width\" content=\"600\" \/>\n\t<meta property=\"og:image:height\" content=\"600\" \/>\n\t<meta property=\"og:image:type\" content=\"image\/jpeg\" \/>\n<meta name=\"twitter:card\" content=\"summary_large_image\" \/>\n<script type=\"application\/ld+json\" class=\"yoast-schema-graph\">{\"@context\":\"https:\/\/schema.org\",\"@graph\":[{\"@type\":\"WebPage\",\"@id\":\"https:\/\/molygrafit.com\/cl\/producto\/pn-1-bio-grasa-biodegradable-antiagarrotante-para-ambientes-agresivos\/\",\"url\":\"https:\/\/molygrafit.com\/cl\/producto\/pn-1-bio-grasa-biodegradable-antiagarrotante-para-ambientes-agresivos\/\",\"name\":\"PN-1\/BIO > GRASA BIODEGRADABLE ANTIAGARROTANTE PARA AMBIENTES AGRESIVOS. - Molygrafit - Lubricantes Especiales\",\"isPartOf\":{\"@id\":\"https:\/\/molygrafit.com\/cl\/#website\"},\"primaryImageOfPage\":{\"@id\":\"https:\/\/molygrafit.com\/cl\/producto\/pn-1-bio-grasa-biodegradable-antiagarrotante-para-ambientes-agresivos\/#primaryimage\"},\"image\":{\"@id\":\"https:\/\/molygrafit.com\/cl\/producto\/pn-1-bio-grasa-biodegradable-antiagarrotante-para-ambientes-agresivos\/#primaryimage\"},\"thumbnailUrl\":\"https:\/\/molygrafit.com\/cl\/wp-content\/uploads\/2021\/03\/Baldes_Kilos_final.jpg\",\"datePublished\":\"2021-05-25T19:47:47+00:00\",\"dateModified\":\"2025-08-19T01:01:49+00:00\",\"breadcrumb\":{\"@id\":\"https:\/\/molygrafit.com\/cl\/producto\/pn-1-bio-grasa-biodegradable-antiagarrotante-para-ambientes-agresivos\/#breadcrumb\"},\"inLanguage\":\"es-CL\",\"potentialAction\":[{\"@type\":\"ReadAction\",\"target\":[\"https:\/\/molygrafit.com\/cl\/producto\/pn-1-bio-grasa-biodegradable-antiagarrotante-para-ambientes-agresivos\/\"]}]},{\"@type\":\"ImageObject\",\"inLanguage\":\"es-CL\",\"@id\":\"https:\/\/molygrafit.com\/cl\/producto\/pn-1-bio-grasa-biodegradable-antiagarrotante-para-ambientes-agresivos\/#primaryimage\",\"url\":\"https:\/\/molygrafit.com\/cl\/wp-content\/uploads\/2021\/03\/Baldes_Kilos_final.jpg\",\"contentUrl\":\"https:\/\/molygrafit.com\/cl\/wp-content\/uploads\/2021\/03\/Baldes_Kilos_final.jpg\",\"width\":600,\"height\":600},{\"@type\":\"BreadcrumbList\",\"@id\":\"https:\/\/molygrafit.com\/cl\/producto\/pn-1-bio-grasa-biodegradable-antiagarrotante-para-ambientes-agresivos\/#breadcrumb\",\"itemListElement\":[{\"@type\":\"ListItem\",\"position\":1,\"name\":\"In\u00edcio\",\"item\":\"https:\/\/molygrafit.com\/cl\/\"},{\"@type\":\"ListItem\",\"position\":2,\"name\":\"Tienda\",\"item\":\"https:\/\/molygrafit.com\/cl\/\"},{\"@type\":\"ListItem\",\"position\":3,\"name\":\"PN-1\/BIO > GRASA BIODEGRADABLE ANTIAGARROTANTE PARA AMBIENTES AGRESIVOS.\"}]},{\"@type\":\"WebSite\",\"@id\":\"https:\/\/molygrafit.com\/cl\/#website\",\"url\":\"https:\/\/molygrafit.com\/cl\/\",\"name\":\"Molygrafit - Lubricantes Especiales\",\"description\":\"\",\"potentialAction\":[{\"@type\":\"SearchAction\",\"target\":{\"@type\":\"EntryPoint\",\"urlTemplate\":\"https:\/\/molygrafit.com\/cl\/?s={search_term_string}\"},\"query-input\":{\"@type\":\"PropertyValueSpecification\",\"valueRequired\":true,\"valueName\":\"search_term_string\"}}],\"inLanguage\":\"es-CL\"}]}<\/script>\n<!-- \/ Yoast SEO plugin. -->","yoast_head_json":{"title":"PN-1\/BIO > GRASA BIODEGRADABLE ANTIAGARROTANTE PARA AMBIENTES AGRESIVOS. - Molygrafit - Lubricantes Especiales","robots":{"index":"index","follow":"follow","max-snippet":"max-snippet:-1","max-image-preview":"max-image-preview:large","max-video-preview":"max-video-preview:-1"},"canonical":"https:\/\/molygrafit.com\/cl\/producto\/pn-1-bio-grasa-biodegradable-antiagarrotante-para-ambientes-agresivos\/","og_locale":"es_ES","og_type":"article","og_title":"PN-1\/BIO > GRASA BIODEGRADABLE ANTIAGARROTANTE PARA AMBIENTES AGRESIVOS. - Molygrafit - Lubricantes Especiales","og_description":"Grasa anti-amarrante para uso en roscas de pernos sometidos a ambientes agresivos y humedos que provoquen corroci\u00f3n.  Posee en su composici\u00f3n qu\u00edmica lubrificantes s\u00f3lidos no met\u00e1licos, antioxidantes, aditivos de extrema presi\u00f3n, que evitan agripamiento de las piezas tratadas.  Puede tambi\u00e9n ser utilizado en contactos el\u00e9tricos en terminales de baterias para evitar formaci\u00f3n de oxidaci\u00f3n sulfatada.  Se utiliza para lubrificaci\u00f3n de v\u00e1lvulas y equipamentos de ind\u00fastrias sider\u00fargicas, mineras petroleras y pernos de fijaci\u00f3n en equipamientos sometidos altas temperaturas, como: hornos, tubos de estructura de perforaci\u00f3n, etc.  Especialmente indicada para proteger equipamentos expuesto a corroci\u00f3n mar\u00edtima.  Producto at\u00f3xico, no inflamable seguro para el operador.  Lubrificante biodegradablel, conforme norma OECD 301 B, no causa da\u00f1o para el operador, sin perjuisio para m\u00e9dio ambiente.","og_url":"https:\/\/molygrafit.com\/cl\/producto\/pn-1-bio-grasa-biodegradable-antiagarrotante-para-ambientes-agresivos\/","og_site_name":"Molygrafit - Lubricantes Especiales","article_modified_time":"2025-08-19T01:01:49+00:00","og_image":[{"width":600,"height":600,"url":"https:\/\/molygrafit.com\/cl\/wp-content\/uploads\/2021\/03\/Baldes_Kilos_final.jpg","type":"image\/jpeg"}],"twitter_card":"summary_large_image","schema":{"@context":"https:\/\/schema.org","@graph":[{"@type":"WebPage","@id":"https:\/\/molygrafit.com\/cl\/producto\/pn-1-bio-grasa-biodegradable-antiagarrotante-para-ambientes-agresivos\/","url":"https:\/\/molygrafit.com\/cl\/producto\/pn-1-bio-grasa-biodegradable-antiagarrotante-para-ambientes-agresivos\/","name":"PN-1\/BIO > GRASA BIODEGRADABLE ANTIAGARROTANTE PARA AMBIENTES AGRESIVOS. - Molygrafit - Lubricantes Especiales","isPartOf":{"@id":"https:\/\/molygrafit.com\/cl\/#website"},"primaryImageOfPage":{"@id":"https:\/\/molygrafit.com\/cl\/producto\/pn-1-bio-grasa-biodegradable-antiagarrotante-para-ambientes-agresivos\/#primaryimage"},"image":{"@id":"https:\/\/molygrafit.com\/cl\/producto\/pn-1-bio-grasa-biodegradable-antiagarrotante-para-ambientes-agresivos\/#primaryimage"},"thumbnailUrl":"https:\/\/molygrafit.com\/cl\/wp-content\/uploads\/2021\/03\/Baldes_Kilos_final.jpg","datePublished":"2021-05-25T19:47:47+00:00","dateModified":"2025-08-19T01:01:49+00:00","breadcrumb":{"@id":"https:\/\/molygrafit.com\/cl\/producto\/pn-1-bio-grasa-biodegradable-antiagarrotante-para-ambientes-agresivos\/#breadcrumb"},"inLanguage":"es-CL","potentialAction":[{"@type":"ReadAction","target":["https:\/\/molygrafit.com\/cl\/producto\/pn-1-bio-grasa-biodegradable-antiagarrotante-para-ambientes-agresivos\/"]}]},{"@type":"ImageObject","inLanguage":"es-CL","@id":"https:\/\/molygrafit.com\/cl\/producto\/pn-1-bio-grasa-biodegradable-antiagarrotante-para-ambientes-agresivos\/#primaryimage","url":"https:\/\/molygrafit.com\/cl\/wp-content\/uploads\/2021\/03\/Baldes_Kilos_final.jpg","contentUrl":"https:\/\/molygrafit.com\/cl\/wp-content\/uploads\/2021\/03\/Baldes_Kilos_final.jpg","width":600,"height":600},{"@type":"BreadcrumbList","@id":"https:\/\/molygrafit.com\/cl\/producto\/pn-1-bio-grasa-biodegradable-antiagarrotante-para-ambientes-agresivos\/#breadcrumb","itemListElement":[{"@type":"ListItem","position":1,"name":"In\u00edcio","item":"https:\/\/molygrafit.com\/cl\/"},{"@type":"ListItem","position":2,"name":"Tienda","item":"https:\/\/molygrafit.com\/cl\/"},{"@type":"ListItem","position":3,"name":"PN-1\/BIO > GRASA BIODEGRADABLE ANTIAGARROTANTE PARA AMBIENTES AGRESIVOS."}]},{"@type":"WebSite","@id":"https:\/\/molygrafit.com\/cl\/#website","url":"https:\/\/molygrafit.com\/cl\/","name":"Molygrafit - Lubricantes Especiales","description":"","potentialAction":[{"@type":"SearchAction","target":{"@type":"EntryPoint","urlTemplate":"https:\/\/molygrafit.com\/cl\/?s={search_term_string}"},"query-input":{"@type":"PropertyValueSpecification","valueRequired":true,"valueName":"search_term_string"}}],"inLanguage":"es-CL"}]}},"_links":{"self":[{"href":"https:\/\/molygrafit.com\/cl\/wp-json\/wp\/v2\/product\/2365","targetHints":{"allow":["GET"]}}],"collection":[{"href":"https:\/\/molygrafit.com\/cl\/wp-json\/wp\/v2\/product"}],"about":[{"href":"https:\/\/molygrafit.com\/cl\/wp-json\/wp\/v2\/types\/product"}],"wp:featuredmedia":[{"embeddable":true,"href":"https:\/\/molygrafit.com\/cl\/wp-json\/wp\/v2\/media\/2074"}],"wp:attachment":[{"href":"https:\/\/molygrafit.com\/cl\/wp-json\/wp\/v2\/media?parent=2365"}],"wp:term":[{"taxonomy":"product_brand","embeddable":true,"href":"https:\/\/molygrafit.com\/cl\/wp-json\/wp\/v2\/product_brand?post=2365"},{"taxonomy":"product_cat","embeddable":true,"href":"https:\/\/molygrafit.com\/cl\/wp-json\/wp\/v2\/product_cat?post=2365"},{"taxonomy":"product_tag","embeddable":true,"href":"https:\/\/molygrafit.com\/cl\/wp-json\/wp\/v2\/product_tag?post=2365"}],"curies":[{"name":"wp","href":"https:\/\/api.w.org\/{rel}","templated":true}]}}