{"id":2366,"date":"2021-05-25T15:47:47","date_gmt":"2021-05-25T19:47:47","guid":{"rendered":"https:\/\/molygrafit.com\/cl\/producto\/import-placeholder-for-1881\/"},"modified":"2025-08-18T21:36:56","modified_gmt":"2025-08-19T00:36:56","slug":"gls-1-grasa-100-sintetica-no-carboniza-y-soporta-altas-temperaturas-sin-fluidificar","status":"publish","type":"product","link":"https:\/\/molygrafit.com\/cl\/producto\/gls-1-grasa-100-sintetica-no-carboniza-y-soporta-altas-temperaturas-sin-fluidificar\/","title":{"rendered":"GLS-1 > GRASA 100% SINT\u00c9TICA. NO CARBONIZA Y SOPORTA ALTAS TEMPERATURAS SIN FLUIDIFICAR."},"content":{"rendered":"<ul>\n<li>Apariencia: Pasta homog\u00e9nea transparente<\/li>\n<li>Consistencia NLGI: 1<\/li>\n<li>Penetraci\u00f3n trabajada: 310-340<\/li>\n<li>Punto de goteo ASTM D 566: No hay<\/li>\n<li>Temperatura de trabajo: -20 a 350 \u00b0C<\/li>\n<li>Solubilidad en agua: Indisoluble<\/li>\n<li>Separaci\u00f3n de aceite (ASTM D 1742): &lt;1%<\/li>\n<li>Carga de soldadura (ASTM D 2596): &gt;200 Kgf<\/li>\n<li>Viscosidad del aceite b\u00e1sico (ASTM D 445): 1000 cSt<\/li>\n<li>Envejecimiento a 150\u00b0C (prueba de cocci\u00f3n): &gt;1000 h<\/li>\n<li>Corrosi\u00f3n (ASTM D 130): 2 A<\/li>\n<\/ul>\n","protected":false},"excerpt":{"rendered":"<p>MOLYGRAFIT GLS-1 es una grasa sint\u00e9tica especialmente desarrollada para equipos que operan a\u00a0altas temperaturas. Producido con la consistencia adecuada para sistemas de lubricaci\u00f3n\u00a0centralizados, tiene una excelente capacidad de bombeo.<\/p>\n<p>Est\u00e1 formulada con aceites sint\u00e9ticos que resisten altas temperaturas, proporcionando lubricaci\u00f3n sin\u00a0residuos. Contiene aditivos que brindan lubricaci\u00f3n con una baja tasa de evaporaci\u00f3n, aumentando\u00a0los per\u00edodos de lubricaci\u00f3n. Soporta altas presiones y ambientes agresivos y h\u00famedos. Tiene acci\u00f3n\u00a0protectora, inhibiendo la corrosi\u00f3n.<\/p>\n<p>Porque es completamente sint\u00e9tica, no tiene punto de goteo, lo que brinda una mayor seguridad en la\u00a0lubricaci\u00f3n en casos de picos extremos de temperatura.<\/p>\n<p>Suministrada en consistencia 1, bajo consulta, se puede producir tambi\u00e9n otras consistencias.<\/p>\n<p>MOLYGRAFIT GLS-1 no es t\u00f3xica y su aceite base tiene un alto punto de inflamabilidad,\u00a0proporcionando total seguridad al operador.<\/p>\n","protected":false},"featured_media":2074,"template":"","meta":{"_acf_changed":false},"product_brand":[],"product_cat":[158,169],"product_tag":[197,198,199],"class_list":{"0":"post-2366","1":"product","2":"type-product","3":"status-publish","4":"has-post-thumbnail","6":"product_cat-mineria","7":"product_cat-siderurgica","8":"product_tag-grasa-100-sintetica","9":"product_tag-no-carboniza","10":"product_tag-soporta-altas-temperaturas-no-fluidifica","12":"first","13":"instock","14":"shipping-taxable","15":"product-type-variable"},"acf":[],"yoast_head":"<!-- This site is optimized with the Yoast SEO plugin v26.9 - https:\/\/yoast.com\/product\/yoast-seo-wordpress\/ -->\n<title>GLS-1 &gt; GRASA 100% SINT\u00c9TICA. NO CARBONIZA Y SOPORTA ALTAS TEMPERATURAS SIN FLUIDIFICAR. - Molygrafit - Lubricantes Especiales<\/title>\n<meta name=\"robots\" content=\"index, follow, max-snippet:-1, max-image-preview:large, max-video-preview:-1\" \/>\n<link rel=\"canonical\" href=\"https:\/\/molygrafit.com\/cl\/producto\/gls-1-grasa-100-sintetica-no-carboniza-y-soporta-altas-temperaturas-sin-fluidificar\/\" \/>\n<meta property=\"og:locale\" content=\"es_ES\" \/>\n<meta property=\"og:type\" content=\"article\" \/>\n<meta property=\"og:title\" content=\"GLS-1 &gt; GRASA 100% SINT\u00c9TICA. NO CARBONIZA Y SOPORTA ALTAS TEMPERATURAS SIN FLUIDIFICAR. - Molygrafit - Lubricantes Especiales\" \/>\n<meta property=\"og:description\" content=\"MOLYGRAFIT GLS-1 es una grasa sint\u00e9tica especialmente desarrollada para equipos que operan a\u00a0altas temperaturas. Producido con la consistencia adecuada para sistemas de lubricaci\u00f3n\u00a0centralizados, tiene una excelente capacidad de bombeo.  Est\u00e1 formulada con aceites sint\u00e9ticos que resisten altas temperaturas, proporcionando lubricaci\u00f3n sin\u00a0residuos. Contiene aditivos que brindan lubricaci\u00f3n con una baja tasa de evaporaci\u00f3n, aumentando\u00a0los per\u00edodos de lubricaci\u00f3n. Soporta altas presiones y ambientes agresivos y h\u00famedos. Tiene acci\u00f3n\u00a0protectora, inhibiendo la corrosi\u00f3n.  Porque es completamente sint\u00e9tica, no tiene punto de goteo, lo que brinda una mayor seguridad en la\u00a0lubricaci\u00f3n en casos de picos extremos de temperatura.  Suministrada en consistencia 1, bajo consulta, se puede producir tambi\u00e9n otras consistencias.  MOLYGRAFIT GLS-1 no es t\u00f3xica y su aceite base tiene un alto punto de inflamabilidad,\u00a0proporcionando total seguridad al operador.\" \/>\n<meta property=\"og:url\" content=\"https:\/\/molygrafit.com\/cl\/producto\/gls-1-grasa-100-sintetica-no-carboniza-y-soporta-altas-temperaturas-sin-fluidificar\/\" \/>\n<meta property=\"og:site_name\" content=\"Molygrafit - Lubricantes Especiales\" \/>\n<meta property=\"article:modified_time\" content=\"2025-08-19T00:36:56+00:00\" \/>\n<meta property=\"og:image\" content=\"https:\/\/molygrafit.com\/cl\/wp-content\/uploads\/2021\/03\/Baldes_Kilos_final.jpg\" \/>\n\t<meta property=\"og:image:width\" content=\"600\" \/>\n\t<meta property=\"og:image:height\" content=\"600\" \/>\n\t<meta property=\"og:image:type\" content=\"image\/jpeg\" \/>\n<meta name=\"twitter:card\" content=\"summary_large_image\" \/>\n<script type=\"application\/ld+json\" class=\"yoast-schema-graph\">{\"@context\":\"https:\/\/schema.org\",\"@graph\":[{\"@type\":\"WebPage\",\"@id\":\"https:\/\/molygrafit.com\/cl\/producto\/gls-1-grasa-100-sintetica-no-carboniza-y-soporta-altas-temperaturas-sin-fluidificar\/\",\"url\":\"https:\/\/molygrafit.com\/cl\/producto\/gls-1-grasa-100-sintetica-no-carboniza-y-soporta-altas-temperaturas-sin-fluidificar\/\",\"name\":\"GLS-1 > GRASA 100% SINT\u00c9TICA. NO CARBONIZA Y SOPORTA ALTAS TEMPERATURAS SIN FLUIDIFICAR. - Molygrafit - Lubricantes Especiales\",\"isPartOf\":{\"@id\":\"https:\/\/molygrafit.com\/cl\/#website\"},\"primaryImageOfPage\":{\"@id\":\"https:\/\/molygrafit.com\/cl\/producto\/gls-1-grasa-100-sintetica-no-carboniza-y-soporta-altas-temperaturas-sin-fluidificar\/#primaryimage\"},\"image\":{\"@id\":\"https:\/\/molygrafit.com\/cl\/producto\/gls-1-grasa-100-sintetica-no-carboniza-y-soporta-altas-temperaturas-sin-fluidificar\/#primaryimage\"},\"thumbnailUrl\":\"https:\/\/molygrafit.com\/cl\/wp-content\/uploads\/2021\/03\/Baldes_Kilos_final.jpg\",\"datePublished\":\"2021-05-25T19:47:47+00:00\",\"dateModified\":\"2025-08-19T00:36:56+00:00\",\"breadcrumb\":{\"@id\":\"https:\/\/molygrafit.com\/cl\/producto\/gls-1-grasa-100-sintetica-no-carboniza-y-soporta-altas-temperaturas-sin-fluidificar\/#breadcrumb\"},\"inLanguage\":\"es-CL\",\"potentialAction\":[{\"@type\":\"ReadAction\",\"target\":[\"https:\/\/molygrafit.com\/cl\/producto\/gls-1-grasa-100-sintetica-no-carboniza-y-soporta-altas-temperaturas-sin-fluidificar\/\"]}]},{\"@type\":\"ImageObject\",\"inLanguage\":\"es-CL\",\"@id\":\"https:\/\/molygrafit.com\/cl\/producto\/gls-1-grasa-100-sintetica-no-carboniza-y-soporta-altas-temperaturas-sin-fluidificar\/#primaryimage\",\"url\":\"https:\/\/molygrafit.com\/cl\/wp-content\/uploads\/2021\/03\/Baldes_Kilos_final.jpg\",\"contentUrl\":\"https:\/\/molygrafit.com\/cl\/wp-content\/uploads\/2021\/03\/Baldes_Kilos_final.jpg\",\"width\":600,\"height\":600},{\"@type\":\"BreadcrumbList\",\"@id\":\"https:\/\/molygrafit.com\/cl\/producto\/gls-1-grasa-100-sintetica-no-carboniza-y-soporta-altas-temperaturas-sin-fluidificar\/#breadcrumb\",\"itemListElement\":[{\"@type\":\"ListItem\",\"position\":1,\"name\":\"In\u00edcio\",\"item\":\"https:\/\/molygrafit.com\/cl\/\"},{\"@type\":\"ListItem\",\"position\":2,\"name\":\"Tienda\",\"item\":\"https:\/\/molygrafit.com\/cl\/\"},{\"@type\":\"ListItem\",\"position\":3,\"name\":\"GLS-1 > GRASA 100% SINT\u00c9TICA. NO CARBONIZA Y SOPORTA ALTAS TEMPERATURAS SIN FLUIDIFICAR.\"}]},{\"@type\":\"WebSite\",\"@id\":\"https:\/\/molygrafit.com\/cl\/#website\",\"url\":\"https:\/\/molygrafit.com\/cl\/\",\"name\":\"Molygrafit - Lubricantes Especiales\",\"description\":\"\",\"potentialAction\":[{\"@type\":\"SearchAction\",\"target\":{\"@type\":\"EntryPoint\",\"urlTemplate\":\"https:\/\/molygrafit.com\/cl\/?s={search_term_string}\"},\"query-input\":{\"@type\":\"PropertyValueSpecification\",\"valueRequired\":true,\"valueName\":\"search_term_string\"}}],\"inLanguage\":\"es-CL\"}]}<\/script>\n<!-- \/ Yoast SEO plugin. -->","yoast_head_json":{"title":"GLS-1 > GRASA 100% SINT\u00c9TICA. NO CARBONIZA Y SOPORTA ALTAS TEMPERATURAS SIN FLUIDIFICAR. - Molygrafit - Lubricantes Especiales","robots":{"index":"index","follow":"follow","max-snippet":"max-snippet:-1","max-image-preview":"max-image-preview:large","max-video-preview":"max-video-preview:-1"},"canonical":"https:\/\/molygrafit.com\/cl\/producto\/gls-1-grasa-100-sintetica-no-carboniza-y-soporta-altas-temperaturas-sin-fluidificar\/","og_locale":"es_ES","og_type":"article","og_title":"GLS-1 > GRASA 100% SINT\u00c9TICA. NO CARBONIZA Y SOPORTA ALTAS TEMPERATURAS SIN FLUIDIFICAR. - Molygrafit - Lubricantes Especiales","og_description":"MOLYGRAFIT GLS-1 es una grasa sint\u00e9tica especialmente desarrollada para equipos que operan a\u00a0altas temperaturas. Producido con la consistencia adecuada para sistemas de lubricaci\u00f3n\u00a0centralizados, tiene una excelente capacidad de bombeo.  Est\u00e1 formulada con aceites sint\u00e9ticos que resisten altas temperaturas, proporcionando lubricaci\u00f3n sin\u00a0residuos. Contiene aditivos que brindan lubricaci\u00f3n con una baja tasa de evaporaci\u00f3n, aumentando\u00a0los per\u00edodos de lubricaci\u00f3n. Soporta altas presiones y ambientes agresivos y h\u00famedos. Tiene acci\u00f3n\u00a0protectora, inhibiendo la corrosi\u00f3n.  Porque es completamente sint\u00e9tica, no tiene punto de goteo, lo que brinda una mayor seguridad en la\u00a0lubricaci\u00f3n en casos de picos extremos de temperatura.  Suministrada en consistencia 1, bajo consulta, se puede producir tambi\u00e9n otras consistencias.  MOLYGRAFIT GLS-1 no es t\u00f3xica y su aceite base tiene un alto punto de inflamabilidad,\u00a0proporcionando total seguridad al operador.","og_url":"https:\/\/molygrafit.com\/cl\/producto\/gls-1-grasa-100-sintetica-no-carboniza-y-soporta-altas-temperaturas-sin-fluidificar\/","og_site_name":"Molygrafit - Lubricantes Especiales","article_modified_time":"2025-08-19T00:36:56+00:00","og_image":[{"width":600,"height":600,"url":"https:\/\/molygrafit.com\/cl\/wp-content\/uploads\/2021\/03\/Baldes_Kilos_final.jpg","type":"image\/jpeg"}],"twitter_card":"summary_large_image","schema":{"@context":"https:\/\/schema.org","@graph":[{"@type":"WebPage","@id":"https:\/\/molygrafit.com\/cl\/producto\/gls-1-grasa-100-sintetica-no-carboniza-y-soporta-altas-temperaturas-sin-fluidificar\/","url":"https:\/\/molygrafit.com\/cl\/producto\/gls-1-grasa-100-sintetica-no-carboniza-y-soporta-altas-temperaturas-sin-fluidificar\/","name":"GLS-1 > GRASA 100% SINT\u00c9TICA. NO CARBONIZA Y SOPORTA ALTAS TEMPERATURAS SIN FLUIDIFICAR. - Molygrafit - Lubricantes Especiales","isPartOf":{"@id":"https:\/\/molygrafit.com\/cl\/#website"},"primaryImageOfPage":{"@id":"https:\/\/molygrafit.com\/cl\/producto\/gls-1-grasa-100-sintetica-no-carboniza-y-soporta-altas-temperaturas-sin-fluidificar\/#primaryimage"},"image":{"@id":"https:\/\/molygrafit.com\/cl\/producto\/gls-1-grasa-100-sintetica-no-carboniza-y-soporta-altas-temperaturas-sin-fluidificar\/#primaryimage"},"thumbnailUrl":"https:\/\/molygrafit.com\/cl\/wp-content\/uploads\/2021\/03\/Baldes_Kilos_final.jpg","datePublished":"2021-05-25T19:47:47+00:00","dateModified":"2025-08-19T00:36:56+00:00","breadcrumb":{"@id":"https:\/\/molygrafit.com\/cl\/producto\/gls-1-grasa-100-sintetica-no-carboniza-y-soporta-altas-temperaturas-sin-fluidificar\/#breadcrumb"},"inLanguage":"es-CL","potentialAction":[{"@type":"ReadAction","target":["https:\/\/molygrafit.com\/cl\/producto\/gls-1-grasa-100-sintetica-no-carboniza-y-soporta-altas-temperaturas-sin-fluidificar\/"]}]},{"@type":"ImageObject","inLanguage":"es-CL","@id":"https:\/\/molygrafit.com\/cl\/producto\/gls-1-grasa-100-sintetica-no-carboniza-y-soporta-altas-temperaturas-sin-fluidificar\/#primaryimage","url":"https:\/\/molygrafit.com\/cl\/wp-content\/uploads\/2021\/03\/Baldes_Kilos_final.jpg","contentUrl":"https:\/\/molygrafit.com\/cl\/wp-content\/uploads\/2021\/03\/Baldes_Kilos_final.jpg","width":600,"height":600},{"@type":"BreadcrumbList","@id":"https:\/\/molygrafit.com\/cl\/producto\/gls-1-grasa-100-sintetica-no-carboniza-y-soporta-altas-temperaturas-sin-fluidificar\/#breadcrumb","itemListElement":[{"@type":"ListItem","position":1,"name":"In\u00edcio","item":"https:\/\/molygrafit.com\/cl\/"},{"@type":"ListItem","position":2,"name":"Tienda","item":"https:\/\/molygrafit.com\/cl\/"},{"@type":"ListItem","position":3,"name":"GLS-1 > GRASA 100% SINT\u00c9TICA. NO CARBONIZA Y SOPORTA ALTAS TEMPERATURAS SIN FLUIDIFICAR."}]},{"@type":"WebSite","@id":"https:\/\/molygrafit.com\/cl\/#website","url":"https:\/\/molygrafit.com\/cl\/","name":"Molygrafit - Lubricantes Especiales","description":"","potentialAction":[{"@type":"SearchAction","target":{"@type":"EntryPoint","urlTemplate":"https:\/\/molygrafit.com\/cl\/?s={search_term_string}"},"query-input":{"@type":"PropertyValueSpecification","valueRequired":true,"valueName":"search_term_string"}}],"inLanguage":"es-CL"}]}},"_links":{"self":[{"href":"https:\/\/molygrafit.com\/cl\/wp-json\/wp\/v2\/product\/2366","targetHints":{"allow":["GET"]}}],"collection":[{"href":"https:\/\/molygrafit.com\/cl\/wp-json\/wp\/v2\/product"}],"about":[{"href":"https:\/\/molygrafit.com\/cl\/wp-json\/wp\/v2\/types\/product"}],"wp:featuredmedia":[{"embeddable":true,"href":"https:\/\/molygrafit.com\/cl\/wp-json\/wp\/v2\/media\/2074"}],"wp:attachment":[{"href":"https:\/\/molygrafit.com\/cl\/wp-json\/wp\/v2\/media?parent=2366"}],"wp:term":[{"taxonomy":"product_brand","embeddable":true,"href":"https:\/\/molygrafit.com\/cl\/wp-json\/wp\/v2\/product_brand?post=2366"},{"taxonomy":"product_cat","embeddable":true,"href":"https:\/\/molygrafit.com\/cl\/wp-json\/wp\/v2\/product_cat?post=2366"},{"taxonomy":"product_tag","embeddable":true,"href":"https:\/\/molygrafit.com\/cl\/wp-json\/wp\/v2\/product_tag?post=2366"}],"curies":[{"name":"wp","href":"https:\/\/api.w.org\/{rel}","templated":true}]}}