{"id":2544,"date":"2021-06-16T13:42:27","date_gmt":"2021-06-16T16:42:27","guid":{"rendered":"https:\/\/molygrafit.com\/cl\/?post_type=product&#038;p=2544"},"modified":"2025-08-18T21:54:53","modified_gmt":"2025-08-19T00:54:53","slug":"grasa-con-disolvente-para-lubricacion-de-engrenajes-abiertos-bajo-cargas-muy-altas","status":"publish","type":"product","link":"https:\/\/molygrafit.com\/cl\/producto\/grasa-con-disolvente-para-lubricacion-de-engrenajes-abiertos-bajo-cargas-muy-altas\/","title":{"rendered":"GE-1\/SEP\/S > GRASA CON DISOLVENTE PARA LUBRICACI\u00d3N DE ENGRENAJES ABIERTOS BAJO CARGAS MUY ALTAS."},"content":{"rendered":"<ul>\n<li>Apariencia: Negra<\/li>\n<li>Aceite B\u00e1sico: Mineral\/Sint\u00e9tico<\/li>\n<li>Viscosidad del aceite b\u00e1sico: 000 cSt a 40 \u00b0C<\/li>\n<li>Espesante: Inorg\u00e1nico Coloidal<\/li>\n<li>Consistencia: NLGI-1<\/li>\n<li>Penetraci\u00f3n trabajada ASTM D 217: 310-340<\/li>\n<li>Punto de goteo ASTM D 566: Inexistente<\/li>\n<li>Temperatura de trabajo: -20 a 200 \u00b0C<\/li>\n<li>Lubricante s\u00f3lido: Disulfuro de Molibdeno<\/li>\n<li>Carga de soldadura ASTM D-2596: &gt; 800 Kgf<\/li>\n<li>Corrosi\u00f3n en hoja de cobre ASTM D 130: 2 A<\/li>\n<\/ul>\n","protected":false},"excerpt":{"rendered":"<p>Grasa especial de alta adherencia que contiene bisulfuro de molibdeno y aditivos especiales de extrema presi\u00f3n, apta para engranajes abiertos sometidos a cargas muy altas.<span class=\"Apple-converted-space\">\u00a0<\/span><\/p>\n<p>Su f\u00f3rmula est\u00e1 compuesta por aditivos especiales que proporcionan a la grasa una reducci\u00f3n del rozamiento entre engranajes, resistencia a altas cargas, as\u00ed como un efecto antiest\u00e1tico, inhibiendo la adherencia del polvo. Producto sint\u00e9tico sin punto de goteo, resistente a altas temperaturas. Resistente al agua, productos qu\u00edmicos y atm\u00f3sferas agresivas. Se puede aplicar a cualquier tipo de engrenajes, como en industrias navales, movimiento de tierras, miner\u00eda etc. MOLYGRAFIT GE-1\/SEP\/S es un producto de baja toxicidad.<span class=\"Apple-converted-space\">\u00a0<\/span><\/p>\n<p>Listo para usar, contiene disolventes que tras el secado proporcionan una pel\u00edcula fina y homog\u00e9nea.<span class=\"Apple-converted-space\">\u00a0<\/span><\/p>\n<p>F\u00e1cil de usar, se puede aplicar manualmente o mediante sistemas autom\u00e1ticos.<span class=\"Apple-converted-space\">\u00a0<\/span><\/p>\n<p>Producto no inflamable; no causa dermatitis, ofreciendo seguridad al operador.<span class=\"Apple-converted-space\">\u00a0<\/span><\/p>\n","protected":false},"featured_media":2074,"template":"","meta":{"_acf_changed":false},"product_brand":[],"product_cat":[158],"product_tag":[236],"class_list":{"0":"post-2544","1":"product","2":"type-product","3":"status-publish","4":"has-post-thumbnail","6":"product_cat-mineria","7":"product_tag-grasa-con-disolvente-para-lubricacion-de-engrenajes-abiertos-bajo-cargas-muy-altas","9":"first","10":"instock","11":"shipping-taxable","12":"product-type-variable"},"acf":[],"yoast_head":"<!-- This site is optimized with the Yoast SEO plugin v26.9 - https:\/\/yoast.com\/product\/yoast-seo-wordpress\/ -->\n<title>GE-1\/SEP\/S &gt; GRASA CON DISOLVENTE PARA LUBRICACI\u00d3N DE ENGRENAJES ABIERTOS BAJO CARGAS MUY ALTAS. - Molygrafit - Lubricantes Especiales<\/title>\n<meta name=\"robots\" content=\"index, follow, max-snippet:-1, max-image-preview:large, max-video-preview:-1\" \/>\n<link rel=\"canonical\" href=\"https:\/\/molygrafit.com\/cl\/producto\/grasa-con-disolvente-para-lubricacion-de-engrenajes-abiertos-bajo-cargas-muy-altas\/\" \/>\n<meta property=\"og:locale\" content=\"es_ES\" \/>\n<meta property=\"og:type\" content=\"article\" \/>\n<meta property=\"og:title\" content=\"GE-1\/SEP\/S &gt; GRASA CON DISOLVENTE PARA LUBRICACI\u00d3N DE ENGRENAJES ABIERTOS BAJO CARGAS MUY ALTAS. - Molygrafit - Lubricantes Especiales\" \/>\n<meta property=\"og:description\" content=\"Grasa especial de alta adherencia que contiene bisulfuro de molibdeno y aditivos especiales de extrema presi\u00f3n, apta para engranajes abiertos sometidos a cargas muy altas.\u00a0  Su f\u00f3rmula est\u00e1 compuesta por aditivos especiales que proporcionan a la grasa una reducci\u00f3n del rozamiento entre engranajes, resistencia a altas cargas, as\u00ed como un efecto antiest\u00e1tico, inhibiendo la adherencia del polvo. Producto sint\u00e9tico sin punto de goteo, resistente a altas temperaturas. Resistente al agua, productos qu\u00edmicos y atm\u00f3sferas agresivas. Se puede aplicar a cualquier tipo de engrenajes, como en industrias navales, movimiento de tierras, miner\u00eda etc. MOLYGRAFIT GE-1\/SEP\/S es un producto de baja toxicidad.\u00a0  Listo para usar, contiene disolventes que tras el secado proporcionan una pel\u00edcula fina y homog\u00e9nea.\u00a0  F\u00e1cil de usar, se puede aplicar manualmente o mediante sistemas autom\u00e1ticos.\u00a0  Producto no inflamable; no causa dermatitis, ofreciendo seguridad al operador.\u00a0\" \/>\n<meta property=\"og:url\" content=\"https:\/\/molygrafit.com\/cl\/producto\/grasa-con-disolvente-para-lubricacion-de-engrenajes-abiertos-bajo-cargas-muy-altas\/\" \/>\n<meta property=\"og:site_name\" content=\"Molygrafit - Lubricantes Especiales\" \/>\n<meta property=\"article:modified_time\" content=\"2025-08-19T00:54:53+00:00\" \/>\n<meta property=\"og:image\" content=\"https:\/\/molygrafit.com\/cl\/wp-content\/uploads\/2021\/03\/Baldes_Kilos_final.jpg\" \/>\n\t<meta property=\"og:image:width\" content=\"600\" \/>\n\t<meta property=\"og:image:height\" content=\"600\" \/>\n\t<meta property=\"og:image:type\" content=\"image\/jpeg\" \/>\n<meta name=\"twitter:card\" content=\"summary_large_image\" \/>\n<script type=\"application\/ld+json\" class=\"yoast-schema-graph\">{\"@context\":\"https:\/\/schema.org\",\"@graph\":[{\"@type\":\"WebPage\",\"@id\":\"https:\/\/molygrafit.com\/cl\/producto\/grasa-con-disolvente-para-lubricacion-de-engrenajes-abiertos-bajo-cargas-muy-altas\/\",\"url\":\"https:\/\/molygrafit.com\/cl\/producto\/grasa-con-disolvente-para-lubricacion-de-engrenajes-abiertos-bajo-cargas-muy-altas\/\",\"name\":\"GE-1\/SEP\/S > GRASA CON DISOLVENTE PARA LUBRICACI\u00d3N DE ENGRENAJES ABIERTOS BAJO CARGAS MUY ALTAS. - Molygrafit - Lubricantes Especiales\",\"isPartOf\":{\"@id\":\"https:\/\/molygrafit.com\/cl\/#website\"},\"primaryImageOfPage\":{\"@id\":\"https:\/\/molygrafit.com\/cl\/producto\/grasa-con-disolvente-para-lubricacion-de-engrenajes-abiertos-bajo-cargas-muy-altas\/#primaryimage\"},\"image\":{\"@id\":\"https:\/\/molygrafit.com\/cl\/producto\/grasa-con-disolvente-para-lubricacion-de-engrenajes-abiertos-bajo-cargas-muy-altas\/#primaryimage\"},\"thumbnailUrl\":\"https:\/\/molygrafit.com\/cl\/wp-content\/uploads\/2021\/03\/Baldes_Kilos_final.jpg\",\"datePublished\":\"2021-06-16T16:42:27+00:00\",\"dateModified\":\"2025-08-19T00:54:53+00:00\",\"breadcrumb\":{\"@id\":\"https:\/\/molygrafit.com\/cl\/producto\/grasa-con-disolvente-para-lubricacion-de-engrenajes-abiertos-bajo-cargas-muy-altas\/#breadcrumb\"},\"inLanguage\":\"es-CL\",\"potentialAction\":[{\"@type\":\"ReadAction\",\"target\":[\"https:\/\/molygrafit.com\/cl\/producto\/grasa-con-disolvente-para-lubricacion-de-engrenajes-abiertos-bajo-cargas-muy-altas\/\"]}]},{\"@type\":\"ImageObject\",\"inLanguage\":\"es-CL\",\"@id\":\"https:\/\/molygrafit.com\/cl\/producto\/grasa-con-disolvente-para-lubricacion-de-engrenajes-abiertos-bajo-cargas-muy-altas\/#primaryimage\",\"url\":\"https:\/\/molygrafit.com\/cl\/wp-content\/uploads\/2021\/03\/Baldes_Kilos_final.jpg\",\"contentUrl\":\"https:\/\/molygrafit.com\/cl\/wp-content\/uploads\/2021\/03\/Baldes_Kilos_final.jpg\",\"width\":600,\"height\":600},{\"@type\":\"BreadcrumbList\",\"@id\":\"https:\/\/molygrafit.com\/cl\/producto\/grasa-con-disolvente-para-lubricacion-de-engrenajes-abiertos-bajo-cargas-muy-altas\/#breadcrumb\",\"itemListElement\":[{\"@type\":\"ListItem\",\"position\":1,\"name\":\"In\u00edcio\",\"item\":\"https:\/\/molygrafit.com\/cl\/\"},{\"@type\":\"ListItem\",\"position\":2,\"name\":\"Tienda\",\"item\":\"https:\/\/molygrafit.com\/cl\/\"},{\"@type\":\"ListItem\",\"position\":3,\"name\":\"GE-1\/SEP\/S > GRASA CON DISOLVENTE PARA LUBRICACI\u00d3N DE ENGRENAJES ABIERTOS BAJO CARGAS MUY ALTAS.\"}]},{\"@type\":\"WebSite\",\"@id\":\"https:\/\/molygrafit.com\/cl\/#website\",\"url\":\"https:\/\/molygrafit.com\/cl\/\",\"name\":\"Molygrafit - Lubricantes Especiales\",\"description\":\"\",\"potentialAction\":[{\"@type\":\"SearchAction\",\"target\":{\"@type\":\"EntryPoint\",\"urlTemplate\":\"https:\/\/molygrafit.com\/cl\/?s={search_term_string}\"},\"query-input\":{\"@type\":\"PropertyValueSpecification\",\"valueRequired\":true,\"valueName\":\"search_term_string\"}}],\"inLanguage\":\"es-CL\"}]}<\/script>\n<!-- \/ Yoast SEO plugin. -->","yoast_head_json":{"title":"GE-1\/SEP\/S > GRASA CON DISOLVENTE PARA LUBRICACI\u00d3N DE ENGRENAJES ABIERTOS BAJO CARGAS MUY ALTAS. - Molygrafit - Lubricantes Especiales","robots":{"index":"index","follow":"follow","max-snippet":"max-snippet:-1","max-image-preview":"max-image-preview:large","max-video-preview":"max-video-preview:-1"},"canonical":"https:\/\/molygrafit.com\/cl\/producto\/grasa-con-disolvente-para-lubricacion-de-engrenajes-abiertos-bajo-cargas-muy-altas\/","og_locale":"es_ES","og_type":"article","og_title":"GE-1\/SEP\/S > GRASA CON DISOLVENTE PARA LUBRICACI\u00d3N DE ENGRENAJES ABIERTOS BAJO CARGAS MUY ALTAS. - Molygrafit - Lubricantes Especiales","og_description":"Grasa especial de alta adherencia que contiene bisulfuro de molibdeno y aditivos especiales de extrema presi\u00f3n, apta para engranajes abiertos sometidos a cargas muy altas.\u00a0  Su f\u00f3rmula est\u00e1 compuesta por aditivos especiales que proporcionan a la grasa una reducci\u00f3n del rozamiento entre engranajes, resistencia a altas cargas, as\u00ed como un efecto antiest\u00e1tico, inhibiendo la adherencia del polvo. Producto sint\u00e9tico sin punto de goteo, resistente a altas temperaturas. Resistente al agua, productos qu\u00edmicos y atm\u00f3sferas agresivas. Se puede aplicar a cualquier tipo de engrenajes, como en industrias navales, movimiento de tierras, miner\u00eda etc. MOLYGRAFIT GE-1\/SEP\/S es un producto de baja toxicidad.\u00a0  Listo para usar, contiene disolventes que tras el secado proporcionan una pel\u00edcula fina y homog\u00e9nea.\u00a0  F\u00e1cil de usar, se puede aplicar manualmente o mediante sistemas autom\u00e1ticos.\u00a0  Producto no inflamable; no causa dermatitis, ofreciendo seguridad al operador.\u00a0","og_url":"https:\/\/molygrafit.com\/cl\/producto\/grasa-con-disolvente-para-lubricacion-de-engrenajes-abiertos-bajo-cargas-muy-altas\/","og_site_name":"Molygrafit - Lubricantes Especiales","article_modified_time":"2025-08-19T00:54:53+00:00","og_image":[{"width":600,"height":600,"url":"https:\/\/molygrafit.com\/cl\/wp-content\/uploads\/2021\/03\/Baldes_Kilos_final.jpg","type":"image\/jpeg"}],"twitter_card":"summary_large_image","schema":{"@context":"https:\/\/schema.org","@graph":[{"@type":"WebPage","@id":"https:\/\/molygrafit.com\/cl\/producto\/grasa-con-disolvente-para-lubricacion-de-engrenajes-abiertos-bajo-cargas-muy-altas\/","url":"https:\/\/molygrafit.com\/cl\/producto\/grasa-con-disolvente-para-lubricacion-de-engrenajes-abiertos-bajo-cargas-muy-altas\/","name":"GE-1\/SEP\/S > GRASA CON DISOLVENTE PARA LUBRICACI\u00d3N DE ENGRENAJES ABIERTOS BAJO CARGAS MUY ALTAS. - Molygrafit - Lubricantes Especiales","isPartOf":{"@id":"https:\/\/molygrafit.com\/cl\/#website"},"primaryImageOfPage":{"@id":"https:\/\/molygrafit.com\/cl\/producto\/grasa-con-disolvente-para-lubricacion-de-engrenajes-abiertos-bajo-cargas-muy-altas\/#primaryimage"},"image":{"@id":"https:\/\/molygrafit.com\/cl\/producto\/grasa-con-disolvente-para-lubricacion-de-engrenajes-abiertos-bajo-cargas-muy-altas\/#primaryimage"},"thumbnailUrl":"https:\/\/molygrafit.com\/cl\/wp-content\/uploads\/2021\/03\/Baldes_Kilos_final.jpg","datePublished":"2021-06-16T16:42:27+00:00","dateModified":"2025-08-19T00:54:53+00:00","breadcrumb":{"@id":"https:\/\/molygrafit.com\/cl\/producto\/grasa-con-disolvente-para-lubricacion-de-engrenajes-abiertos-bajo-cargas-muy-altas\/#breadcrumb"},"inLanguage":"es-CL","potentialAction":[{"@type":"ReadAction","target":["https:\/\/molygrafit.com\/cl\/producto\/grasa-con-disolvente-para-lubricacion-de-engrenajes-abiertos-bajo-cargas-muy-altas\/"]}]},{"@type":"ImageObject","inLanguage":"es-CL","@id":"https:\/\/molygrafit.com\/cl\/producto\/grasa-con-disolvente-para-lubricacion-de-engrenajes-abiertos-bajo-cargas-muy-altas\/#primaryimage","url":"https:\/\/molygrafit.com\/cl\/wp-content\/uploads\/2021\/03\/Baldes_Kilos_final.jpg","contentUrl":"https:\/\/molygrafit.com\/cl\/wp-content\/uploads\/2021\/03\/Baldes_Kilos_final.jpg","width":600,"height":600},{"@type":"BreadcrumbList","@id":"https:\/\/molygrafit.com\/cl\/producto\/grasa-con-disolvente-para-lubricacion-de-engrenajes-abiertos-bajo-cargas-muy-altas\/#breadcrumb","itemListElement":[{"@type":"ListItem","position":1,"name":"In\u00edcio","item":"https:\/\/molygrafit.com\/cl\/"},{"@type":"ListItem","position":2,"name":"Tienda","item":"https:\/\/molygrafit.com\/cl\/"},{"@type":"ListItem","position":3,"name":"GE-1\/SEP\/S > GRASA CON DISOLVENTE PARA LUBRICACI\u00d3N DE ENGRENAJES ABIERTOS BAJO CARGAS MUY ALTAS."}]},{"@type":"WebSite","@id":"https:\/\/molygrafit.com\/cl\/#website","url":"https:\/\/molygrafit.com\/cl\/","name":"Molygrafit - Lubricantes Especiales","description":"","potentialAction":[{"@type":"SearchAction","target":{"@type":"EntryPoint","urlTemplate":"https:\/\/molygrafit.com\/cl\/?s={search_term_string}"},"query-input":{"@type":"PropertyValueSpecification","valueRequired":true,"valueName":"search_term_string"}}],"inLanguage":"es-CL"}]}},"_links":{"self":[{"href":"https:\/\/molygrafit.com\/cl\/wp-json\/wp\/v2\/product\/2544","targetHints":{"allow":["GET"]}}],"collection":[{"href":"https:\/\/molygrafit.com\/cl\/wp-json\/wp\/v2\/product"}],"about":[{"href":"https:\/\/molygrafit.com\/cl\/wp-json\/wp\/v2\/types\/product"}],"wp:featuredmedia":[{"embeddable":true,"href":"https:\/\/molygrafit.com\/cl\/wp-json\/wp\/v2\/media\/2074"}],"wp:attachment":[{"href":"https:\/\/molygrafit.com\/cl\/wp-json\/wp\/v2\/media?parent=2544"}],"wp:term":[{"taxonomy":"product_brand","embeddable":true,"href":"https:\/\/molygrafit.com\/cl\/wp-json\/wp\/v2\/product_brand?post=2544"},{"taxonomy":"product_cat","embeddable":true,"href":"https:\/\/molygrafit.com\/cl\/wp-json\/wp\/v2\/product_cat?post=2544"},{"taxonomy":"product_tag","embeddable":true,"href":"https:\/\/molygrafit.com\/cl\/wp-json\/wp\/v2\/product_tag?post=2544"}],"curies":[{"name":"wp","href":"https:\/\/api.w.org\/{rel}","templated":true}]}}