{"id":2560,"date":"2021-06-16T16:03:21","date_gmt":"2021-06-16T19:03:21","guid":{"rendered":"https:\/\/molygrafit.com\/cl\/?post_type=product&#038;p=2560"},"modified":"2025-08-15T14:01:59","modified_gmt":"2025-08-15T17:01:59","slug":"utilizado-para-limpiar-las-escobillas-de-generadores-de-energia-electrica-de-usinas-termoelectricas","status":"publish","type":"product","link":"https:\/\/molygrafit.com\/cl\/producto\/utilizado-para-limpiar-las-escobillas-de-generadores-de-energia-electrica-de-usinas-termoelectricas\/","title":{"rendered":"DGE > UTILIZADO PARA LIMPIAR LAS ESCOBILLAS DE GENERADORES DE ENERG\u00cdA EL\u00c9CTRICA DE USINAS TERMOEL\u00c9CTRICAS."},"content":{"rendered":"<ul>\n<li>Apariencia: L\u00edquido rosa<span class=\"Apple-converted-space\">\u00a0<\/span><\/li>\n<li>Densidad: 0,75 g\/cm3<span class=\"Apple-converted-space\">\u00a0<\/span><\/li>\n<li>Punto de inflamabilidad: 94 \u00b0C<span class=\"Apple-converted-space\">\u00a0<\/span><\/li>\n<li>Temperatura de trabajo: -50 \u00b0C a 85 \u00b0C<span class=\"Apple-converted-space\">\u00a0<\/span><\/li>\n<li>Solubilidad en agua: indisoluble<span class=\"Apple-converted-space\">\u00a0<\/span><\/li>\n<li>Rigidez diel\u00e9ctrica: 24 KV (ASTM D877)<span class=\"Apple-converted-space\">\u00a0<\/span><\/li>\n<\/ul>\n","protected":false},"excerpt":{"rendered":"<p>MOLYGRAFIT FE-46\/H es un aceite sint\u00e9tico biodegradable, con propiedades antillamas, especialmente formulado para actuar como fluido hidr\u00e1ulico y t\u00e9rmico. Tambi\u00e9n es adecuado para lubricar gu\u00edas, cadenas y engranajes. Posee aditivos en su formulaci\u00f3n que brindan una excelente estabilidad t\u00e9rmica.<span class=\"Apple-converted-space\">\u00a0<\/span><\/p>\n<p>Al estar formulado con bases sint\u00e9ticas, no forma incrustaciones, manteniendo la eficiencia total de los sistemas durante largos per\u00edodos, requiriendo \u00fanicamente su sustituci\u00f3n por fuga y\/o evaporaci\u00f3n.<span class=\"Apple-converted-space\">\u00a0<\/span><\/p>\n<p>No ataca pl\u00e1sticos, pinturas y cauchos, y es compatible con las juntas utilizadas con aceite mineral: caucho nitr\u00edlico, elast\u00f3mero fluorado, PU y PTFE.<span class=\"Apple-converted-space\">\u00a0<\/span><\/p>\n<p>Producto no t\u00f3xico, no inflamable; seguro para el operador. Como solo contiene materias primas no t\u00f3xicas, puede operar en las industrias alimentaria y farmac\u00e9utica.<span class=\"Apple-converted-space\">\u00a0<\/span><\/p>\n<p>Se debe realizar una limpieza al cambiar los aceites; si es necesario, enjuague. MOLYGRAFIT FE-46\/H cumple el est\u00e1ndar OCDE 301-B de biodegradabilidad; cumple con los est\u00e1ndares IBAMA.<span class=\"Apple-converted-space\">\u00a0<\/span><\/p>\n","protected":false},"featured_media":2076,"template":"","meta":{"_acf_changed":false},"product_brand":[],"product_cat":[159,161,166,158],"product_tag":[232],"class_list":{"0":"post-2560","1":"product","2":"type-product","3":"status-publish","4":"has-post-thumbnail","6":"product_cat-aplicaciones-comunes","7":"product_cat-azucar-y-alcohol","8":"product_cat-electrica-eletronica","9":"product_cat-mineria","10":"product_tag-utilizado-para-limpiar-las-escobillas-de-generadores-de-energia-electrica-de-usinas-termoelectricas","12":"first","13":"instock","14":"shipping-taxable","15":"product-type-variable"},"acf":[],"yoast_head":"<!-- This site is optimized with the Yoast SEO plugin v26.9 - https:\/\/yoast.com\/product\/yoast-seo-wordpress\/ -->\n<title>DGE &gt; UTILIZADO PARA LIMPIAR LAS ESCOBILLAS DE GENERADORES DE ENERG\u00cdA EL\u00c9CTRICA DE USINAS TERMOEL\u00c9CTRICAS. - Molygrafit - Lubricantes Especiales<\/title>\n<meta name=\"robots\" content=\"index, follow, max-snippet:-1, max-image-preview:large, max-video-preview:-1\" \/>\n<link rel=\"canonical\" href=\"https:\/\/molygrafit.com\/cl\/producto\/utilizado-para-limpiar-las-escobillas-de-generadores-de-energia-electrica-de-usinas-termoelectricas\/\" \/>\n<meta property=\"og:locale\" content=\"es_ES\" \/>\n<meta property=\"og:type\" content=\"article\" \/>\n<meta property=\"og:title\" content=\"DGE &gt; UTILIZADO PARA LIMPIAR LAS ESCOBILLAS DE GENERADORES DE ENERG\u00cdA EL\u00c9CTRICA DE USINAS TERMOEL\u00c9CTRICAS. - Molygrafit - Lubricantes Especiales\" \/>\n<meta property=\"og:description\" content=\"MOLYGRAFIT FE-46\/H es un aceite sint\u00e9tico biodegradable, con propiedades antillamas, especialmente formulado para actuar como fluido hidr\u00e1ulico y t\u00e9rmico. Tambi\u00e9n es adecuado para lubricar gu\u00edas, cadenas y engranajes. Posee aditivos en su formulaci\u00f3n que brindan una excelente estabilidad t\u00e9rmica.\u00a0  Al estar formulado con bases sint\u00e9ticas, no forma incrustaciones, manteniendo la eficiencia total de los sistemas durante largos per\u00edodos, requiriendo \u00fanicamente su sustituci\u00f3n por fuga y\/o evaporaci\u00f3n.\u00a0  No ataca pl\u00e1sticos, pinturas y cauchos, y es compatible con las juntas utilizadas con aceite mineral: caucho nitr\u00edlico, elast\u00f3mero fluorado, PU y PTFE.\u00a0  Producto no t\u00f3xico, no inflamable; seguro para el operador. Como solo contiene materias primas no t\u00f3xicas, puede operar en las industrias alimentaria y farmac\u00e9utica.\u00a0  Se debe realizar una limpieza al cambiar los aceites; si es necesario, enjuague. MOLYGRAFIT FE-46\/H cumple el est\u00e1ndar OCDE 301-B de biodegradabilidad; cumple con los est\u00e1ndares IBAMA.\u00a0\" \/>\n<meta property=\"og:url\" content=\"https:\/\/molygrafit.com\/cl\/producto\/utilizado-para-limpiar-las-escobillas-de-generadores-de-energia-electrica-de-usinas-termoelectricas\/\" \/>\n<meta property=\"og:site_name\" content=\"Molygrafit - Lubricantes Especiales\" \/>\n<meta property=\"article:modified_time\" content=\"2025-08-15T17:01:59+00:00\" \/>\n<meta property=\"og:image\" content=\"https:\/\/molygrafit.com\/cl\/wp-content\/uploads\/2021\/03\/BB_Lts_final.jpg\" \/>\n\t<meta property=\"og:image:width\" content=\"600\" \/>\n\t<meta property=\"og:image:height\" content=\"600\" \/>\n\t<meta property=\"og:image:type\" content=\"image\/jpeg\" \/>\n<meta name=\"twitter:card\" content=\"summary_large_image\" \/>\n<script type=\"application\/ld+json\" class=\"yoast-schema-graph\">{\"@context\":\"https:\/\/schema.org\",\"@graph\":[{\"@type\":\"WebPage\",\"@id\":\"https:\/\/molygrafit.com\/cl\/producto\/utilizado-para-limpiar-las-escobillas-de-generadores-de-energia-electrica-de-usinas-termoelectricas\/\",\"url\":\"https:\/\/molygrafit.com\/cl\/producto\/utilizado-para-limpiar-las-escobillas-de-generadores-de-energia-electrica-de-usinas-termoelectricas\/\",\"name\":\"DGE > UTILIZADO PARA LIMPIAR LAS ESCOBILLAS DE GENERADORES DE ENERG\u00cdA EL\u00c9CTRICA DE USINAS TERMOEL\u00c9CTRICAS. - Molygrafit - Lubricantes Especiales\",\"isPartOf\":{\"@id\":\"https:\/\/molygrafit.com\/cl\/#website\"},\"primaryImageOfPage\":{\"@id\":\"https:\/\/molygrafit.com\/cl\/producto\/utilizado-para-limpiar-las-escobillas-de-generadores-de-energia-electrica-de-usinas-termoelectricas\/#primaryimage\"},\"image\":{\"@id\":\"https:\/\/molygrafit.com\/cl\/producto\/utilizado-para-limpiar-las-escobillas-de-generadores-de-energia-electrica-de-usinas-termoelectricas\/#primaryimage\"},\"thumbnailUrl\":\"https:\/\/molygrafit.com\/cl\/wp-content\/uploads\/2021\/03\/BB_Lts_final.jpg\",\"datePublished\":\"2021-06-16T19:03:21+00:00\",\"dateModified\":\"2025-08-15T17:01:59+00:00\",\"breadcrumb\":{\"@id\":\"https:\/\/molygrafit.com\/cl\/producto\/utilizado-para-limpiar-las-escobillas-de-generadores-de-energia-electrica-de-usinas-termoelectricas\/#breadcrumb\"},\"inLanguage\":\"es-CL\",\"potentialAction\":[{\"@type\":\"ReadAction\",\"target\":[\"https:\/\/molygrafit.com\/cl\/producto\/utilizado-para-limpiar-las-escobillas-de-generadores-de-energia-electrica-de-usinas-termoelectricas\/\"]}]},{\"@type\":\"ImageObject\",\"inLanguage\":\"es-CL\",\"@id\":\"https:\/\/molygrafit.com\/cl\/producto\/utilizado-para-limpiar-las-escobillas-de-generadores-de-energia-electrica-de-usinas-termoelectricas\/#primaryimage\",\"url\":\"https:\/\/molygrafit.com\/cl\/wp-content\/uploads\/2021\/03\/BB_Lts_final.jpg\",\"contentUrl\":\"https:\/\/molygrafit.com\/cl\/wp-content\/uploads\/2021\/03\/BB_Lts_final.jpg\",\"width\":600,\"height\":600},{\"@type\":\"BreadcrumbList\",\"@id\":\"https:\/\/molygrafit.com\/cl\/producto\/utilizado-para-limpiar-las-escobillas-de-generadores-de-energia-electrica-de-usinas-termoelectricas\/#breadcrumb\",\"itemListElement\":[{\"@type\":\"ListItem\",\"position\":1,\"name\":\"In\u00edcio\",\"item\":\"https:\/\/molygrafit.com\/cl\/\"},{\"@type\":\"ListItem\",\"position\":2,\"name\":\"Tienda\",\"item\":\"https:\/\/molygrafit.com\/cl\/\"},{\"@type\":\"ListItem\",\"position\":3,\"name\":\"DGE > UTILIZADO PARA LIMPIAR LAS ESCOBILLAS DE GENERADORES DE ENERG\u00cdA EL\u00c9CTRICA DE USINAS TERMOEL\u00c9CTRICAS.\"}]},{\"@type\":\"WebSite\",\"@id\":\"https:\/\/molygrafit.com\/cl\/#website\",\"url\":\"https:\/\/molygrafit.com\/cl\/\",\"name\":\"Molygrafit - Lubricantes Especiales\",\"description\":\"\",\"potentialAction\":[{\"@type\":\"SearchAction\",\"target\":{\"@type\":\"EntryPoint\",\"urlTemplate\":\"https:\/\/molygrafit.com\/cl\/?s={search_term_string}\"},\"query-input\":{\"@type\":\"PropertyValueSpecification\",\"valueRequired\":true,\"valueName\":\"search_term_string\"}}],\"inLanguage\":\"es-CL\"}]}<\/script>\n<!-- \/ Yoast SEO plugin. -->","yoast_head_json":{"title":"DGE > UTILIZADO PARA LIMPIAR LAS ESCOBILLAS DE GENERADORES DE ENERG\u00cdA EL\u00c9CTRICA DE USINAS TERMOEL\u00c9CTRICAS. - Molygrafit - Lubricantes Especiales","robots":{"index":"index","follow":"follow","max-snippet":"max-snippet:-1","max-image-preview":"max-image-preview:large","max-video-preview":"max-video-preview:-1"},"canonical":"https:\/\/molygrafit.com\/cl\/producto\/utilizado-para-limpiar-las-escobillas-de-generadores-de-energia-electrica-de-usinas-termoelectricas\/","og_locale":"es_ES","og_type":"article","og_title":"DGE > UTILIZADO PARA LIMPIAR LAS ESCOBILLAS DE GENERADORES DE ENERG\u00cdA EL\u00c9CTRICA DE USINAS TERMOEL\u00c9CTRICAS. - Molygrafit - Lubricantes Especiales","og_description":"MOLYGRAFIT FE-46\/H es un aceite sint\u00e9tico biodegradable, con propiedades antillamas, especialmente formulado para actuar como fluido hidr\u00e1ulico y t\u00e9rmico. Tambi\u00e9n es adecuado para lubricar gu\u00edas, cadenas y engranajes. Posee aditivos en su formulaci\u00f3n que brindan una excelente estabilidad t\u00e9rmica.\u00a0  Al estar formulado con bases sint\u00e9ticas, no forma incrustaciones, manteniendo la eficiencia total de los sistemas durante largos per\u00edodos, requiriendo \u00fanicamente su sustituci\u00f3n por fuga y\/o evaporaci\u00f3n.\u00a0  No ataca pl\u00e1sticos, pinturas y cauchos, y es compatible con las juntas utilizadas con aceite mineral: caucho nitr\u00edlico, elast\u00f3mero fluorado, PU y PTFE.\u00a0  Producto no t\u00f3xico, no inflamable; seguro para el operador. Como solo contiene materias primas no t\u00f3xicas, puede operar en las industrias alimentaria y farmac\u00e9utica.\u00a0  Se debe realizar una limpieza al cambiar los aceites; si es necesario, enjuague. MOLYGRAFIT FE-46\/H cumple el est\u00e1ndar OCDE 301-B de biodegradabilidad; cumple con los est\u00e1ndares IBAMA.\u00a0","og_url":"https:\/\/molygrafit.com\/cl\/producto\/utilizado-para-limpiar-las-escobillas-de-generadores-de-energia-electrica-de-usinas-termoelectricas\/","og_site_name":"Molygrafit - Lubricantes Especiales","article_modified_time":"2025-08-15T17:01:59+00:00","og_image":[{"width":600,"height":600,"url":"https:\/\/molygrafit.com\/cl\/wp-content\/uploads\/2021\/03\/BB_Lts_final.jpg","type":"image\/jpeg"}],"twitter_card":"summary_large_image","schema":{"@context":"https:\/\/schema.org","@graph":[{"@type":"WebPage","@id":"https:\/\/molygrafit.com\/cl\/producto\/utilizado-para-limpiar-las-escobillas-de-generadores-de-energia-electrica-de-usinas-termoelectricas\/","url":"https:\/\/molygrafit.com\/cl\/producto\/utilizado-para-limpiar-las-escobillas-de-generadores-de-energia-electrica-de-usinas-termoelectricas\/","name":"DGE > UTILIZADO PARA LIMPIAR LAS ESCOBILLAS DE GENERADORES DE ENERG\u00cdA EL\u00c9CTRICA DE USINAS TERMOEL\u00c9CTRICAS. - Molygrafit - Lubricantes Especiales","isPartOf":{"@id":"https:\/\/molygrafit.com\/cl\/#website"},"primaryImageOfPage":{"@id":"https:\/\/molygrafit.com\/cl\/producto\/utilizado-para-limpiar-las-escobillas-de-generadores-de-energia-electrica-de-usinas-termoelectricas\/#primaryimage"},"image":{"@id":"https:\/\/molygrafit.com\/cl\/producto\/utilizado-para-limpiar-las-escobillas-de-generadores-de-energia-electrica-de-usinas-termoelectricas\/#primaryimage"},"thumbnailUrl":"https:\/\/molygrafit.com\/cl\/wp-content\/uploads\/2021\/03\/BB_Lts_final.jpg","datePublished":"2021-06-16T19:03:21+00:00","dateModified":"2025-08-15T17:01:59+00:00","breadcrumb":{"@id":"https:\/\/molygrafit.com\/cl\/producto\/utilizado-para-limpiar-las-escobillas-de-generadores-de-energia-electrica-de-usinas-termoelectricas\/#breadcrumb"},"inLanguage":"es-CL","potentialAction":[{"@type":"ReadAction","target":["https:\/\/molygrafit.com\/cl\/producto\/utilizado-para-limpiar-las-escobillas-de-generadores-de-energia-electrica-de-usinas-termoelectricas\/"]}]},{"@type":"ImageObject","inLanguage":"es-CL","@id":"https:\/\/molygrafit.com\/cl\/producto\/utilizado-para-limpiar-las-escobillas-de-generadores-de-energia-electrica-de-usinas-termoelectricas\/#primaryimage","url":"https:\/\/molygrafit.com\/cl\/wp-content\/uploads\/2021\/03\/BB_Lts_final.jpg","contentUrl":"https:\/\/molygrafit.com\/cl\/wp-content\/uploads\/2021\/03\/BB_Lts_final.jpg","width":600,"height":600},{"@type":"BreadcrumbList","@id":"https:\/\/molygrafit.com\/cl\/producto\/utilizado-para-limpiar-las-escobillas-de-generadores-de-energia-electrica-de-usinas-termoelectricas\/#breadcrumb","itemListElement":[{"@type":"ListItem","position":1,"name":"In\u00edcio","item":"https:\/\/molygrafit.com\/cl\/"},{"@type":"ListItem","position":2,"name":"Tienda","item":"https:\/\/molygrafit.com\/cl\/"},{"@type":"ListItem","position":3,"name":"DGE > UTILIZADO PARA LIMPIAR LAS ESCOBILLAS DE GENERADORES DE ENERG\u00cdA EL\u00c9CTRICA DE USINAS TERMOEL\u00c9CTRICAS."}]},{"@type":"WebSite","@id":"https:\/\/molygrafit.com\/cl\/#website","url":"https:\/\/molygrafit.com\/cl\/","name":"Molygrafit - Lubricantes Especiales","description":"","potentialAction":[{"@type":"SearchAction","target":{"@type":"EntryPoint","urlTemplate":"https:\/\/molygrafit.com\/cl\/?s={search_term_string}"},"query-input":{"@type":"PropertyValueSpecification","valueRequired":true,"valueName":"search_term_string"}}],"inLanguage":"es-CL"}]}},"_links":{"self":[{"href":"https:\/\/molygrafit.com\/cl\/wp-json\/wp\/v2\/product\/2560","targetHints":{"allow":["GET"]}}],"collection":[{"href":"https:\/\/molygrafit.com\/cl\/wp-json\/wp\/v2\/product"}],"about":[{"href":"https:\/\/molygrafit.com\/cl\/wp-json\/wp\/v2\/types\/product"}],"wp:featuredmedia":[{"embeddable":true,"href":"https:\/\/molygrafit.com\/cl\/wp-json\/wp\/v2\/media\/2076"}],"wp:attachment":[{"href":"https:\/\/molygrafit.com\/cl\/wp-json\/wp\/v2\/media?parent=2560"}],"wp:term":[{"taxonomy":"product_brand","embeddable":true,"href":"https:\/\/molygrafit.com\/cl\/wp-json\/wp\/v2\/product_brand?post=2560"},{"taxonomy":"product_cat","embeddable":true,"href":"https:\/\/molygrafit.com\/cl\/wp-json\/wp\/v2\/product_cat?post=2560"},{"taxonomy":"product_tag","embeddable":true,"href":"https:\/\/molygrafit.com\/cl\/wp-json\/wp\/v2\/product_tag?post=2560"}],"curies":[{"name":"wp","href":"https:\/\/api.w.org\/{rel}","templated":true}]}}