{"id":2571,"date":"2021-06-16T16:39:06","date_gmt":"2021-06-16T19:39:06","guid":{"rendered":"https:\/\/molygrafit.com\/cl\/?post_type=product&#038;p=2571"},"modified":"2025-08-18T21:42:40","modified_gmt":"2025-08-19T00:42:40","slug":"aceite-semisintetico-para-lubricacion-de-compresores-de-aire-rotatorios","status":"publish","type":"product","link":"https:\/\/molygrafit.com\/cl\/producto\/aceite-semisintetico-para-lubricacion-de-compresores-de-aire-rotatorios\/","title":{"rendered":"FTM-46 > ACEITE SEMISINT\u00c9TICO PARA LUBRICACI\u00d3N DE COMPRESORES DE AIRE ROTATORIOS."},"content":{"rendered":"<ul>\n<li><span style=\"color: #333333;\">Apariencia: L\u00edquido azul<\/span><\/li>\n<li>Viscosidad: ISO VG 46<span class=\"Apple-converted-space\">\u00a0<\/span><\/li>\n<li>Punto m\u00ednimo de fluidez: -30 \u00b0C<span class=\"Apple-converted-space\">\u00a0<\/span><\/li>\n<li>Solubilidad en agua: Indisoluble<span class=\"Apple-converted-space\">\u00a0<\/span><\/li>\n<li>Ponto de inflamabilidad (ASTM D 92): 140 \u00b0C<span class=\"Apple-converted-space\">\u00a0<\/span><\/li>\n<li>Temperatura de trabajo: \u00a0-30 \u00b0C a 130 \u00b0C<span class=\"Apple-converted-space\">\u00a0<\/span><\/li>\n<\/ul>\n","protected":false},"excerpt":{"rendered":"<p>MOLYGRAFIT FTM-46 es un aceite mixto (mineral + sint\u00e9tico) para operar en compresores rotativos (paletas o tornillos).<span class=\"Apple-converted-space\">\u00a0<\/span><\/p>\n<p>Su formulaci\u00f3n cuenta con aditivos anticorrosivos, antioxidantes, antidesgaste y antiespuma que proporcionan largos per\u00edodos de lubricaci\u00f3n, hasta 4000 horas. Al cambiar los lubricantes, la m\u00e1quina debe limpiarse, si es necesario hacer un lavado.<span class=\"Apple-converted-space\">\u00a0<\/span><\/p>\n<p>MOLYGRAFIT FTM-46 tiene un alto contenido de aceite sint\u00e9tico, lo que reduce la formaci\u00f3n de sedimento y barniz que afectan el desempe\u00f1o del equipo. Producto no t\u00f3xico, con alto punto de inflamabilidad, seguro para el operador.<span class=\"Apple-converted-space\">\u00a0<\/span><\/p>\n<p>Producto no t\u00f3xico, no inflamable; seguro para el operador. Como solo contiene materias primas no t\u00f3xicas, puede operar en las industrias alimentaria y farmac\u00e9utica.<span class=\"Apple-converted-space\">\u00a0<\/span><\/p>\n<p>Se debe realizar una limpieza al cambiar los aceites; si es necesario, enjuague.<\/p>\n<p>MOLYGRAFIT FE-46\/H cumple el est\u00e1ndar OCDE 301-B de biodegradabilidad; cumple con los est\u00e1ndares IBAMA.<span class=\"Apple-converted-space\">\u00a0<\/span><\/p>\n","protected":false},"featured_media":2076,"template":"","meta":{"_acf_changed":false},"product_brand":[],"product_cat":[159,158],"product_tag":[230],"class_list":{"0":"post-2571","1":"product","2":"type-product","3":"status-publish","4":"has-post-thumbnail","6":"product_cat-aplicaciones-comunes","7":"product_cat-mineria","8":"product_tag-aceite-semisintetico-para-lubricacion-de-compresores-de-aire-rotatorios","10":"first","11":"instock","12":"shipping-taxable","13":"product-type-variable"},"acf":[],"yoast_head":"<!-- This site is optimized with the Yoast SEO plugin v26.9 - https:\/\/yoast.com\/product\/yoast-seo-wordpress\/ -->\n<title>FTM-46 &gt; ACEITE SEMISINT\u00c9TICO PARA LUBRICACI\u00d3N DE COMPRESORES DE AIRE ROTATORIOS. - Molygrafit - Lubricantes Especiales<\/title>\n<meta name=\"robots\" content=\"index, follow, max-snippet:-1, max-image-preview:large, max-video-preview:-1\" \/>\n<link rel=\"canonical\" href=\"https:\/\/molygrafit.com\/cl\/producto\/aceite-semisintetico-para-lubricacion-de-compresores-de-aire-rotatorios\/\" \/>\n<meta property=\"og:locale\" content=\"es_ES\" \/>\n<meta property=\"og:type\" content=\"article\" \/>\n<meta property=\"og:title\" content=\"FTM-46 &gt; ACEITE SEMISINT\u00c9TICO PARA LUBRICACI\u00d3N DE COMPRESORES DE AIRE ROTATORIOS. - Molygrafit - Lubricantes Especiales\" \/>\n<meta property=\"og:description\" content=\"MOLYGRAFIT FTM-46 es un aceite mixto (mineral + sint\u00e9tico) para operar en compresores rotativos (paletas o tornillos).\u00a0  Su formulaci\u00f3n cuenta con aditivos anticorrosivos, antioxidantes, antidesgaste y antiespuma que proporcionan largos per\u00edodos de lubricaci\u00f3n, hasta 4000 horas. Al cambiar los lubricantes, la m\u00e1quina debe limpiarse, si es necesario hacer un lavado.\u00a0  MOLYGRAFIT FTM-46 tiene un alto contenido de aceite sint\u00e9tico, lo que reduce la formaci\u00f3n de sedimento y barniz que afectan el desempe\u00f1o del equipo. Producto no t\u00f3xico, con alto punto de inflamabilidad, seguro para el operador.\u00a0  Producto no t\u00f3xico, no inflamable; seguro para el operador. Como solo contiene materias primas no t\u00f3xicas, puede operar en las industrias alimentaria y farmac\u00e9utica.\u00a0  Se debe realizar una limpieza al cambiar los aceites; si es necesario, enjuague.  MOLYGRAFIT FE-46\/H cumple el est\u00e1ndar OCDE 301-B de biodegradabilidad; cumple con los est\u00e1ndares IBAMA.\u00a0\" \/>\n<meta property=\"og:url\" content=\"https:\/\/molygrafit.com\/cl\/producto\/aceite-semisintetico-para-lubricacion-de-compresores-de-aire-rotatorios\/\" \/>\n<meta property=\"og:site_name\" content=\"Molygrafit - Lubricantes Especiales\" \/>\n<meta property=\"article:modified_time\" content=\"2025-08-19T00:42:40+00:00\" \/>\n<meta property=\"og:image\" content=\"https:\/\/molygrafit.com\/cl\/wp-content\/uploads\/2021\/03\/BB_Lts_final.jpg\" \/>\n\t<meta property=\"og:image:width\" content=\"600\" \/>\n\t<meta property=\"og:image:height\" content=\"600\" \/>\n\t<meta property=\"og:image:type\" content=\"image\/jpeg\" \/>\n<meta name=\"twitter:card\" content=\"summary_large_image\" \/>\n<script type=\"application\/ld+json\" class=\"yoast-schema-graph\">{\"@context\":\"https:\/\/schema.org\",\"@graph\":[{\"@type\":\"WebPage\",\"@id\":\"https:\/\/molygrafit.com\/cl\/producto\/aceite-semisintetico-para-lubricacion-de-compresores-de-aire-rotatorios\/\",\"url\":\"https:\/\/molygrafit.com\/cl\/producto\/aceite-semisintetico-para-lubricacion-de-compresores-de-aire-rotatorios\/\",\"name\":\"FTM-46 > ACEITE SEMISINT\u00c9TICO PARA LUBRICACI\u00d3N DE COMPRESORES DE AIRE ROTATORIOS. - Molygrafit - Lubricantes Especiales\",\"isPartOf\":{\"@id\":\"https:\/\/molygrafit.com\/cl\/#website\"},\"primaryImageOfPage\":{\"@id\":\"https:\/\/molygrafit.com\/cl\/producto\/aceite-semisintetico-para-lubricacion-de-compresores-de-aire-rotatorios\/#primaryimage\"},\"image\":{\"@id\":\"https:\/\/molygrafit.com\/cl\/producto\/aceite-semisintetico-para-lubricacion-de-compresores-de-aire-rotatorios\/#primaryimage\"},\"thumbnailUrl\":\"https:\/\/molygrafit.com\/cl\/wp-content\/uploads\/2021\/03\/BB_Lts_final.jpg\",\"datePublished\":\"2021-06-16T19:39:06+00:00\",\"dateModified\":\"2025-08-19T00:42:40+00:00\",\"breadcrumb\":{\"@id\":\"https:\/\/molygrafit.com\/cl\/producto\/aceite-semisintetico-para-lubricacion-de-compresores-de-aire-rotatorios\/#breadcrumb\"},\"inLanguage\":\"es-CL\",\"potentialAction\":[{\"@type\":\"ReadAction\",\"target\":[\"https:\/\/molygrafit.com\/cl\/producto\/aceite-semisintetico-para-lubricacion-de-compresores-de-aire-rotatorios\/\"]}]},{\"@type\":\"ImageObject\",\"inLanguage\":\"es-CL\",\"@id\":\"https:\/\/molygrafit.com\/cl\/producto\/aceite-semisintetico-para-lubricacion-de-compresores-de-aire-rotatorios\/#primaryimage\",\"url\":\"https:\/\/molygrafit.com\/cl\/wp-content\/uploads\/2021\/03\/BB_Lts_final.jpg\",\"contentUrl\":\"https:\/\/molygrafit.com\/cl\/wp-content\/uploads\/2021\/03\/BB_Lts_final.jpg\",\"width\":600,\"height\":600},{\"@type\":\"BreadcrumbList\",\"@id\":\"https:\/\/molygrafit.com\/cl\/producto\/aceite-semisintetico-para-lubricacion-de-compresores-de-aire-rotatorios\/#breadcrumb\",\"itemListElement\":[{\"@type\":\"ListItem\",\"position\":1,\"name\":\"In\u00edcio\",\"item\":\"https:\/\/molygrafit.com\/cl\/\"},{\"@type\":\"ListItem\",\"position\":2,\"name\":\"Tienda\",\"item\":\"https:\/\/molygrafit.com\/cl\/\"},{\"@type\":\"ListItem\",\"position\":3,\"name\":\"FTM-46 > ACEITE SEMISINT\u00c9TICO PARA LUBRICACI\u00d3N DE COMPRESORES DE AIRE ROTATORIOS.\"}]},{\"@type\":\"WebSite\",\"@id\":\"https:\/\/molygrafit.com\/cl\/#website\",\"url\":\"https:\/\/molygrafit.com\/cl\/\",\"name\":\"Molygrafit - Lubricantes Especiales\",\"description\":\"\",\"potentialAction\":[{\"@type\":\"SearchAction\",\"target\":{\"@type\":\"EntryPoint\",\"urlTemplate\":\"https:\/\/molygrafit.com\/cl\/?s={search_term_string}\"},\"query-input\":{\"@type\":\"PropertyValueSpecification\",\"valueRequired\":true,\"valueName\":\"search_term_string\"}}],\"inLanguage\":\"es-CL\"}]}<\/script>\n<!-- \/ Yoast SEO plugin. -->","yoast_head_json":{"title":"FTM-46 > ACEITE SEMISINT\u00c9TICO PARA LUBRICACI\u00d3N DE COMPRESORES DE AIRE ROTATORIOS. - Molygrafit - Lubricantes Especiales","robots":{"index":"index","follow":"follow","max-snippet":"max-snippet:-1","max-image-preview":"max-image-preview:large","max-video-preview":"max-video-preview:-1"},"canonical":"https:\/\/molygrafit.com\/cl\/producto\/aceite-semisintetico-para-lubricacion-de-compresores-de-aire-rotatorios\/","og_locale":"es_ES","og_type":"article","og_title":"FTM-46 > ACEITE SEMISINT\u00c9TICO PARA LUBRICACI\u00d3N DE COMPRESORES DE AIRE ROTATORIOS. - Molygrafit - Lubricantes Especiales","og_description":"MOLYGRAFIT FTM-46 es un aceite mixto (mineral + sint\u00e9tico) para operar en compresores rotativos (paletas o tornillos).\u00a0  Su formulaci\u00f3n cuenta con aditivos anticorrosivos, antioxidantes, antidesgaste y antiespuma que proporcionan largos per\u00edodos de lubricaci\u00f3n, hasta 4000 horas. Al cambiar los lubricantes, la m\u00e1quina debe limpiarse, si es necesario hacer un lavado.\u00a0  MOLYGRAFIT FTM-46 tiene un alto contenido de aceite sint\u00e9tico, lo que reduce la formaci\u00f3n de sedimento y barniz que afectan el desempe\u00f1o del equipo. Producto no t\u00f3xico, con alto punto de inflamabilidad, seguro para el operador.\u00a0  Producto no t\u00f3xico, no inflamable; seguro para el operador. Como solo contiene materias primas no t\u00f3xicas, puede operar en las industrias alimentaria y farmac\u00e9utica.\u00a0  Se debe realizar una limpieza al cambiar los aceites; si es necesario, enjuague.  MOLYGRAFIT FE-46\/H cumple el est\u00e1ndar OCDE 301-B de biodegradabilidad; cumple con los est\u00e1ndares IBAMA.\u00a0","og_url":"https:\/\/molygrafit.com\/cl\/producto\/aceite-semisintetico-para-lubricacion-de-compresores-de-aire-rotatorios\/","og_site_name":"Molygrafit - Lubricantes Especiales","article_modified_time":"2025-08-19T00:42:40+00:00","og_image":[{"width":600,"height":600,"url":"https:\/\/molygrafit.com\/cl\/wp-content\/uploads\/2021\/03\/BB_Lts_final.jpg","type":"image\/jpeg"}],"twitter_card":"summary_large_image","schema":{"@context":"https:\/\/schema.org","@graph":[{"@type":"WebPage","@id":"https:\/\/molygrafit.com\/cl\/producto\/aceite-semisintetico-para-lubricacion-de-compresores-de-aire-rotatorios\/","url":"https:\/\/molygrafit.com\/cl\/producto\/aceite-semisintetico-para-lubricacion-de-compresores-de-aire-rotatorios\/","name":"FTM-46 > ACEITE SEMISINT\u00c9TICO PARA LUBRICACI\u00d3N DE COMPRESORES DE AIRE ROTATORIOS. - Molygrafit - Lubricantes Especiales","isPartOf":{"@id":"https:\/\/molygrafit.com\/cl\/#website"},"primaryImageOfPage":{"@id":"https:\/\/molygrafit.com\/cl\/producto\/aceite-semisintetico-para-lubricacion-de-compresores-de-aire-rotatorios\/#primaryimage"},"image":{"@id":"https:\/\/molygrafit.com\/cl\/producto\/aceite-semisintetico-para-lubricacion-de-compresores-de-aire-rotatorios\/#primaryimage"},"thumbnailUrl":"https:\/\/molygrafit.com\/cl\/wp-content\/uploads\/2021\/03\/BB_Lts_final.jpg","datePublished":"2021-06-16T19:39:06+00:00","dateModified":"2025-08-19T00:42:40+00:00","breadcrumb":{"@id":"https:\/\/molygrafit.com\/cl\/producto\/aceite-semisintetico-para-lubricacion-de-compresores-de-aire-rotatorios\/#breadcrumb"},"inLanguage":"es-CL","potentialAction":[{"@type":"ReadAction","target":["https:\/\/molygrafit.com\/cl\/producto\/aceite-semisintetico-para-lubricacion-de-compresores-de-aire-rotatorios\/"]}]},{"@type":"ImageObject","inLanguage":"es-CL","@id":"https:\/\/molygrafit.com\/cl\/producto\/aceite-semisintetico-para-lubricacion-de-compresores-de-aire-rotatorios\/#primaryimage","url":"https:\/\/molygrafit.com\/cl\/wp-content\/uploads\/2021\/03\/BB_Lts_final.jpg","contentUrl":"https:\/\/molygrafit.com\/cl\/wp-content\/uploads\/2021\/03\/BB_Lts_final.jpg","width":600,"height":600},{"@type":"BreadcrumbList","@id":"https:\/\/molygrafit.com\/cl\/producto\/aceite-semisintetico-para-lubricacion-de-compresores-de-aire-rotatorios\/#breadcrumb","itemListElement":[{"@type":"ListItem","position":1,"name":"In\u00edcio","item":"https:\/\/molygrafit.com\/cl\/"},{"@type":"ListItem","position":2,"name":"Tienda","item":"https:\/\/molygrafit.com\/cl\/"},{"@type":"ListItem","position":3,"name":"FTM-46 > ACEITE SEMISINT\u00c9TICO PARA LUBRICACI\u00d3N DE COMPRESORES DE AIRE ROTATORIOS."}]},{"@type":"WebSite","@id":"https:\/\/molygrafit.com\/cl\/#website","url":"https:\/\/molygrafit.com\/cl\/","name":"Molygrafit - Lubricantes Especiales","description":"","potentialAction":[{"@type":"SearchAction","target":{"@type":"EntryPoint","urlTemplate":"https:\/\/molygrafit.com\/cl\/?s={search_term_string}"},"query-input":{"@type":"PropertyValueSpecification","valueRequired":true,"valueName":"search_term_string"}}],"inLanguage":"es-CL"}]}},"_links":{"self":[{"href":"https:\/\/molygrafit.com\/cl\/wp-json\/wp\/v2\/product\/2571","targetHints":{"allow":["GET"]}}],"collection":[{"href":"https:\/\/molygrafit.com\/cl\/wp-json\/wp\/v2\/product"}],"about":[{"href":"https:\/\/molygrafit.com\/cl\/wp-json\/wp\/v2\/types\/product"}],"wp:featuredmedia":[{"embeddable":true,"href":"https:\/\/molygrafit.com\/cl\/wp-json\/wp\/v2\/media\/2076"}],"wp:attachment":[{"href":"https:\/\/molygrafit.com\/cl\/wp-json\/wp\/v2\/media?parent=2571"}],"wp:term":[{"taxonomy":"product_brand","embeddable":true,"href":"https:\/\/molygrafit.com\/cl\/wp-json\/wp\/v2\/product_brand?post=2571"},{"taxonomy":"product_cat","embeddable":true,"href":"https:\/\/molygrafit.com\/cl\/wp-json\/wp\/v2\/product_cat?post=2571"},{"taxonomy":"product_tag","embeddable":true,"href":"https:\/\/molygrafit.com\/cl\/wp-json\/wp\/v2\/product_tag?post=2571"}],"curies":[{"name":"wp","href":"https:\/\/api.w.org\/{rel}","templated":true}]}}