{"id":2576,"date":"2021-06-17T10:10:09","date_gmt":"2021-06-17T13:10:09","guid":{"rendered":"https:\/\/molygrafit.com\/cl\/?post_type=product&#038;p=2576"},"modified":"2025-08-18T21:26:38","modified_gmt":"2025-08-19T00:26:38","slug":"para-lubricacion-de-valvulas-en-contacto-con-oxigeno-esta-grasa-no-reacciona-con-oxigeno-y-luego-evita-que-ocurra-explosion","status":"publish","type":"product","link":"https:\/\/molygrafit.com\/cl\/producto\/para-lubricacion-de-valvulas-en-contacto-con-oxigeno-esta-grasa-no-reacciona-con-oxigeno-y-luego-evita-que-ocurra-explosion\/","title":{"rendered":"GHF-2 > PARA LUBRICACI\u00d3N DE V\u00c1LVULAS EN CONTACTO CON OX\u00cdGENO; ESTA GRASA NO REACCIONA CON OX\u00cdGENO, Y LUEGO EVITA QUE OCURRA EXPLOSI\u00d3N."},"content":{"rendered":"<ul>\n<li>Apariencia: Blanca Homogenea<span class=\"Apple-converted-space\">\u00a0<\/span><\/li>\n<li>Aceite B\u00e1sico: Halogenado<span class=\"Apple-converted-space\">\u00a0<\/span><\/li>\n<li>Espesante: Pol\u00edmero Org\u00e1nico<span class=\"Apple-converted-space\">\u00a0<\/span><\/li>\n<li>Consistencia NLGI: 2<span class=\"Apple-converted-space\">\u00a0<\/span><\/li>\n<li>Temperatura de Trabajo: -30 \u00b0C a 288 \u00b0C<span class=\"Apple-converted-space\">\u00a0<\/span><\/li>\n<li>Solubilidad en agua: Indisoluble<span class=\"Apple-converted-space\">\u00a0<\/span><\/li>\n<\/ul>\n","protected":false},"excerpt":{"rendered":"<p><span class=\"Apple-converted-space\">\u00a0<\/span>MOLYGRAFIT GHF-2 es una grasa a base de aceite halogenado para operaciones donde se requiere un lubricante no inflamable, no reactivo y resistente a muy altas temperaturas. Tambi\u00e9n admite alto vac\u00edo y se puede utilizar en bombas y equipos electr\u00f3nicos.<span class=\"Apple-converted-space\">\u00a0<\/span><\/p>\n<p>Su inercia qu\u00edmica lo califica para su uso en ambientes agresivos que contienen \u00e1cidos, \u00e1lcalis, disolventes fuertes y\/o agentes oxidantes fuertes (ox\u00edgeno, per\u00f3xido de hidr\u00f3geno, cloro etc.), bajo cualquier condici\u00f3n.<span class=\"Apple-converted-space\">\u00a0<\/span><\/p>\n<p>MOLYGRAFIT GHF-2 soporta temperaturas de hasta 288 \u00b0C, proporcionando largos per\u00edodos de lubricaci\u00f3n.<span class=\"Apple-converted-space\">\u00a0<\/span><\/p>\n<p>Se proporciona en la consistencia NLGI 2 y, a pedido, se puede proporcionar en otras consistencias.<span class=\"Apple-converted-space\">\u00a0<\/span><\/p>\n<p>Producto seguro para el operador y no inflamable; no ataca pl\u00e1sticos ni cauchos.<span class=\"Apple-converted-space\">\u00a0<\/span><\/p>\n<p>MOLYGRAFIT GHF-2 es un lubricante no t\u00f3xico que puede funcionar en las industrias alimentaria y farmac\u00e9utica.<span class=\"Apple-converted-space\">\u00a0<\/span><\/p>\n","protected":false},"featured_media":2074,"template":"","meta":{"_acf_changed":false},"product_brand":[],"product_cat":[193],"product_tag":[228,229],"class_list":{"0":"post-2576","1":"product","2":"type-product","3":"status-publish","4":"has-post-thumbnail","6":"product_cat-fundicion","7":"product_tag-para-lubricacion-de-valvulas-en-contacto-con-oxigeno-esta-grasa-no-reacciona-con-oxigeno","8":"product_tag-y-luego-evita-que-ocurra-explosion","10":"first","11":"instock","12":"shipping-taxable","13":"product-type-variable"},"acf":[],"yoast_head":"<!-- This site is optimized with the Yoast SEO plugin v26.9 - https:\/\/yoast.com\/product\/yoast-seo-wordpress\/ -->\n<title>GHF-2 &gt; PARA LUBRICACI\u00d3N DE V\u00c1LVULAS EN CONTACTO CON OX\u00cdGENO; ESTA GRASA NO REACCIONA CON OX\u00cdGENO, Y LUEGO EVITA QUE OCURRA EXPLOSI\u00d3N. - Molygrafit - Lubricantes Especiales<\/title>\n<meta name=\"robots\" content=\"index, follow, max-snippet:-1, max-image-preview:large, max-video-preview:-1\" \/>\n<link rel=\"canonical\" href=\"https:\/\/molygrafit.com\/cl\/producto\/para-lubricacion-de-valvulas-en-contacto-con-oxigeno-esta-grasa-no-reacciona-con-oxigeno-y-luego-evita-que-ocurra-explosion\/\" \/>\n<meta property=\"og:locale\" content=\"es_ES\" \/>\n<meta property=\"og:type\" content=\"article\" \/>\n<meta property=\"og:title\" content=\"GHF-2 &gt; PARA LUBRICACI\u00d3N DE V\u00c1LVULAS EN CONTACTO CON OX\u00cdGENO; ESTA GRASA NO REACCIONA CON OX\u00cdGENO, Y LUEGO EVITA QUE OCURRA EXPLOSI\u00d3N. - Molygrafit - Lubricantes Especiales\" \/>\n<meta property=\"og:description\" content=\"\u00a0MOLYGRAFIT GHF-2 es una grasa a base de aceite halogenado para operaciones donde se requiere un lubricante no inflamable, no reactivo y resistente a muy altas temperaturas. Tambi\u00e9n admite alto vac\u00edo y se puede utilizar en bombas y equipos electr\u00f3nicos.\u00a0  Su inercia qu\u00edmica lo califica para su uso en ambientes agresivos que contienen \u00e1cidos, \u00e1lcalis, disolventes fuertes y\/o agentes oxidantes fuertes (ox\u00edgeno, per\u00f3xido de hidr\u00f3geno, cloro etc.), bajo cualquier condici\u00f3n.\u00a0  MOLYGRAFIT GHF-2 soporta temperaturas de hasta 288 \u00b0C, proporcionando largos per\u00edodos de lubricaci\u00f3n.\u00a0  Se proporciona en la consistencia NLGI 2 y, a pedido, se puede proporcionar en otras consistencias.\u00a0  Producto seguro para el operador y no inflamable; no ataca pl\u00e1sticos ni cauchos.\u00a0  MOLYGRAFIT GHF-2 es un lubricante no t\u00f3xico que puede funcionar en las industrias alimentaria y farmac\u00e9utica.\u00a0\" \/>\n<meta property=\"og:url\" content=\"https:\/\/molygrafit.com\/cl\/producto\/para-lubricacion-de-valvulas-en-contacto-con-oxigeno-esta-grasa-no-reacciona-con-oxigeno-y-luego-evita-que-ocurra-explosion\/\" \/>\n<meta property=\"og:site_name\" content=\"Molygrafit - Lubricantes Especiales\" \/>\n<meta property=\"article:modified_time\" content=\"2025-08-19T00:26:38+00:00\" \/>\n<meta property=\"og:image\" content=\"https:\/\/molygrafit.com\/cl\/wp-content\/uploads\/2021\/03\/Baldes_Kilos_final.jpg\" \/>\n\t<meta property=\"og:image:width\" content=\"600\" \/>\n\t<meta property=\"og:image:height\" content=\"600\" \/>\n\t<meta property=\"og:image:type\" content=\"image\/jpeg\" \/>\n<meta name=\"twitter:card\" content=\"summary_large_image\" \/>\n<script type=\"application\/ld+json\" class=\"yoast-schema-graph\">{\"@context\":\"https:\/\/schema.org\",\"@graph\":[{\"@type\":\"WebPage\",\"@id\":\"https:\/\/molygrafit.com\/cl\/producto\/para-lubricacion-de-valvulas-en-contacto-con-oxigeno-esta-grasa-no-reacciona-con-oxigeno-y-luego-evita-que-ocurra-explosion\/\",\"url\":\"https:\/\/molygrafit.com\/cl\/producto\/para-lubricacion-de-valvulas-en-contacto-con-oxigeno-esta-grasa-no-reacciona-con-oxigeno-y-luego-evita-que-ocurra-explosion\/\",\"name\":\"GHF-2 > PARA LUBRICACI\u00d3N DE V\u00c1LVULAS EN CONTACTO CON OX\u00cdGENO; ESTA GRASA NO REACCIONA CON OX\u00cdGENO, Y LUEGO EVITA QUE OCURRA EXPLOSI\u00d3N. - Molygrafit - Lubricantes Especiales\",\"isPartOf\":{\"@id\":\"https:\/\/molygrafit.com\/cl\/#website\"},\"primaryImageOfPage\":{\"@id\":\"https:\/\/molygrafit.com\/cl\/producto\/para-lubricacion-de-valvulas-en-contacto-con-oxigeno-esta-grasa-no-reacciona-con-oxigeno-y-luego-evita-que-ocurra-explosion\/#primaryimage\"},\"image\":{\"@id\":\"https:\/\/molygrafit.com\/cl\/producto\/para-lubricacion-de-valvulas-en-contacto-con-oxigeno-esta-grasa-no-reacciona-con-oxigeno-y-luego-evita-que-ocurra-explosion\/#primaryimage\"},\"thumbnailUrl\":\"https:\/\/molygrafit.com\/cl\/wp-content\/uploads\/2021\/03\/Baldes_Kilos_final.jpg\",\"datePublished\":\"2021-06-17T13:10:09+00:00\",\"dateModified\":\"2025-08-19T00:26:38+00:00\",\"breadcrumb\":{\"@id\":\"https:\/\/molygrafit.com\/cl\/producto\/para-lubricacion-de-valvulas-en-contacto-con-oxigeno-esta-grasa-no-reacciona-con-oxigeno-y-luego-evita-que-ocurra-explosion\/#breadcrumb\"},\"inLanguage\":\"es-CL\",\"potentialAction\":[{\"@type\":\"ReadAction\",\"target\":[\"https:\/\/molygrafit.com\/cl\/producto\/para-lubricacion-de-valvulas-en-contacto-con-oxigeno-esta-grasa-no-reacciona-con-oxigeno-y-luego-evita-que-ocurra-explosion\/\"]}]},{\"@type\":\"ImageObject\",\"inLanguage\":\"es-CL\",\"@id\":\"https:\/\/molygrafit.com\/cl\/producto\/para-lubricacion-de-valvulas-en-contacto-con-oxigeno-esta-grasa-no-reacciona-con-oxigeno-y-luego-evita-que-ocurra-explosion\/#primaryimage\",\"url\":\"https:\/\/molygrafit.com\/cl\/wp-content\/uploads\/2021\/03\/Baldes_Kilos_final.jpg\",\"contentUrl\":\"https:\/\/molygrafit.com\/cl\/wp-content\/uploads\/2021\/03\/Baldes_Kilos_final.jpg\",\"width\":600,\"height\":600},{\"@type\":\"BreadcrumbList\",\"@id\":\"https:\/\/molygrafit.com\/cl\/producto\/para-lubricacion-de-valvulas-en-contacto-con-oxigeno-esta-grasa-no-reacciona-con-oxigeno-y-luego-evita-que-ocurra-explosion\/#breadcrumb\",\"itemListElement\":[{\"@type\":\"ListItem\",\"position\":1,\"name\":\"In\u00edcio\",\"item\":\"https:\/\/molygrafit.com\/cl\/\"},{\"@type\":\"ListItem\",\"position\":2,\"name\":\"Tienda\",\"item\":\"https:\/\/molygrafit.com\/cl\/\"},{\"@type\":\"ListItem\",\"position\":3,\"name\":\"GHF-2 > PARA LUBRICACI\u00d3N DE V\u00c1LVULAS EN CONTACTO CON OX\u00cdGENO; ESTA GRASA NO REACCIONA CON OX\u00cdGENO, Y LUEGO EVITA QUE OCURRA EXPLOSI\u00d3N.\"}]},{\"@type\":\"WebSite\",\"@id\":\"https:\/\/molygrafit.com\/cl\/#website\",\"url\":\"https:\/\/molygrafit.com\/cl\/\",\"name\":\"Molygrafit - Lubricantes Especiales\",\"description\":\"\",\"potentialAction\":[{\"@type\":\"SearchAction\",\"target\":{\"@type\":\"EntryPoint\",\"urlTemplate\":\"https:\/\/molygrafit.com\/cl\/?s={search_term_string}\"},\"query-input\":{\"@type\":\"PropertyValueSpecification\",\"valueRequired\":true,\"valueName\":\"search_term_string\"}}],\"inLanguage\":\"es-CL\"}]}<\/script>\n<!-- \/ Yoast SEO plugin. -->","yoast_head_json":{"title":"GHF-2 > PARA LUBRICACI\u00d3N DE V\u00c1LVULAS EN CONTACTO CON OX\u00cdGENO; ESTA GRASA NO REACCIONA CON OX\u00cdGENO, Y LUEGO EVITA QUE OCURRA EXPLOSI\u00d3N. - Molygrafit - Lubricantes Especiales","robots":{"index":"index","follow":"follow","max-snippet":"max-snippet:-1","max-image-preview":"max-image-preview:large","max-video-preview":"max-video-preview:-1"},"canonical":"https:\/\/molygrafit.com\/cl\/producto\/para-lubricacion-de-valvulas-en-contacto-con-oxigeno-esta-grasa-no-reacciona-con-oxigeno-y-luego-evita-que-ocurra-explosion\/","og_locale":"es_ES","og_type":"article","og_title":"GHF-2 > PARA LUBRICACI\u00d3N DE V\u00c1LVULAS EN CONTACTO CON OX\u00cdGENO; ESTA GRASA NO REACCIONA CON OX\u00cdGENO, Y LUEGO EVITA QUE OCURRA EXPLOSI\u00d3N. - Molygrafit - Lubricantes Especiales","og_description":"\u00a0MOLYGRAFIT GHF-2 es una grasa a base de aceite halogenado para operaciones donde se requiere un lubricante no inflamable, no reactivo y resistente a muy altas temperaturas. Tambi\u00e9n admite alto vac\u00edo y se puede utilizar en bombas y equipos electr\u00f3nicos.\u00a0  Su inercia qu\u00edmica lo califica para su uso en ambientes agresivos que contienen \u00e1cidos, \u00e1lcalis, disolventes fuertes y\/o agentes oxidantes fuertes (ox\u00edgeno, per\u00f3xido de hidr\u00f3geno, cloro etc.), bajo cualquier condici\u00f3n.\u00a0  MOLYGRAFIT GHF-2 soporta temperaturas de hasta 288 \u00b0C, proporcionando largos per\u00edodos de lubricaci\u00f3n.\u00a0  Se proporciona en la consistencia NLGI 2 y, a pedido, se puede proporcionar en otras consistencias.\u00a0  Producto seguro para el operador y no inflamable; no ataca pl\u00e1sticos ni cauchos.\u00a0  MOLYGRAFIT GHF-2 es un lubricante no t\u00f3xico que puede funcionar en las industrias alimentaria y farmac\u00e9utica.\u00a0","og_url":"https:\/\/molygrafit.com\/cl\/producto\/para-lubricacion-de-valvulas-en-contacto-con-oxigeno-esta-grasa-no-reacciona-con-oxigeno-y-luego-evita-que-ocurra-explosion\/","og_site_name":"Molygrafit - Lubricantes Especiales","article_modified_time":"2025-08-19T00:26:38+00:00","og_image":[{"width":600,"height":600,"url":"https:\/\/molygrafit.com\/cl\/wp-content\/uploads\/2021\/03\/Baldes_Kilos_final.jpg","type":"image\/jpeg"}],"twitter_card":"summary_large_image","schema":{"@context":"https:\/\/schema.org","@graph":[{"@type":"WebPage","@id":"https:\/\/molygrafit.com\/cl\/producto\/para-lubricacion-de-valvulas-en-contacto-con-oxigeno-esta-grasa-no-reacciona-con-oxigeno-y-luego-evita-que-ocurra-explosion\/","url":"https:\/\/molygrafit.com\/cl\/producto\/para-lubricacion-de-valvulas-en-contacto-con-oxigeno-esta-grasa-no-reacciona-con-oxigeno-y-luego-evita-que-ocurra-explosion\/","name":"GHF-2 > PARA LUBRICACI\u00d3N DE V\u00c1LVULAS EN CONTACTO CON OX\u00cdGENO; ESTA GRASA NO REACCIONA CON OX\u00cdGENO, Y LUEGO EVITA QUE OCURRA EXPLOSI\u00d3N. - Molygrafit - Lubricantes Especiales","isPartOf":{"@id":"https:\/\/molygrafit.com\/cl\/#website"},"primaryImageOfPage":{"@id":"https:\/\/molygrafit.com\/cl\/producto\/para-lubricacion-de-valvulas-en-contacto-con-oxigeno-esta-grasa-no-reacciona-con-oxigeno-y-luego-evita-que-ocurra-explosion\/#primaryimage"},"image":{"@id":"https:\/\/molygrafit.com\/cl\/producto\/para-lubricacion-de-valvulas-en-contacto-con-oxigeno-esta-grasa-no-reacciona-con-oxigeno-y-luego-evita-que-ocurra-explosion\/#primaryimage"},"thumbnailUrl":"https:\/\/molygrafit.com\/cl\/wp-content\/uploads\/2021\/03\/Baldes_Kilos_final.jpg","datePublished":"2021-06-17T13:10:09+00:00","dateModified":"2025-08-19T00:26:38+00:00","breadcrumb":{"@id":"https:\/\/molygrafit.com\/cl\/producto\/para-lubricacion-de-valvulas-en-contacto-con-oxigeno-esta-grasa-no-reacciona-con-oxigeno-y-luego-evita-que-ocurra-explosion\/#breadcrumb"},"inLanguage":"es-CL","potentialAction":[{"@type":"ReadAction","target":["https:\/\/molygrafit.com\/cl\/producto\/para-lubricacion-de-valvulas-en-contacto-con-oxigeno-esta-grasa-no-reacciona-con-oxigeno-y-luego-evita-que-ocurra-explosion\/"]}]},{"@type":"ImageObject","inLanguage":"es-CL","@id":"https:\/\/molygrafit.com\/cl\/producto\/para-lubricacion-de-valvulas-en-contacto-con-oxigeno-esta-grasa-no-reacciona-con-oxigeno-y-luego-evita-que-ocurra-explosion\/#primaryimage","url":"https:\/\/molygrafit.com\/cl\/wp-content\/uploads\/2021\/03\/Baldes_Kilos_final.jpg","contentUrl":"https:\/\/molygrafit.com\/cl\/wp-content\/uploads\/2021\/03\/Baldes_Kilos_final.jpg","width":600,"height":600},{"@type":"BreadcrumbList","@id":"https:\/\/molygrafit.com\/cl\/producto\/para-lubricacion-de-valvulas-en-contacto-con-oxigeno-esta-grasa-no-reacciona-con-oxigeno-y-luego-evita-que-ocurra-explosion\/#breadcrumb","itemListElement":[{"@type":"ListItem","position":1,"name":"In\u00edcio","item":"https:\/\/molygrafit.com\/cl\/"},{"@type":"ListItem","position":2,"name":"Tienda","item":"https:\/\/molygrafit.com\/cl\/"},{"@type":"ListItem","position":3,"name":"GHF-2 > PARA LUBRICACI\u00d3N DE V\u00c1LVULAS EN CONTACTO CON OX\u00cdGENO; ESTA GRASA NO REACCIONA CON OX\u00cdGENO, Y LUEGO EVITA QUE OCURRA EXPLOSI\u00d3N."}]},{"@type":"WebSite","@id":"https:\/\/molygrafit.com\/cl\/#website","url":"https:\/\/molygrafit.com\/cl\/","name":"Molygrafit - Lubricantes Especiales","description":"","potentialAction":[{"@type":"SearchAction","target":{"@type":"EntryPoint","urlTemplate":"https:\/\/molygrafit.com\/cl\/?s={search_term_string}"},"query-input":{"@type":"PropertyValueSpecification","valueRequired":true,"valueName":"search_term_string"}}],"inLanguage":"es-CL"}]}},"_links":{"self":[{"href":"https:\/\/molygrafit.com\/cl\/wp-json\/wp\/v2\/product\/2576","targetHints":{"allow":["GET"]}}],"collection":[{"href":"https:\/\/molygrafit.com\/cl\/wp-json\/wp\/v2\/product"}],"about":[{"href":"https:\/\/molygrafit.com\/cl\/wp-json\/wp\/v2\/types\/product"}],"wp:featuredmedia":[{"embeddable":true,"href":"https:\/\/molygrafit.com\/cl\/wp-json\/wp\/v2\/media\/2074"}],"wp:attachment":[{"href":"https:\/\/molygrafit.com\/cl\/wp-json\/wp\/v2\/media?parent=2576"}],"wp:term":[{"taxonomy":"product_brand","embeddable":true,"href":"https:\/\/molygrafit.com\/cl\/wp-json\/wp\/v2\/product_brand?post=2576"},{"taxonomy":"product_cat","embeddable":true,"href":"https:\/\/molygrafit.com\/cl\/wp-json\/wp\/v2\/product_cat?post=2576"},{"taxonomy":"product_tag","embeddable":true,"href":"https:\/\/molygrafit.com\/cl\/wp-json\/wp\/v2\/product_tag?post=2576"}],"curies":[{"name":"wp","href":"https:\/\/api.w.org\/{rel}","templated":true}]}}